{"id":1132,"date":"2018-01-26T17:52:19","date_gmt":"2018-01-26T16:52:19","guid":{"rendered":"http:\/\/jpa67.fr\/fr\/?page_id=1132"},"modified":"2018-02-20T12:04:28","modified_gmt":"2018-02-20T11:04:28","slug":"aide-a-linclusion","status":"publish","type":"page","link":"http:\/\/jpa67.fr\/fr\/nos-actions\/centre-ressources-enfance-jeunesse-et-handicap\/aide-a-linclusion\/","title":{"rendered":"Aide \u00e0 l&rsquo;inclusion"},"content":{"rendered":"<div id=\"pl-1132\"  class=\"panel-layout\" ><div id=\"pg-1132-0\"  class=\"panel-grid panel-no-style\" ><div id=\"pgc-1132-0-0\"  class=\"panel-grid-cell\" ><div id=\"panel-1132-0-0-0\" class=\"so-panel widget widget_sow-editor panel-first-child panel-last-child\" data-index=\"0\" ><div\n\t\t\t\n\t\t\tclass=\"so-widget-sow-editor so-widget-sow-editor-base\"\n\t\t\t\n\t\t>\n<div class=\"siteorigin-widget-tinymce textwidget\">\n\t<p>&nbsp;<\/p>\n<h3><\/h3>\n<h3>LE CADRE L\u00c9GAL ET NOTRE D\u00c9MARCHE<\/h3>\n<p>Le droit aux loisirs est inscrit dans la Convention Internationale des Droits de l\u2019Enfant (article 31). Depuis le 30 juin 1975, le droit aux vacances et aux loisirs pour les personnes en situation de handicap est reconnu par la loi fran\u00e7aise. Pourtant, organisateurs, \u00e9quipes \u00e9ducatives, familles et jeunes en situation de handicap revendiquent encore l\u2019application de ce droit. Disposer des moyens humains et financiers effectifs afin d\u2019organiser des vacances et des loisirs de qualit\u00e9 pour tous reste une pr\u00e9occupation r\u00e9guli\u00e8rement rappel\u00e9e.<\/p>\n<h4>La loi<\/h4>\n<p>La loi d\u2019orientation du 11 f\u00e9vrier 2005 affirme l\u2019\u00e9galit\u00e9 des droits pour tous les enfants, notamment ceux qui sont en situation de handicap. Si des progr\u00e8s sont manifestes \u00e0 l\u2019\u00e9cole, il reste beaucoup \u00e0 faire pour que les enfants en situation de handicap aient acc\u00e8s aux loisirs en milieu ordinaire.<\/p>\n<h4>Des contraintes sp\u00e9cifiques<\/h4>\n<p>Pour participer pleinement aux activit\u00e9s de vacances et de loisirs, les enfants accueillis en milieu ordinaire ont besoin d\u2019une prise en charge, souvent d\u2019un accompagnement et d\u2019\u00e9quipements sp\u00e9cifiques.<\/p>\n<h4>Une aide pour les \u00e9quipes d\u2019encadrement<\/h4>\n<p>Nous apportons une expertise dans les contacts avec les prestataires, conseillons les professionnels, notamment pour l\u2019adaptation des activit\u00e9s propos\u00e9es aux enfants.<\/p>\n<h4>Un soutien pour les familles<\/h4>\n<p>Nous accompagnons les familles tout au long du projet, publions un catalogue des organisateurs de s\u00e9jours de vacances et recherchons des aides financi\u00e8res (bourses solidarit\u00e9 \u2013 vacances JPA-ANCV, CAF, SNCF\u2026).<\/p>\n<h4>Des ateliers d\u2019information et de sensibilisation pour les organisateurs de s\u00e9jours et d\u2019accueils de loisirs<\/h4>\n<p>Nous facilitons la formation des \u00e9quipes, apportons une aide pour les\u00a0\u00a0 financements, l\u2019am\u00e9nagement des structures, les outils administratifs,\u00a0\u00a0 les transports.<\/p>\n<p>En 2015, nous avons embauch\u00e9 une seconde salari\u00e9e dont la mission est d\u2019informer et de sensibiliser les professionnels \u00e0 l\u2019accueil des enfants en situation de handicap dans les centres de loisirs. Des<a href=\"http:\/\/jpa67.fr\/fr\/des-ateliers-dinformation-et-de-sensibilisation-pour-les-professionnels-des-alsh-et-des-periscolaires\/\">\u00a0ateliers<\/a>\u00a0sont propos\u00e9s notamment aux \u00e9quipes d\u2019animation des accueils des loisirs et des p\u00e9riscolaires.<\/p>\n<h4>Des rencontres avec les professionnels<\/h4>\n<p>Plusieurs fois chaque l\u2019ann\u00e9e, nous proposons de rencontres sur des sujets comme \u00ab\u00a0Comment pallier les surco\u00fbts?\u00a0\u00bb, \u00ab\u00a0Comment accompagner un enfant pr\u00e9sentant des troubles du comportement?\u00a0\u00bb, avec la participation d\u2019experts et d\u2019autres acteurs du domaine du handicap.<\/p>\n<hr \/>\n<h3>LES PARTENAIRES DU CENTRE RESSOURCES ENFANCE-JEUNESSE &amp; HANDICAP<\/h3>\n<ul>\n<li><strong>Caisse d\u2019Allocations Familiales du Bas-Rhin<\/strong>\u00a0(CAF).<\/li>\n<li><strong>Agence Nationale pour les ch\u00e8ques-vacances<\/strong>\u00a0(ANCV).<\/li>\n<li><strong>Maison d\u00e9partementale des Personnes Handicap\u00e9es<\/strong>\u00a0(MDPH).<\/li>\n<\/ul>\n<\/div>\n<\/div><\/div><\/div><\/div><div id=\"pg-1132-1\"  class=\"panel-grid panel-no-style\" ><div id=\"pgc-1132-1-0\"  class=\"panel-grid-cell\" ><div id=\"panel-1132-1-0-0\" class=\"so-panel widget widget_sow-editor panel-first-child panel-last-child\" data-index=\"1\" ><div\n\t\t\t\n\t\t\tclass=\"so-widget-sow-editor so-widget-sow-editor-base\"\n\t\t\t\n\t\t><h3 class=\"widget-title\">Participer \u00e0 notre action :<\/h3>\n<div class=\"siteorigin-widget-tinymce textwidget\">\n\t<p><iframe loading=\"lazy\" frameborder=\"0\" scrolling=\"no\" marginheight=\"0\" marginwidth=\"0\" src=\"https:\/\/app.mailjet.com\/widget\/iframe\/2MvD\/5ia\" width=\"100%\" height=\"452\"><\/iframe><\/p>\n<\/div>\n<\/div><\/div><\/div><\/div><\/div>","protected":false},"excerpt":{"rendered":"<p>&nbsp; LE CADRE L\u00c9GAL ET NOTRE D\u00c9MARCHE Le droit aux loisirs est inscrit dans la Convention Internationale des Droits de [&hellip;]<\/p>\n","protected":false},"author":3,"featured_media":0,"parent":1081,"menu_order":0,"comment_status":"closed","ping_status":"closed","template":"","meta":{"spay_email":""},"jetpack_sharing_enabled":true,"jetpack_shortlink":"https:\/\/wp.me\/P7mWfa-ig","jetpack-related-posts":[{"id":211,"url":"http:\/\/jpa67.fr\/fr\/nos-actions\/centre-ressources-enfance-jeunesse-et-handicap-ancien\/les-missions-du-centre-ressources-enfance-jeunesse-et-handicap\/","url_meta":{"origin":1132,"position":0},"title":"Les missions du Centre Ressources Enfance-Jeunesse et Handicap","date":"13 mai 2016","format":false,"excerpt":"Le Centre Ressources Enfance-Jeunesse & Handicap a pour objectif et pour mission de faciliter la r\u00e9alisation du projet de vie de l\u2019enfant en situation de handicap dans les accueils de loisirs, les colonies de vacances, les activit\u00e9s sportives, culturelles\u2026 Il est au service des enfants, de leurs parents, et des\u2026","rel":"","context":"Article similaire","img":{"alt_text":"","src":"","width":0,"height":0},"classes":[]},{"id":1725,"url":"http:\/\/jpa67.fr\/fr\/nos-actions\/centre-ressources-enfance-jeunesse-et-handicap\/les-ressources-disponibles\/publications-jpa-crejh\/","url_meta":{"origin":1132,"position":1},"title":"Publications JPA \/ CREJH","date":"20 ao\u00fbt 2018","format":false,"excerpt":"Le livret sur l'accueil des enfants en situation de handicap dans les accueils de loisirs. C'est un outil permettant \u00e0 chacun de s'inscrire dans une d\u00e9marche d'accueil des enfants handicap\u00e9s en milieu ordinaire \u00a0 Ce\u00a0Guide \"Comment compenser les surco\u00fbts \"\u00a0, propose des pistes pour compenser le plus possibles les surco\u00fbts\u2026","rel":"","context":"Article similaire","img":{"alt_text":"","src":"","width":0,"height":0},"classes":[]},{"id":969,"url":"http:\/\/jpa67.fr\/fr\/quelles-modalites-daccueil-et-de-participation-des-enfants-et-adolescents-en-situation-de-handicap-dans-les-accueils-collectifs-de-mineurs-acm-2\/","url_meta":{"origin":1132,"position":2},"title":"Quelles modalit\u00e9s d\u2019accueil et de participation des enfants et adolescents en situation de handicap dans les accueils collectifs de mineurs (ACM) ?","date":"19 septembre 2017","format":false,"excerpt":"Une journ\u00e9e destin\u00e9e aux directeurs et aux animateurs de structures de loisirs\/p\u00e9riscolaires pour identifier et mutualiser les pratiques d\u00e9velopp\u00e9es sur le terrain afin de renforcer l\u2019accueil des enfants et adolescents en situation de handicap et de favoriser leur participation aux activit\u00e9s en milieu ordinaire. Le programme MATIN\u00c9E 8 h 30\u00a0:\u2026","rel":"","context":"Article similaire","img":{"alt_text":"","src":"https:\/\/i0.wp.com\/jpa67.fr\/fr\/wp-content\/uploads\/2017\/09\/Logo-1024x288.jpg?resize=350%2C200","width":350,"height":200},"classes":[]},{"id":948,"url":"http:\/\/jpa67.fr\/fr\/quelles-modalites-daccueil-et-de-participation-des-enfants-et-adolescents-en-situation-de-handicap-dans-les-accueils-collectifs-de-mineurs-acm\/","url_meta":{"origin":1132,"position":3},"title":"Journ\u00e9e d\u2019\u00e9changes et de mutualisation des pratiques","date":"19 septembre 2017","format":false,"excerpt":"Une journ\u00e9e destin\u00e9e aux directeurs et aux animateurs de structures de loisirs et de p\u00e9riscolaire pour identifier et mutualiser les pratiques, renforcer l\u2019accueil des enfants et adolescents en situation de handicap et favoriser leur participation aux activit\u00e9s en milieu ordinaire. Le 19 octobre 2017, de 8h30 \u00e0 15h45 Le programme\u2026","rel":"","context":"Article similaire","img":{"alt_text":"","src":"https:\/\/i0.wp.com\/jpa67.fr\/fr\/wp-content\/uploads\/2017\/09\/Logo-1024x288.jpg?resize=350%2C200","width":350,"height":200},"classes":[]},{"id":695,"url":"http:\/\/jpa67.fr\/fr\/nos-actions\/centre-ressources-enfance-jeunesse-et-handicap\/les-ateliers-dinformation-et-de-sensibilisation-sur-laccueil-dun-enfant-en-situation-de-handicap-dans-les-centres-de-loisirs-et-les-periscolaires\/","url_meta":{"origin":1132,"position":4},"title":"Des ateliers d&rsquo;information et de sensibilisation sur l&rsquo;accueil des enfants en situation de handicap dans les centres de loisirs et les p\u00e9riscolaires","date":"18 octobre 2016","format":false,"excerpt":"Ces ateliers sont r\u00e9serv\u00e9s aux professionnels et sont propos\u00e9s dans tout le Bas-Rhin. Cliquez ici pour nous informer des dates o\u00f9 vous \u00eates disponible Pour d\u00e9couvrir les bonnes solutions, des s\u00e9ances gratuites de 2 heures, dans vos locaux. Le Centre Ressource Enfance-Jeunesse & Handicap port\u00e9 par la Jeunesse au Plein\u2026","rel":"","context":"Article similaire","img":{"alt_text":"","src":"https:\/\/i0.wp.com\/jpa67.fr\/fr\/wp-content\/uploads\/2016\/10\/Nathan-IMG_7055-300x200.jpg?resize=350%2C200","width":350,"height":200},"classes":[]},{"id":79,"url":"http:\/\/jpa67.fr\/fr\/nos-actions\/centre-ressources-enfance-jeunesse-et-handicap-ancien\/","url_meta":{"origin":1132,"position":5},"title":"Centre Ressources Enfance-Jeunesse et Handicap &#8211; ANCIEN","date":"9 mars 2016","format":false,"excerpt":"Notre mission La Jeunesse au Plein Air agit pour que les enfants handicap\u00e9s puissent b\u00e9n\u00e9ficier avec les autres de s\u00e9jours de vacances et de loisirs.\u00a0Elle pose comme principes le droit \u00e0 l'\u00e9ducation et l'int\u00e9gration des mineurs et des adultes handicap\u00e9s ou en difficult\u00e9s sociales. D\u00e9couvrir\u00a0en d\u00e9tails nos actions","rel":"","context":"Article similaire","img":{"alt_text":"","src":"","width":0,"height":0},"classes":[]}],"_links":{"self":[{"href":"http:\/\/jpa67.fr\/fr\/wp-json\/wp\/v2\/pages\/1132"}],"collection":[{"href":"http:\/\/jpa67.fr\/fr\/wp-json\/wp\/v2\/pages"}],"about":[{"href":"http:\/\/jpa67.fr\/fr\/wp-json\/wp\/v2\/types\/page"}],"author":[{"embeddable":true,"href":"http:\/\/jpa67.fr\/fr\/wp-json\/wp\/v2\/users\/3"}],"replies":[{"embeddable":true,"href":"http:\/\/jpa67.fr\/fr\/wp-json\/wp\/v2\/comments?post=1132"}],"version-history":[{"count":19,"href":"http:\/\/jpa67.fr\/fr\/wp-json\/wp\/v2\/pages\/1132\/revisions"}],"predecessor-version":[{"id":1268,"href":"http:\/\/jpa67.fr\/fr\/wp-json\/wp\/v2\/pages\/1132\/revisions\/1268"}],"up":[{"embeddable":true,"href":"http:\/\/jpa67.fr\/fr\/wp-json\/wp\/v2\/pages\/1081"}],"wp:attachment":[{"href":"http:\/\/jpa67.fr\/fr\/wp-json\/wp\/v2\/media?parent=1132"}],"curies":[{"name":"wp","href":"https:\/\/api.w.org\/{rel}","templated":true}]}}