{"id":1136,"date":"2018-01-26T17:56:36","date_gmt":"2018-01-26T16:56:36","guid":{"rendered":"http:\/\/jpa67.fr\/fr\/?page_id=1136"},"modified":"2019-09-03T08:17:28","modified_gmt":"2019-09-03T07:17:28","slug":"informations-et-sensibilisations","status":"publish","type":"page","link":"http:\/\/jpa67.fr\/fr\/nos-actions\/centre-ressources-enfance-jeunesse-et-handicap\/informations-et-sensibilisations\/","title":{"rendered":"r\u00e9unions d&rsquo;information"},"content":{"rendered":"<p><img loading=\"lazy\" class=\"aligncenter wp-image-1380 size-thumbnail\" src=\"http:\/\/jpa67.fr\/fr\/wp-content\/uploads\/2018\/07\/btn_reuInfos-150x150.png\" alt=\"\" width=\"150\" height=\"150\" \/><\/p>\n<h3 style=\"text-align: center;\">Vous trouverez ici tout ce qui concerne nos R\u00e9unions d&rsquo;Informations :<\/h3>\n<h2 style=\"text-align: center;\">Ces temps permettent aux parents ET aux professionnels de se tenir inform\u00e9s des diff\u00e9rents moyens existants (aides financi\u00e8res humaines, pr\u00e9conisation,&#8230;) pour permettre l&rsquo;inclusion des enfants en situation de handicap, en milieu ordinaire.<\/h2>\n<p>&nbsp;<\/p>\n<table>\n<tbody>\n<tr>\n<th style=\"text-align: center;\">Date<\/th>\n<th style=\"text-align: center;\">Lieu<\/th>\n<th style=\"text-align: center;\">Affiche<\/th>\n<th style=\"text-align: center;\">Inscription<\/th>\n<\/tr>\n<tr>\n<td style=\"text-align: center;\">20 septembre 2019<\/td>\n<td style=\"text-align: center;\">15 rue de l&rsquo;Industrie (locaux de la JPA)<\/td>\n<td style=\"text-align: center;\"><a href=\"http:\/\/jpa67.fr\/fr\/wp-content\/uploads\/2019\/09\/affiche_reuInfos_modifiable-20-09-2019.png\"  target=\"_blank\">ICI<\/a><\/td>\n<td style=\"text-align: center;\"><a href=\"https:\/\/forms.gle\/KiMsL4rhNFPMPrEHA\">LIEN<\/a><\/td>\n<\/tr>\n<tr>\n<td style=\"text-align: center;\">10 avril 2019<\/td>\n<td style=\"text-align: center;\">15 rue de l&rsquo;Industrie (locaux de la JPA)<\/td>\n<td style=\"text-align: center;\"><a href=\"#\">ICI<\/a><\/td>\n<td style=\"text-align: center;\"><a href=\"#\">LIEN<\/a><\/td>\n<\/tr>\n<tr>\n<td style=\"text-align: center;\">22 f\u00e9vrier 2019<\/td>\n<td style=\"text-align: center;\">15 rue de l&rsquo;Industrie (locaux de la JPA)<\/td>\n<td style=\"text-align: center;\"><a href=\"http:\/\/jpa67.fr\/fr\/wp-content\/uploads\/2019\/01\/affiche_reuInfos_fev2019.jpg\">ICI<\/a><\/td>\n<td style=\"text-align: center;\"><a href=\"#\">LIEN<\/a><\/td>\n<\/tr>\n<\/tbody>\n<\/table>\n<p>&nbsp;<\/p>\n<p>&nbsp;<\/p>\n","protected":false},"excerpt":{"rendered":"<p>Vous trouverez ici tout ce qui concerne nos R\u00e9unions d&rsquo;Informations : Ces temps permettent aux parents ET aux professionnels de [&hellip;]<\/p>\n","protected":false},"author":3,"featured_media":0,"parent":1081,"menu_order":0,"comment_status":"closed","ping_status":"closed","template":"","meta":{"spay_email":""},"jetpack_sharing_enabled":true,"jetpack_shortlink":"https:\/\/wp.me\/P7mWfa-ik","jetpack-related-posts":[{"id":695,"url":"http:\/\/jpa67.fr\/fr\/nos-actions\/centre-ressources-enfance-jeunesse-et-handicap\/les-ateliers-dinformation-et-de-sensibilisation-sur-laccueil-dun-enfant-en-situation-de-handicap-dans-les-centres-de-loisirs-et-les-periscolaires\/","url_meta":{"origin":1136,"position":0},"title":"Des ateliers d&rsquo;information et de sensibilisation sur l&rsquo;accueil des enfants en situation de handicap dans les centres de loisirs et les p\u00e9riscolaires","date":"18 octobre 2016","format":false,"excerpt":"Ces ateliers sont r\u00e9serv\u00e9s aux professionnels et sont propos\u00e9s dans tout le Bas-Rhin. Cliquez ici pour nous informer des dates o\u00f9 vous \u00eates disponible Pour d\u00e9couvrir les bonnes solutions, des s\u00e9ances gratuites de 2 heures, dans vos locaux. Le Centre Ressource Enfance-Jeunesse & Handicap port\u00e9 par la Jeunesse au Plein\u2026","rel":"","context":"Article similaire","img":{"alt_text":"","src":"https:\/\/i0.wp.com\/jpa67.fr\/fr\/wp-content\/uploads\/2016\/10\/Nathan-IMG_7055-300x200.jpg?resize=350%2C200","width":350,"height":200},"classes":[]},{"id":1424,"url":"http:\/\/jpa67.fr\/fr\/nos-actions\/centre-ressources-enfance-jeunesse-et-handicap\/cafe-des-parents\/","url_meta":{"origin":1136,"position":1},"title":"Caf\u00e9 des parents","date":"5 juillet 2018","format":false,"excerpt":"Vous trouverez ici tout ce qui concerne nos \"Caf\u00e9s des parents\" : Il s\u2019agit d\u2019un moment de rencontre une fois par mois, pour les parents d\u2019un enfant en situation de handicap qui recherche du soutien, se pose des questions et\/ou souhaite \u00e9changer sur diff\u00e9rentes th\u00e9matiques de la vie au quotidien.\u2026","rel":"","context":"Article similaire","img":{"alt_text":"ban-visio","src":"https:\/\/i0.wp.com\/jpa67.fr\/fr\/wp-content\/uploads\/2020\/05\/ban-visio.png?resize=350%2C200","width":350,"height":200},"classes":[]},{"id":1132,"url":"http:\/\/jpa67.fr\/fr\/nos-actions\/centre-ressources-enfance-jeunesse-et-handicap\/aide-a-linclusion\/","url_meta":{"origin":1136,"position":2},"title":"Aide \u00e0 l&rsquo;inclusion","date":"26 janvier 2018","format":false,"excerpt":"\u00a0 LE CADRE L\u00c9GAL ET NOTRE D\u00c9MARCHE Le droit aux loisirs est inscrit dans la Convention Internationale des Droits de l\u2019Enfant (article 31). Depuis le 30 juin 1975, le droit aux vacances et aux loisirs pour les personnes en situation de handicap est reconnu par la loi fran\u00e7aise. Pourtant, organisateurs,\u2026","rel":"","context":"Article similaire","img":{"alt_text":"","src":"","width":0,"height":0},"classes":[]},{"id":211,"url":"http:\/\/jpa67.fr\/fr\/nos-actions\/centre-ressources-enfance-jeunesse-et-handicap-ancien\/les-missions-du-centre-ressources-enfance-jeunesse-et-handicap\/","url_meta":{"origin":1136,"position":3},"title":"Les missions du Centre Ressources Enfance-Jeunesse et Handicap","date":"13 mai 2016","format":false,"excerpt":"Le Centre Ressources Enfance-Jeunesse & Handicap a pour objectif et pour mission de faciliter la r\u00e9alisation du projet de vie de l\u2019enfant en situation de handicap dans les accueils de loisirs, les colonies de vacances, les activit\u00e9s sportives, culturelles\u2026 Il est au service des enfants, de leurs parents, et des\u2026","rel":"","context":"Article similaire","img":{"alt_text":"","src":"","width":0,"height":0},"classes":[]},{"id":44,"url":"http:\/\/jpa67.fr\/fr\/nos-actions\/les-colonies-de-vacances\/","url_meta":{"origin":1136,"position":4},"title":"Les Colonies de Vacances","date":"4 mars 2016","format":false,"excerpt":"Les colos, c'est bon pour grandir ! Pour tous les enfants et les jeunes, les s\u00e9jours en colonies de vacances sont une occasion de s'ouvrir aux autres, d'assumer la vie en groupe et de d\u00e9couvrir d'autres activit\u00e9s. Pourquoi faciliter le\u00a0d\u00e9part en colonie de vacances? Apr\u00e8s un premier d\u00e9part en colonie\u2026","rel":"","context":"Article similaire","img":{"alt_text":"","src":"https:\/\/i0.wp.com\/jpa67.fr\/fr\/wp-content\/uploads\/2016\/08\/IMG_7057-2.jpg?resize=350%2C200","width":350,"height":200},"classes":[]},{"id":1725,"url":"http:\/\/jpa67.fr\/fr\/nos-actions\/centre-ressources-enfance-jeunesse-et-handicap\/les-ressources-disponibles\/publications-jpa-crejh\/","url_meta":{"origin":1136,"position":5},"title":"Publications JPA \/ CREJH","date":"20 ao\u00fbt 2018","format":false,"excerpt":"Le livret sur l'accueil des enfants en situation de handicap dans les accueils de loisirs. C'est un outil permettant \u00e0 chacun de s'inscrire dans une d\u00e9marche d'accueil des enfants handicap\u00e9s en milieu ordinaire \u00a0 Ce\u00a0Guide \"Comment compenser les surco\u00fbts \"\u00a0, propose des pistes pour compenser le plus possibles les surco\u00fbts\u2026","rel":"","context":"Article similaire","img":{"alt_text":"","src":"","width":0,"height":0},"classes":[]}],"_links":{"self":[{"href":"http:\/\/jpa67.fr\/fr\/wp-json\/wp\/v2\/pages\/1136"}],"collection":[{"href":"http:\/\/jpa67.fr\/fr\/wp-json\/wp\/v2\/pages"}],"about":[{"href":"http:\/\/jpa67.fr\/fr\/wp-json\/wp\/v2\/types\/page"}],"author":[{"embeddable":true,"href":"http:\/\/jpa67.fr\/fr\/wp-json\/wp\/v2\/users\/3"}],"replies":[{"embeddable":true,"href":"http:\/\/jpa67.fr\/fr\/wp-json\/wp\/v2\/comments?post=1136"}],"version-history":[{"count":59,"href":"http:\/\/jpa67.fr\/fr\/wp-json\/wp\/v2\/pages\/1136\/revisions"}],"predecessor-version":[{"id":2416,"href":"http:\/\/jpa67.fr\/fr\/wp-json\/wp\/v2\/pages\/1136\/revisions\/2416"}],"up":[{"embeddable":true,"href":"http:\/\/jpa67.fr\/fr\/wp-json\/wp\/v2\/pages\/1081"}],"wp:attachment":[{"href":"http:\/\/jpa67.fr\/fr\/wp-json\/wp\/v2\/media?parent=1136"}],"curies":[{"name":"wp","href":"https:\/\/api.w.org\/{rel}","templated":true}]}}