{"id":123,"date":"2016-03-22T08:38:47","date_gmt":"2016-03-22T07:38:47","guid":{"rendered":"http:\/\/jpa67.fr\/fr\/?page_id=123"},"modified":"2025-03-24T12:23:22","modified_gmt":"2025-03-24T11:23:22","slug":"campagne-de-solidarite","status":"publish","type":"page","link":"http:\/\/jpa67.fr\/fr\/nos-actions\/la-campagne-eleves-solidaires\/campagne-de-solidarite\/","title":{"rendered":"Campagnes de Solidarit\u00e9"},"content":{"rendered":"\n<figure class=\"wp-block-image size-large is-resized\"><img loading=\"lazy\" src=\"https:\/\/jpa67.fr\/fr\/wp-content\/uploads\/2025\/03\/IMG_20250310_141238-1-1024x768.jpg\" alt=\"\" class=\"wp-image-3041\" width=\"839\" height=\"629\" srcset=\"http:\/\/jpa67.fr\/fr\/wp-content\/uploads\/2025\/03\/IMG_20250310_141238-1-1024x768.jpg 1024w, http:\/\/jpa67.fr\/fr\/wp-content\/uploads\/2025\/03\/IMG_20250310_141238-1-300x225.jpg 300w, http:\/\/jpa67.fr\/fr\/wp-content\/uploads\/2025\/03\/IMG_20250310_141238-1-768x576.jpg 768w, http:\/\/jpa67.fr\/fr\/wp-content\/uploads\/2025\/03\/IMG_20250310_141238-1-1536x1152.jpg 1536w, http:\/\/jpa67.fr\/fr\/wp-content\/uploads\/2025\/03\/IMG_20250310_141238-1-2048x1536.jpg 2048w\" sizes=\"(max-width: 839px) 100vw, 839px\" \/><figcaption>Lancement de la campagne de solidarit\u00e9 le 10 Mars 2025 , au sein de l\u2019\u00e9tablissement Lezay Marn\u00e9sia \u00e0 Strasbourg<\/figcaption><\/figure>\n\n\n\n<p>La campagne d&rsquo;\u00e9ducation \u00e0 la solidarit\u00e9 et \u00e0 la citoyennet\u00e9 est lanc\u00e9e dans le Bas-Rhin !<br>Lundi, au coll\u00e8ge Lezay Marn\u00e9sia, le Comit\u00e9 d\u00e9partemental JPA a organis\u00e9 le lancement local de notre\u00a0campagne d\u2019\u00e9ducation \u00e0 la solidarit\u00e9 et \u00e0 la citoyennet\u00e9, avec la pr\u00e9sence de la SDJES et de l&rsquo;acad\u00e9mie de Strasbourg.<br><br>Plus de 50 enfants, primaires et coll\u00e9giens, ont particip\u00e9\u00a0\u00e0 un temps d&rsquo;\u00e9change avec des t\u00e9moignages et plusieurs chants. Ces activit\u00e9s ont permis de les sensibiliser sur l&rsquo;importance de l&rsquo;entraide et de la solidarit\u00e9 entre jeunes !<br><br>Pour JPA, cet \u00e9v\u00e8nement a permis de rappeler que plus de 4,6 millions d\u2019enfants ne sont pas partis en vacances en 2024* et qu&rsquo;il est urgent d&rsquo;agir.<br><br>Dans cette dynamique, JPA se mobilise sur plusieurs actions, notamment avec notre coloriage solidaire, cr\u00e9\u00e9 en partenariat avec OMY, pour rendre accessible les s\u00e9jours collectifs au plus grand nombre de jeunes. Cet \u00e9v\u00e8nement a ainsi permis de vendre de nombreux coloriages !<br><br>Pour d\u00e9couvrir et acheter le coloriage : <a href=\"https:\/\/lnkd.in\/eRxnKXDn\" target=\"_blank\" rel=\"noreferrer noopener\">https:\/\/lnkd.in\/eRxnKXDn<\/a><\/p>\n\n\n\n<p>Les photos du lancement : <a href=\"https:\/\/urlr.me\/kFMXrQ\" target=\"_blank\" rel=\"noreferrer noopener\">https:\/\/urlr.me\/kFMXrQ<\/a><\/p>\n\n\n\n<p><\/p>\n\n\n\n<p><\/p>\n\n\n\n<p>________________________________________________________________________________________________________________<\/p>\n\n\n<p><strong>La Campagne de solidarit\u00e9 2018. <\/strong>Dans le Bas-Rhin, le lancement \u00e0 eu lieu le 16 janvier 2018, \u00e0 14h00, \u00e0 l&rsquo;Hotel du D\u00e9partement.<\/p>\n<div id=\"attachment_833\" style=\"width: 210px\" class=\"wp-caption alignright\"><a href=\"http:\/\/jpa67.fr\/fr\/wp-content\/uploads\/2016\/03\/selection-18-page-001.jpg\"><img aria-describedby=\"caption-attachment-833\" loading=\"lazy\" class=\"wp-image-833 size-medium\" src=\"http:\/\/jpa67.fr\/fr\/wp-content\/uploads\/2016\/03\/selection-18-page-001-200x300.jpg\" alt=\"L'affiche de la Campagne de Solidarit\u00e9 2017\" width=\"200\" height=\"300\" srcset=\"http:\/\/jpa67.fr\/fr\/wp-content\/uploads\/2016\/03\/selection-18-page-001-200x300.jpg 200w, http:\/\/jpa67.fr\/fr\/wp-content\/uploads\/2016\/03\/selection-18-page-001-768x1152.jpg 768w, http:\/\/jpa67.fr\/fr\/wp-content\/uploads\/2016\/03\/selection-18-page-001-683x1024.jpg 683w\" sizes=\"(max-width: 200px) 100vw, 200px\" \/><\/a><p id=\"caption-attachment-833\" class=\"wp-caption-text\">L&rsquo;affiche de la Campagne de Solidarit\u00e9 2018<\/p><\/div>\n<p><strong>Le mat\u00e9riel est \u00e0 la disposition des \u00e9coles.<\/strong><\/p>\n<hr>\n<h3>Les objectifs<\/h3>\n<p>Les enseignants ont \u00e9t\u00e9 invit\u00e9s \u00e0 informer leurs \u00e9l\u00e8ves de l&rsquo;int\u00e9r\u00eat de partir en colonie de vacances et \u00e0 les inciter \u00e0 collecter des fonds aupr\u00e8s de leur entourage. L&rsquo;argent r\u00e9colt\u00e9 nous a permit de verser ensuite des bourses aux enfants dont la famille n&rsquo;a pas les moyens de financer un s\u00e9jour.<\/p>\n<p><\/p>","protected":false},"excerpt":{"rendered":"<p>La campagne d&rsquo;\u00e9ducation \u00e0 la solidarit\u00e9 et \u00e0 la citoyennet\u00e9 est lanc\u00e9e dans le Bas-Rhin !Lundi, au coll\u00e8ge Lezay Marn\u00e9sia, [&hellip;]<\/p>\n","protected":false},"author":1,"featured_media":0,"parent":34,"menu_order":0,"comment_status":"closed","ping_status":"closed","template":"","meta":{"spay_email":""},"jetpack_sharing_enabled":true,"jetpack_shortlink":"https:\/\/wp.me\/P7mWfa-1Z","jetpack-related-posts":[{"id":34,"url":"http:\/\/jpa67.fr\/fr\/nos-actions\/la-campagne-eleves-solidaires\/","url_meta":{"origin":123,"position":0},"title":"La Campagne de Solidarit\u00e9 2018","date":"4 mars 2016","format":false,"excerpt":"Pour que tous les enfants puissent partir en colo\u00a0! Le fruit de cette collecte sert \u00e0 aider les enfants et les jeunes de milieux d\u00e9favoris\u00e9s ou en situation de handicap \u00e0 partir en colonies de vacances. Qu'est-ce que la Campagne de Solidarit\u00e9 de la JPA ? Une action de solidarit\u00e9\u2026","rel":"","context":"Article similaire","img":{"alt_text":"","src":"https:\/\/i0.wp.com\/jpa67.fr\/fr\/wp-content\/uploads\/2016\/03\/selection-18-page-001-200x300.jpg?resize=350%2C200","width":350,"height":200},"classes":[]},{"id":3050,"url":"http:\/\/jpa67.fr\/fr\/nos-volontaires-service-civique\/","url_meta":{"origin":123,"position":1},"title":"Nos volontaires service civique","date":"24 mars 2025","format":false,"excerpt":"Nos service civique \u00e0 la Jeunesse au Plein Air (JPA) m\u00e8ne des actions de sensibilisation \u00e0 la solidarit\u00e9 et \u00e0 l\u2019acc\u00e8s aux vacances pour tous les enfants. Nos interventions en classe, principalement aupr\u00e8s des CM1 et CM2, visent \u00e0 faire r\u00e9fl\u00e9chir les \u00e9l\u00e8ves sur les in\u00e9galit\u00e9s en mati\u00e8re de d\u00e9parts\u2026","rel":"","context":"Article similaire","img":{"alt_text":"","src":"https:\/\/i0.wp.com\/jpa67.fr\/fr\/wp-content\/uploads\/2025\/03\/solidarite-1.jpg?resize=350%2C200&ssl=1","width":350,"height":200},"classes":[]},{"id":20,"url":"http:\/\/jpa67.fr\/fr\/la-confederation\/","url_meta":{"origin":123,"position":2},"title":"La Conf\u00e9d\u00e9ration","date":"4 mars 2016","format":false,"excerpt":"La Jeunesse au Plein Air du Bas-Rhin relaie les actions nationales de la JPA et propose des actions sp\u00e9cifiques dans le Bas-Rhin : le Centre Ressources Enfance-Jeunesse & Handicap et des manifestations en faveur des colonies de vacances. La Jeunesse au Plein Air est\u00a0partenaire des actions \u00e9ducatives de l\u2019\u00e9cole. Le\u2026","rel":"","context":"Article similaire","img":{"alt_text":"","src":"","width":0,"height":0},"classes":[]},{"id":144,"url":"http:\/\/jpa67.fr\/fr\/nos-actions\/la-presse-en-parle\/","url_meta":{"origin":123,"position":3},"title":"La presse en parle&#8230;","date":"22 mars 2016","format":false,"excerpt":"Retrouvez tous\u00a0les articles que la presse consacre \u00e0 nos activit\u00e9s. Pour consulter nos dossiers de presse et nos communiqu\u00e9s, rendez-vous sur la page Documents t\u00e9l\u00e9chargeables Revue\u00a0de presse Mes ann\u00e9es en colos (DNA, 28-01-2018) L'association Jeunesse au Plein Air du Bas-Rhin a lanc\u00e9 sa Campagne de Solidarit\u00e9 2018.\u00a0Lire l'article Comme un\u2026","rel":"","context":"Article similaire","img":{"alt_text":"","src":"","width":0,"height":0},"classes":[]},{"id":211,"url":"http:\/\/jpa67.fr\/fr\/nos-actions\/centre-ressources-enfance-jeunesse-et-handicap-ancien\/les-missions-du-centre-ressources-enfance-jeunesse-et-handicap\/","url_meta":{"origin":123,"position":4},"title":"Les missions du Centre Ressources Enfance-Jeunesse et Handicap","date":"13 mai 2016","format":false,"excerpt":"Le Centre Ressources Enfance-Jeunesse & Handicap a pour objectif et pour mission de faciliter la r\u00e9alisation du projet de vie de l\u2019enfant en situation de handicap dans les accueils de loisirs, les colonies de vacances, les activit\u00e9s sportives, culturelles\u2026 Il est au service des enfants, de leurs parents, et des\u2026","rel":"","context":"Article similaire","img":{"alt_text":"","src":"","width":0,"height":0},"classes":[]},{"id":1132,"url":"http:\/\/jpa67.fr\/fr\/nos-actions\/centre-ressources-enfance-jeunesse-et-handicap\/aide-a-linclusion\/","url_meta":{"origin":123,"position":5},"title":"Aide \u00e0 l&rsquo;inclusion","date":"26 janvier 2018","format":false,"excerpt":"\u00a0 LE CADRE L\u00c9GAL ET NOTRE D\u00c9MARCHE Le droit aux loisirs est inscrit dans la Convention Internationale des Droits de l\u2019Enfant (article 31). Depuis le 30 juin 1975, le droit aux vacances et aux loisirs pour les personnes en situation de handicap est reconnu par la loi fran\u00e7aise. Pourtant, organisateurs,\u2026","rel":"","context":"Article similaire","img":{"alt_text":"","src":"","width":0,"height":0},"classes":[]}],"_links":{"self":[{"href":"http:\/\/jpa67.fr\/fr\/wp-json\/wp\/v2\/pages\/123"}],"collection":[{"href":"http:\/\/jpa67.fr\/fr\/wp-json\/wp\/v2\/pages"}],"about":[{"href":"http:\/\/jpa67.fr\/fr\/wp-json\/wp\/v2\/types\/page"}],"author":[{"embeddable":true,"href":"http:\/\/jpa67.fr\/fr\/wp-json\/wp\/v2\/users\/1"}],"replies":[{"embeddable":true,"href":"http:\/\/jpa67.fr\/fr\/wp-json\/wp\/v2\/comments?post=123"}],"version-history":[{"count":20,"href":"http:\/\/jpa67.fr\/fr\/wp-json\/wp\/v2\/pages\/123\/revisions"}],"predecessor-version":[{"id":3073,"href":"http:\/\/jpa67.fr\/fr\/wp-json\/wp\/v2\/pages\/123\/revisions\/3073"}],"up":[{"embeddable":true,"href":"http:\/\/jpa67.fr\/fr\/wp-json\/wp\/v2\/pages\/34"}],"wp:attachment":[{"href":"http:\/\/jpa67.fr\/fr\/wp-json\/wp\/v2\/media?parent=123"}],"curies":[{"name":"wp","href":"https:\/\/api.w.org\/{rel}","templated":true}]}}