{"id":1424,"date":"2018-07-05T08:18:39","date_gmt":"2018-07-05T07:18:39","guid":{"rendered":"http:\/\/jpa67.fr\/fr\/?page_id=1424"},"modified":"2021-08-04T11:36:59","modified_gmt":"2021-08-04T10:36:59","slug":"cafe-des-parents","status":"publish","type":"page","link":"http:\/\/jpa67.fr\/fr\/nos-actions\/centre-ressources-enfance-jeunesse-et-handicap\/cafe-des-parents\/","title":{"rendered":"Caf\u00e9 des parents"},"content":{"rendered":"<div id=\"pl-1424\" class=\"panel-layout\">\n<div id=\"pg-1424-0\" class=\"panel-grid panel-no-style\">\n<div id=\"pgc-1424-0-0\" class=\"panel-grid-cell\" data-weight=\"1\">\n<div id=\"panel-1424-0-0-0\" class=\"so-panel widget widget_sow-editor panel-first-child panel-last-child\" data-index=\"0\">\n<div class=\"so-widget-sow-editor so-widget-sow-editor-base\">\n<div class=\"siteorigin-widget-tinymce textwidget\">\n<p><img loading=\"lazy\" class=\"size-full wp-image-2643 aligncenter\" src=\"http:\/\/jpa67.fr\/fr\/wp-content\/uploads\/2020\/05\/ban-visio.png\" alt=\"ban-visio\" width=\"828\" height=\"420\" srcset=\"http:\/\/jpa67.fr\/fr\/wp-content\/uploads\/2020\/05\/ban-visio.png 828w, http:\/\/jpa67.fr\/fr\/wp-content\/uploads\/2020\/05\/ban-visio-300x152.png 300w, http:\/\/jpa67.fr\/fr\/wp-content\/uploads\/2020\/05\/ban-visio-768x390.png 768w\" sizes=\"(max-width: 828px) 100vw, 828px\" \/><\/p>\n<h3 style=\"text-align: center;\">Vous trouverez ici tout ce qui concerne nos \u00ab\u00a0Caf\u00e9s des parents\u00a0\u00bb :<\/h3>\n<h2 style=\"text-align: center;\">Il s\u2019agit d\u2019un moment de rencontre une fois par mois, pour les parents d\u2019un enfant en situation de handicap qui recherche du soutien, se pose des questions et\/ou souhaite \u00e9changer sur diff\u00e9rentes th\u00e9matiques de la vie au quotidien.<\/h2>\n<p>&nbsp;<\/p>\n<p>&lt;\/tr&lt;\/tr<\/p>\n<table style=\"height: 87px;\" width=\"1150\">\n<tbody>\n<tr>\n<th style=\"text-align: center;\">Date<\/th>\n<th style=\"text-align: center;\">heure<\/th>\n<th style=\"text-align: center;\">lieu<\/th>\n<th style=\"text-align: center;\">id<\/th>\n<th style=\"text-align: center;\">mot de passe<\/th>\n<\/tr>\n<tr>\n<td style=\"text-align: center;\"> <strong style=\"text-align: left;\">mercredi 15 septembre 2021<\/strong><\/td>\n<td style=\"text-align: center;\"><strong style=\"text-align: left;\">de 14h \u00e0 16h<\/strong><\/td>\n<td style=\"text-align: center;\"><a href=\"https:\/\/zoom.us\/j\/94812758684?pwd=bzZ2bUx2b1ZIQzdDVUFBWWd1V0VTdz09\">SUIVRE CE LIEN<\/a><\/td>\n<td style=\"text-align: center;\">948 1275 8684<\/td>\n<td style=\"text-align: center;\">447562<\/td>\n<\/tr>\n<tr>\n<td style=\"text-align: center;\"> <strong style=\"text-align: left;\">mercredi 27 octobre 2021<\/strong><\/td>\n<td style=\"text-align: center;\"><strong style=\"text-align: left;\">de 14h \u00e0 16h<\/strong><\/td>\n<td style=\"text-align: center;\"><a href=\"https:\/\/zoom.us\/j\/94151145856?pwd=TlRrMC9aODRsQW95WjU2UVRyTGxtdz09\">SUIVRE CE LIEN<\/a><\/td>\n<td style=\"text-align: center;\">941 5114 5856<\/td>\n<td style=\"text-align: center;\">215626<\/td>\n<\/tr>\n<tr>\n<td style=\"text-align: center;\">\u00a0<strong style=\"text-align: left;\">mercredi 24 novembre 2021<\/strong><\/td>\n<td style=\"text-align: center;\"><strong style=\"text-align: left;\">de 14h \u00e0 16h<\/strong><\/td>\n<td style=\"text-align: center;\"><a href=\"https:\/\/zoom.us\/j\/96753465785?pwd=Y0dLbU1Hb3RKcGNpSHpMZ3k0RGdGQT09\">SUIVRE CE LIEN<\/a><\/td>\n<td style=\"text-align: center;\">967 5346 5785<\/td>\n<td style=\"text-align: center;\">225718<\/td>\n<\/tr>\n<\/tbody>\n<\/table>\n<p>&nbsp;<\/p>\n<p>&nbsp;<\/p>\n<\/div>\n<\/div>\n<\/div>\n<\/div>\n<\/div>\n<\/div>\n","protected":false},"excerpt":{"rendered":"<p>Vous trouverez ici tout ce qui concerne nos \u00ab\u00a0Caf\u00e9s des parents\u00a0\u00bb : Il s\u2019agit d\u2019un moment de rencontre une fois [&hellip;]<\/p>\n","protected":false},"author":3,"featured_media":2643,"parent":1081,"menu_order":0,"comment_status":"closed","ping_status":"closed","template":"","meta":{"spay_email":""},"jetpack_sharing_enabled":true,"jetpack_shortlink":"https:\/\/wp.me\/P7mWfa-mY","jetpack-related-posts":[{"id":695,"url":"http:\/\/jpa67.fr\/fr\/nos-actions\/centre-ressources-enfance-jeunesse-et-handicap\/les-ateliers-dinformation-et-de-sensibilisation-sur-laccueil-dun-enfant-en-situation-de-handicap-dans-les-centres-de-loisirs-et-les-periscolaires\/","url_meta":{"origin":1424,"position":0},"title":"Des ateliers d&rsquo;information et de sensibilisation sur l&rsquo;accueil des enfants en situation de handicap dans les centres de loisirs et les p\u00e9riscolaires","date":"18 octobre 2016","format":false,"excerpt":"Ces ateliers sont r\u00e9serv\u00e9s aux professionnels et sont propos\u00e9s dans tout le Bas-Rhin. Cliquez ici pour nous informer des dates o\u00f9 vous \u00eates disponible Pour d\u00e9couvrir les bonnes solutions, des s\u00e9ances gratuites de 2 heures, dans vos locaux. Le Centre Ressource Enfance-Jeunesse & Handicap port\u00e9 par la Jeunesse au Plein\u2026","rel":"","context":"Article similaire","img":{"alt_text":"","src":"https:\/\/i0.wp.com\/jpa67.fr\/fr\/wp-content\/uploads\/2016\/10\/Nathan-IMG_7055-300x200.jpg?resize=350%2C200","width":350,"height":200},"classes":[]},{"id":3050,"url":"http:\/\/jpa67.fr\/fr\/nos-volontaires-service-civique\/","url_meta":{"origin":1424,"position":1},"title":"Nos volontaires service civique","date":"24 mars 2025","format":false,"excerpt":"Nos service civique \u00e0 la Jeunesse au Plein Air (JPA) m\u00e8ne des actions de sensibilisation \u00e0 la solidarit\u00e9 et \u00e0 l\u2019acc\u00e8s aux vacances pour tous les enfants. Nos interventions en classe, principalement aupr\u00e8s des CM1 et CM2, visent \u00e0 faire r\u00e9fl\u00e9chir les \u00e9l\u00e8ves sur les in\u00e9galit\u00e9s en mati\u00e8re de d\u00e9parts\u2026","rel":"","context":"Article similaire","img":{"alt_text":"","src":"https:\/\/i0.wp.com\/jpa67.fr\/fr\/wp-content\/uploads\/2025\/03\/solidarite-1.jpg?resize=350%2C200&ssl=1","width":350,"height":200},"classes":[]},{"id":1936,"url":"http:\/\/jpa67.fr\/fr\/nos-actions\/centre-ressources-enfance-jeunesse-et-handicap\/les-ressources-disponibles\/livres-pedagogiques\/a-destination-des-animateurs-directeurs-organisateurs-enseignants\/","url_meta":{"origin":1424,"position":2},"title":"A destination des animateurs, directeurs, organisateurs, enseignants, &#8230;","date":"22 ao\u00fbt 2018","format":false,"excerpt":"63 activit\u00e9s pour s\u2019amuser et progresser - Sarah Duboi - Fr\u00e9d\u00e9rick Delorme - Handicap international (15 juin 2010) Cet ouvrage pratique vous propose 63 exercices con\u00e7us en partenariat avec des kin\u00e9sith\u00e9rapeutes, ergoth\u00e9rapeutes et \u00e9ducateurs sportifs. Objectif : aider l\u2019enfant \u00e0 gagner en autonomie, quelles que soient ses difficult\u00e9s. Des pictos\u2026","rel":"","context":"Article similaire","img":{"alt_text":"","src":"","width":0,"height":0},"classes":[]},{"id":948,"url":"http:\/\/jpa67.fr\/fr\/quelles-modalites-daccueil-et-de-participation-des-enfants-et-adolescents-en-situation-de-handicap-dans-les-accueils-collectifs-de-mineurs-acm\/","url_meta":{"origin":1424,"position":3},"title":"Journ\u00e9e d\u2019\u00e9changes et de mutualisation des pratiques","date":"19 septembre 2017","format":false,"excerpt":"Une journ\u00e9e destin\u00e9e aux directeurs et aux animateurs de structures de loisirs et de p\u00e9riscolaire pour identifier et mutualiser les pratiques, renforcer l\u2019accueil des enfants et adolescents en situation de handicap et favoriser leur participation aux activit\u00e9s en milieu ordinaire. Le 19 octobre 2017, de 8h30 \u00e0 15h45 Le programme\u2026","rel":"","context":"Article similaire","img":{"alt_text":"","src":"https:\/\/i0.wp.com\/jpa67.fr\/fr\/wp-content\/uploads\/2017\/09\/Logo-1024x288.jpg?resize=350%2C200","width":350,"height":200},"classes":[]},{"id":969,"url":"http:\/\/jpa67.fr\/fr\/quelles-modalites-daccueil-et-de-participation-des-enfants-et-adolescents-en-situation-de-handicap-dans-les-accueils-collectifs-de-mineurs-acm-2\/","url_meta":{"origin":1424,"position":4},"title":"Quelles modalit\u00e9s d\u2019accueil et de participation des enfants et adolescents en situation de handicap dans les accueils collectifs de mineurs (ACM) ?","date":"19 septembre 2017","format":false,"excerpt":"Une journ\u00e9e destin\u00e9e aux directeurs et aux animateurs de structures de loisirs\/p\u00e9riscolaires pour identifier et mutualiser les pratiques d\u00e9velopp\u00e9es sur le terrain afin de renforcer l\u2019accueil des enfants et adolescents en situation de handicap et de favoriser leur participation aux activit\u00e9s en milieu ordinaire. Le programme MATIN\u00c9E 8 h 30\u00a0:\u2026","rel":"","context":"Article similaire","img":{"alt_text":"","src":"https:\/\/i0.wp.com\/jpa67.fr\/fr\/wp-content\/uploads\/2017\/09\/Logo-1024x288.jpg?resize=350%2C200","width":350,"height":200},"classes":[]},{"id":2520,"url":"http:\/\/jpa67.fr\/fr\/nos-actions\/centre-ressources-enfance-jeunesse-et-handicap\/les-ressources-familles\/documentations-brochures\/","url_meta":{"origin":1424,"position":5},"title":"Guides \/ documents administratifs &#8230;","date":"9 avril 2020","format":false,"excerpt":"\u00a0 Ce\u00a0Guide \"Comment compenser les surco\u00fbts \"\u00a0, propose des pistes pour compenser le plus possibles les surco\u00fbts qui incombent aux parents \u00a0 Le livret sur l'accueil des enfants en situation de handicap dans les accueils de loisirs. C'est un outil permettant \u00e0 chacun de s'inscrire dans une d\u00e9marche d'accueil des\u2026","rel":"","context":"Article similaire","img":{"alt_text":"","src":"","width":0,"height":0},"classes":[]}],"_links":{"self":[{"href":"http:\/\/jpa67.fr\/fr\/wp-json\/wp\/v2\/pages\/1424"}],"collection":[{"href":"http:\/\/jpa67.fr\/fr\/wp-json\/wp\/v2\/pages"}],"about":[{"href":"http:\/\/jpa67.fr\/fr\/wp-json\/wp\/v2\/types\/page"}],"author":[{"embeddable":true,"href":"http:\/\/jpa67.fr\/fr\/wp-json\/wp\/v2\/users\/3"}],"replies":[{"embeddable":true,"href":"http:\/\/jpa67.fr\/fr\/wp-json\/wp\/v2\/comments?post=1424"}],"version-history":[{"count":66,"href":"http:\/\/jpa67.fr\/fr\/wp-json\/wp\/v2\/pages\/1424\/revisions"}],"predecessor-version":[{"id":2920,"href":"http:\/\/jpa67.fr\/fr\/wp-json\/wp\/v2\/pages\/1424\/revisions\/2920"}],"up":[{"embeddable":true,"href":"http:\/\/jpa67.fr\/fr\/wp-json\/wp\/v2\/pages\/1081"}],"wp:featuredmedia":[{"embeddable":true,"href":"http:\/\/jpa67.fr\/fr\/wp-json\/wp\/v2\/media\/2643"}],"wp:attachment":[{"href":"http:\/\/jpa67.fr\/fr\/wp-json\/wp\/v2\/media?parent=1424"}],"curies":[{"name":"wp","href":"https:\/\/api.w.org\/{rel}","templated":true}]}}