{"id":144,"date":"2016-03-22T09:01:34","date_gmt":"2016-03-22T08:01:34","guid":{"rendered":"http:\/\/jpa67.fr\/fr\/?page_id=144"},"modified":"2018-01-29T15:43:13","modified_gmt":"2018-01-29T14:43:13","slug":"la-presse-en-parle","status":"publish","type":"page","link":"http:\/\/jpa67.fr\/fr\/nos-actions\/la-presse-en-parle\/","title":{"rendered":"La presse en parle&#8230;"},"content":{"rendered":"<blockquote>\n<h5><strong>Retrouvez tous\u00a0les articles que la presse consacre \u00e0 nos activit\u00e9s.<\/strong><br \/>\nPour consulter nos dossiers de presse et nos communiqu\u00e9s,<br \/>\nrendez-vous sur la page <a href=\"http:\/\/jpa67.fr\/fr\/nos-actions\/documents-telechargeables\/\">Documents t\u00e9l\u00e9chargeables<\/a><\/h5>\n<\/blockquote>\n<h3>Revue\u00a0de presse<\/h3>\n<p><strong>Mes ann\u00e9es en colos (DNA, 28-01-2018)<\/strong><\/p>\n<p>L&rsquo;association Jeunesse au Plein Air du Bas-Rhin a lanc\u00e9 sa Campagne de Solidarit\u00e9 2018.\u00a0<a href=\"http:\/\/jpa67.fr\/fr\/wp-content\/uploads\/2018\/01\/JPA_Article-DNA_28.01.2018.jpg\" target=\"_blank\" rel=\"noopener\">Lire l&rsquo;article<\/a><\/p>\n<hr \/>\n<p><strong>Comme un air de vacances (DNA, 16-03-2016)<\/strong><\/p>\n<p>Belle r\u00e9ussite pour l&rsquo;association \u00ab\u00a0Jeunesse au plein air du Bas-Rhin\u00a0\u00bb qui a accueilli une centaine de visiteurs pour sa journ\u00e9e d&rsquo;information sur les colonies de vacances.\u00a0<a href=\"http:\/\/jpa67.fr\/joomla\/DOCUMENTS_JPA\/colos\/2016\/Article_DNA_16_03_2016.pdf\">Lire l&rsquo;article<\/a><\/p>\n<hr \/>\n<p><strong>Journ\u00e9e d&rsquo;information dimanche : Cap sur les colos (DNA, 11-03-2016)<\/strong><\/p>\n<p>La Jeunesse au plein air du Bas-Rhin organise une journ\u00e9e d&rsquo;information sur les colonies de vacances \u00e0 l&rsquo;auberge de jeunesse des Deux-Rives dimanche 13 mars. Parce que les colos, \u00e7a aide \u00e0 grandir&#8230;\u00a0<a href=\"http:\/\/jpa67.fr\/joomla\/DOCUMENTS_JPA\/colos\/2016\/Article_DNA_Cap_sur_les_colos.pdf\">Lire l&rsquo;article<\/a>.<\/p>\n<hr \/>\n<p><strong>Ernolsheim-Bruche Concert. Sur le bateau de la paix (DNA, 31-1-2016)<\/strong><\/p>\n<p>Le concert offert derni\u00e8rement en la salle socio-culturelle par la chorale Union Choeur d&rsquo;hommes de Kolsheim a ravi. Donn\u00e9 au profit de la JPA 67&#8230;\u00a0<a href=\"http:\/\/jpa67.fr\/joomla\/DOCUMENTS_JPA\/campagne_solidarite\/2015-2016\/DNA31_01_2016.pdf\">Lire l&rsquo;article\u00a0<\/a><\/p>\n<hr \/>\n<p><strong>Colonies de vacances : Aider les enfants \u00e0 partir (DNA 16-1-2016)<\/strong><\/p>\n<p>L&rsquo;association Jeunesse au plein air permet, chaque ann\u00e9e, \u00e0 plus de 300 enfants du Bas-Rhin de\u00a0s\u00e9journer en colonie de vacances. Pour r\u00e9unir les fonds indispensables, elle lance notamment un appel aux \u00e9tablissements scolaires.\u00a0<a href=\"http:\/\/jpa67.fr\/joomla\/DOCUMENTS_JPA\/campagne_solidarite\/2015-2016\/Article_DNA_janvier2016.pdf\">Lire l&rsquo;article\u00a0<\/a><\/p>\n<hr \/>\n<p><strong>Dessine-moi une colo (DNA 11-07-2015)<\/strong><\/p>\n<p>L&rsquo;association La Jeunesse au plein air (JPA) a remis les prix de son concours de dessin intitul\u00e9 \u00ab\u00a0Dessine-moi une colo!\u00a0\u00bb au Parc du Petit Prince \u00e0 Ungersheim.\u00a0<a href=\"http:\/\/jpa67.fr\/joomla\/DOCUMENTS_JPA\/campagne_solidarite\/2014-2015\/DNA_11_07_2015.pdf\">Lire l&rsquo;article<\/a><\/p>\n<hr \/>\n<p><strong>Classes de d\u00e9couverte : suppression de la subvention vers\u00e9e aux \u00e9coliers (DNA 17-06-2015)<\/strong><\/p>\n<p>Le Conseil d\u00e9partemental du Bas-Rhin explique qu&rsquo;il \u00ab\u00a0n&rsquo;a plus les moyens de financer des actions qui rel\u00e8vent de la comp\u00e9tence d&rsquo;autres collectivit\u00e9s, en l&rsquo;occurrence les communes\u00a0\u00bb.\u00a0<a href=\"http:\/\/jpa67.fr\/joomla\/DOCUMENTS_JPA\/CDD\/2015\/Article-DNA.pdf\">Lire l&rsquo;article<\/a><\/p>\n<hr \/>\n<p><strong>Un forum enfance et handicap (DNA 31-05-2015)<\/strong><\/p>\n<p>L&rsquo;Espace ressources loisirs et handicap de la Jeunesse en plein air organise un forum sur le th\u00e8me \u00abL&rsquo;accompagnement de l&rsquo;enfant en situation de handicap sur le temps scolaire, p\u00e9riscolaire et hors scolaire \u00bb, mercredi 3 juin de 9 h \u00e0 17 h au conseil d\u00e9partemental.\u00a0<a href=\"http:\/\/jpa67.fr\/joomla\/DOCUMENTS_JPA\/espace_ressources\/2015\/Article%20DNA.pdf\">Lire l&rsquo;article.<\/a><\/p>\n<hr \/>\n<p><strong>La diff\u00e9rence n&rsquo;est pas un handicap (DNA, 21-04-2015)<\/strong><\/p>\n<p>Samedi soir \u00e0 Illkirch, la Compagnie Transparence pr\u00e9sentait une pi\u00e8ce de th\u00e9\u00e2tre intitul\u00e9e \u00ab Le cahier magique \u00bb avec lequel tout devient possible ! Un spectacle in\u00e9dit au profit de l&rsquo;association JPA 67, interpr\u00e9t\u00e9 par une trentaine d&rsquo;acteurs motiv\u00e9s.\u00a0<a href=\"http:\/\/www.jpa67.fr\/joomla\/DOCUMENTS_JPA\/presse\/Article%20DNA_theatre.pdf\">Lire l&rsquo;article<\/a><\/p>\n<hr \/>\n<p><strong>Quand solidarit\u00e9 rime avec cr\u00e9ativit\u00e9 (DNA, 21-02-2015)<\/strong><\/p>\n<p>C&rsquo;est au coll\u00e8ge Gr\u00e9goire de Tours de Marlenheim que la Jeunesse au Plein Air a organis\u00e9 le lancement de sa collecte de dons dans les \u00e9coles. Une nouveaut\u00e9 cette ann\u00e9e : le concours \u00ab\u00a0Dessine-moi une colo!\u00a0\u00bb\u00a0<a href=\"http:\/\/www.jpa67.fr\/joomla\/DOCUMENTS_JPA\/campagne_solidarite\/2014-2015\/Article_DNA_21_2_2015.pdf\">Lire l&rsquo;article<\/a>.<\/p>\n<hr \/>\n<p><strong>Un bol d&rsquo;air en milieu \u00ab\u00a0ordinaire\u00a0\u00bb (DNA 27-5-2014)<\/strong><\/p>\n<p>\u00ab\u00a0La Jeunesse au plein air (JPA) du Bas-Rhin propose, par le biais de son espace ressources \u00ab\u00a0Loisirs et handicap\u00a0\u00bb, des centres de loisirs et des s\u00e9jours en milieu ordinaire \u00e0 des enfants en situation de handicap. Et cherche encore des accompagnateurs pour cet \u00e9t\u00e9.\u00a0\u00bb\u00a0<a href=\"http:\/\/jpa67.fr\/joomla\/DOCUMENTS_JPA\/espace_ressources\/2014\/Article_DNA_2014.pdf\">Lire l&rsquo;article\u00a0<\/a><\/p>\n<hr \/>\n<p>&nbsp;<\/p>\n<h3><\/h3>\n","protected":false},"excerpt":{"rendered":"<p>Retrouvez tous\u00a0les articles que la presse consacre \u00e0 nos activit\u00e9s. Pour consulter nos dossiers de presse et nos communiqu\u00e9s, rendez-vous [&hellip;]<\/p>\n","protected":false},"author":1,"featured_media":0,"parent":23,"menu_order":0,"comment_status":"closed","ping_status":"closed","template":"","meta":{"spay_email":""},"jetpack_sharing_enabled":true,"jetpack_shortlink":"https:\/\/wp.me\/P7mWfa-2k","jetpack-related-posts":[{"id":20,"url":"http:\/\/jpa67.fr\/fr\/la-confederation\/","url_meta":{"origin":144,"position":0},"title":"La Conf\u00e9d\u00e9ration","date":"4 mars 2016","format":false,"excerpt":"La Jeunesse au Plein Air du Bas-Rhin relaie les actions nationales de la JPA et propose des actions sp\u00e9cifiques dans le Bas-Rhin : le Centre Ressources Enfance-Jeunesse & Handicap et des manifestations en faveur des colonies de vacances. La Jeunesse au Plein Air est\u00a0partenaire des actions \u00e9ducatives de l\u2019\u00e9cole. Le\u2026","rel":"","context":"Article similaire","img":{"alt_text":"","src":"","width":0,"height":0},"classes":[]},{"id":44,"url":"http:\/\/jpa67.fr\/fr\/nos-actions\/les-colonies-de-vacances\/","url_meta":{"origin":144,"position":1},"title":"Les Colonies de Vacances","date":"4 mars 2016","format":false,"excerpt":"Les colos, c'est bon pour grandir ! Pour tous les enfants et les jeunes, les s\u00e9jours en colonies de vacances sont une occasion de s'ouvrir aux autres, d'assumer la vie en groupe et de d\u00e9couvrir d'autres activit\u00e9s. Pourquoi faciliter le\u00a0d\u00e9part en colonie de vacances? Apr\u00e8s un premier d\u00e9part en colonie\u2026","rel":"","context":"Article similaire","img":{"alt_text":"","src":"https:\/\/i0.wp.com\/jpa67.fr\/fr\/wp-content\/uploads\/2016\/08\/IMG_7057-2.jpg?resize=350%2C200","width":350,"height":200},"classes":[]},{"id":211,"url":"http:\/\/jpa67.fr\/fr\/nos-actions\/centre-ressources-enfance-jeunesse-et-handicap-ancien\/les-missions-du-centre-ressources-enfance-jeunesse-et-handicap\/","url_meta":{"origin":144,"position":2},"title":"Les missions du Centre Ressources Enfance-Jeunesse et Handicap","date":"13 mai 2016","format":false,"excerpt":"Le Centre Ressources Enfance-Jeunesse & Handicap a pour objectif et pour mission de faciliter la r\u00e9alisation du projet de vie de l\u2019enfant en situation de handicap dans les accueils de loisirs, les colonies de vacances, les activit\u00e9s sportives, culturelles\u2026 Il est au service des enfants, de leurs parents, et des\u2026","rel":"","context":"Article similaire","img":{"alt_text":"","src":"","width":0,"height":0},"classes":[]},{"id":26,"url":"http:\/\/jpa67.fr\/fr\/contacts\/","url_meta":{"origin":144,"position":3},"title":"Contacts","date":"4 mars 2016","format":false,"excerpt":"Coordonn\u00e9es La Jeunesse au Plein Air du Bas-Rhin Pr\u00e9sident : Patrick REEB Secr\u00e9taire g\u00e9n\u00e9ral\u00a0: Georges Gunsett 120 rue Tobias Stimmer Immeuble Kepler 67400 Illkirch-Graffenstaden Mail : jpa67@jpa.asso.fr Contacts sp\u00e9cifiques Centre Ressources Enfance-Jeunesse & Handicap Mail : loisirs.handicap@jpa67.fr Accompagnement des familles: Sonia CARDONER T\u00e9l: 07 71 22 87 70 Accompagnement des\u2026","rel":"","context":"Article similaire","img":{"alt_text":"","src":"","width":0,"height":0},"classes":[]},{"id":695,"url":"http:\/\/jpa67.fr\/fr\/nos-actions\/centre-ressources-enfance-jeunesse-et-handicap\/les-ateliers-dinformation-et-de-sensibilisation-sur-laccueil-dun-enfant-en-situation-de-handicap-dans-les-centres-de-loisirs-et-les-periscolaires\/","url_meta":{"origin":144,"position":4},"title":"Des ateliers d&rsquo;information et de sensibilisation sur l&rsquo;accueil des enfants en situation de handicap dans les centres de loisirs et les p\u00e9riscolaires","date":"18 octobre 2016","format":false,"excerpt":"Ces ateliers sont r\u00e9serv\u00e9s aux professionnels et sont propos\u00e9s dans tout le Bas-Rhin. Cliquez ici pour nous informer des dates o\u00f9 vous \u00eates disponible Pour d\u00e9couvrir les bonnes solutions, des s\u00e9ances gratuites de 2 heures, dans vos locaux. Le Centre Ressource Enfance-Jeunesse & Handicap port\u00e9 par la Jeunesse au Plein\u2026","rel":"","context":"Article similaire","img":{"alt_text":"","src":"https:\/\/i0.wp.com\/jpa67.fr\/fr\/wp-content\/uploads\/2016\/10\/Nathan-IMG_7055-300x200.jpg?resize=350%2C200","width":350,"height":200},"classes":[]},{"id":1132,"url":"http:\/\/jpa67.fr\/fr\/nos-actions\/centre-ressources-enfance-jeunesse-et-handicap\/aide-a-linclusion\/","url_meta":{"origin":144,"position":5},"title":"Aide \u00e0 l&rsquo;inclusion","date":"26 janvier 2018","format":false,"excerpt":"\u00a0 LE CADRE L\u00c9GAL ET NOTRE D\u00c9MARCHE Le droit aux loisirs est inscrit dans la Convention Internationale des Droits de l\u2019Enfant (article 31). Depuis le 30 juin 1975, le droit aux vacances et aux loisirs pour les personnes en situation de handicap est reconnu par la loi fran\u00e7aise. Pourtant, organisateurs,\u2026","rel":"","context":"Article similaire","img":{"alt_text":"","src":"","width":0,"height":0},"classes":[]}],"_links":{"self":[{"href":"http:\/\/jpa67.fr\/fr\/wp-json\/wp\/v2\/pages\/144"}],"collection":[{"href":"http:\/\/jpa67.fr\/fr\/wp-json\/wp\/v2\/pages"}],"about":[{"href":"http:\/\/jpa67.fr\/fr\/wp-json\/wp\/v2\/types\/page"}],"author":[{"embeddable":true,"href":"http:\/\/jpa67.fr\/fr\/wp-json\/wp\/v2\/users\/1"}],"replies":[{"embeddable":true,"href":"http:\/\/jpa67.fr\/fr\/wp-json\/wp\/v2\/comments?post=144"}],"version-history":[{"count":14,"href":"http:\/\/jpa67.fr\/fr\/wp-json\/wp\/v2\/pages\/144\/revisions"}],"predecessor-version":[{"id":1196,"href":"http:\/\/jpa67.fr\/fr\/wp-json\/wp\/v2\/pages\/144\/revisions\/1196"}],"up":[{"embeddable":true,"href":"http:\/\/jpa67.fr\/fr\/wp-json\/wp\/v2\/pages\/23"}],"wp:attachment":[{"href":"http:\/\/jpa67.fr\/fr\/wp-json\/wp\/v2\/media?parent=144"}],"curies":[{"name":"wp","href":"https:\/\/api.w.org\/{rel}","templated":true}]}}