{"id":1451,"date":"2018-07-10T10:47:26","date_gmt":"2018-07-10T09:47:26","guid":{"rendered":"http:\/\/jpa67.fr\/fr\/?page_id=1451"},"modified":"2018-07-10T14:04:53","modified_gmt":"2018-07-10T13:04:53","slug":"informations-et-manifestations","status":"publish","type":"page","link":"http:\/\/jpa67.fr\/fr\/nos-actions\/centre-ressources-enfance-jeunesse-et-handicap\/informations-et-manifestations\/","title":{"rendered":"Informations et manifestations"},"content":{"rendered":"<div id=\"pl-1451\"  class=\"panel-layout\" ><div id=\"pg-1451-0\"  class=\"panel-grid panel-has-style\" ><div class=\"wide-grey panel-row-style panel-row-style-for-1451-0\" ><div id=\"pgc-1451-0-0\"  class=\"panel-grid-cell\" ><div id=\"panel-1451-0-0-0\" class=\"so-panel widget widget_headline-widget panel-first-child panel-last-child\" data-index=\"0\" >\t\t<h1>Informations et manifestations<\/h1>\n\t\t<div class=\"decoration\"><div class=\"decoration-inside\"><\/div><\/div>\n\t\t<h3>Retrouver sur cette page les \u00e9v\u00e9nements, r\u00e9unions, forum,... organis\u00e9s par le CREJH<\/h3>\n\t\t<\/div><\/div><\/div><\/div><div id=\"pg-1451-1\"  class=\"panel-grid panel-no-style\" ><div id=\"pgc-1451-1-0\"  class=\"panel-grid-cell\" ><div id=\"panel-1451-1-0-0\" class=\"so-panel widget widget_circleicon-widget panel-first-child panel-last-child\" data-index=\"1\" >\t\t<div class=\"circle-icon-box circle-icon-position-top circle-icon-hide-box circle-icon-size-large\">\n\t\t\t<div class=\"circle-icon-wrapper\">\n\t\t\t\t<a href=\"http:\/\/jpa67.fr\/fr\/nos-actions\/centre-ressources-enfance-jeunesse-et-handicap\/cafe-des-parents\/\" class=\"link-icon\" >\t\t\t\t<div class=\"circle-icon icon-style-set\" style=\"background-image: url(http:\/\/jpa67.fr\/fr\/wp-content\/uploads\/2018\/07\/btn_cafeParents.png);background-color: #ffffff\">\n\t\t\t\t\t\t\t\t\t<\/div>\n\t\t\t\t<\/a>\t\t\t<\/div>\n\n\t\t\t<a href=\"http:\/\/jpa67.fr\/fr\/nos-actions\/centre-ressources-enfance-jeunesse-et-handicap\/cafe-des-parents\/\" class=\"link-title\" >\t\t\t<h4 >Caf\u00e9 des parents<\/h4>\t\t\t<\/a>\n\t\t\t\t\t\t\t\t\t\t<a href=\"http:\/\/jpa67.fr\/fr\/nos-actions\/centre-ressources-enfance-jeunesse-et-handicap\/cafe-des-parents\/\" class=\"more-button\" >plus d&#039;infos... <i><\/i><\/a>\n\t\t\t\t\t<\/div>\n\t\t<\/div><\/div><div id=\"pgc-1451-1-1\"  class=\"panel-grid-cell\" ><div id=\"panel-1451-1-1-0\" class=\"so-panel widget widget_circleicon-widget panel-first-child panel-last-child\" data-index=\"2\" >\t\t<div class=\"circle-icon-box circle-icon-position-top circle-icon-hide-box circle-icon-size-large\">\n\t\t\t<div class=\"circle-icon-wrapper\">\n\t\t\t\t<a href=\"http:\/\/jpa67.fr\/fr\/nos-actions\/centre-ressources-enfance-jeunesse-et-handicap\/informations-et-sensibilisations\/\" class=\"link-icon\" >\t\t\t\t<div class=\"circle-icon icon-style-set\" style=\"background-image: url(http:\/\/jpa67.fr\/fr\/wp-content\/uploads\/2018\/07\/btn_reuInfos.png);background-color: #ffffff\">\n\t\t\t\t\t\t\t\t\t<\/div>\n\t\t\t\t<\/a>\t\t\t<\/div>\n\n\t\t\t<a href=\"http:\/\/jpa67.fr\/fr\/nos-actions\/centre-ressources-enfance-jeunesse-et-handicap\/informations-et-sensibilisations\/\" class=\"link-title\" >\t\t\t<h4 >R\u00e9union d&rsquo;informations<\/h4>\t\t\t<\/a>\n\t\t\t\t\t\t\t\t\t\t<a href=\"http:\/\/jpa67.fr\/fr\/nos-actions\/centre-ressources-enfance-jeunesse-et-handicap\/informations-et-sensibilisations\/\" class=\"more-button\" >plus d&#039;infos... <i><\/i><\/a>\n\t\t\t\t\t<\/div>\n\t\t<\/div><\/div><\/div><\/div>","protected":false},"excerpt":{"rendered":"<p>Informations et manifestations Retrouver sur cette page les \u00e9v\u00e9nements, r\u00e9unions, forum,&#8230; organis\u00e9s par le CREJH Caf\u00e9 des parents plus d&#039;infos&#8230; [&hellip;]<\/p>\n","protected":false},"author":3,"featured_media":0,"parent":1081,"menu_order":0,"comment_status":"closed","ping_status":"closed","template":"","meta":{"spay_email":""},"jetpack_sharing_enabled":true,"jetpack_shortlink":"https:\/\/wp.me\/P7mWfa-np","jetpack-related-posts":[{"id":1936,"url":"http:\/\/jpa67.fr\/fr\/nos-actions\/centre-ressources-enfance-jeunesse-et-handicap\/les-ressources-disponibles\/livres-pedagogiques\/a-destination-des-animateurs-directeurs-organisateurs-enseignants\/","url_meta":{"origin":1451,"position":0},"title":"A destination des animateurs, directeurs, organisateurs, enseignants, &#8230;","date":"22 ao\u00fbt 2018","format":false,"excerpt":"63 activit\u00e9s pour s\u2019amuser et progresser - Sarah Duboi - Fr\u00e9d\u00e9rick Delorme - Handicap international (15 juin 2010) Cet ouvrage pratique vous propose 63 exercices con\u00e7us en partenariat avec des kin\u00e9sith\u00e9rapeutes, ergoth\u00e9rapeutes et \u00e9ducateurs sportifs. Objectif : aider l\u2019enfant \u00e0 gagner en autonomie, quelles que soient ses difficult\u00e9s. Des pictos\u2026","rel":"","context":"Article similaire","img":{"alt_text":"","src":"","width":0,"height":0},"classes":[]},{"id":1081,"url":"http:\/\/jpa67.fr\/fr\/nos-actions\/centre-ressources-enfance-jeunesse-et-handicap\/","url_meta":{"origin":1451,"position":1},"title":"Centre Ressources Enfance-Jeunesse et Handicap","date":"25 janvier 2018","format":false,"excerpt":"Nos Actions 07 71 22 87 70 loisirs.handicap@jpa67.fr","rel":"","context":"Article similaire","img":{"alt_text":"","src":"","width":0,"height":0},"classes":[]},{"id":2186,"url":"http:\/\/jpa67.fr\/fr\/nos-actions\/centre-ressources-enfance-jeunesse-et-handicap\/les-ressources-disponibles\/fichiers-documentaires-brochures-affiches\/brochures-et-affiches-pedagogiques\/","url_meta":{"origin":1451,"position":2},"title":"Brochures et affiches p\u00e9dagogiques","date":"24 ao\u00fbt 2018","format":false,"excerpt":"Guide pratiques au service des handicaps (1x avec 3 livrets) - CER, UDAPEI \u00ab Vivre son handicap dans le Bas-Rhin \u00bb - MDPH 1. La Maison D\u00e9partementale des Personnes Handicap\u00e9es : son r\u00f4le, ses missions (x6) 2. L\u2019accueil pr\u00e9scolaire et la scolarisation de enfants et adolescent en situation de handicap\u2026","rel":"","context":"Article similaire","img":{"alt_text":"","src":"","width":0,"height":0},"classes":[]},{"id":1718,"url":"http:\/\/jpa67.fr\/fr\/nos-actions\/centre-ressources-enfance-jeunesse-et-handicap\/les-ressources-disponibles\/videos-pedagogiques\/","url_meta":{"origin":1451,"position":3},"title":"Jeux \/ Jouets","date":"20 ao\u00fbt 2018","format":false,"excerpt":"Mallette KESKI Handicap Un jeu pour faire \u00e9voluer le regard sur le handicap et d\u00e9velopper des attitudes plus justes en ad\u00e9quation avec les attentes et les besoins des personnes en situation de handicap. La cl\u00e9 des Dys - KESKI Un jeu de 40 cartes approchant tous les troubles DYS :\u2026","rel":"","context":"Article similaire","img":{"alt_text":"","src":"","width":0,"height":0},"classes":[]},{"id":2136,"url":"http:\/\/jpa67.fr\/fr\/nos-actions\/centre-ressources-enfance-jeunesse-et-handicap\/les-ressources-disponibles\/fichiers-documentaires-brochures-affiches\/fichiers-documentaires\/","url_meta":{"origin":1451,"position":4},"title":"Fichiers documentaires","date":"24 ao\u00fbt 2018","format":false,"excerpt":"Accueillir un enfant en situation de handicap, Guide \u00e0 l\u2019usage des organisateurs, des directeurs et des \u00e9quipes - Direction D\u00e9partementale de la Jeunesse et des Sports de la Vend\u00e9e http:\/\/www.vendee.gouv.fr\/IMG\/pdf\/charte_handi.pdf Accueillir une personne handicap\u00e9e en centre de vacances et de loisirs - Guide m\u00e9thodologique \u00e0 l\u2019usage des \u00e9quipes d\u2019encadrement -\u2026","rel":"","context":"Article similaire","img":{"alt_text":"","src":"","width":0,"height":0},"classes":[]},{"id":1958,"url":"http:\/\/jpa67.fr\/fr\/nos-actions\/centre-ressources-enfance-jeunesse-et-handicap\/les-ressources-disponibles\/livres-pedagogiques\/collection-la-bande-a-ed\/","url_meta":{"origin":1451,"position":5},"title":"Collection \u00ab\u00a0La bande \u00e0 Ed\u00a0\u00bb","date":"22 ao\u00fbt 2018","format":false,"excerpt":"La Bande \u00e0 Ed - Tome 1 - Georges GRARD - 05 janvier 2007 Ed est un handicap\u00e9 moteur. Il vit dans une cit\u00e9 avec comme copains quelques \u00ab bras-cass\u00e9s \u00bb et Katty, son amoureuse. On le suit dans son quotidien qui d\u00e9borde d\u2019humanisme et d\u2019humour. La Bande \u00e0 Ed\u2026","rel":"","context":"Article similaire","img":{"alt_text":"","src":"","width":0,"height":0},"classes":[]}],"_links":{"self":[{"href":"http:\/\/jpa67.fr\/fr\/wp-json\/wp\/v2\/pages\/1451"}],"collection":[{"href":"http:\/\/jpa67.fr\/fr\/wp-json\/wp\/v2\/pages"}],"about":[{"href":"http:\/\/jpa67.fr\/fr\/wp-json\/wp\/v2\/types\/page"}],"author":[{"embeddable":true,"href":"http:\/\/jpa67.fr\/fr\/wp-json\/wp\/v2\/users\/3"}],"replies":[{"embeddable":true,"href":"http:\/\/jpa67.fr\/fr\/wp-json\/wp\/v2\/comments?post=1451"}],"version-history":[{"count":43,"href":"http:\/\/jpa67.fr\/fr\/wp-json\/wp\/v2\/pages\/1451\/revisions"}],"predecessor-version":[{"id":1496,"href":"http:\/\/jpa67.fr\/fr\/wp-json\/wp\/v2\/pages\/1451\/revisions\/1496"}],"up":[{"embeddable":true,"href":"http:\/\/jpa67.fr\/fr\/wp-json\/wp\/v2\/pages\/1081"}],"wp:attachment":[{"href":"http:\/\/jpa67.fr\/fr\/wp-json\/wp\/v2\/media?parent=1451"}],"curies":[{"name":"wp","href":"https:\/\/api.w.org\/{rel}","templated":true}]}}