{"id":155,"date":"2016-04-07T09:06:36","date_gmt":"2016-04-07T08:06:36","guid":{"rendered":"http:\/\/jpa67.fr\/fr\/?page_id=155"},"modified":"2019-11-28T11:11:19","modified_gmt":"2019-11-28T10:11:19","slug":"documents-telechargeables","status":"publish","type":"page","link":"http:\/\/jpa67.fr\/fr\/nos-actions\/documents-telechargeables\/","title":{"rendered":"Documents t\u00e9l\u00e9chargeables"},"content":{"rendered":"<div id=\"pl-155\" class=\"panel-layout\">\n<div id=\"pg-155-0\" class=\"panel-grid panel-no-style\">\n<div id=\"pgc-155-0-0\" class=\"panel-grid-cell\" data-weight=\"1\">\n<div id=\"panel-155-0-0-0\" class=\"so-panel widget widget_sow-editor panel-first-child panel-last-child\" data-index=\"0\">\n<div class=\"so-widget-sow-editor so-widget-sow-editor-base\">\n<div class=\"siteorigin-widget-tinymce textwidget\">\n<h6>Retrouvez la liste compl\u00e8te des documents utiles actuellement \u00e0 votre disposition<\/h6>\n\n<!-- G\u00e9n\u00e9ration r\u00e9alis\u00e9e avec Document Gallery. Obtenez votre version ici :http:\/\/wordpress.org\/extend\/plugins\/document-gallery -->\n<div id=\"document-gallery-1\" class=\"document-gallery\" data-shortcode='{\"id\":155,\"include\":\"261,2439,1369,263,264,268,269,270,280,278,279\",\"exclude\":\"\",\"columns\":4,\"fancy\":true,\"order\":\"DESC\",\"orderby\":\"post__in\",\"relation\":\"AND\",\"limit\":-1,\"mime_types\":\"application,video,text,audio,image\",\"new_window\":true,\"paginate\":true,\"post_status\":\"any\",\"post_type\":\"attachment\",\"attachment_pg\":false,\"descriptions\":false,\"skip\":0}' data-icon-width='24'>\n<div class='document-icon-row'>\n   <div class=\"document-icon\">\n      <a href=\"http:\/\/jpa67.fr\/fr\/wp-content\/uploads\/2016\/04\/Plaquette_JPA67.pdf\" target=\"_blank\">\n         <img src=\"http:\/\/jpa67.fr\/fr\/wp-content\/uploads\/2016\/04\/Plaquette_JPA67-thumb.png\" title=\"Plaquette d&rsquo;information JPA67\" alt=\"Plaquette d&rsquo;information JPA67\" data-ext=\"pdf\"\/>\n         <span class=\"title\">Plaquette d&rsquo;information JPA67<\/span>\n      <\/a>\n   <\/div>\n   <div class=\"document-icon\">\n      <a href=\"http:\/\/jpa67.fr\/fr\/wp-content\/uploads\/2019\/11\/guideSurcouts-2019.pdf\" target=\"_blank\">\n         <img src=\"http:\/\/jpa67.fr\/fr\/wp-content\/uploads\/2019\/11\/guideSurcouts-2019-thumb.png\" title=\"guideSurcouts-2019\" alt=\"guideSurcouts-2019\" data-ext=\"pdf\"\/>\n         <span class=\"title\">guideSurcouts-2019<\/span>\n      <\/a>\n   <\/div>\n   <div class=\"document-icon\">\n      <a href=\"http:\/\/jpa67.fr\/fr\/wp-content\/uploads\/2018\/06\/aides-2018.pdf\" target=\"_blank\">\n         <img src=\"http:\/\/jpa67.fr\/fr\/wp-content\/uploads\/2018\/06\/aides-2018-thumb.png\" title=\"aides 2018\" alt=\"aides 2018\" data-ext=\"pdf\"\/>\n         <span class=\"title\">aides 2018<\/span>\n      <\/a>\n   <\/div>\n   <div class=\"document-icon\">\n      <a href=\"http:\/\/jpa67.fr\/fr\/wp-content\/uploads\/2016\/04\/Aides_JPA_2014.pdf\" target=\"_blank\">\n         <img src=\"http:\/\/jpa67.fr\/fr\/wp-content\/uploads\/2016\/04\/Aides_JPA_2014-thumb.png\" title=\"Aides Financi\u00e8res Enfants JPA\" alt=\"Aides Financi\u00e8res Enfants JPA\" data-ext=\"pdf\"\/>\n         <span class=\"title\">Aides Financi\u00e8res Enfants JPA<\/span>\n      <\/a>\n   <\/div>\n\n<\/div>\n<div class='document-icon-row'>\n   <div class=\"document-icon\">\n      <a href=\"http:\/\/jpa67.fr\/fr\/wp-content\/uploads\/2016\/04\/Aides_CDD_2015_2016.pdf\" target=\"_blank\">\n         <img src=\"http:\/\/jpa67.fr\/fr\/wp-content\/uploads\/2016\/04\/Aides_CDD_2015_2016-thumb.png\" title=\"Aides au financement de Classes de d\u00e9couvertes\" alt=\"Aides au financement de Classes de d\u00e9couvertes\" data-ext=\"pdf\"\/>\n         <span class=\"title\">Aides au financement de Classes de d\u00e9couvertes<\/span>\n      <\/a>\n   <\/div>\n   <div class=\"document-icon\">\n      <a href=\"http:\/\/jpa67.fr\/fr\/wp-content\/uploads\/2016\/04\/Bon-de-solidarit\u00e9.pdf\" target=\"_blank\">\n         <img src=\"http:\/\/jpa67.fr\/fr\/wp-content\/uploads\/2016\/04\/Bon-de-solidarit\u00e9-thumb.png\" title=\"Bon de solidarit\u00e9 &#8211; Campagne El\u00e8ves Solidaires 2016\" alt=\"Bon de solidarit\u00e9 &#8211; Campagne El\u00e8ves Solidaires 2016\" data-ext=\"pdf\"\/>\n         <span class=\"title\">Bon de solidarit\u00e9 &#8211; Campagne El\u00e8ves Solidaires 2016<\/span>\n      <\/a>\n   <\/div>\n   <div class=\"document-icon\">\n      <a href=\"http:\/\/jpa67.fr\/fr\/wp-content\/uploads\/2016\/04\/Outils_pedagogiques-2016.pdf\" target=\"_blank\">\n         <img src=\"http:\/\/jpa67.fr\/fr\/wp-content\/uploads\/2016\/04\/Outils_pedagogiques-2016-thumb.png\" title=\"Outils p\u00e9dagogiques &#8211; Campagne El\u00e8ves Solidaires 2016\" alt=\"Outils p\u00e9dagogiques &#8211; Campagne El\u00e8ves Solidaires 2016\" data-ext=\"pdf\"\/>\n         <span class=\"title\">Outils p\u00e9dagogiques &#8211; Campagne El\u00e8ves Solidaires 2016<\/span>\n      <\/a>\n   <\/div>\n   <div class=\"document-icon\">\n      <a href=\"http:\/\/jpa67.fr\/fr\/wp-content\/uploads\/2016\/04\/Bordereau-2016.pdf\" target=\"_blank\">\n         <img src=\"http:\/\/jpa67.fr\/fr\/wp-content\/uploads\/2016\/04\/Bordereau-2016-thumb.png\" title=\"Bordereau de versement &#8211; Campagne El\u00e8ves Solidaires 2016\" alt=\"Bordereau de versement &#8211; Campagne El\u00e8ves Solidaires 2016\" data-ext=\"pdf\"\/>\n         <span class=\"title\">Bordereau de versement &#8211; Campagne El\u00e8ves Solidaires 2016<\/span>\n      <\/a>\n   <\/div>\n\n<\/div>\n<div class='document-icon-row'>\n   <div class=\"document-icon\">\n      <a href=\"http:\/\/jpa67.fr\/fr\/wp-content\/uploads\/2016\/04\/CATALOGUE_2016.pdf\" target=\"_blank\">\n         <img src=\"http:\/\/jpa67.fr\/fr\/wp-content\/uploads\/2016\/04\/CATALOGUE_2016-thumb.png\" title=\"catalogue des s\u00e9jours de vacances 2016\" alt=\"catalogue des s\u00e9jours de vacances 2016\" data-ext=\"pdf\"\/>\n         <span class=\"title\">catalogue des s\u00e9jours de vacances 2016<\/span>\n      <\/a>\n   <\/div>\n   <div class=\"document-icon\">\n      <a href=\"http:\/\/jpa67.fr\/fr\/wp-content\/uploads\/2016\/04\/Malle_Handicap.pdf\" target=\"_blank\">\n         <img src=\"http:\/\/jpa67.fr\/fr\/wp-content\/uploads\/2016\/04\/Malle_Handicap-thumb.png\" title=\"Malle Handicap &#8211; Contenus\" alt=\"Malle Handicap &#8211; Contenus\" data-ext=\"pdf\"\/>\n         <span class=\"title\">Malle Handicap &#8211; Contenus<\/span>\n      <\/a>\n   <\/div>\n   <div class=\"document-icon\">\n      <a href=\"http:\/\/jpa67.fr\/fr\/wp-content\/uploads\/2016\/04\/Livret-ALSH-handicap.pdf\" target=\"_blank\">\n         <img src=\"http:\/\/jpa67.fr\/fr\/wp-content\/uploads\/2016\/04\/Livret-ALSH-handicap-thumb.png\" title=\"Accueil des enfants en situation de handicap dans les ALSH\" alt=\"Accueil des enfants en situation de handicap dans les ALSH\" data-ext=\"pdf\"\/>\n         <span class=\"title\">Accueil des enfants en situation de handicap dans les ALSH<\/span>\n      <\/a>\n   <\/div>\n\n<\/div>\n<\/div>\n<hr \/>\n<h3>Communiqu\u00e9s et dossiers de presse<\/h3>\n\n<!-- G\u00e9n\u00e9ration r\u00e9alis\u00e9e avec Document Gallery. Obtenez votre version ici :http:\/\/wordpress.org\/extend\/plugins\/document-gallery -->\n<div id=\"document-gallery-2\" class=\"document-gallery\" data-shortcode='{\"id\":155,\"include\":\"286,285,284,287\",\"exclude\":\"\",\"columns\":4,\"fancy\":true,\"order\":\"ASC\",\"orderby\":\"post__in\",\"relation\":\"AND\",\"limit\":-1,\"mime_types\":\"application,video,text,audio,image\",\"new_window\":true,\"paginate\":true,\"post_status\":\"any\",\"post_type\":\"attachment\",\"attachment_pg\":false,\"descriptions\":false,\"skip\":0}' data-icon-width='24'>\n<div class='document-icon-row'>\n   <div class=\"document-icon\">\n      <a href=\"http:\/\/jpa67.fr\/fr\/wp-content\/uploads\/2016\/04\/Communique_lutte_contre_le_racisme.pdf\" target=\"_blank\">\n         <img src=\"http:\/\/jpa67.fr\/fr\/wp-content\/uploads\/2016\/04\/Communique_lutte_contre_le_racisme-thumb.png\" title=\"Communiqu\u00e9 de presse de la JPA sur la lutte contre le racisme et l&rsquo;antis\u00e9mitisme\" alt=\"Communiqu\u00e9 de presse de la JPA sur la lutte contre le racisme et l&rsquo;antis\u00e9mitisme\" data-ext=\"pdf\"\/>\n         <span class=\"title\">Communiqu\u00e9 de presse de la JPA sur la lutte contre le racisme et l&rsquo;antis\u00e9mitisme<\/span>\n      <\/a>\n   <\/div>\n   <div class=\"document-icon\">\n      <a href=\"http:\/\/jpa67.fr\/fr\/wp-content\/uploads\/2016\/04\/Cap_sur_les_colos_1_3_16_BR.pdf\" target=\"_blank\">\n         <img src=\"http:\/\/jpa67.fr\/fr\/wp-content\/uploads\/2016\/04\/Cap_sur_les_colos_1_3_16_BR-thumb.png\" title=\"Dossier de presse de la journ\u00e9e Cap sur les colos\" alt=\"Dossier de presse de la journ\u00e9e Cap sur les colos\" data-ext=\"pdf\"\/>\n         <span class=\"title\">Dossier de presse de la journ\u00e9e Cap sur les colos<\/span>\n      <\/a>\n   <\/div>\n   <div class=\"document-icon\">\n      <a href=\"http:\/\/jpa67.fr\/fr\/wp-content\/uploads\/2016\/04\/JPA67_Dossier_de_presse.pdf\" target=\"_blank\">\n         <img src=\"http:\/\/jpa67.fr\/fr\/wp-content\/uploads\/2016\/04\/JPA67_Dossier_de_presse-thumb.png\" title=\"Dossier de presse de la f\u00eate du lancement de la Campagne El\u00e8ves Solidaires 2016\" alt=\"Dossier de presse de la f\u00eate du lancement de la Campagne El\u00e8ves Solidaires 2016\" data-ext=\"pdf\"\/>\n         <span class=\"title\">Dossier de presse de la f\u00eate du lancement de la Campagne El\u00e8ves Solidaires 2016<\/span>\n      <\/a>\n   <\/div>\n   <div class=\"document-icon\">\n      <a href=\"http:\/\/jpa67.fr\/fr\/wp-content\/uploads\/2016\/04\/Dossier_de_presse_Concours.pdf\" target=\"_blank\">\n         <img src=\"http:\/\/jpa67.fr\/fr\/wp-content\/uploads\/2016\/04\/Dossier_de_presse_Concours-thumb.png\" title=\"Dossier de presse de la remise des prix du Concours \u00ab Dessine-moi une colo! \u00bb\" alt=\"Dossier de presse de la remise des prix du Concours \u00ab Dessine-moi une colo! \u00bb\" data-ext=\"pdf\"\/>\n         <span class=\"title\">Dossier de presse de la remise des prix du Concours \u00ab Dessine-moi une colo! \u00bb<\/span>\n      <\/a>\n   <\/div>\n\n<\/div>\n<\/div>\n<p>\u00b2<\/p>\n\n<!-- G\u00e9n\u00e9ration r\u00e9alis\u00e9e avec Document Gallery. Obtenez votre version ici :http:\/\/wordpress.org\/extend\/plugins\/document-gallery -->\n<div id=\"document-gallery-3\" class=\"document-gallery\" data-shortcode='{\"id\":155,\"include\":\"755,261,263,264,268,269,270,280,278,279,932,934\",\"exclude\":\"\",\"columns\":4,\"fancy\":true,\"order\":\"ASC\",\"orderby\":\"post__in\",\"relation\":\"AND\",\"limit\":-1,\"mime_types\":\"application,video,text,audio,image\",\"new_window\":true,\"paginate\":true,\"post_status\":\"any\",\"post_type\":\"attachment\",\"attachment_pg\":false,\"descriptions\":false,\"skip\":0}' data-icon-width='24'>\n<div class='document-icon-row'>\n   <div class=\"document-icon\">\n      <a href=\"http:\/\/jpa67.fr\/fr\/wp-content\/uploads\/2016\/04\/Plaquette_JPA67.pdf\" target=\"_blank\">\n         <img src=\"http:\/\/jpa67.fr\/fr\/wp-content\/uploads\/2016\/04\/Plaquette_JPA67-thumb.png\" title=\"Plaquette d&rsquo;information JPA67\" alt=\"Plaquette d&rsquo;information JPA67\" data-ext=\"pdf\"\/>\n         <span class=\"title\">Plaquette d&rsquo;information JPA67<\/span>\n      <\/a>\n   <\/div>\n   <div class=\"document-icon\">\n      <a href=\"http:\/\/jpa67.fr\/fr\/wp-content\/uploads\/2016\/04\/Aides_JPA_2014.pdf\" target=\"_blank\">\n         <img src=\"http:\/\/jpa67.fr\/fr\/wp-content\/uploads\/2016\/04\/Aides_JPA_2014-thumb.png\" title=\"Aides Financi\u00e8res Enfants JPA\" alt=\"Aides Financi\u00e8res Enfants JPA\" data-ext=\"pdf\"\/>\n         <span class=\"title\">Aides Financi\u00e8res Enfants JPA<\/span>\n      <\/a>\n   <\/div>\n   <div class=\"document-icon\">\n      <a href=\"http:\/\/jpa67.fr\/fr\/wp-content\/uploads\/2016\/04\/Aides_CDD_2015_2016.pdf\" target=\"_blank\">\n         <img src=\"http:\/\/jpa67.fr\/fr\/wp-content\/uploads\/2016\/04\/Aides_CDD_2015_2016-thumb.png\" title=\"Aides au financement de Classes de d\u00e9couvertes\" alt=\"Aides au financement de Classes de d\u00e9couvertes\" data-ext=\"pdf\"\/>\n         <span class=\"title\">Aides au financement de Classes de d\u00e9couvertes<\/span>\n      <\/a>\n   <\/div>\n   <div class=\"document-icon\">\n      <a href=\"http:\/\/jpa67.fr\/fr\/wp-content\/uploads\/2016\/04\/Bon-de-solidarit\u00e9.pdf\" target=\"_blank\">\n         <img src=\"http:\/\/jpa67.fr\/fr\/wp-content\/uploads\/2016\/04\/Bon-de-solidarit\u00e9-thumb.png\" title=\"Bon de solidarit\u00e9 &#8211; Campagne El\u00e8ves Solidaires 2016\" alt=\"Bon de solidarit\u00e9 &#8211; Campagne El\u00e8ves Solidaires 2016\" data-ext=\"pdf\"\/>\n         <span class=\"title\">Bon de solidarit\u00e9 &#8211; Campagne El\u00e8ves Solidaires 2016<\/span>\n      <\/a>\n   <\/div>\n\n<\/div>\n<div class='document-icon-row'>\n   <div class=\"document-icon\">\n      <a href=\"http:\/\/jpa67.fr\/fr\/wp-content\/uploads\/2016\/04\/Outils_pedagogiques-2016.pdf\" target=\"_blank\">\n         <img src=\"http:\/\/jpa67.fr\/fr\/wp-content\/uploads\/2016\/04\/Outils_pedagogiques-2016-thumb.png\" title=\"Outils p\u00e9dagogiques &#8211; Campagne El\u00e8ves Solidaires 2016\" alt=\"Outils p\u00e9dagogiques &#8211; Campagne El\u00e8ves Solidaires 2016\" data-ext=\"pdf\"\/>\n         <span class=\"title\">Outils p\u00e9dagogiques &#8211; Campagne El\u00e8ves Solidaires 2016<\/span>\n      <\/a>\n   <\/div>\n   <div class=\"document-icon\">\n      <a href=\"http:\/\/jpa67.fr\/fr\/wp-content\/uploads\/2016\/04\/Bordereau-2016.pdf\" target=\"_blank\">\n         <img src=\"http:\/\/jpa67.fr\/fr\/wp-content\/uploads\/2016\/04\/Bordereau-2016-thumb.png\" title=\"Bordereau de versement &#8211; Campagne El\u00e8ves Solidaires 2016\" alt=\"Bordereau de versement &#8211; Campagne El\u00e8ves Solidaires 2016\" data-ext=\"pdf\"\/>\n         <span class=\"title\">Bordereau de versement &#8211; Campagne El\u00e8ves Solidaires 2016<\/span>\n      <\/a>\n   <\/div>\n   <div class=\"document-icon\">\n      <a href=\"http:\/\/jpa67.fr\/fr\/wp-content\/uploads\/2016\/04\/CATALOGUE_2016.pdf\" target=\"_blank\">\n         <img src=\"http:\/\/jpa67.fr\/fr\/wp-content\/uploads\/2016\/04\/CATALOGUE_2016-thumb.png\" title=\"catalogue des s\u00e9jours de vacances 2016\" alt=\"catalogue des s\u00e9jours de vacances 2016\" data-ext=\"pdf\"\/>\n         <span class=\"title\">catalogue des s\u00e9jours de vacances 2016<\/span>\n      <\/a>\n   <\/div>\n   <div class=\"document-icon\">\n      <a href=\"http:\/\/jpa67.fr\/fr\/wp-content\/uploads\/2016\/04\/Malle_Handicap.pdf\" target=\"_blank\">\n         <img src=\"http:\/\/jpa67.fr\/fr\/wp-content\/uploads\/2016\/04\/Malle_Handicap-thumb.png\" title=\"Malle Handicap &#8211; Contenus\" alt=\"Malle Handicap &#8211; Contenus\" data-ext=\"pdf\"\/>\n         <span class=\"title\">Malle Handicap &#8211; Contenus<\/span>\n      <\/a>\n   <\/div>\n\n<\/div>\n<div class='document-icon-row'>\n   <div class=\"document-icon\">\n      <a href=\"http:\/\/jpa67.fr\/fr\/wp-content\/uploads\/2016\/04\/Livret-ALSH-handicap.pdf\" target=\"_blank\">\n         <img src=\"http:\/\/jpa67.fr\/fr\/wp-content\/uploads\/2016\/04\/Livret-ALSH-handicap-thumb.png\" title=\"Accueil des enfants en situation de handicap dans les ALSH\" alt=\"Accueil des enfants en situation de handicap dans les ALSH\" data-ext=\"pdf\"\/>\n         <span class=\"title\">Accueil des enfants en situation de handicap dans les ALSH<\/span>\n      <\/a>\n   <\/div>\n   <div class=\"document-icon\">\n      <a href=\"http:\/\/jpa67.fr\/fr\/wp-content\/uploads\/2017\/09\/Depliant-Espace-Ressources.pdf\" target=\"_blank\">\n         <img src=\"http:\/\/jpa67.fr\/fr\/wp-content\/uploads\/2017\/09\/Depliant-Espace-Ressources-thumb.png\" title=\"Depliant-Espace-Ressources Loisirs et Handicap\" alt=\"Depliant-Espace-Ressources Loisirs et Handicap\" data-ext=\"pdf\"\/>\n         <span class=\"title\">Depliant-Espace-Ressources Loisirs et Handicap<\/span>\n      <\/a>\n   <\/div>\n   <div class=\"document-icon\">\n      <a href=\"http:\/\/jpa67.fr\/fr\/wp-content\/uploads\/2016\/04\/Recto4.jpg\" target=\"_blank\">\n         <img src=\"http:\/\/jpa67.fr\/fr\/wp-content\/uploads\/2016\/04\/Recto4.jpg\" title=\"Recto4\" alt=\"Recto4\" data-ext=\"jpg\"\/>\n         <span class=\"title\">Recto4<\/span>\n      <\/a>\n   <\/div>\n\n<\/div>\n<\/div>\n\n<!-- G\u00e9n\u00e9ration r\u00e9alis\u00e9e avec Document Gallery. Obtenez votre version ici :http:\/\/wordpress.org\/extend\/plugins\/document-gallery -->\n<div id=\"document-gallery-4\" class=\"document-gallery\" data-shortcode='{\"id\":155,\"include\":\"932,755,261,263,264,268,269,270,280,278,279\",\"exclude\":\"\",\"columns\":4,\"fancy\":true,\"order\":\"ASC\",\"orderby\":\"post__in\",\"relation\":\"AND\",\"limit\":-1,\"mime_types\":\"application,video,text,audio,image\",\"new_window\":true,\"paginate\":true,\"post_status\":\"any\",\"post_type\":\"attachment\",\"attachment_pg\":false,\"descriptions\":false,\"skip\":0}' data-icon-width='24'>\n<div class='document-icon-row'>\n   <div class=\"document-icon\">\n      <a href=\"http:\/\/jpa67.fr\/fr\/wp-content\/uploads\/2017\/09\/Depliant-Espace-Ressources.pdf\" target=\"_blank\">\n         <img src=\"http:\/\/jpa67.fr\/fr\/wp-content\/uploads\/2017\/09\/Depliant-Espace-Ressources-thumb.png\" title=\"Depliant-Espace-Ressources Loisirs et Handicap\" alt=\"Depliant-Espace-Ressources Loisirs et Handicap\" data-ext=\"pdf\"\/>\n         <span class=\"title\">Depliant-Espace-Ressources Loisirs et Handicap<\/span>\n      <\/a>\n   <\/div>\n   <div class=\"document-icon\">\n      <a href=\"http:\/\/jpa67.fr\/fr\/wp-content\/uploads\/2016\/04\/Plaquette_JPA67.pdf\" target=\"_blank\">\n         <img src=\"http:\/\/jpa67.fr\/fr\/wp-content\/uploads\/2016\/04\/Plaquette_JPA67-thumb.png\" title=\"Plaquette d&rsquo;information JPA67\" alt=\"Plaquette d&rsquo;information JPA67\" data-ext=\"pdf\"\/>\n         <span class=\"title\">Plaquette d&rsquo;information JPA67<\/span>\n      <\/a>\n   <\/div>\n   <div class=\"document-icon\">\n      <a href=\"http:\/\/jpa67.fr\/fr\/wp-content\/uploads\/2016\/04\/Aides_JPA_2014.pdf\" target=\"_blank\">\n         <img src=\"http:\/\/jpa67.fr\/fr\/wp-content\/uploads\/2016\/04\/Aides_JPA_2014-thumb.png\" title=\"Aides Financi\u00e8res Enfants JPA\" alt=\"Aides Financi\u00e8res Enfants JPA\" data-ext=\"pdf\"\/>\n         <span class=\"title\">Aides Financi\u00e8res Enfants JPA<\/span>\n      <\/a>\n   <\/div>\n   <div class=\"document-icon\">\n      <a href=\"http:\/\/jpa67.fr\/fr\/wp-content\/uploads\/2016\/04\/Aides_CDD_2015_2016.pdf\" target=\"_blank\">\n         <img src=\"http:\/\/jpa67.fr\/fr\/wp-content\/uploads\/2016\/04\/Aides_CDD_2015_2016-thumb.png\" title=\"Aides au financement de Classes de d\u00e9couvertes\" alt=\"Aides au financement de Classes de d\u00e9couvertes\" data-ext=\"pdf\"\/>\n         <span class=\"title\">Aides au financement de Classes de d\u00e9couvertes<\/span>\n      <\/a>\n   <\/div>\n\n<\/div>\n<div class='document-icon-row'>\n   <div class=\"document-icon\">\n      <a href=\"http:\/\/jpa67.fr\/fr\/wp-content\/uploads\/2016\/04\/Bon-de-solidarit\u00e9.pdf\" target=\"_blank\">\n         <img src=\"http:\/\/jpa67.fr\/fr\/wp-content\/uploads\/2016\/04\/Bon-de-solidarit\u00e9-thumb.png\" title=\"Bon de solidarit\u00e9 &#8211; Campagne El\u00e8ves Solidaires 2016\" alt=\"Bon de solidarit\u00e9 &#8211; Campagne El\u00e8ves Solidaires 2016\" data-ext=\"pdf\"\/>\n         <span class=\"title\">Bon de solidarit\u00e9 &#8211; Campagne El\u00e8ves Solidaires 2016<\/span>\n      <\/a>\n   <\/div>\n   <div class=\"document-icon\">\n      <a href=\"http:\/\/jpa67.fr\/fr\/wp-content\/uploads\/2016\/04\/Outils_pedagogiques-2016.pdf\" target=\"_blank\">\n         <img src=\"http:\/\/jpa67.fr\/fr\/wp-content\/uploads\/2016\/04\/Outils_pedagogiques-2016-thumb.png\" title=\"Outils p\u00e9dagogiques &#8211; Campagne El\u00e8ves Solidaires 2016\" alt=\"Outils p\u00e9dagogiques &#8211; Campagne El\u00e8ves Solidaires 2016\" data-ext=\"pdf\"\/>\n         <span class=\"title\">Outils p\u00e9dagogiques &#8211; Campagne El\u00e8ves Solidaires 2016<\/span>\n      <\/a>\n   <\/div>\n   <div class=\"document-icon\">\n      <a href=\"http:\/\/jpa67.fr\/fr\/wp-content\/uploads\/2016\/04\/Bordereau-2016.pdf\" target=\"_blank\">\n         <img src=\"http:\/\/jpa67.fr\/fr\/wp-content\/uploads\/2016\/04\/Bordereau-2016-thumb.png\" title=\"Bordereau de versement &#8211; Campagne El\u00e8ves Solidaires 2016\" alt=\"Bordereau de versement &#8211; Campagne El\u00e8ves Solidaires 2016\" data-ext=\"pdf\"\/>\n         <span class=\"title\">Bordereau de versement &#8211; Campagne El\u00e8ves Solidaires 2016<\/span>\n      <\/a>\n   <\/div>\n   <div class=\"document-icon\">\n      <a href=\"http:\/\/jpa67.fr\/fr\/wp-content\/uploads\/2016\/04\/CATALOGUE_2016.pdf\" target=\"_blank\">\n         <img src=\"http:\/\/jpa67.fr\/fr\/wp-content\/uploads\/2016\/04\/CATALOGUE_2016-thumb.png\" title=\"catalogue des s\u00e9jours de vacances 2016\" alt=\"catalogue des s\u00e9jours de vacances 2016\" data-ext=\"pdf\"\/>\n         <span class=\"title\">catalogue des s\u00e9jours de vacances 2016<\/span>\n      <\/a>\n   <\/div>\n\n<\/div>\n<div class='document-icon-row'>\n   <div class=\"document-icon\">\n      <a href=\"http:\/\/jpa67.fr\/fr\/wp-content\/uploads\/2016\/04\/Malle_Handicap.pdf\" target=\"_blank\">\n         <img src=\"http:\/\/jpa67.fr\/fr\/wp-content\/uploads\/2016\/04\/Malle_Handicap-thumb.png\" title=\"Malle Handicap &#8211; Contenus\" alt=\"Malle Handicap &#8211; Contenus\" data-ext=\"pdf\"\/>\n         <span class=\"title\">Malle Handicap &#8211; Contenus<\/span>\n      <\/a>\n   <\/div>\n   <div class=\"document-icon\">\n      <a href=\"http:\/\/jpa67.fr\/fr\/wp-content\/uploads\/2016\/04\/Livret-ALSH-handicap.pdf\" target=\"_blank\">\n         <img src=\"http:\/\/jpa67.fr\/fr\/wp-content\/uploads\/2016\/04\/Livret-ALSH-handicap-thumb.png\" title=\"Accueil des enfants en situation de handicap dans les ALSH\" alt=\"Accueil des enfants en situation de handicap dans les ALSH\" data-ext=\"pdf\"\/>\n         <span class=\"title\">Accueil des enfants en situation de handicap dans les ALSH<\/span>\n      <\/a>\n   <\/div>\n\n<\/div>\n<\/div>\n<\/div>\n<\/div>\n<\/div>\n<\/div>\n<\/div>\n<\/div>\n","protected":false},"excerpt":{"rendered":"<p>Retrouvez la liste compl\u00e8te des documents utiles actuellement \u00e0 votre disposition Communiqu\u00e9s et dossiers de presse \u00b2<\/p>\n","protected":false},"author":1,"featured_media":0,"parent":23,"menu_order":0,"comment_status":"closed","ping_status":"closed","template":"","meta":{"spay_email":""},"jetpack_sharing_enabled":true,"jetpack_shortlink":"https:\/\/wp.me\/P7mWfa-2v","jetpack-related-posts":[{"id":2520,"url":"http:\/\/jpa67.fr\/fr\/nos-actions\/centre-ressources-enfance-jeunesse-et-handicap\/les-ressources-familles\/documentations-brochures\/","url_meta":{"origin":155,"position":0},"title":"Guides \/ documents administratifs &#8230;","date":"9 avril 2020","format":false,"excerpt":"\u00a0 Ce\u00a0Guide \"Comment compenser les surco\u00fbts \"\u00a0, propose des pistes pour compenser le plus possibles les surco\u00fbts qui incombent aux parents \u00a0 Le livret sur l'accueil des enfants en situation de handicap dans les accueils de loisirs. C'est un outil permettant \u00e0 chacun de s'inscrire dans une d\u00e9marche d'accueil des\u2026","rel":"","context":"Article similaire","img":{"alt_text":"","src":"","width":0,"height":0},"classes":[]},{"id":144,"url":"http:\/\/jpa67.fr\/fr\/nos-actions\/la-presse-en-parle\/","url_meta":{"origin":155,"position":1},"title":"La presse en parle&#8230;","date":"22 mars 2016","format":false,"excerpt":"Retrouvez tous\u00a0les articles que la presse consacre \u00e0 nos activit\u00e9s. Pour consulter nos dossiers de presse et nos communiqu\u00e9s, rendez-vous sur la page Documents t\u00e9l\u00e9chargeables Revue\u00a0de presse Mes ann\u00e9es en colos (DNA, 28-01-2018) L'association Jeunesse au Plein Air du Bas-Rhin a lanc\u00e9 sa Campagne de Solidarit\u00e9 2018.\u00a0Lire l'article Comme un\u2026","rel":"","context":"Article similaire","img":{"alt_text":"","src":"","width":0,"height":0},"classes":[]}],"_links":{"self":[{"href":"http:\/\/jpa67.fr\/fr\/wp-json\/wp\/v2\/pages\/155"}],"collection":[{"href":"http:\/\/jpa67.fr\/fr\/wp-json\/wp\/v2\/pages"}],"about":[{"href":"http:\/\/jpa67.fr\/fr\/wp-json\/wp\/v2\/types\/page"}],"author":[{"embeddable":true,"href":"http:\/\/jpa67.fr\/fr\/wp-json\/wp\/v2\/users\/1"}],"replies":[{"embeddable":true,"href":"http:\/\/jpa67.fr\/fr\/wp-json\/wp\/v2\/comments?post=155"}],"version-history":[{"count":17,"href":"http:\/\/jpa67.fr\/fr\/wp-json\/wp\/v2\/pages\/155\/revisions"}],"predecessor-version":[{"id":2442,"href":"http:\/\/jpa67.fr\/fr\/wp-json\/wp\/v2\/pages\/155\/revisions\/2442"}],"up":[{"embeddable":true,"href":"http:\/\/jpa67.fr\/fr\/wp-json\/wp\/v2\/pages\/23"}],"wp:attachment":[{"href":"http:\/\/jpa67.fr\/fr\/wp-json\/wp\/v2\/media?parent=155"}],"curies":[{"name":"wp","href":"https:\/\/api.w.org\/{rel}","templated":true}]}}