{"id":1723,"date":"2018-08-20T14:18:31","date_gmt":"2018-08-20T13:18:31","guid":{"rendered":"http:\/\/jpa67.fr\/fr\/?page_id=1723"},"modified":"2020-04-09T13:14:44","modified_gmt":"2020-04-09T12:14:44","slug":"fichiers-documentaires-brochures-affiches","status":"publish","type":"page","link":"http:\/\/jpa67.fr\/fr\/nos-actions\/centre-ressources-enfance-jeunesse-et-handicap\/les-ressources-disponibles\/fichiers-documentaires-brochures-affiches\/","title":{"rendered":"Fichiers documentaires &#8211; brochures &#8211; affiches"},"content":{"rendered":"<div id=\"pl-1723\"  class=\"panel-layout\" ><div id=\"pg-1723-0\"  class=\"panel-grid panel-no-style\" ><div id=\"pgc-1723-0-0\"  class=\"panel-grid-cell panel-grid-cell-mobile-last\" ><div id=\"panel-1723-0-0-0\" class=\"so-panel widget widget_sow-button panel-first-child panel-last-child\" data-index=\"0\" ><div\n\t\t\t\n\t\t\tclass=\"so-widget-sow-button so-widget-sow-button-atom-a3ca7b99f506-1723\"\n\t\t\t\n\t\t><div class=\"ow-button-base ow-button-align-center\">\n\t<a\n\thref=\"https:\/\/wp.me\/P7mWfa-qA\"\n\t\tclass=\"ow-icon-placement-left ow-button-hover\" \t>\n\t\t<span>\n\t\t\t<span class=\"sow-icon-genericons\" data-sow-icon=\"&#xf466;\"\n\t\tstyle=\"color: #f39900\" \n\t\taria-hidden=\"true\"><\/span>\n\t\t\tRetour aux ressources\t\t<\/span>\n\t<\/a>\n<\/div>\n<\/div><\/div><\/div><div id=\"pgc-1723-0-1\"  class=\"panel-grid-cell panel-grid-cell-empty\" ><\/div><\/div><div id=\"pg-1723-1\"  class=\"panel-grid panel-no-style\" ><div id=\"pgc-1723-1-0\"  class=\"panel-grid-cell\" ><div id=\"panel-1723-1-0-0\" class=\"so-panel widget widget_sow-headline panel-first-child panel-last-child\" data-index=\"1\" ><div\n\t\t\t\n\t\t\tclass=\"so-widget-sow-headline so-widget-sow-headline-default-ea0af4cf39ae-1723\"\n\t\t\t\n\t\t><div class=\"sow-headline-container \">\n\t\t\t\t\t\t<div class=\"decoration\">\n\t\t\t\t\t\t<div class=\"decoration-inside\"><\/div>\n\t\t\t\t\t<\/div>\n\t\t\t\t\t<\/div>\n<\/div><\/div><\/div><\/div><div id=\"pg-1723-2\"  class=\"panel-grid panel-no-style\" ><div id=\"pgc-1723-2-0\"  class=\"panel-grid-cell\" ><div id=\"panel-1723-2-0-0\" class=\"so-panel widget widget_circleicon-widget panel-first-child panel-last-child\" data-index=\"2\" >\t\t<div class=\"circle-icon-box circle-icon-position-top circle-icon-hide-box circle-icon-size-large\">\n\t\t\t<div class=\"circle-icon-wrapper\">\n\t\t\t\t<a href=\"https:\/\/wp.me\/P7mWfa-ys\" class=\"link-icon\" >\t\t\t\t<div class=\"circle-icon icon-style-set\" style=\"background-image: url(http:\/\/jpa67.fr\/fr\/wp-content\/uploads\/2018\/08\/changeonsDeRegard-Zep.png)\">\n\t\t\t\t\t\t\t\t\t<\/div>\n\t\t\t\t<\/a>\t\t\t<\/div>\n\n\t\t\t<a href=\"https:\/\/wp.me\/P7mWfa-ys\" class=\"link-title\" >\t\t\t\t\t\t<\/a>\n\t\t\t<p class=\"text\" >Fichiers p\u00e9dagogiques<\/p>\t\t\t\t\t\t\t<a href=\"https:\/\/wp.me\/P7mWfa-ys\" class=\"more-button\" >Acc\u00e9der \u00e0 la liste <i><\/i><\/a>\n\t\t\t\t\t<\/div>\n\t\t<\/div><\/div><div id=\"pgc-1723-2-1\"  class=\"panel-grid-cell\" ><div id=\"panel-1723-2-1-0\" class=\"so-panel widget widget_circleicon-widget panel-first-child panel-last-child\" data-index=\"3\" >\t\t<div class=\"circle-icon-box circle-icon-position-top circle-icon-hide-box circle-icon-size-large\">\n\t\t\t<div class=\"circle-icon-wrapper\">\n\t\t\t\t<a href=\"https:\/\/wp.me\/P7mWfa-zg\" class=\"link-icon\" >\t\t\t\t<div class=\"circle-icon icon-style-set\" style=\"background-image: url(http:\/\/jpa67.fr\/fr\/wp-content\/uploads\/2018\/08\/guidesPratiquesAuServiceDesHandicaps.jpg)\">\n\t\t\t\t\t\t\t\t\t<\/div>\n\t\t\t\t<\/a>\t\t\t<\/div>\n\n\t\t\t<a href=\"https:\/\/wp.me\/P7mWfa-zg\" class=\"link-title\" >\t\t\t\t\t\t<\/a>\n\t\t\t<p class=\"text\" >Brochures et Affiches<\/p>\t\t\t\t\t\t\t<a href=\"https:\/\/wp.me\/P7mWfa-zg\" class=\"more-button\" >Acc\u00e9der \u00e0 la liste <i><\/i><\/a>\n\t\t\t\t\t<\/div>\n\t\t<\/div><\/div><\/div><\/div>","protected":false},"excerpt":{"rendered":"<p>Retour aux ressources Fichiers p\u00e9dagogiques Acc\u00e9der \u00e0 la liste Brochures et Affiches Acc\u00e9der \u00e0 la liste<\/p>\n","protected":false},"author":3,"featured_media":0,"parent":1648,"menu_order":0,"comment_status":"closed","ping_status":"closed","template":"templates\/template-full.php","meta":{"spay_email":""},"jetpack_sharing_enabled":true,"jetpack_shortlink":"https:\/\/wp.me\/P7mWfa-rN","jetpack-related-posts":[{"id":2186,"url":"http:\/\/jpa67.fr\/fr\/nos-actions\/centre-ressources-enfance-jeunesse-et-handicap\/les-ressources-disponibles\/fichiers-documentaires-brochures-affiches\/brochures-et-affiches-pedagogiques\/","url_meta":{"origin":1723,"position":0},"title":"Brochures et affiches p\u00e9dagogiques","date":"24 ao\u00fbt 2018","format":false,"excerpt":"Guide pratiques au service des handicaps (1x avec 3 livrets) - CER, UDAPEI \u00ab Vivre son handicap dans le Bas-Rhin \u00bb - MDPH 1. La Maison D\u00e9partementale des Personnes Handicap\u00e9es : son r\u00f4le, ses missions (x6) 2. L\u2019accueil pr\u00e9scolaire et la scolarisation de enfants et adolescent en situation de handicap\u2026","rel":"","context":"Article similaire","img":{"alt_text":"","src":"","width":0,"height":0},"classes":[]},{"id":2136,"url":"http:\/\/jpa67.fr\/fr\/nos-actions\/centre-ressources-enfance-jeunesse-et-handicap\/les-ressources-disponibles\/fichiers-documentaires-brochures-affiches\/fichiers-documentaires\/","url_meta":{"origin":1723,"position":1},"title":"Fichiers documentaires","date":"24 ao\u00fbt 2018","format":false,"excerpt":"Accueillir un enfant en situation de handicap, Guide \u00e0 l\u2019usage des organisateurs, des directeurs et des \u00e9quipes - Direction D\u00e9partementale de la Jeunesse et des Sports de la Vend\u00e9e http:\/\/www.vendee.gouv.fr\/IMG\/pdf\/charte_handi.pdf Accueillir une personne handicap\u00e9e en centre de vacances et de loisirs - Guide m\u00e9thodologique \u00e0 l\u2019usage des \u00e9quipes d\u2019encadrement -\u2026","rel":"","context":"Article similaire","img":{"alt_text":"","src":"","width":0,"height":0},"classes":[]},{"id":2520,"url":"http:\/\/jpa67.fr\/fr\/nos-actions\/centre-ressources-enfance-jeunesse-et-handicap\/les-ressources-familles\/documentations-brochures\/","url_meta":{"origin":1723,"position":2},"title":"Guides \/ documents administratifs &#8230;","date":"9 avril 2020","format":false,"excerpt":"\u00a0 Ce\u00a0Guide \"Comment compenser les surco\u00fbts \"\u00a0, propose des pistes pour compenser le plus possibles les surco\u00fbts qui incombent aux parents \u00a0 Le livret sur l'accueil des enfants en situation de handicap dans les accueils de loisirs. C'est un outil permettant \u00e0 chacun de s'inscrire dans une d\u00e9marche d'accueil des\u2026","rel":"","context":"Article similaire","img":{"alt_text":"","src":"","width":0,"height":0},"classes":[]},{"id":2622,"url":"http:\/\/jpa67.fr\/fr\/nos-actions\/centre-ressources-enfance-jeunesse-et-handicap\/les-ressources-familles\/liens-internet\/","url_meta":{"origin":1723,"position":3},"title":"Liens internet","date":"21 avril 2020","format":false,"excerpt":"","rel":"","context":"Article similaire","img":{"alt_text":"","src":"","width":0,"height":0},"classes":[]},{"id":1081,"url":"http:\/\/jpa67.fr\/fr\/nos-actions\/centre-ressources-enfance-jeunesse-et-handicap\/","url_meta":{"origin":1723,"position":4},"title":"Centre Ressources Enfance-Jeunesse et Handicap","date":"25 janvier 2018","format":false,"excerpt":"Nos Actions 07 71 22 87 70 loisirs.handicap@jpa67.fr","rel":"","context":"Article similaire","img":{"alt_text":"","src":"","width":0,"height":0},"classes":[]},{"id":23,"url":"http:\/\/jpa67.fr\/fr\/nos-actions\/","url_meta":{"origin":1723,"position":5},"title":"Nos actions","date":"4 mars 2016","format":false,"excerpt":"","rel":"","context":"Article similaire","img":{"alt_text":"","src":"","width":0,"height":0},"classes":[]}],"_links":{"self":[{"href":"http:\/\/jpa67.fr\/fr\/wp-json\/wp\/v2\/pages\/1723"}],"collection":[{"href":"http:\/\/jpa67.fr\/fr\/wp-json\/wp\/v2\/pages"}],"about":[{"href":"http:\/\/jpa67.fr\/fr\/wp-json\/wp\/v2\/types\/page"}],"author":[{"embeddable":true,"href":"http:\/\/jpa67.fr\/fr\/wp-json\/wp\/v2\/users\/3"}],"replies":[{"embeddable":true,"href":"http:\/\/jpa67.fr\/fr\/wp-json\/wp\/v2\/comments?post=1723"}],"version-history":[{"count":19,"href":"http:\/\/jpa67.fr\/fr\/wp-json\/wp\/v2\/pages\/1723\/revisions"}],"predecessor-version":[{"id":2519,"href":"http:\/\/jpa67.fr\/fr\/wp-json\/wp\/v2\/pages\/1723\/revisions\/2519"}],"up":[{"embeddable":true,"href":"http:\/\/jpa67.fr\/fr\/wp-json\/wp\/v2\/pages\/1648"}],"wp:attachment":[{"href":"http:\/\/jpa67.fr\/fr\/wp-json\/wp\/v2\/media?parent=1723"}],"curies":[{"name":"wp","href":"https:\/\/api.w.org\/{rel}","templated":true}]}}