{"id":1725,"date":"2018-08-20T14:19:03","date_gmt":"2018-08-20T13:19:03","guid":{"rendered":"http:\/\/jpa67.fr\/fr\/?page_id=1725"},"modified":"2020-04-09T14:23:22","modified_gmt":"2020-04-09T13:23:22","slug":"publications-jpa-crejh","status":"publish","type":"page","link":"http:\/\/jpa67.fr\/fr\/nos-actions\/centre-ressources-enfance-jeunesse-et-handicap\/les-ressources-disponibles\/publications-jpa-crejh\/","title":{"rendered":"Publications JPA \/ CREJH"},"content":{"rendered":"<div id=\"pl-1725\"  class=\"panel-layout\" ><div id=\"pg-1725-0\"  class=\"panel-grid panel-no-style\" ><div id=\"pgc-1725-0-0\"  class=\"panel-grid-cell panel-grid-cell-mobile-last\" ><div id=\"panel-1725-0-0-0\" class=\"so-panel widget widget_sow-button panel-first-child panel-last-child\" data-index=\"0\" ><div\n\t\t\t\n\t\t\tclass=\"so-widget-sow-button so-widget-sow-button-atom-a3ca7b99f506-1725\"\n\t\t\t\n\t\t><div class=\"ow-button-base ow-button-align-center\">\n\t<a\n\thref=\"https:\/\/wp.me\/P7mWfa-qA\"\n\t\tclass=\"ow-icon-placement-left ow-button-hover\" \t>\n\t\t<span>\n\t\t\t<span class=\"sow-icon-genericons\" data-sow-icon=\"&#xf466;\"\n\t\tstyle=\"color: #f39900\" \n\t\taria-hidden=\"true\"><\/span>\n\t\t\tRetour aux ressources\t\t<\/span>\n\t<\/a>\n<\/div>\n<\/div><\/div><\/div><div id=\"pgc-1725-0-1\"  class=\"panel-grid-cell panel-grid-cell-empty\" ><\/div><\/div><div id=\"pg-1725-1\"  class=\"panel-grid panel-no-style\" ><div id=\"pgc-1725-1-0\"  class=\"panel-grid-cell\" ><div id=\"panel-1725-1-0-0\" class=\"so-panel widget widget_sow-headline panel-first-child panel-last-child\" data-index=\"1\" ><div\n\t\t\t\n\t\t\tclass=\"so-widget-sow-headline so-widget-sow-headline-default-ea0af4cf39ae-1725\"\n\t\t\t\n\t\t><div class=\"sow-headline-container \">\n\t\t\t\t\t\t\t<h1 class=\"sow-headline\">\n\t\t\t\t\t\tS\u00e9jours de vacances et activit\u00e9s de loisirs\t\t\t\t\t\t<\/h1>\n\t\t\t\t\t\t\t\t\t\t\t<div class=\"decoration\">\n\t\t\t\t\t\t<div class=\"decoration-inside\"><\/div>\n\t\t\t\t\t<\/div>\n\t\t\t\t\t<\/div>\n<\/div><\/div><\/div><\/div><div id=\"pg-1725-2\"  class=\"panel-grid panel-no-style\" ><div id=\"pgc-1725-2-0\"  class=\"panel-grid-cell\" ><div id=\"panel-1725-2-0-0\" class=\"so-panel widget widget_sow-image panel-first-child panel-last-child\" data-index=\"2\" ><div\n\t\t\t\n\t\t\tclass=\"so-widget-sow-image so-widget-sow-image-default-113ccd71f3e6-1725\"\n\t\t\t\n\t\t>\n\n<div class=\"sow-image-container\">\n\t\t\t<a href=\"http:\/\/jpa67.fr\/fr\/wp-content\/uploads\/2020\/03\/livret-accueil-2020-FINAL.pdf\"\n\t\t\t\t\t>\n\t\t\t<img src=\"http:\/\/jpa67.fr\/fr\/wp-content\/uploads\/2020\/03\/couv-livret-accueil-en-ACEM-2020.jpg\" width=\"1796\" height=\"2528\" srcset=\"http:\/\/jpa67.fr\/fr\/wp-content\/uploads\/2020\/03\/couv-livret-accueil-en-ACEM-2020.jpg 1796w, http:\/\/jpa67.fr\/fr\/wp-content\/uploads\/2020\/03\/couv-livret-accueil-en-ACEM-2020-213x300.jpg 213w, http:\/\/jpa67.fr\/fr\/wp-content\/uploads\/2020\/03\/couv-livret-accueil-en-ACEM-2020-768x1081.jpg 768w, http:\/\/jpa67.fr\/fr\/wp-content\/uploads\/2020\/03\/couv-livret-accueil-en-ACEM-2020-727x1024.jpg 727w\" sizes=\"(max-width: 1796px) 100vw, 1796px\" title=\"Livret d\u2019accueil 2020\" alt=\"Livret d\u2019accueil 2020\" loading=\"lazy\" \t\tclass=\"so-widget-image\"\/>\n\t<\/a><\/div>\n\n<\/div><\/div><\/div><div id=\"pgc-1725-2-1\"  class=\"panel-grid-cell\" ><div id=\"panel-1725-2-1-0\" class=\"so-panel widget widget_sow-editor panel-first-child panel-last-child\" data-index=\"3\" ><div\n\t\t\t\n\t\t\tclass=\"so-widget-sow-editor so-widget-sow-editor-base\"\n\t\t\t\n\t\t>\n<div class=\"siteorigin-widget-tinymce textwidget\">\n\t<p>Le <strong><a href=\"http:\/\/jpa67.fr\/fr\/wp-content\/uploads\/2020\/03\/livret-accueil-2020-FINAL.pdf\" target=\"_blank\" rel=\"noopener\">livret sur l'accueil des enfants en situation de handicap dans les accueils de loisirs<\/a><\/strong>. C'est un outil permettant \u00e0 chacun de s'inscrire dans une d\u00e9marche d'accueil des enfants handicap\u00e9s en milieu ordinaire<\/p>\n<\/div>\n<\/div><\/div><\/div><\/div><div id=\"pg-1725-3\"  class=\"panel-grid panel-no-style\" ><div id=\"pgc-1725-3-0\"  class=\"panel-grid-cell\" ><div id=\"panel-1725-3-0-0\" class=\"so-panel widget widget_sow-image panel-first-child panel-last-child\" data-index=\"4\" ><div\n\t\t\t\n\t\t\tclass=\"so-widget-sow-image so-widget-sow-image-default-113ccd71f3e6-1725\"\n\t\t\t\n\t\t>\n\n<div class=\"sow-image-container\">\n\t\t\t<a href=\"http:\/\/jpa67.fr\/fr\/wp-content\/uploads\/2016\/10\/P.1web-e1476905686478.jpg\"\n\t\t\t\t\t>\n\t\t\t<img src=\"http:\/\/jpa67.fr\/fr\/wp-content\/uploads\/2016\/10\/P.1web-e1476905686478.jpg\" width=\"300\" height=\"427\" sizes=\"(max-width: 300px) 100vw, 300px\" title=\"guide comment compenser les surco\u00fbts\" alt=\"guide comment compenser les surco\u00fbts\" loading=\"lazy\" \t\tclass=\"so-widget-image\"\/>\n\t<\/a><\/div>\n\n<\/div><\/div><\/div><div id=\"pgc-1725-3-1\"  class=\"panel-grid-cell\" ><div id=\"panel-1725-3-1-0\" class=\"so-panel widget widget_sow-editor panel-first-child panel-last-child\" data-index=\"5\" ><div\n\t\t\t\n\t\t\tclass=\"so-widget-sow-editor so-widget-sow-editor-base\"\n\t\t\t\n\t\t>\n<div class=\"siteorigin-widget-tinymce textwidget\">\n\t<p>&nbsp;<\/p>\n<p>Ce<strong>\u00a0<a href=\"http:\/\/jpa67.fr\/fr\/wp-content\/uploads\/2019\/11\/guideSurcouts-2019.pdf\">Guide \"Comment compenser les surco\u00fbts \"<\/a><\/strong>\u00a0, propose des pistes pour compenser le plus possibles les surco\u00fbts qui incombent aux parents<\/p>\n<\/div>\n<\/div><\/div><\/div><\/div><div id=\"pg-1725-4\"  class=\"panel-grid panel-no-style\" ><div id=\"pgc-1725-4-0\"  class=\"panel-grid-cell\" ><div id=\"panel-1725-4-0-0\" class=\"so-panel widget widget_sow-headline panel-first-child panel-last-child\" data-index=\"6\" ><div\n\t\t\t\n\t\t\tclass=\"so-widget-sow-headline so-widget-sow-headline-default-ea0af4cf39ae-1725\"\n\t\t\t\n\t\t><div class=\"sow-headline-container \">\n\t\t\t\t\t\t\t<h1 class=\"sow-headline\">\n\t\t\t\t\t\tDocumentation des colloques, rencontres, forums...\t\t\t\t\t\t<\/h1>\n\t\t\t\t\t\t\t\t\t\t\t<div class=\"decoration\">\n\t\t\t\t\t\t<div class=\"decoration-inside\"><\/div>\n\t\t\t\t\t<\/div>\n\t\t\t\t\t<\/div>\n<\/div><\/div><\/div><\/div><div id=\"pg-1725-5\"  class=\"panel-grid panel-no-style\" ><div id=\"pgc-1725-5-0\"  class=\"panel-grid-cell\" ><div id=\"panel-1725-5-0-0\" class=\"so-panel widget widget_sow-image panel-first-child panel-last-child\" data-index=\"7\" ><div\n\t\t\t\n\t\t\tclass=\"so-widget-sow-image so-widget-sow-image-default-113ccd71f3e6-1725\"\n\t\t\t\n\t\t>\n\n<div class=\"sow-image-container\">\n\t\t\t<a href=\"http:\/\/jpa67.fr\/fr\/wp-content\/uploads\/2016\/06\/Affiche_TDC-e1467186116618.png\"\n\t\t\t\t\t>\n\t\t\t<img src=\"http:\/\/jpa67.fr\/fr\/wp-content\/uploads\/2016\/10\/Affiche-TDC-A5-web.jpg\" width=\"1132\" height=\"1600\" srcset=\"http:\/\/jpa67.fr\/fr\/wp-content\/uploads\/2016\/10\/Affiche-TDC-A5-web.jpg 1132w, http:\/\/jpa67.fr\/fr\/wp-content\/uploads\/2016\/10\/Affiche-TDC-A5-web-212x300.jpg 212w, http:\/\/jpa67.fr\/fr\/wp-content\/uploads\/2016\/10\/Affiche-TDC-A5-web-768x1086.jpg 768w, http:\/\/jpa67.fr\/fr\/wp-content\/uploads\/2016\/10\/Affiche-TDC-A5-web-724x1024.jpg 724w\" sizes=\"(max-width: 1132px) 100vw, 1132px\" title=\"Catalogue \u00e9t\u00e9 2018\" alt=\"Catalogue \u00e9t\u00e9 2018\" loading=\"lazy\" \t\tclass=\"so-widget-image\"\/>\n\t<\/a><\/div>\n\n<\/div><\/div><\/div><div id=\"pgc-1725-5-1\"  class=\"panel-grid-cell\" ><div id=\"panel-1725-5-1-0\" class=\"so-panel widget widget_sow-editor panel-first-child panel-last-child\" data-index=\"8\" ><div\n\t\t\t\n\t\t\tclass=\"so-widget-sow-editor so-widget-sow-editor-base\"\n\t\t\t\n\t\t>\n<div class=\"siteorigin-widget-tinymce textwidget\">\n\t<p><strong>\u00abComment bien accueillir, dans les accueils de loisirs, un enfant pr\u00e9sentant des troubles du comportement\u00a0\u00bb<\/strong><\/p>\n<p>Matin\u00e9es th\u00e9matiques des 16 et 17 juin 2016<\/p>\n<p><a href=\"http:\/\/jpa67.fr\/fr\/wp-content\/uploads\/2016\/10\/Synth\u00e8se-Matin\u00e9es-TDC.pdf\" target=\"_blank\" rel=\"noopener\">Lire le compte rendu<\/a><\/p>\n<\/div>\n<\/div><\/div><\/div><\/div><div id=\"pg-1725-6\"  class=\"panel-grid panel-no-style\" ><div id=\"pgc-1725-6-0\"  class=\"panel-grid-cell panel-grid-cell-empty\" ><\/div><div id=\"pgc-1725-6-1\"  class=\"panel-grid-cell\" ><div id=\"panel-1725-6-1-0\" class=\"so-panel widget widget_sow-editor panel-first-child panel-last-child\" data-index=\"9\" ><div\n\t\t\t\n\t\t\tclass=\"so-widget-sow-editor so-widget-sow-editor-base\"\n\t\t\t\n\t\t>\n<div class=\"siteorigin-widget-tinymce textwidget\">\n\t<p><strong>\u00a0\"Handicap, passage \u00e0 l'\u00e2ge adulte et vuln\u00e9rabilit\u00e9s\"\u00a0<\/strong>avec la participation de Sonia Cardoner.<\/p>\n<p>Conf\u00e9rence du\u00a031 mars 2015<strong>\u00a0<\/strong><\/p>\n<p><a href=\"http:\/\/www.injep.fr\/article\/handicap-passage-lage-adulte-et-vulnerabilites-mis-en-debat-strasbourg-10181.html\" target=\"_blank\" rel=\"noopener\">Lire le compte rendu<\/a>.<\/p>\n<\/div>\n<\/div><\/div><\/div><\/div><div id=\"pg-1725-7\"  class=\"panel-grid panel-no-style\" ><div id=\"pgc-1725-7-0\"  class=\"panel-grid-cell\" ><div id=\"panel-1725-7-0-0\" class=\"so-panel widget widget_sow-image panel-first-child panel-last-child\" data-index=\"10\" ><div\n\t\t\t\n\t\t\tclass=\"so-widget-sow-image so-widget-sow-image-default-113ccd71f3e6-1725\"\n\t\t\t\n\t\t>\n\n<div class=\"sow-image-container\">\n\t\t\t<a href=\"http:\/\/jpa67.fr\/fr\/wp-content\/uploads\/2018\/08\/Affiche8-pour-site.png\"\n\t\t\t\t\t>\n\t\t\t<img src=\"http:\/\/jpa67.fr\/fr\/wp-content\/uploads\/2018\/08\/Affiche8-pour-site.png\" width=\"567\" height=\"799\" srcset=\"http:\/\/jpa67.fr\/fr\/wp-content\/uploads\/2018\/08\/Affiche8-pour-site.png 567w, http:\/\/jpa67.fr\/fr\/wp-content\/uploads\/2018\/08\/Affiche8-pour-site-213x300.png 213w\" sizes=\"(max-width: 567px) 100vw, 567px\" title=\"forum juin 2015\" alt=\"forum juin 2015\" loading=\"lazy\" \t\tclass=\"so-widget-image\"\/>\n\t<\/a><\/div>\n\n<\/div><\/div><\/div><div id=\"pgc-1725-7-1\"  class=\"panel-grid-cell\" ><div id=\"panel-1725-7-1-0\" class=\"so-panel widget widget_sow-editor panel-first-child panel-last-child\" data-index=\"11\" ><div\n\t\t\t\n\t\t\tclass=\"so-widget-sow-editor so-widget-sow-editor-base\"\n\t\t\t\n\t\t>\n<div class=\"siteorigin-widget-tinymce textwidget\">\n\t<p>\"<strong>AESH\u00a0et accompagnement global\u00a0sur le temps scolaire<\/strong>, p\u00e9riscolaire et hors scolaire \"<\/p>\n<p>Forum du 3 juin 2015<\/p>\n<p><a href=\"http:\/\/jpa67.fr\/joomla\/DOCUMENTS_JPA\/espace_ressources\/2015-2016\/Synthese_forum.pdf\" target=\"_blank\" rel=\"noopener\">Lire la synth\u00e8se<\/a>.<\/p>\n<\/div>\n<\/div><\/div><\/div><\/div><div id=\"pg-1725-8\"  class=\"panel-grid panel-no-style\" ><div id=\"pgc-1725-8-0\"  class=\"panel-grid-cell\" ><div id=\"panel-1725-8-0-0\" class=\"so-panel widget widget_sow-image panel-first-child panel-last-child\" data-index=\"12\" ><div\n\t\t\t\n\t\t\tclass=\"so-widget-sow-image so-widget-sow-image-default-113ccd71f3e6-1725\"\n\t\t\t\n\t\t>\n\n<div class=\"sow-image-container\">\n\t\t\t<a href=\"http:\/\/jpa67.fr\/fr\/wp-content\/uploads\/2018\/08\/Affiche5_definitif.png\"\n\t\t\t\t\t>\n\t\t\t<img src=\"http:\/\/jpa67.fr\/fr\/wp-content\/uploads\/2018\/08\/Affiche5_definitif.png\" width=\"1813\" height=\"2540\" srcset=\"http:\/\/jpa67.fr\/fr\/wp-content\/uploads\/2018\/08\/Affiche5_definitif.png 1813w, http:\/\/jpa67.fr\/fr\/wp-content\/uploads\/2018\/08\/Affiche5_definitif-214x300.png 214w, http:\/\/jpa67.fr\/fr\/wp-content\/uploads\/2018\/08\/Affiche5_definitif-768x1076.png 768w, http:\/\/jpa67.fr\/fr\/wp-content\/uploads\/2018\/08\/Affiche5_definitif-731x1024.png 731w\" sizes=\"(max-width: 1813px) 100vw, 1813px\" title=\"Catalogue \u00e9t\u00e9 2018\" alt=\"Catalogue \u00e9t\u00e9 2018\" loading=\"lazy\" \t\tclass=\"so-widget-image\"\/>\n\t<\/a><\/div>\n\n<\/div><\/div><\/div><div id=\"pgc-1725-8-1\"  class=\"panel-grid-cell\" ><div id=\"panel-1725-8-1-0\" class=\"so-panel widget widget_sow-editor panel-first-child panel-last-child\" data-index=\"13\" ><div\n\t\t\t\n\t\t\tclass=\"so-widget-sow-editor so-widget-sow-editor-base\"\n\t\t\t\n\t\t>\n<div class=\"siteorigin-widget-tinymce textwidget\">\n\t<p><strong>\"Comment ouvrir les accueils de loisirs aux enfants autistes ? \"<\/strong><\/p>\n<p>Journ\u00e9es th\u00e9matiques des 31 janvier et 1er f\u00e9vrier 2013<\/p>\n<p><a href=\"http:\/\/jpa67.fr\/fr\/wp-content\/uploads\/2016\/07\/Journ\u00e9es-dinformations-autisme.pdf\" target=\"_blank\" rel=\"noopener\">Lire la synth\u00e8se<\/a><\/p>\n<\/div>\n<\/div><\/div><\/div><\/div><div id=\"pg-1725-9\"  class=\"panel-grid panel-no-style\" ><div id=\"pgc-1725-9-0\"  class=\"panel-grid-cell\" ><div id=\"panel-1725-9-0-0\" class=\"so-panel widget widget_sow-headline panel-first-child panel-last-child\" data-index=\"14\" ><div\n\t\t\t\n\t\t\tclass=\"so-widget-sow-headline so-widget-sow-headline-default-ea0af4cf39ae-1725\"\n\t\t\t\n\t\t><div class=\"sow-headline-container \">\n\t\t\t\t\t\t\t<h1 class=\"sow-headline\">\n\t\t\t\t\t\t Articles et autres documents\t\t\t\t\t\t<\/h1>\n\t\t\t\t\t\t\t\t\t\t\t<div class=\"decoration\">\n\t\t\t\t\t\t<div class=\"decoration-inside\"><\/div>\n\t\t\t\t\t<\/div>\n\t\t\t\t\t<\/div>\n<\/div><\/div><\/div><\/div><div id=\"pg-1725-10\"  class=\"panel-grid panel-no-style\" ><div id=\"pgc-1725-10-0\"  class=\"panel-grid-cell\" ><div id=\"panel-1725-10-0-0\" class=\"so-panel widget widget_sow-image panel-first-child panel-last-child\" data-index=\"15\" ><div\n\t\t\t\n\t\t\tclass=\"so-widget-sow-image so-widget-sow-image-default-113ccd71f3e6-1725\"\n\t\t\t\n\t\t>\n\n<div class=\"sow-image-container\">\n\t\t\t<a href=\"http:\/\/publications.jpa.asso.fr\/revue-loisirs-education\/11-colos-et-centres-de-loisirs-la-laicite-en-pratiques.html\"\n\t\t\ttarget=\"_blank\" rel=\"noopener noreferrer\" \t\t>\n\t\t\t<img src=\"http:\/\/jpa67.fr\/fr\/wp-content\/uploads\/2018\/08\/colos-et-centres-de-loisirs-la-laicite-en-pratiques.jpg\" width=\"458\" height=\"647\" srcset=\"http:\/\/jpa67.fr\/fr\/wp-content\/uploads\/2018\/08\/colos-et-centres-de-loisirs-la-laicite-en-pratiques.jpg 458w, http:\/\/jpa67.fr\/fr\/wp-content\/uploads\/2018\/08\/colos-et-centres-de-loisirs-la-laicite-en-pratiques-212x300.jpg 212w\" sizes=\"(max-width: 458px) 100vw, 458px\" title=\"Catalogue \u00e9t\u00e9 2018\" alt=\"Catalogue \u00e9t\u00e9 2018\" loading=\"lazy\" \t\tclass=\"so-widget-image\"\/>\n\t<\/a><\/div>\n\n<\/div><\/div><\/div><div id=\"pgc-1725-10-1\"  class=\"panel-grid-cell\" ><div id=\"panel-1725-10-1-0\" class=\"so-panel widget widget_sow-editor panel-first-child panel-last-child\" data-index=\"16\" ><div\n\t\t\t\n\t\t\tclass=\"so-widget-sow-editor so-widget-sow-editor-base\"\n\t\t\t\n\t\t>\n<div class=\"siteorigin-widget-tinymce textwidget\">\n\t<p><strong>L'acc\u00e8s aux activit\u00e9s p\u00e9ri et extrascolaires, un droit pour tous<\/strong>, par Marion Mazi\u00e8re - Revue Loisirs Education, n\u00b0 447, p.33-34 (juillet 2013) - JPA Nationale<\/p>\n<p><a href=\"http:\/\/www.jpa67.fr\/fr\/\/DOCUMENTS_JPA\/espace_ressources\/2013\/Acces_aux_loisirs_peri_et_extrascolaires.pdf\" target=\"_blank\" rel=\"noopener\">Lire l'article<\/a><\/p>\n<\/div>\n<\/div><\/div><\/div><\/div><div id=\"pg-1725-11\"  class=\"panel-grid panel-no-style\" ><div id=\"pgc-1725-11-0\"  class=\"panel-grid-cell panel-grid-cell-mobile-last\" ><div id=\"panel-1725-11-0-0\" class=\"so-panel widget widget_sow-button panel-first-child panel-last-child\" data-index=\"17\" ><div\n\t\t\t\n\t\t\tclass=\"so-widget-sow-button so-widget-sow-button-atom-a3ca7b99f506-1725\"\n\t\t\t\n\t\t><div class=\"ow-button-base ow-button-align-center\">\n\t<a\n\thref=\"https:\/\/wp.me\/P7mWfa-qA\"\n\t\tclass=\"ow-icon-placement-left ow-button-hover\" \t>\n\t\t<span>\n\t\t\t<span class=\"sow-icon-genericons\" data-sow-icon=\"&#xf466;\"\n\t\tstyle=\"color: #f39900\" \n\t\taria-hidden=\"true\"><\/span>\n\t\t\tRetour aux ressources\t\t<\/span>\n\t<\/a>\n<\/div>\n<\/div><\/div><\/div><div id=\"pgc-1725-11-1\"  class=\"panel-grid-cell panel-grid-cell-empty\" ><\/div><\/div><\/div>","protected":false},"excerpt":{"rendered":"<p>Retour aux ressources S\u00e9jours de vacances et activit\u00e9s de loisirs Le livret sur l&rsquo;accueil des enfants en situation de handicap [&hellip;]<\/p>\n","protected":false},"author":3,"featured_media":0,"parent":1648,"menu_order":0,"comment_status":"closed","ping_status":"closed","template":"templates\/template-full.php","meta":{"spay_email":""},"jetpack_sharing_enabled":true,"jetpack_shortlink":"https:\/\/wp.me\/P7mWfa-rP","jetpack-related-posts":[{"id":1648,"url":"http:\/\/jpa67.fr\/fr\/nos-actions\/centre-ressources-enfance-jeunesse-et-handicap\/les-ressources-disponibles\/","url_meta":{"origin":1725,"position":0},"title":"Les ressources disponibles","date":"20 ao\u00fbt 2018","format":false,"excerpt":"Retrouvez ci-dessous l'ensemble des ressources propos\u00e9es par\u00a0le Centre Ressources Enfance-Jeunesse & Handicap de la JPA67. \u00a0 Comment sensibiliser au handicap ? Comment changer les regards ? Comment faciliter l'accueil des enfants en situation de handicap dans le milieu ordinaire ? En empruntant cette malle, vous pourrez r\u00e9pondre \u00e0 ces questions.\u00a0D\u00e9couvrez-en\u2026","rel":"","context":"Article similaire","img":{"alt_text":"","src":"","width":0,"height":0},"classes":[]},{"id":2622,"url":"http:\/\/jpa67.fr\/fr\/nos-actions\/centre-ressources-enfance-jeunesse-et-handicap\/les-ressources-familles\/liens-internet\/","url_meta":{"origin":1725,"position":1},"title":"Liens internet","date":"21 avril 2020","format":false,"excerpt":"","rel":"","context":"Article similaire","img":{"alt_text":"","src":"","width":0,"height":0},"classes":[]},{"id":1081,"url":"http:\/\/jpa67.fr\/fr\/nos-actions\/centre-ressources-enfance-jeunesse-et-handicap\/","url_meta":{"origin":1725,"position":2},"title":"Centre Ressources Enfance-Jeunesse et Handicap","date":"25 janvier 2018","format":false,"excerpt":"Nos Actions 07 71 22 87 70 loisirs.handicap@jpa67.fr","rel":"","context":"Article similaire","img":{"alt_text":"","src":"","width":0,"height":0},"classes":[]},{"id":1936,"url":"http:\/\/jpa67.fr\/fr\/nos-actions\/centre-ressources-enfance-jeunesse-et-handicap\/les-ressources-disponibles\/livres-pedagogiques\/a-destination-des-animateurs-directeurs-organisateurs-enseignants\/","url_meta":{"origin":1725,"position":3},"title":"A destination des animateurs, directeurs, organisateurs, enseignants, &#8230;","date":"22 ao\u00fbt 2018","format":false,"excerpt":"63 activit\u00e9s pour s\u2019amuser et progresser - Sarah Duboi - Fr\u00e9d\u00e9rick Delorme - Handicap international (15 juin 2010) Cet ouvrage pratique vous propose 63 exercices con\u00e7us en partenariat avec des kin\u00e9sith\u00e9rapeutes, ergoth\u00e9rapeutes et \u00e9ducateurs sportifs. Objectif : aider l\u2019enfant \u00e0 gagner en autonomie, quelles que soient ses difficult\u00e9s. Des pictos\u2026","rel":"","context":"Article similaire","img":{"alt_text":"","src":"","width":0,"height":0},"classes":[]},{"id":23,"url":"http:\/\/jpa67.fr\/fr\/nos-actions\/","url_meta":{"origin":1725,"position":4},"title":"Nos actions","date":"4 mars 2016","format":false,"excerpt":"","rel":"","context":"Article similaire","img":{"alt_text":"","src":"","width":0,"height":0},"classes":[]},{"id":2136,"url":"http:\/\/jpa67.fr\/fr\/nos-actions\/centre-ressources-enfance-jeunesse-et-handicap\/les-ressources-disponibles\/fichiers-documentaires-brochures-affiches\/fichiers-documentaires\/","url_meta":{"origin":1725,"position":5},"title":"Fichiers documentaires","date":"24 ao\u00fbt 2018","format":false,"excerpt":"Accueillir un enfant en situation de handicap, Guide \u00e0 l\u2019usage des organisateurs, des directeurs et des \u00e9quipes - Direction D\u00e9partementale de la Jeunesse et des Sports de la Vend\u00e9e http:\/\/www.vendee.gouv.fr\/IMG\/pdf\/charte_handi.pdf Accueillir une personne handicap\u00e9e en centre de vacances et de loisirs - Guide m\u00e9thodologique \u00e0 l\u2019usage des \u00e9quipes d\u2019encadrement -\u2026","rel":"","context":"Article similaire","img":{"alt_text":"","src":"","width":0,"height":0},"classes":[]}],"_links":{"self":[{"href":"http:\/\/jpa67.fr\/fr\/wp-json\/wp\/v2\/pages\/1725"}],"collection":[{"href":"http:\/\/jpa67.fr\/fr\/wp-json\/wp\/v2\/pages"}],"about":[{"href":"http:\/\/jpa67.fr\/fr\/wp-json\/wp\/v2\/types\/page"}],"author":[{"embeddable":true,"href":"http:\/\/jpa67.fr\/fr\/wp-json\/wp\/v2\/users\/3"}],"replies":[{"embeddable":true,"href":"http:\/\/jpa67.fr\/fr\/wp-json\/wp\/v2\/comments?post=1725"}],"version-history":[{"count":86,"href":"http:\/\/jpa67.fr\/fr\/wp-json\/wp\/v2\/pages\/1725\/revisions"}],"predecessor-version":[{"id":2550,"href":"http:\/\/jpa67.fr\/fr\/wp-json\/wp\/v2\/pages\/1725\/revisions\/2550"}],"up":[{"embeddable":true,"href":"http:\/\/jpa67.fr\/fr\/wp-json\/wp\/v2\/pages\/1648"}],"wp:attachment":[{"href":"http:\/\/jpa67.fr\/fr\/wp-json\/wp\/v2\/media?parent=1725"}],"curies":[{"name":"wp","href":"https:\/\/api.w.org\/{rel}","templated":true}]}}