{"id":1727,"date":"2018-08-20T14:19:20","date_gmt":"2018-08-20T13:19:20","guid":{"rendered":"http:\/\/jpa67.fr\/fr\/?page_id=1727"},"modified":"2018-08-27T10:52:37","modified_gmt":"2018-08-27T09:52:37","slug":"sitographie","status":"publish","type":"page","link":"http:\/\/jpa67.fr\/fr\/nos-actions\/centre-ressources-enfance-jeunesse-et-handicap\/les-ressources-disponibles\/sitographie\/","title":{"rendered":"Sitographie"},"content":{"rendered":"<div id=\"pl-1727\"  class=\"panel-layout\" ><div id=\"pg-1727-0\"  class=\"panel-grid panel-no-style\" ><div id=\"pgc-1727-0-0\"  class=\"panel-grid-cell panel-grid-cell-mobile-last\" ><div id=\"panel-1727-0-0-0\" class=\"so-panel widget widget_sow-button panel-first-child panel-last-child\" data-index=\"0\" ><div\n\t\t\t\n\t\t\tclass=\"so-widget-sow-button so-widget-sow-button-atom-a3ca7b99f506-1727\"\n\t\t\t\n\t\t><div class=\"ow-button-base ow-button-align-center\">\n\t<a\n\thref=\"https:\/\/wp.me\/P7mWfa-qA\"\n\t\tclass=\"ow-icon-placement-left ow-button-hover\" \t>\n\t\t<span>\n\t\t\t<span class=\"sow-icon-genericons\" data-sow-icon=\"&#xf466;\"\n\t\tstyle=\"color: #f39900\" \n\t\taria-hidden=\"true\"><\/span>\n\t\t\tRetour aux ressources\t\t<\/span>\n\t<\/a>\n<\/div>\n<\/div><\/div><\/div><div id=\"pgc-1727-0-1\"  class=\"panel-grid-cell panel-grid-cell-empty\" ><\/div><\/div><div id=\"pg-1727-1\"  class=\"panel-grid panel-no-style\" ><div id=\"pgc-1727-1-0\"  class=\"panel-grid-cell\" ><div id=\"panel-1727-1-0-0\" class=\"so-panel widget widget_sow-editor panel-first-child panel-last-child\" data-index=\"1\" ><div\n\t\t\t\n\t\t\tclass=\"so-widget-sow-editor so-widget-sow-editor-base\"\n\t\t\t\n\t\t>\n<div class=\"siteorigin-widget-tinymce textwidget\">\n\t<p>En cours ...<\/p>\n<\/div>\n<\/div><\/div><\/div><\/div><\/div>","protected":false},"excerpt":{"rendered":"<p>En cours &#8230;<\/p>\n","protected":false},"author":3,"featured_media":0,"parent":1648,"menu_order":0,"comment_status":"closed","ping_status":"closed","template":"templates\/template-full.php","meta":{"spay_email":""},"jetpack_sharing_enabled":true,"jetpack_shortlink":"https:\/\/wp.me\/P7mWfa-rR","jetpack-related-posts":[{"id":2622,"url":"http:\/\/jpa67.fr\/fr\/nos-actions\/centre-ressources-enfance-jeunesse-et-handicap\/les-ressources-familles\/liens-internet\/","url_meta":{"origin":1727,"position":0},"title":"Liens internet","date":"21 avril 2020","format":false,"excerpt":"","rel":"","context":"Article similaire","img":{"alt_text":"","src":"","width":0,"height":0},"classes":[]},{"id":1081,"url":"http:\/\/jpa67.fr\/fr\/nos-actions\/centre-ressources-enfance-jeunesse-et-handicap\/","url_meta":{"origin":1727,"position":1},"title":"Centre Ressources Enfance-Jeunesse et Handicap","date":"25 janvier 2018","format":false,"excerpt":"Nos Actions 07 71 22 87 70 loisirs.handicap@jpa67.fr","rel":"","context":"Article similaire","img":{"alt_text":"","src":"","width":0,"height":0},"classes":[]},{"id":23,"url":"http:\/\/jpa67.fr\/fr\/nos-actions\/","url_meta":{"origin":1727,"position":2},"title":"Nos actions","date":"4 mars 2016","format":false,"excerpt":"","rel":"","context":"Article similaire","img":{"alt_text":"","src":"","width":0,"height":0},"classes":[]},{"id":1880,"url":"http:\/\/jpa67.fr\/fr\/nos-actions\/centre-ressources-enfance-jeunesse-et-handicap\/les-ressources-disponibles\/livres-pedagogiques\/","url_meta":{"origin":1727,"position":3},"title":"Livres p\u00e9dagogiques","date":"22 ao\u00fbt 2018","format":false,"excerpt":"Retrouvez ci-dessous notre collection de livres rang\u00e9e par cat\u00e9gories. \u00a0","rel":"","context":"Article similaire","img":{"alt_text":"","src":"","width":0,"height":0},"classes":[]},{"id":1723,"url":"http:\/\/jpa67.fr\/fr\/nos-actions\/centre-ressources-enfance-jeunesse-et-handicap\/les-ressources-disponibles\/fichiers-documentaires-brochures-affiches\/","url_meta":{"origin":1727,"position":4},"title":"Fichiers documentaires &#8211; brochures &#8211; affiches","date":"20 ao\u00fbt 2018","format":false,"excerpt":"","rel":"","context":"Article similaire","img":{"alt_text":"","src":"","width":0,"height":0},"classes":[]},{"id":1725,"url":"http:\/\/jpa67.fr\/fr\/nos-actions\/centre-ressources-enfance-jeunesse-et-handicap\/les-ressources-disponibles\/publications-jpa-crejh\/","url_meta":{"origin":1727,"position":5},"title":"Publications JPA \/ CREJH","date":"20 ao\u00fbt 2018","format":false,"excerpt":"Le livret sur l'accueil des enfants en situation de handicap dans les accueils de loisirs. C'est un outil permettant \u00e0 chacun de s'inscrire dans une d\u00e9marche d'accueil des enfants handicap\u00e9s en milieu ordinaire \u00a0 Ce\u00a0Guide \"Comment compenser les surco\u00fbts \"\u00a0, propose des pistes pour compenser le plus possibles les surco\u00fbts\u2026","rel":"","context":"Article similaire","img":{"alt_text":"","src":"","width":0,"height":0},"classes":[]}],"_links":{"self":[{"href":"http:\/\/jpa67.fr\/fr\/wp-json\/wp\/v2\/pages\/1727"}],"collection":[{"href":"http:\/\/jpa67.fr\/fr\/wp-json\/wp\/v2\/pages"}],"about":[{"href":"http:\/\/jpa67.fr\/fr\/wp-json\/wp\/v2\/types\/page"}],"author":[{"embeddable":true,"href":"http:\/\/jpa67.fr\/fr\/wp-json\/wp\/v2\/users\/3"}],"replies":[{"embeddable":true,"href":"http:\/\/jpa67.fr\/fr\/wp-json\/wp\/v2\/comments?post=1727"}],"version-history":[{"count":5,"href":"http:\/\/jpa67.fr\/fr\/wp-json\/wp\/v2\/pages\/1727\/revisions"}],"predecessor-version":[{"id":2210,"href":"http:\/\/jpa67.fr\/fr\/wp-json\/wp\/v2\/pages\/1727\/revisions\/2210"}],"up":[{"embeddable":true,"href":"http:\/\/jpa67.fr\/fr\/wp-json\/wp\/v2\/pages\/1648"}],"wp:attachment":[{"href":"http:\/\/jpa67.fr\/fr\/wp-json\/wp\/v2\/media?parent=1727"}],"curies":[{"name":"wp","href":"https:\/\/api.w.org\/{rel}","templated":true}]}}