{"id":1880,"date":"2018-08-22T13:42:58","date_gmt":"2018-08-22T12:42:58","guid":{"rendered":"http:\/\/jpa67.fr\/fr\/?page_id=1880"},"modified":"2018-08-24T10:25:30","modified_gmt":"2018-08-24T09:25:30","slug":"livres-pedagogiques","status":"publish","type":"page","link":"http:\/\/jpa67.fr\/fr\/nos-actions\/centre-ressources-enfance-jeunesse-et-handicap\/les-ressources-disponibles\/livres-pedagogiques\/","title":{"rendered":"Livres p\u00e9dagogiques"},"content":{"rendered":"<div id=\"pl-1880\"  class=\"panel-layout\" ><div id=\"pg-1880-0\"  class=\"panel-grid panel-no-style\" ><div id=\"pgc-1880-0-0\"  class=\"panel-grid-cell panel-grid-cell-mobile-last\" ><div id=\"panel-1880-0-0-0\" class=\"so-panel widget widget_sow-button panel-first-child panel-last-child\" data-index=\"0\" ><div\n\t\t\t\n\t\t\tclass=\"so-widget-sow-button so-widget-sow-button-atom-a3ca7b99f506-1880\"\n\t\t\t\n\t\t><div class=\"ow-button-base ow-button-align-center\">\n\t<a\n\thref=\"https:\/\/wp.me\/P7mWfa-qA\"\n\t\tclass=\"ow-icon-placement-left ow-button-hover\" \t>\n\t\t<span>\n\t\t\t<span class=\"sow-icon-genericons\" data-sow-icon=\"&#xf466;\"\n\t\tstyle=\"color: #f39900\" \n\t\taria-hidden=\"true\"><\/span>\n\t\t\tRetour aux ressources\t\t<\/span>\n\t<\/a>\n<\/div>\n<\/div><\/div><\/div><div id=\"pgc-1880-0-1\"  class=\"panel-grid-cell panel-grid-cell-empty\" ><\/div><\/div><div id=\"pg-1880-1\"  class=\"panel-grid panel-no-style\" ><div id=\"pgc-1880-1-0\"  class=\"panel-grid-cell\" ><div id=\"panel-1880-1-0-0\" class=\"so-panel widget widget_sow-editor panel-first-child panel-last-child\" data-index=\"1\" ><div\n\t\t\t\n\t\t\tclass=\"so-widget-sow-editor so-widget-sow-editor-base\"\n\t\t\t\n\t\t>\n<div class=\"siteorigin-widget-tinymce textwidget\">\n\t<p>Retrouvez ci-dessous notre collection de livres rang\u00e9e par cat\u00e9gories.<\/p>\n<hr \/>\n<p>&nbsp;<\/p>\n<\/div>\n<\/div><\/div><\/div><\/div><div id=\"pg-1880-2\"  class=\"panel-grid panel-no-style\" ><div id=\"pgc-1880-2-0\"  class=\"panel-grid-cell\" ><div id=\"panel-1880-2-0-0\" class=\"so-panel widget widget_circleicon-widget panel-first-child\" data-index=\"2\" >\t\t<div class=\"circle-icon-box circle-icon-position-top circle-icon-hide-box circle-icon-size-large\">\n\t\t\t<div class=\"circle-icon-wrapper\">\n\t\t\t\t<a href=\"https:\/\/wp.me\/P7mWfa-rp\" class=\"link-icon\" >\t\t\t\t<div class=\"circle-icon icon-style-set\" style=\"background-image: url(http:\/\/jpa67.fr\/fr\/wp-content\/uploads\/2018\/08\/different.jpg);background-color: #f7e6cf\">\n\t\t\t\t\t\t\t\t\t<\/div>\n\t\t\t\t<\/a>\t\t\t<\/div>\n\n\t\t\t<a href=\"https:\/\/wp.me\/P7mWfa-rp\" class=\"link-title\" >\t\t\t\t\t\t<\/a>\n\t\t\t<p class=\"text\" >Ouvrages jeunesse<\/p>\t\t\t\t\t\t\t<a href=\"https:\/\/wp.me\/P7mWfa-rp\" class=\"more-button\" >Acc\u00e9der \u00e0 la liste <i><\/i><\/a>\n\t\t\t\t\t<\/div>\n\t\t<\/div><div id=\"panel-1880-2-0-1\" class=\"so-panel widget widget_circleicon-widget panel-last-child\" data-index=\"3\" >\t\t<div class=\"circle-icon-box circle-icon-position-top circle-icon-hide-box circle-icon-size-large\">\n\t\t\t<div class=\"circle-icon-wrapper\">\n\t\t\t\t<a href=\"https:\/\/wp.me\/P7mWfa-vx\" class=\"link-icon\" >\t\t\t\t<div class=\"circle-icon icon-style-set\" style=\"background-image: url(http:\/\/jpa67.fr\/fr\/wp-content\/uploads\/2018\/08\/lesMainsQuiParlent.jpg);background-color: #f7e6cf\">\n\t\t\t\t\t\t\t\t\t<\/div>\n\t\t\t\t<\/a>\t\t\t<\/div>\n\n\t\t\t<a href=\"https:\/\/wp.me\/P7mWfa-vx\" class=\"link-title\" >\t\t\t\t\t\t<\/a>\n\t\t\t<p class=\"text\" >Collection \"au c\u0153ur de la diff\u00e9rence \"<\/p>\t\t\t\t\t\t\t<a href=\"https:\/\/wp.me\/P7mWfa-vx\" class=\"more-button\" >Acc\u00e9der \u00e0 la liste <i><\/i><\/a>\n\t\t\t\t\t<\/div>\n\t\t<\/div><\/div><div id=\"pgc-1880-2-1\"  class=\"panel-grid-cell\" ><div id=\"panel-1880-2-1-0\" class=\"so-panel widget widget_circleicon-widget panel-first-child\" data-index=\"4\" >\t\t<div class=\"circle-icon-box circle-icon-position-top circle-icon-hide-box circle-icon-size-large\">\n\t\t\t<div class=\"circle-icon-wrapper\">\n\t\t\t\t<a href=\"https:\/\/wp.me\/P7mWfa-ve\" class=\"link-icon\" >\t\t\t\t<div class=\"circle-icon icon-style-set\" style=\"background-image: url(http:\/\/jpa67.fr\/fr\/wp-content\/uploads\/2018\/08\/100IdeesTroublesDeLattention.jpg);background-color: #f7e6cf\">\n\t\t\t\t\t\t\t\t\t<\/div>\n\t\t\t\t<\/a>\t\t\t<\/div>\n\n\t\t\t<a href=\"https:\/\/wp.me\/P7mWfa-ve\" class=\"link-title\" >\t\t\t\t\t\t<\/a>\n\t\t\t<p class=\"text\" >A destination des animateurs, directeurs, organisateurs, enseignants, ...<\/p>\t\t\t\t\t\t\t<a href=\"https:\/\/wp.me\/P7mWfa-ve\" class=\"more-button\" >Acc\u00e9der \u00e0 la liste <i><\/i><\/a>\n\t\t\t\t\t<\/div>\n\t\t<\/div><div id=\"panel-1880-2-1-1\" class=\"so-panel widget widget_circleicon-widget panel-last-child\" data-index=\"5\" >\t\t<div class=\"circle-icon-box circle-icon-position-top circle-icon-hide-box circle-icon-size-large\">\n\t\t\t<div class=\"circle-icon-wrapper\">\n\t\t\t\t<a href=\"https:\/\/wp.me\/P7mWfa-vA\" class=\"link-icon\" >\t\t\t\t<div class=\"circle-icon icon-style-set\" style=\"background-image: url(http:\/\/jpa67.fr\/fr\/wp-content\/uploads\/2018\/08\/laBandeAEd.jpg);background-color: #f7e6cf\">\n\t\t\t\t\t\t\t\t\t<\/div>\n\t\t\t\t<\/a>\t\t\t<\/div>\n\n\t\t\t<a href=\"https:\/\/wp.me\/P7mWfa-vA\" class=\"link-title\" >\t\t\t\t\t\t<\/a>\n\t\t\t<p class=\"text\" >Collection \"La bande \u00e0 Ed\"<\/p>\t\t\t\t\t\t\t<a href=\"https:\/\/wp.me\/P7mWfa-vA\" class=\"more-button\" >Acc\u00e9der \u00e0 la liste <i><\/i><\/a>\n\t\t\t\t\t<\/div>\n\t\t<\/div><\/div><\/div><\/div>","protected":false},"excerpt":{"rendered":"<p>Retrouvez ci-dessous notre collection de livres rang\u00e9e par cat\u00e9gories. &nbsp;<\/p>\n","protected":false},"author":3,"featured_media":0,"parent":1648,"menu_order":0,"comment_status":"closed","ping_status":"closed","template":"templates\/template-full.php","meta":{"spay_email":""},"jetpack_sharing_enabled":true,"jetpack_shortlink":"https:\/\/wp.me\/P7mWfa-uk","jetpack-related-posts":[{"id":1958,"url":"http:\/\/jpa67.fr\/fr\/nos-actions\/centre-ressources-enfance-jeunesse-et-handicap\/les-ressources-disponibles\/livres-pedagogiques\/collection-la-bande-a-ed\/","url_meta":{"origin":1880,"position":0},"title":"Collection \u00ab\u00a0La bande \u00e0 Ed\u00a0\u00bb","date":"22 ao\u00fbt 2018","format":false,"excerpt":"La Bande \u00e0 Ed - Tome 1 - Georges GRARD - 05 janvier 2007 Ed est un handicap\u00e9 moteur. Il vit dans une cit\u00e9 avec comme copains quelques \u00ab bras-cass\u00e9s \u00bb et Katty, son amoureuse. On le suit dans son quotidien qui d\u00e9borde d\u2019humanisme et d\u2019humour. La Bande \u00e0 Ed\u2026","rel":"","context":"Article similaire","img":{"alt_text":"","src":"","width":0,"height":0},"classes":[]},{"id":2186,"url":"http:\/\/jpa67.fr\/fr\/nos-actions\/centre-ressources-enfance-jeunesse-et-handicap\/les-ressources-disponibles\/fichiers-documentaires-brochures-affiches\/brochures-et-affiches-pedagogiques\/","url_meta":{"origin":1880,"position":1},"title":"Brochures et affiches p\u00e9dagogiques","date":"24 ao\u00fbt 2018","format":false,"excerpt":"Guide pratiques au service des handicaps (1x avec 3 livrets) - CER, UDAPEI \u00ab Vivre son handicap dans le Bas-Rhin \u00bb - MDPH 1. La Maison D\u00e9partementale des Personnes Handicap\u00e9es : son r\u00f4le, ses missions (x6) 2. L\u2019accueil pr\u00e9scolaire et la scolarisation de enfants et adolescent en situation de handicap\u2026","rel":"","context":"Article similaire","img":{"alt_text":"","src":"","width":0,"height":0},"classes":[]},{"id":1955,"url":"http:\/\/jpa67.fr\/fr\/nos-actions\/centre-ressources-enfance-jeunesse-et-handicap\/les-ressources-disponibles\/livres-pedagogiques\/collection-au-coeur-de-la-difference\/","url_meta":{"origin":1880,"position":2},"title":"Collection \u00ab\u00a0au c\u0153ur de la diff\u00e9rence\u00a0\u00bb","date":"22 ao\u00fbt 2018","format":false,"excerpt":"A\u00efe ! \u00e7a pique ! - le dragon \u00e0 la dent sucr\u00e9 - Boomerang (15 ao\u00fbt 2007) \u00c9tienne arrive \u00e0 l\u2019\u00e9cole. En se d\u00e9shabillant, il s\u2019aper\u00e7oit qu\u2019il lui manque sa bo\u00eete \u00e0 lunch. \u00c0 l\u2019heure de la collation, Nicolas partage en cachette son g\u00e2teau au citron avec \u00c9tienne. Etienne devient\u2026","rel":"","context":"Article similaire","img":{"alt_text":"","src":"","width":0,"height":0},"classes":[]},{"id":1718,"url":"http:\/\/jpa67.fr\/fr\/nos-actions\/centre-ressources-enfance-jeunesse-et-handicap\/les-ressources-disponibles\/videos-pedagogiques\/","url_meta":{"origin":1880,"position":3},"title":"Jeux \/ Jouets","date":"20 ao\u00fbt 2018","format":false,"excerpt":"Mallette KESKI Handicap Un jeu pour faire \u00e9voluer le regard sur le handicap et d\u00e9velopper des attitudes plus justes en ad\u00e9quation avec les attentes et les besoins des personnes en situation de handicap. La cl\u00e9 des Dys - KESKI Un jeu de 40 cartes approchant tous les troubles DYS :\u2026","rel":"","context":"Article similaire","img":{"alt_text":"","src":"","width":0,"height":0},"classes":[]},{"id":1721,"url":"http:\/\/jpa67.fr\/fr\/nos-actions\/centre-ressources-enfance-jeunesse-et-handicap\/les-ressources-disponibles\/videos-pedagogiques-2\/","url_meta":{"origin":1880,"position":4},"title":"Vid\u00e9os p\u00e9dagogiques","date":"20 ao\u00fbt 2018","format":false,"excerpt":"Accueils collectifs de mineurs - DVD 2 - C\u00c9M\u00c9A \u00ab Vacances ordinaires \u00bb \u00ab Une journ\u00e9e au centre maternel de Theix \u00bb \u00ab Images pour la formation \u00bb (13 diaporamas de la vie quotidienne en centre de vacances\u2026)\u00a0 Manu une histoire de M.E.C. ( vid\u00e9o + livret p\u00e9dagogique ) -\u2026","rel":"","context":"Article similaire","img":{"alt_text":"","src":"","width":0,"height":0},"classes":[]},{"id":2622,"url":"http:\/\/jpa67.fr\/fr\/nos-actions\/centre-ressources-enfance-jeunesse-et-handicap\/les-ressources-familles\/liens-internet\/","url_meta":{"origin":1880,"position":5},"title":"Liens internet","date":"21 avril 2020","format":false,"excerpt":"","rel":"","context":"Article similaire","img":{"alt_text":"","src":"","width":0,"height":0},"classes":[]}],"_links":{"self":[{"href":"http:\/\/jpa67.fr\/fr\/wp-json\/wp\/v2\/pages\/1880"}],"collection":[{"href":"http:\/\/jpa67.fr\/fr\/wp-json\/wp\/v2\/pages"}],"about":[{"href":"http:\/\/jpa67.fr\/fr\/wp-json\/wp\/v2\/types\/page"}],"author":[{"embeddable":true,"href":"http:\/\/jpa67.fr\/fr\/wp-json\/wp\/v2\/users\/3"}],"replies":[{"embeddable":true,"href":"http:\/\/jpa67.fr\/fr\/wp-json\/wp\/v2\/comments?post=1880"}],"version-history":[{"count":41,"href":"http:\/\/jpa67.fr\/fr\/wp-json\/wp\/v2\/pages\/1880\/revisions"}],"predecessor-version":[{"id":2177,"href":"http:\/\/jpa67.fr\/fr\/wp-json\/wp\/v2\/pages\/1880\/revisions\/2177"}],"up":[{"embeddable":true,"href":"http:\/\/jpa67.fr\/fr\/wp-json\/wp\/v2\/pages\/1648"}],"wp:attachment":[{"href":"http:\/\/jpa67.fr\/fr\/wp-json\/wp\/v2\/media?parent=1880"}],"curies":[{"name":"wp","href":"https:\/\/api.w.org\/{rel}","templated":true}]}}