{"id":20,"date":"2016-03-04T08:45:26","date_gmt":"2016-03-04T07:45:26","guid":{"rendered":"http:\/\/jpa67.fr\/fr\/?page_id=20"},"modified":"2025-03-20T11:20:27","modified_gmt":"2025-03-20T10:20:27","slug":"la-confederation","status":"publish","type":"page","link":"http:\/\/jpa67.fr\/fr\/la-confederation\/","title":{"rendered":"La Conf\u00e9d\u00e9ration"},"content":{"rendered":"<blockquote>\n<h5><strong>La Jeunesse au Plein Air du Bas-Rhin relaie les actions nationales de la JPA et propose des actions sp\u00e9cifiques dans le Bas-Rhin : le Centre Ressources Enfance-Jeunesse &amp; Handicap et des manifestations en faveur des colonies de vacances.<br \/>\n<\/strong>La Jeunesse au Plein Air est\u00a0partenaire des actions \u00e9ducatives de l\u2019\u00e9cole.<\/h5>\n<\/blockquote>\n<hr \/>\n<h3>Le r\u00e9seau la\u00efque pour des vacances\u00a0et des loisirs \u00e9ducatifs<\/h3>\n<h5><strong>Des valeurs<\/strong><\/h5>\n<p>La\u00efcit\u00e9 \u2013 Solidarit\u00e9 \u2013 Citoyennet\u00e9,\u00a0 pour un projet de transformation sociale<\/p>\n<h5><strong>Des convictions<\/strong><\/h5>\n<p>L&rsquo;\u00e9cole, la famille et les loisirs sont trois temps, trois espaces, trois acteurs compl\u00e9mentaires d\u2019une \u00e9ducation globale.\u00a0L\u2019\u00e9ducation se prolonge pour tous, tout au long de la vie, au travers de la formation, des exp\u00e9riences, des rencontres et des \u00e9changes.\u00a0Les loisirs et les vacances constituent des temps essentiels dans le d\u00e9veloppement de l\u2019enfant. Ils sont sources d\u2019\u00e9ducation, de plaisir, de d\u00e9couverte et de lien social.<\/p>\n<h5><strong>Une action globale et des synergies<\/strong><\/h5>\n<p>En 1938, des associations, toutes cr\u00e9\u00e9es par des enseignants, agissant dans et autour de l\u2019\u00e9cole, ont \u00e9prouv\u00e9 le besoin de fonder une conf\u00e9d\u00e9ration, qui deviendra ensuite\u00a0 <strong>la Jeunesse au Plein Air,<\/strong> un lieu de rencontre et de dialogue o\u00f9 elles repensent en permanence un projet \u00e9ducatif global fond\u00e9 sur les valeurs de la la\u00efcit\u00e9.<\/p>\n<p>Elles travaillent en coh\u00e9rence sur<strong> le temps scolaire et le temps des loisirs<\/strong>\u00a0: stages de formation continue des enseignants sur la citoyennet\u00e9, la coop\u00e9ration, la protection de l\u2019environnement, groupes\u00a0\u00ab\u00a0philo \u00e0 l\u2019\u00e9cole\u00a0\u00bb, formation de d\u00e9l\u00e9gu\u00e9s, accueil d\u2019enfants en situation de handicap, formation d\u2019animateurs\u2026.<\/p>\n<h5><strong>La Jeunesse au Plein Air du Bas-Rhin m\u00e8ne des actions<\/strong><\/h5>\n<ul>\n<li><strong> pour compl\u00e9ter et diversifier les actions sociales<\/strong>\u00a0:<\/li>\n<\/ul>\n<ol>\n<li>Bourses d\u2019aide\u00a0 au d\u00e9part en classes de d\u00e9couvertes (partenariat ANCV)<\/li>\n<li>Bourses d\u2019aide au d\u00e9part en colonie de\u00a0 vacances\u00a0 et accueils de loisirs sans h\u00e9bergement<\/li>\n<li>Partenariat avec les Restos du C\u0153ur,<\/li>\n<li>Dans le cadre de le Centre Ressources Enfance-Jeunesse &amp; Handicap : aides financi\u00e8res (ANCV) pour l\u2019accueil d\u2019enfants en situation de handicap\u00a0 dans les structures de vacances et de loisirs, recherche et formation d\u2019accompagnateurs individuels, pr\u00e9paration de l\u2019accueil dans les colonies de vacances, information et formation des professionnels sur l&rsquo;accueil des enfants en situation de handicap dans les accueils de loisirs &#8230;<\/li>\n<\/ol>\n<ul>\n<li><strong>pour \u00e9duquer \u00e0 la solidarit\u00e9 et faciliter le d\u00e9part de tous les enfants en colonies de vacances :\u00a0 <\/strong>organisation d\u2019une Campagne de solidarit\u00e9 annuelle dans tous les \u00e9tablissements scolaires publics, dont le produit est redistribu\u00e9 sous forme de bourses d\u2019aide au d\u00e9part en colonies de vacances, et mise \u00e0 la disposition des enseignants d&rsquo;outils p\u00e9dagogiques sur la solidarit\u00e9.<\/li>\n<\/ul>\n<hr \/>\n<h3>La liste des membres de la Jeunesse au Plein Air du Bas-Rhin<\/h3>\n<p><strong>Des organisateurs de colos et d&rsquo;accueils de loisirs\u00a0<\/strong><\/p>\n<ul>\n<li><a href=\"http:\/\/www.vacances-aroeven.fr\/\" target=\"_blank\" rel=\"noopener\">L\u2019AROEVEN\u00a0<\/a>(Association r\u00e9gionale des Oeuvres Educatives et de Vacances de l\u2019Education Nationale)<\/li>\n<li><a href=\"http:\/\/www.avs67.fr\/\" target=\"_blank\" rel=\"noopener\">L&rsquo;Association Vacances S\u00e9lestat<\/a><\/li>\n<li><a href=\"http:\/\/www.centre-belair.fr\/\" target=\"_blank\" rel=\"noopener\">Le Centre Permanent Bel Air\u00a0<\/a><strong>&#8211;\u00a0<\/strong>Quieux le Saulcy (oeuvre sociale MPN)<\/li>\n<li><a href=\"http:\/\/www.cnafal.org\/nous-trouver\/bas-rhin\/\" target=\"_blank\" rel=\"noopener\">Le CDAFAL<\/a>\u00a0(Conseil D\u00e9partemental des Associations familiales la\u00efques)<\/li>\n<li><a href=\"http:\/\/francas-alsace.eu\/\" target=\"_blank\" rel=\"noopener\">Les Francas<\/a><\/li>\n<li><a href=\"http:\/\/www.fuaj.org\/\" target=\"_blank\" rel=\"noopener\">La FUAJ\u00a0<\/a>(F\u00e9d\u00e9ration Unie des Auberges de Jeunesse)<\/li>\n<li><a href=\"http:\/\/www.laligue67.org\/\" target=\"_blank\" rel=\"noopener\">La\u00a0Ligue de l\u2019Enseignement<\/a><\/li>\n<li><a href=\"http:\/\/www.pepalsace.fr\/\" target=\"_blank\" rel=\"noopener\">Les PEP Alsace\u00a0<\/a>\u00a0(Pupilles de l\u2019enseignement public)<\/li>\n<li><a href=\"http:\/\/www.aos-haguenau.com\/\" target=\"_blank\" rel=\"noopener\">AOS Haguenau<\/a>, Association des \u0153uvres scolaires)<\/li>\n<\/ul>\n<p><strong>Des mouvements p\u00e9dagogiques<\/strong><\/p>\n<ul>\n<li><a href=\"http:\/\/cemea-alsace.fr\/\" target=\"_blank\" rel=\"noopener\">Les\u00a0<\/a><a href=\"http:\/\/cemea-alsace.fr\/\" target=\"_blank\" rel=\"noopener\">CEMEA<\/a>\u00a0(Centres d\u2019entra\u00eenement aux m\u00e9thodes d\u2019\u00e9ducation actives)<\/li>\n<li><a href=\"http:\/\/www.occe.coop\/~ad67\/\" target=\"_blank\" rel=\"noopener\">L&rsquo;OCCE<\/a>\u00a0(Office central de la coop\u00e9ration \u00e0 l\u2019\u00e9cole)<\/li>\n<li><a href=\"http:\/\/www.anateep.fr\/reseau-departemental\/departement-du-bas-rhin-67\/\">L&rsquo;ADATEEP<\/a>\u00a0(Association D\u00e9partementale pour les Transports Educatifs de l&rsquo;Enseignement Public)<\/li>\n<\/ul>\n<p><strong>Des repr\u00e9sentants de l&rsquo;\u00e9ducation Nationale<\/strong><\/p>\n<ul>\n<li>L\u2019Inspecteur d\u2019Acad\u00e9mie<\/li>\n<li>La sant\u00e9\u00a0scolaire<\/li>\n<li>Les syndicats (<a href=\"http:\/\/www.se-unsa67.net\/\" target=\"_blank\" rel=\"noopener\">SE\/UNSA\u00a0<\/a>,\u00a0UNSA EDUCATION, SNES-FSU, Syndicat national des inspecteurs de la jeunesse et des sports)<\/li>\n<li>Les mutuelles (MGEN,\u00a0\u00a0<a href=\"https:\/\/www.mae.fr\/contact\/67\/mae-du-bas-rhin\" target=\"_blank\" rel=\"noopener\">MAE<\/a>)<\/li>\n<\/ul>\n<p><strong>Des repr\u00e9sentants de parents<\/strong><\/p>\n<ul>\n<li>La<a href=\"http:\/\/www.fcpe67.com\/\" target=\"_blank\" rel=\"noopener\"> FCPE<\/a> (F\u00e9d\u00e9ration des Conseils de Parents d\u2019El\u00e8ves)<\/li>\n<li>L&rsquo;<a href=\"http:\/\/www.apeeimc.com\/\" target=\"_blank\" rel=\"noopener\">APEEIMC<\/a>\u00a0(Association Parentale d\u2019Entraide aux Enfants atteints d&rsquo;une Infirmit\u00e9 Motrice C\u00e9r\u00e9brale)<\/li>\n<li>L&rsquo;<a href=\"http:\/\/www.afl67.com\" target=\"_blank\" rel=\"noopener\">AFL<\/a> (Association des Familles La\u00efques d\u2019Alsace)<\/li>\n<li>L&rsquo;<a href=\"http:\/\/www.apajh.org\/index.php\/annuaire-apajh\/67-haut-rhin\" target=\"_blank\" rel=\"noopener\">APAJH<\/a> ( Association pour Adultes et Jeunes Handicap\u00e9s)<\/li>\n<\/ul>\n<hr \/>\n<h3>L&rsquo;histoire de la Jeunesse au Plein Air<\/h3>\n<h5>Des hussards noirs de la R\u00e9publique\u00a0\u00e0 une f\u00e9d\u00e9ration la\u00efque de 43 organisations.<\/h5>\n<p><strong>H\u00e9riti\u00e8re des \u00ab\u00a0Hussards Noirs\u00a0\u00bb<\/strong><\/p>\n<p>La Jeunesse au Plein Air est l&rsquo;h\u00e9riti\u00e8re des \u00ab\u00a0Hussards Noirs de la R\u00e9publique\u00a0\u00bb, premi\u00e8res g\u00e9n\u00e9rations d&rsquo;instituteurs attach\u00e9s \u00e0 former des hommes libres, capables \u00e0 la fois de mener leur propre vie, sans dogmatisme, et \u00e0 organiser la vie du groupe auquel ils appartiennent, dans le respect de chacun.<\/p>\n<p><strong>Des associations compl\u00e9mentaires de l&rsquo;\u00e9cole<\/strong><\/p>\n<p>Ensuite d&rsquo;autres espaces \u00e9ducatifs fond\u00e9s sur les m\u00eames valeurs, se sont ouverts. Des militants issus de la mouvance la\u00efque ont cr\u00e9\u00e9 des associations dont les objectifs visaient \u00e0 compl\u00e9ter, \u00e0 renforcer, \u00e0 diversifier les actions men\u00e9es dans le cadre de l&rsquo;\u00e9cole. Ainsi sont n\u00e9s la Ligue de l&rsquo;Enseignement (les FOL, F\u00e9d\u00e9ration des Oeuvres la\u00efques, en sont les d\u00e9clinaisons d\u00e9partementales), les PEP (Pupilles de l&rsquo;\u00e9cole publique), l&rsquo;OCCE (Office central de la coop\u00e9ration \u00e0 l&rsquo;\u00e9cole), les Francas (F\u00e9d\u00e9ration de Centres de Loisirs), les clubs L\u00e9o Lagrange, les EEDF (Eclaireuses Eclaireurs de France), la FUAJ (F\u00e9d\u00e9ration unie des auberges de jeunesse), et un organisme de formation : les CEMEA (Centre d&rsquo;entra\u00eenement aux m\u00e9thodes d&rsquo;\u00e9ducation active).<\/p>\n<p><strong>1938 : cr\u00e9ation de la Jeunesse au Plein Air<\/strong><\/p>\n<p>Avec l&rsquo;av\u00e8nement du Front Populaire et l&rsquo;apparition des cong\u00e9s pay\u00e9s est apparu le concept de \u00ab\u00a0vacances\u00a0\u00bb qui a \u00e9t\u00e9 d\u00e9fini comme un temps d&rsquo;\u00e9panouissement et de construction de l&rsquo;individu.<\/p>\n<p>Le d\u00e9veloppement des vacances collectives d&rsquo;enfants cr\u00e9e le besoin de r\u00e9glementer les s\u00e9jours dans un souci de s\u00e9curit\u00e9. Les associations engag\u00e9es dans ces actions se sont f\u00e9d\u00e9r\u00e9es afin de se donner un lieu commun de r\u00e9flexion\u00a0 et de dialogue pour repenser ensemble le projet d&rsquo;\u00e9ducation globale auquel elles contribuaient.<\/p>\n<p>C&rsquo;est ainsi qu&rsquo;en 1938 est n\u00e9e la FNOLVEA\u00a0 (F\u00e9d\u00e9ration nationale des \u0153uvres la\u00efques de vacances d\u2019enfants et d\u2019adolescents), qui deviendra la Jeunesse au Plein Air en 1959. Sa mission est de coordonner les actions de chacun et de veiller \u00e0 la mise en place de vacances de qualit\u00e9, accessibles \u00e0 tous.<\/p>\n<hr \/>\n","protected":false},"excerpt":{"rendered":"<p>La Jeunesse au Plein Air du Bas-Rhin relaie les actions nationales de la JPA et propose des actions sp\u00e9cifiques dans [&hellip;]<\/p>\n","protected":false},"author":1,"featured_media":0,"parent":0,"menu_order":0,"comment_status":"closed","ping_status":"closed","template":"","meta":{"spay_email":""},"jetpack_sharing_enabled":true,"jetpack_shortlink":"https:\/\/wp.me\/P7mWfa-k","jetpack-related-posts":[{"id":211,"url":"http:\/\/jpa67.fr\/fr\/nos-actions\/centre-ressources-enfance-jeunesse-et-handicap-ancien\/les-missions-du-centre-ressources-enfance-jeunesse-et-handicap\/","url_meta":{"origin":20,"position":0},"title":"Les missions du Centre Ressources Enfance-Jeunesse et Handicap","date":"13 mai 2016","format":false,"excerpt":"Le Centre Ressources Enfance-Jeunesse & Handicap a pour objectif et pour mission de faciliter la r\u00e9alisation du projet de vie de l\u2019enfant en situation de handicap dans les accueils de loisirs, les colonies de vacances, les activit\u00e9s sportives, culturelles\u2026 Il est au service des enfants, de leurs parents, et des\u2026","rel":"","context":"Article similaire","img":{"alt_text":"","src":"","width":0,"height":0},"classes":[]},{"id":144,"url":"http:\/\/jpa67.fr\/fr\/nos-actions\/la-presse-en-parle\/","url_meta":{"origin":20,"position":1},"title":"La presse en parle&#8230;","date":"22 mars 2016","format":false,"excerpt":"Retrouvez tous\u00a0les articles que la presse consacre \u00e0 nos activit\u00e9s. Pour consulter nos dossiers de presse et nos communiqu\u00e9s, rendez-vous sur la page Documents t\u00e9l\u00e9chargeables Revue\u00a0de presse Mes ann\u00e9es en colos (DNA, 28-01-2018) L'association Jeunesse au Plein Air du Bas-Rhin a lanc\u00e9 sa Campagne de Solidarit\u00e9 2018.\u00a0Lire l'article Comme un\u2026","rel":"","context":"Article similaire","img":{"alt_text":"","src":"","width":0,"height":0},"classes":[]},{"id":1132,"url":"http:\/\/jpa67.fr\/fr\/nos-actions\/centre-ressources-enfance-jeunesse-et-handicap\/aide-a-linclusion\/","url_meta":{"origin":20,"position":2},"title":"Aide \u00e0 l&rsquo;inclusion","date":"26 janvier 2018","format":false,"excerpt":"\u00a0 LE CADRE L\u00c9GAL ET NOTRE D\u00c9MARCHE Le droit aux loisirs est inscrit dans la Convention Internationale des Droits de l\u2019Enfant (article 31). Depuis le 30 juin 1975, le droit aux vacances et aux loisirs pour les personnes en situation de handicap est reconnu par la loi fran\u00e7aise. Pourtant, organisateurs,\u2026","rel":"","context":"Article similaire","img":{"alt_text":"","src":"","width":0,"height":0},"classes":[]},{"id":695,"url":"http:\/\/jpa67.fr\/fr\/nos-actions\/centre-ressources-enfance-jeunesse-et-handicap\/les-ateliers-dinformation-et-de-sensibilisation-sur-laccueil-dun-enfant-en-situation-de-handicap-dans-les-centres-de-loisirs-et-les-periscolaires\/","url_meta":{"origin":20,"position":3},"title":"Des ateliers d&rsquo;information et de sensibilisation sur l&rsquo;accueil des enfants en situation de handicap dans les centres de loisirs et les p\u00e9riscolaires","date":"18 octobre 2016","format":false,"excerpt":"Ces ateliers sont r\u00e9serv\u00e9s aux professionnels et sont propos\u00e9s dans tout le Bas-Rhin. Cliquez ici pour nous informer des dates o\u00f9 vous \u00eates disponible Pour d\u00e9couvrir les bonnes solutions, des s\u00e9ances gratuites de 2 heures, dans vos locaux. Le Centre Ressource Enfance-Jeunesse & Handicap port\u00e9 par la Jeunesse au Plein\u2026","rel":"","context":"Article similaire","img":{"alt_text":"","src":"https:\/\/i0.wp.com\/jpa67.fr\/fr\/wp-content\/uploads\/2016\/10\/Nathan-IMG_7055-300x200.jpg?resize=350%2C200","width":350,"height":200},"classes":[]},{"id":79,"url":"http:\/\/jpa67.fr\/fr\/nos-actions\/centre-ressources-enfance-jeunesse-et-handicap-ancien\/","url_meta":{"origin":20,"position":4},"title":"Centre Ressources Enfance-Jeunesse et Handicap &#8211; ANCIEN","date":"9 mars 2016","format":false,"excerpt":"Notre mission La Jeunesse au Plein Air agit pour que les enfants handicap\u00e9s puissent b\u00e9n\u00e9ficier avec les autres de s\u00e9jours de vacances et de loisirs.\u00a0Elle pose comme principes le droit \u00e0 l'\u00e9ducation et l'int\u00e9gration des mineurs et des adultes handicap\u00e9s ou en difficult\u00e9s sociales. D\u00e9couvrir\u00a0en d\u00e9tails nos actions","rel":"","context":"Article similaire","img":{"alt_text":"","src":"","width":0,"height":0},"classes":[]},{"id":44,"url":"http:\/\/jpa67.fr\/fr\/nos-actions\/les-colonies-de-vacances\/","url_meta":{"origin":20,"position":5},"title":"Les Colonies de Vacances","date":"4 mars 2016","format":false,"excerpt":"Les colos, c'est bon pour grandir ! Pour tous les enfants et les jeunes, les s\u00e9jours en colonies de vacances sont une occasion de s'ouvrir aux autres, d'assumer la vie en groupe et de d\u00e9couvrir d'autres activit\u00e9s. Pourquoi faciliter le\u00a0d\u00e9part en colonie de vacances? Apr\u00e8s un premier d\u00e9part en colonie\u2026","rel":"","context":"Article similaire","img":{"alt_text":"","src":"https:\/\/i0.wp.com\/jpa67.fr\/fr\/wp-content\/uploads\/2016\/08\/IMG_7057-2.jpg?resize=350%2C200","width":350,"height":200},"classes":[]}],"_links":{"self":[{"href":"http:\/\/jpa67.fr\/fr\/wp-json\/wp\/v2\/pages\/20"}],"collection":[{"href":"http:\/\/jpa67.fr\/fr\/wp-json\/wp\/v2\/pages"}],"about":[{"href":"http:\/\/jpa67.fr\/fr\/wp-json\/wp\/v2\/types\/page"}],"author":[{"embeddable":true,"href":"http:\/\/jpa67.fr\/fr\/wp-json\/wp\/v2\/users\/1"}],"replies":[{"embeddable":true,"href":"http:\/\/jpa67.fr\/fr\/wp-json\/wp\/v2\/comments?post=20"}],"version-history":[{"count":25,"href":"http:\/\/jpa67.fr\/fr\/wp-json\/wp\/v2\/pages\/20\/revisions"}],"predecessor-version":[{"id":3043,"href":"http:\/\/jpa67.fr\/fr\/wp-json\/wp\/v2\/pages\/20\/revisions\/3043"}],"wp:attachment":[{"href":"http:\/\/jpa67.fr\/fr\/wp-json\/wp\/v2\/media?parent=20"}],"curies":[{"name":"wp","href":"https:\/\/api.w.org\/{rel}","templated":true}]}}