{"id":23,"date":"2016-03-04T08:50:35","date_gmt":"2016-03-04T07:50:35","guid":{"rendered":"http:\/\/jpa67.fr\/fr\/?page_id=23"},"modified":"2025-03-20T11:30:01","modified_gmt":"2025-03-20T10:30:01","slug":"nos-actions","status":"publish","type":"page","link":"http:\/\/jpa67.fr\/fr\/nos-actions\/","title":{"rendered":"Nos actions"},"content":{"rendered":"<div id=\"pl-23\"  class=\"panel-layout\" ><div id=\"pg-23-0\"  class=\"panel-grid panel-no-style\" ><div id=\"pgc-23-0-0\"  class=\"panel-grid-cell\" ><div id=\"panel-23-0-0-0\" class=\"so-panel widget widget_circleicon-widget panel-first-child\" data-index=\"0\" >\t\t<div class=\"circle-icon-box circle-icon-position-top circle-icon-hide-box circle-icon-size-large\">\n\t\t\t<div class=\"circle-icon-wrapper\">\n\t\t\t\t<a href=\"http:\/\/jpa67.fr\/fr\/nos-actions\/les-classes-de-decouvertes\/\" class=\"link-icon\" >\t\t\t\t<div class=\"circle-icon icon-style-set\" style=\"background-image: url(http:\/\/jpa67.fr\/fr\/wp-content\/uploads\/2016\/03\/classe-de-decouverte-jpa67.jpg)\">\n\t\t\t\t\t\t\t\t\t<\/div>\n\t\t\t\t<\/a>\t\t\t<\/div>\n\n\t\t\t<a href=\"http:\/\/jpa67.fr\/fr\/nos-actions\/les-classes-de-decouvertes\/\" class=\"link-title\" >\t\t\t<h4 >Classes de d\u00e9couvertes<\/h4>\t\t\t<\/a>\n\t\t\t<p class=\"text\" >Apprendre ailleurs et autrement Lorsque l\u2019\u00e9cole se fait ailleurs et autrement, les enfants posent d\u2019autres questions, d\u00e9couvrent et comprennent le monde qui les entoure.<\/p>\t\t\t\t\t\t\t<a href=\"http:\/\/jpa67.fr\/fr\/nos-actions\/les-classes-de-decouvertes\/\" class=\"more-button\" >En savoir plus... <i><\/i><\/a>\n\t\t\t\t\t<\/div>\n\t\t<\/div><div id=\"panel-23-0-0-1\" class=\"so-panel widget widget_circleicon-widget panel-last-child\" data-index=\"1\" >\t\t<div class=\"circle-icon-box circle-icon-position-top circle-icon-hide-box circle-icon-size-large\">\n\t\t\t<div class=\"circle-icon-wrapper\">\n\t\t\t\t<a href=\"https:\/\/jpa67.fr\/fr\/nos-actions\/la-campagne-eleves-solidaires\/campagne-de-solidarite\/\" class=\"link-icon\" >\t\t\t\t<div class=\"circle-icon icon-style-set\" style=\"background-image: url(http:\/\/jpa67.fr\/fr\/wp-content\/uploads\/2016\/03\/selection-18-page-001.jpg)\">\n\t\t\t\t\t\t\t\t\t<\/div>\n\t\t\t\t<\/a>\t\t\t<\/div>\n\n\t\t\t<a href=\"https:\/\/jpa67.fr\/fr\/nos-actions\/la-campagne-eleves-solidaires\/campagne-de-solidarite\/\" class=\"link-title\" >\t\t\t<h4 >Campagne de solidarit\u00e9<\/h4>\t\t\t<\/a>\n\t\t\t<p class=\"text\" >Pour qui tous les enfants puissent partir en colo ! Le fruit de cette collecte sert \u00e0 aider les jeunes de milieux d\u00e9favoris\u00e9s ou en situation de handicap \u00e0 partir en colonies de vacances.<\/p>\t\t\t\t\t\t\t<a href=\"https:\/\/jpa67.fr\/fr\/nos-actions\/la-campagne-eleves-solidaires\/campagne-de-solidarite\/\" class=\"more-button\" >En savoir plus... <i><\/i><\/a>\n\t\t\t\t\t<\/div>\n\t\t<\/div><\/div><div id=\"pgc-23-0-1\"  class=\"panel-grid-cell\" ><div id=\"panel-23-0-1-0\" class=\"so-panel widget widget_circleicon-widget panel-first-child\" data-index=\"2\" >\t\t<div class=\"circle-icon-box circle-icon-position-top circle-icon-hide-box circle-icon-size-large\">\n\t\t\t<div class=\"circle-icon-wrapper\">\n\t\t\t\t<a href=\"http:\/\/jpa67.fr\/fr\/nos-actions\/les-colonies-de-vacances\/\" class=\"link-icon\" >\t\t\t\t<div class=\"circle-icon icon-style-set\" style=\"background-image: url(http:\/\/jpa67.fr\/fr\/wp-content\/uploads\/2016\/03\/children-911286_1920.jpg)\">\n\t\t\t\t\t\t\t\t\t<\/div>\n\t\t\t\t<\/a>\t\t\t<\/div>\n\n\t\t\t<a href=\"http:\/\/jpa67.fr\/fr\/nos-actions\/les-colonies-de-vacances\/\" class=\"link-title\" >\t\t\t<h4 >Colonies de Vacances<\/h4>\t\t\t<\/a>\n\t\t\t<p class=\"text\" >Les colos, c\u2019est bon pour grandir ! Pour tous les jeunes, les s\u00e9jours en colos sont une occasion de s\u2019ouvrir aux autres, d\u2019assumer la vie en groupe et de d\u00e9couvrir d\u2019autres activit\u00e9s.<\/p>\t\t\t\t\t\t\t<a href=\"http:\/\/jpa67.fr\/fr\/nos-actions\/les-colonies-de-vacances\/\" class=\"more-button\" >En savoir plus... <i><\/i><\/a>\n\t\t\t\t\t<\/div>\n\t\t<\/div><div id=\"panel-23-0-1-1\" class=\"so-panel widget widget_circleicon-widget panel-last-child\" data-index=\"3\" >\t\t<div class=\"circle-icon-box circle-icon-position-top circle-icon-hide-box circle-icon-size-large\">\n\t\t\t<div class=\"circle-icon-wrapper\">\n\t\t\t\t<a href=\"http:\/\/jpa67.fr\/fr\/nos-actions\/centre-ressources-enfance-jeunesse-et-handicap\/\" class=\"link-icon\" >\t\t\t\t<div class=\"circle-icon icon-style-set\" style=\"background-image: url(http:\/\/jpa67.fr\/fr\/wp-content\/uploads\/2016\/03\/disability-224133_1920.jpg)\">\n\t\t\t\t\t\t\t\t\t<\/div>\n\t\t\t\t<\/a>\t\t\t<\/div>\n\n\t\t\t<a href=\"http:\/\/jpa67.fr\/fr\/nos-actions\/centre-ressources-enfance-jeunesse-et-handicap\/\" class=\"link-title\" >\t\t\t<h4 >Centre Ressources Enfance-Jeunesse &#038; Handicap<\/h4>\t\t\t<\/a>\n\t\t\t<p class=\"text\" >Comme les autres enfants et avec eux !  La Jeunesse au Plein Air agit pour que les enfants handicap\u00e9s puissent b\u00e9n\u00e9ficier avec les autres de s\u00e9jours de vacances et de loisirs.<\/p>\t\t\t\t\t\t\t<a href=\"http:\/\/jpa67.fr\/fr\/nos-actions\/centre-ressources-enfance-jeunesse-et-handicap\/\" class=\"more-button\" >En savoir plus... <i><\/i><\/a>\n\t\t\t\t\t<\/div>\n\t\t<\/div><\/div><\/div><div id=\"pg-23-1\"  class=\"panel-grid panel-no-style\" ><div id=\"pgc-23-1-0\"  class=\"panel-grid-cell\" ><div id=\"panel-23-1-0-0\" class=\"so-panel widget widget_sow-headline panel-first-child\" data-index=\"4\" ><div\n\t\t\t\n\t\t\tclass=\"so-widget-sow-headline so-widget-sow-headline-default-b8371c6f7489-23\"\n\t\t\t\n\t\t><div class=\"sow-headline-container \">\n\t\t\t\t\t\t\t<h1 class=\"sow-headline\">\n\t\t\t\t\t\tDes aides financi\u00e8res , pour qui, pour quoi ?\t\t\t\t\t\t<\/h1>\n\t\t\t\t\t\t\t\t\t\t\t<div class=\"decoration\">\n\t\t\t\t\t\t<div class=\"decoration-inside\"><\/div>\n\t\t\t\t\t<\/div>\n\t\t\t\t\t\t\t\t\t\t\t<h5 class=\"sow-sub-headline\">\n\t\t\t\t\t\tLa Jeunesse au Plein accorde des aides pour permettre \u00e0 des enfants menac\u00e9s d'exclusion de participer \u00e0 des offres de s\u00e9jours collectifs : classes de d\u00e9couvertes, voyages scolaires, s\u00e9jours sportifs ou linguistiques, d\u00e9parts en colonies de vacances.\t\t\t\t\t\t<\/h5>\n\t\t\t\t\t\t<\/div>\n<\/div><\/div><div id=\"panel-23-1-0-1\" class=\"so-panel widget widget_sow-button panel-last-child\" data-index=\"5\" ><div\n\t\t\t\n\t\t\tclass=\"so-widget-sow-button so-widget-sow-button-flat-772df800dab9-23\"\n\t\t\t\n\t\t><div class=\"ow-button-base ow-button-align-center\">\n\t<a\n\thref=\"http:\/\/jpa67.fr\/fr\/wp-content\/uploads\/2016\/04\/Aides_JPA_2014.pdf\"\n\t\tclass=\"ow-icon-placement-left ow-button-hover\" \t>\n\t\t<span>\n\t\t\t<span class=\"sow-icon-fontawesome sow-fas\" data-sow-icon=\"&#xf200;\"\n\t\tstyle=\"\" \n\t\taria-hidden=\"true\"><\/span>\n\t\t\tConsulter le tableau r\u00e9capitulatif des aides\t\t<\/span>\n\t<\/a>\n<\/div>\n<\/div><\/div><\/div><\/div><\/div>","protected":false},"excerpt":{"rendered":"<p>Classes de d\u00e9couvertes Apprendre ailleurs et autrement Lorsque l\u2019\u00e9cole se fait ailleurs et autrement, les enfants posent d\u2019autres questions, d\u00e9couvrent [&hellip;]<\/p>\n","protected":false},"author":1,"featured_media":0,"parent":0,"menu_order":0,"comment_status":"closed","ping_status":"closed","template":"","meta":{"spay_email":""},"jetpack_sharing_enabled":true,"jetpack_shortlink":"https:\/\/wp.me\/P7mWfa-n","jetpack-related-posts":[{"id":1081,"url":"http:\/\/jpa67.fr\/fr\/nos-actions\/centre-ressources-enfance-jeunesse-et-handicap\/","url_meta":{"origin":23,"position":0},"title":"Centre Ressources Enfance-Jeunesse et Handicap","date":"25 janvier 2018","format":false,"excerpt":"Nos Actions 07 71 22 87 70 loisirs.handicap@jpa67.fr","rel":"","context":"Article similaire","img":{"alt_text":"","src":"","width":0,"height":0},"classes":[]},{"id":1880,"url":"http:\/\/jpa67.fr\/fr\/nos-actions\/centre-ressources-enfance-jeunesse-et-handicap\/les-ressources-disponibles\/livres-pedagogiques\/","url_meta":{"origin":23,"position":1},"title":"Livres p\u00e9dagogiques","date":"22 ao\u00fbt 2018","format":false,"excerpt":"Retrouvez ci-dessous notre collection de livres rang\u00e9e par cat\u00e9gories. \u00a0","rel":"","context":"Article similaire","img":{"alt_text":"","src":"","width":0,"height":0},"classes":[]},{"id":2501,"url":"http:\/\/jpa67.fr\/fr\/nos-actions\/centre-ressources-enfance-jeunesse-et-handicap\/les-ressources-familles\/","url_meta":{"origin":23,"position":2},"title":"les ressources familles","date":"9 avril 2020","format":false,"excerpt":"Retrouvez ci-dessous l'ensemble des ressources propos\u00e9es par\u00a0le Centre Ressources Enfance-Jeunesse & Handicap de la JPA67. \u00a0","rel":"","context":"Article similaire","img":{"alt_text":"","src":"","width":0,"height":0},"classes":[]},{"id":1451,"url":"http:\/\/jpa67.fr\/fr\/nos-actions\/centre-ressources-enfance-jeunesse-et-handicap\/informations-et-manifestations\/","url_meta":{"origin":23,"position":3},"title":"Informations et manifestations","date":"10 juillet 2018","format":false,"excerpt":"","rel":"","context":"Article similaire","img":{"alt_text":"","src":"","width":0,"height":0},"classes":[]},{"id":1723,"url":"http:\/\/jpa67.fr\/fr\/nos-actions\/centre-ressources-enfance-jeunesse-et-handicap\/les-ressources-disponibles\/fichiers-documentaires-brochures-affiches\/","url_meta":{"origin":23,"position":4},"title":"Fichiers documentaires &#8211; brochures &#8211; affiches","date":"20 ao\u00fbt 2018","format":false,"excerpt":"","rel":"","context":"Article similaire","img":{"alt_text":"","src":"","width":0,"height":0},"classes":[]},{"id":1648,"url":"http:\/\/jpa67.fr\/fr\/nos-actions\/centre-ressources-enfance-jeunesse-et-handicap\/les-ressources-disponibles\/","url_meta":{"origin":23,"position":5},"title":"Les ressources disponibles","date":"20 ao\u00fbt 2018","format":false,"excerpt":"Retrouvez ci-dessous l'ensemble des ressources propos\u00e9es par\u00a0le Centre Ressources Enfance-Jeunesse & Handicap de la JPA67. \u00a0 Comment sensibiliser au handicap ? Comment changer les regards ? Comment faciliter l'accueil des enfants en situation de handicap dans le milieu ordinaire ? En empruntant cette malle, vous pourrez r\u00e9pondre \u00e0 ces questions.\u00a0D\u00e9couvrez-en\u2026","rel":"","context":"Article similaire","img":{"alt_text":"","src":"","width":0,"height":0},"classes":[]}],"_links":{"self":[{"href":"http:\/\/jpa67.fr\/fr\/wp-json\/wp\/v2\/pages\/23"}],"collection":[{"href":"http:\/\/jpa67.fr\/fr\/wp-json\/wp\/v2\/pages"}],"about":[{"href":"http:\/\/jpa67.fr\/fr\/wp-json\/wp\/v2\/types\/page"}],"author":[{"embeddable":true,"href":"http:\/\/jpa67.fr\/fr\/wp-json\/wp\/v2\/users\/1"}],"replies":[{"embeddable":true,"href":"http:\/\/jpa67.fr\/fr\/wp-json\/wp\/v2\/comments?post=23"}],"version-history":[{"count":18,"href":"http:\/\/jpa67.fr\/fr\/wp-json\/wp\/v2\/pages\/23\/revisions"}],"predecessor-version":[{"id":3048,"href":"http:\/\/jpa67.fr\/fr\/wp-json\/wp\/v2\/pages\/23\/revisions\/3048"}],"wp:attachment":[{"href":"http:\/\/jpa67.fr\/fr\/wp-json\/wp\/v2\/media?parent=23"}],"curies":[{"name":"wp","href":"https:\/\/api.w.org\/{rel}","templated":true}]}}