{"id":26,"date":"2016-03-04T08:53:12","date_gmt":"2016-03-04T07:53:12","guid":{"rendered":"http:\/\/jpa67.fr\/fr\/?page_id=26"},"modified":"2026-05-05T17:55:08","modified_gmt":"2026-05-05T16:55:08","slug":"contacts","status":"publish","type":"page","link":"http:\/\/jpa67.fr\/fr\/contacts\/","title":{"rendered":"Contacts"},"content":{"rendered":"<div id=\"pl-26\"  class=\"panel-layout\" ><div id=\"pg-26-0\"  class=\"panel-grid panel-no-style\" ><div id=\"pgc-26-0-0\"  class=\"panel-grid-cell\" ><div id=\"panel-26-0-0-0\" class=\"so-panel widget widget_sow-editor panel-first-child panel-last-child\" data-index=\"0\" ><div\n\t\t\t\n\t\t\tclass=\"so-widget-sow-editor so-widget-sow-editor-base\"\n\t\t\t\n\t\t>\n<div class=\"siteorigin-widget-tinymce textwidget\">\n\t<h3>Coordonn\u00e9es<\/h3>\n<h4><strong>La Jeunesse au Plein Air<br \/>\ndu Bas-Rhin<\/strong><\/h4>\n<p>Pr\u00e9sident : Patrick REEB<br \/>\nSecr\u00e9taire g\u00e9n\u00e9ral\u00a0: Georges Gunsett<\/p>\n<p>120 rue Tobias Stimmer<br \/>\nImmeuble Kepler<br \/>\n67400 Illkirch-Graffenstaden<\/p>\n<p>Mail : <a href=\"mailto:jpa67@jpa.asso.fr\">jpa67@jpa.asso.fr<\/a><\/p>\n<p><strong>Vacances (bourses)<\/strong><br \/>\nGeorges GUNSETT<br \/>\nT\u00e9l. : 06 76 28 44 91<br \/>\nMail : <a href=\"mailto:jpa67.aides@gmail.com\">jpa67.aides@gmail.com<\/a><\/p>\n<p><strong>Classes de D\u00e9couvertes<\/strong><br \/>\nPlus de correspondant dans le Bas-Rhin<\/p>\n<p><a href=\"https:\/\/jpa.asso.fr\/aides-au-depart-en-classe-de-decouvertes\/\">AIDE AU DEPART<\/a><\/p>\n<p>&nbsp;<\/p>\n<\/div>\n<\/div><\/div><\/div><div id=\"pgc-26-0-1\"  class=\"panel-grid-cell\" ><div id=\"panel-26-0-1-0\" class=\"so-panel widget widget_sow-google-map panel-first-child\" data-index=\"1\" ><div\n\t\t\t\n\t\t\tclass=\"so-widget-sow-google-map so-widget-sow-google-map-default-d7002f2c271f-26\"\n\t\t\t\n\t\t>\n<div class=\"sow-google-map-canvas\"\n\tstyle=\"\"\n\tid=\"map-canvas-e7cfabbc66763ec5f05bb705e7b5ef6b\"\n\tdata-options=\"{&quot;address&quot;:&quot;15 rue de l&#039;Industrie, Illkirch-Graffenstaden, France&quot;,&quot;zoom&quot;:13,&quot;mobileZoom&quot;:13,&quot;gestureHandling&quot;:&quot;greedy&quot;,&quot;disableUi&quot;:false,&quot;markerIcon&quot;:&quot;&quot;,&quot;markersDraggable&quot;:false,&quot;markerAtCenter&quot;:true,&quot;markerInfoDisplay&quot;:&quot;click&quot;,&quot;markerInfoMultiple&quot;:true,&quot;markerPositions&quot;:&quot;&quot;,&quot;mapName&quot;:&quot;&quot;,&quot;mapStyles&quot;:&quot;&quot;,&quot;directions&quot;:&quot;&quot;,&quot;apiKey&quot;:&quot;&quot;,&quot;breakpoint&quot;:&quot;780&quot;}\"\n\tdata-fallback-image=\"{&quot;img&quot;:&quot;&quot;}\"><\/div>\n<\/div><\/div><div id=\"panel-26-0-1-1\" class=\"so-panel widget widget_sow-contact-form panel-last-child\" data-index=\"2\" ><div\n\t\t\t\n\t\t\tclass=\"so-widget-sow-contact-form so-widget-sow-contact-form-default-f3e9b12147eb-26\"\n\t\t\t\n\t\t><h3 class=\"widget-title\">Nous contacter<\/h3>\t<form\n\t\taction=\"\/fr\/wp-json\/wp\/v2\/pages\/26\"\n\t\tmethod=\"POST\"\n\t\tclass=\"sow-contact-form\"\n\t\tid=\"contact-form-f4a7\"\n\t>\n\n\t\t\n\t\t\t\t\t<div class=\"sow-form-field sow-form-field-name\">\n\t\t\t\t<label class=\"sow-form-field-label-above\" for=\"sow-contact-form-field-votre-nom-56dfd0401a142\">\n\t\t\t\t<strong>\n\t\t\t\t\tVotre nom\t\t\t\t\t\t\t\t\t<\/strong>\n\t\t\t<\/label>\n\t\t\t\t\t\t\t<span class=\"sow-field-container\">\n\t\t\t\t\t\t\t<input\n\t\t\ttype=\"text\"\n\t\t\tname=\"votre-nom-56dfd0401a142\"\n\t\t\tid=\"sow-contact-form-field-votre-nom-56dfd0401a142\"\n\t\t\tvalue=\"\"\n\t\t\tclass=\"sow-text-field\"\n\t\t\t\t\t\/>\n\t\t\t\t\t\t<\/span>\n\t\t\t\t\t\t\t<\/div>\n\t\t\t\t\t\t<div class=\"sow-form-field sow-form-field-email\">\n\t\t\t\t<label class=\"sow-form-field-label-above\" for=\"sow-contact-form-field-votre-adresse-mail-56dfd0401a142\">\n\t\t\t\t<strong>\n\t\t\t\t\tVotre adresse mail\t\t\t\t\t\t\t\t\t<\/strong>\n\t\t\t<\/label>\n\t\t\t\t\t\t\t<span class=\"sow-field-container\">\n\t\t\t\t\t\t\t<input\n\t\t\ttype=\"email\"\n\t\t\tname=\"votre-adresse-mail-56dfd0401a142\"\n\t\t\tid=\"sow-contact-form-field-votre-adresse-mail-56dfd0401a142\"\n\t\t\tvalue=\"\"\n\t\t\tclass=\"sow-text-field\"\t\t\t\t\t\t\t\t\/>\n\t\t\t\t\t\t<\/span>\n\t\t\t\t\t\t\t<\/div>\n\t\t\t\t\t\t<div class=\"sow-form-field sow-form-field-subject\">\n\t\t\t\t<label class=\"sow-form-field-label-above\" for=\"sow-contact-form-field-sujet-de-votre-demande-56dfd0401a142\">\n\t\t\t\t<strong>\n\t\t\t\t\tSujet de votre demande\t\t\t\t\t\t\t\t\t<\/strong>\n\t\t\t<\/label>\n\t\t\t\t\t\t\t<span class=\"sow-field-container\">\n\t\t\t\t\t\t\t<input\n\t\t\ttype=\"text\"\n\t\t\tname=\"sujet-de-votre-demande-56dfd0401a142\"\n\t\t\tid=\"sow-contact-form-field-sujet-de-votre-demande-56dfd0401a142\"\n\t\t\tvalue=\"\"\n\t\t\tclass=\"sow-text-field\"\n\t\t\t\t\t\t\t\t\/>\n\t\t\t\t\t\t<\/span>\n\t\t\t\t\t\t\t<\/div>\n\t\t\t\t\t\t<div class=\"sow-form-field sow-form-field-textarea\">\n\t\t\t\t<label class=\"sow-form-field-label-above\" for=\"sow-contact-form-field-votre-message-56dfd0401a142\">\n\t\t\t\t<strong>\n\t\t\t\t\tVotre message\t\t\t\t\t\t\t\t\t<\/strong>\n\t\t\t<\/label>\n\t\t\t\t\t\t\t<span class=\"sow-field-container\">\n\t\t\t\t\t\t\t<textarea\n\t\t\tname=\"votre-message-56dfd0401a142\"\n\t\t\tid=\"sow-contact-form-field-votre-message-56dfd0401a142\"\n\t\t\trows=\"10\"\n\t\t\t\t\t\t\t\t><\/textarea>\n\t\t\t\t\t\t<\/span>\n\t\t\t\t\t\t\t<\/div>\n\t\t\t\n\t\t\n\t\t<div class=\"sow-submit-wrapper sow-submit-styled\">\n\n\t\t\t<button\n\t\t\t\ttype=\"submit\"\n\t\t\t\tclass=\"sow-submit\"\n\t\t\t\t\t\t\t>\n\t\t\t\tEnvoyer\t\t\t<\/button>\n\t\t<\/div>\n\t\t\t\t<input type=\"hidden\" name=\"instance_hash\" value=\"f4a7f19d1bb361288462e5dd96160c1a\" \/>\n\t\t<input type=\"hidden\" id=\"_wpnonce\" name=\"_wpnonce\" value=\"8c7f149028\" \/><input type=\"hidden\" name=\"_wp_http_referer\" value=\"\/fr\/wp-json\/wp\/v2\/pages\/26\" \/>\t<\/form>\n\t<\/div><\/div><\/div><\/div><\/div>","protected":false},"excerpt":{"rendered":"<p>Coordonn\u00e9es La Jeunesse au Plein Air du Bas-Rhin Pr\u00e9sident : Patrick REEB Secr\u00e9taire g\u00e9n\u00e9ral\u00a0: Georges Gunsett 120 rue Tobias Stimmer [&hellip;]<\/p>\n","protected":false},"author":1,"featured_media":0,"parent":0,"menu_order":0,"comment_status":"closed","ping_status":"closed","template":"templates\/template-full-notitle.php","meta":{"spay_email":""},"jetpack_sharing_enabled":true,"jetpack_shortlink":"https:\/\/wp.me\/P7mWfa-q","jetpack-related-posts":[{"id":1958,"url":"http:\/\/jpa67.fr\/fr\/nos-actions\/centre-ressources-enfance-jeunesse-et-handicap\/les-ressources-disponibles\/livres-pedagogiques\/collection-la-bande-a-ed\/","url_meta":{"origin":26,"position":0},"title":"Collection \u00ab\u00a0La bande \u00e0 Ed\u00a0\u00bb","date":"22 ao\u00fbt 2018","format":false,"excerpt":"La Bande \u00e0 Ed - Tome 1 - Georges GRARD - 05 janvier 2007 Ed est un handicap\u00e9 moteur. Il vit dans une cit\u00e9 avec comme copains quelques \u00ab bras-cass\u00e9s \u00bb et Katty, son amoureuse. On le suit dans son quotidien qui d\u00e9borde d\u2019humanisme et d\u2019humour. La Bande \u00e0 Ed\u2026","rel":"","context":"Article similaire","img":{"alt_text":"","src":"","width":0,"height":0},"classes":[]},{"id":2960,"url":"http:\/\/jpa67.fr\/fr\/mentions-legales\/","url_meta":{"origin":26,"position":1},"title":"Mentions l\u00e9gales","date":"31 ao\u00fbt 2022","format":false,"excerpt":"Conform\u00e9ment aux dispositions des Articles 6-III et 19 de la Loi n\u00b02004-575 du 21 juin 2004 pour la Confiance dans l\u2019\u00e9conomie num\u00e9rique, dite L.C.E.N., il est port\u00e9 \u00e0 la connaissance des utilisateurs et visiteurs, ci-apr\u00e8s l' \"Utilisateur\", du site www.jpa67.fr\/ , ci-apr\u00e8s le \"Site\", les pr\u00e9sentes mentions l\u00e9gales. La connexion\u2026","rel":"","context":"Article similaire","img":{"alt_text":"","src":"","width":0,"height":0},"classes":[]},{"id":3050,"url":"http:\/\/jpa67.fr\/fr\/nos-volontaires-service-civique\/","url_meta":{"origin":26,"position":2},"title":"Nos volontaires service civique","date":"24 mars 2025","format":false,"excerpt":"Nos service civique \u00e0 la Jeunesse au Plein Air (JPA) m\u00e8ne des actions de sensibilisation \u00e0 la solidarit\u00e9 et \u00e0 l\u2019acc\u00e8s aux vacances pour tous les enfants. Nos interventions en classe, principalement aupr\u00e8s des CM1 et CM2, visent \u00e0 faire r\u00e9fl\u00e9chir les \u00e9l\u00e8ves sur les in\u00e9galit\u00e9s en mati\u00e8re de d\u00e9parts\u2026","rel":"","context":"Article similaire","img":{"alt_text":"","src":"https:\/\/i0.wp.com\/jpa67.fr\/fr\/wp-content\/uploads\/2025\/03\/solidarite-1.jpg?resize=350%2C200&ssl=1","width":350,"height":200},"classes":[]}],"_links":{"self":[{"href":"http:\/\/jpa67.fr\/fr\/wp-json\/wp\/v2\/pages\/26"}],"collection":[{"href":"http:\/\/jpa67.fr\/fr\/wp-json\/wp\/v2\/pages"}],"about":[{"href":"http:\/\/jpa67.fr\/fr\/wp-json\/wp\/v2\/types\/page"}],"author":[{"embeddable":true,"href":"http:\/\/jpa67.fr\/fr\/wp-json\/wp\/v2\/users\/1"}],"replies":[{"embeddable":true,"href":"http:\/\/jpa67.fr\/fr\/wp-json\/wp\/v2\/comments?post=26"}],"version-history":[{"count":57,"href":"http:\/\/jpa67.fr\/fr\/wp-json\/wp\/v2\/pages\/26\/revisions"}],"predecessor-version":[{"id":3078,"href":"http:\/\/jpa67.fr\/fr\/wp-json\/wp\/v2\/pages\/26\/revisions\/3078"}],"wp:attachment":[{"href":"http:\/\/jpa67.fr\/fr\/wp-json\/wp\/v2\/media?parent=26"}],"curies":[{"name":"wp","href":"https:\/\/api.w.org\/{rel}","templated":true}]}}