{"id":2960,"date":"2022-08-31T14:20:09","date_gmt":"2022-08-31T13:20:09","guid":{"rendered":"http:\/\/jpa67.fr\/fr\/?page_id=2960"},"modified":"2022-09-02T14:34:15","modified_gmt":"2022-09-02T13:34:15","slug":"mentions-legales","status":"publish","type":"page","link":"http:\/\/jpa67.fr\/fr\/mentions-legales\/","title":{"rendered":"Mentions l\u00e9gales"},"content":{"rendered":"\n<p>Conform\u00e9ment aux dispositions des Articles 6-III et 19 de la Loi n\u00b02004-575 du 21 juin 2004 pour la Confiance dans l\u2019\u00e9conomie num\u00e9rique, dite L.C.E.N., il est port\u00e9 \u00e0 la connaissance des utilisateurs et visiteurs, ci-apr\u00e8s l&rsquo; \u00ab\u00a0Utilisateur\u00a0\u00bb, du site www.jpa67.fr\/ , ci-apr\u00e8s le \u00ab\u00a0Site\u00a0\u00bb, les pr\u00e9sentes mentions l\u00e9gales.<\/p>\n\n\n\n<p>La connexion et la navigation sur le Site par l\u2019Utilisateur implique acceptation int\u00e9grale et sans r\u00e9serve des pr\u00e9sentes mentions l\u00e9gales.<\/p>\n\n\n\n<p><strong>ARTICLE 1 &#8211; L&rsquo;EDITEUR<\/strong><\/p>\n\n\n\n<p>L&rsquo;\u00e9dition du Site est assur\u00e9e par Jeunesse au Plein Air du Bas-Rhin association, immatricul\u00e9e au Tribunal de grandes instances d\u2019Illkirch-Graffenstaden sous le num\u00e9ro \u00a050873280700021, dont le si\u00e8ge social est situ\u00e9: Immeuble Kepler, 120 rue Tobias Stimmer 67400 Illkirch-Graffenstaden,<\/p>\n\n\n\n<p>Adresse e-mail : <a href=\"mailto:jpa67@free.fr\">jpa67@free.fr<\/a><\/p>\n\n\n\n<p>Le Directeur de la publication est le pr\u00e9sident de la JPA67 ci-apr\u00e8s nomm\u00e9 l&rsquo; \u00ab\u00a0Editeur\u00a0\u00bb.<\/p>\n\n\n\n<p><strong>ARTICLE 2 &#8211; L&rsquo;HEBERGEUR<\/strong><\/p>\n\n\n\n<p>L&rsquo;h\u00e9bergeur du Site est la soci\u00e9t\u00e9 OVH, dont le si\u00e8ge social est situ\u00e9 au SAS , 2 rue Kellermann &#8211; 59100 Roubaix \u2013 France<\/p>\n\n\n\n<p><strong>&nbsp;<\/strong><strong>ARTICLE 3 &#8211; ACCES AU SITE www.jpa67.fr<\/strong><\/p>\n\n\n\n<p>Le Site est accessible en tout endroit, 7j\/7, 24h\/24 sauf cas de force majeure, interruption programm\u00e9e ou non et pouvant d\u00e9coulant d\u2019une n\u00e9cessit\u00e9 de maintenance.<\/p>\n\n\n\n<p>En cas de modification, interruption ou suspension du Site, l&rsquo;Editeur ne saurait \u00eatre tenu responsable.<\/p>\n\n\n\n<p><strong>ARTICLE 4 &#8211; COLLECTE DES DONNEES<\/strong><\/p>\n\n\n\n<p>Le Site assure \u00e0 l&rsquo;Utilisateur une collecte et un traitement d&rsquo;informations personnelles dans le respect de la vie priv\u00e9e conform\u00e9ment \u00e0 la loi n\u00b078-17 du 6 janvier 1978 relative \u00e0 l&rsquo;informatique, aux fichiers et aux libert\u00e9s.<\/p>\n\n\n\n<p>En vertu de la loi Informatique et Libert\u00e9s, en date du 6 janvier 1978, l&rsquo;Utilisateur dispose d&rsquo;un droit d&rsquo;acc\u00e8s, de rectification, de suppression et d&rsquo;opposition de ses donn\u00e9es personnelles. L&rsquo;Utilisateur exerce ce droit :<\/p>\n\n\n\n<ul><li>par mail \u00e0 l&rsquo;adresse email: &nbsp;&nbsp;<a href=\"mailto:communication@jpa67.fr\">communication@jpa67.fr<\/a><\/li><\/ul>\n\n\n\n<p><strong>ARTICLE 5 &#8211; R\u00c9GLEMENTATION G\u00c9N\u00c9RALE DE LA PRTECTION DES DONN\u00c9ES (RGPD)<\/strong><\/p>\n\n\n\n<p>Le site internet\u00a0<a href=\"https:\/\/jpa67.fr\/\">https:\/\/jpa67.fr\/<\/a>\u00a0respecte la r\u00e9glementation RGPD entr\u00e9e en vigueur le 25 mai 2018. Nous indiquons aux utilisateurs de ce site que les donn\u00e9es collect\u00e9es sont\u00a0:<\/p>\n\n\n\n<ul><li>Les donn\u00e9es de navigation : navigateur, syst\u00e8me d&rsquo;exploitation, type de support, pays ou localisation, adresse IP.<\/li><\/ul>\n\n\n\n<ul><li>Les donn\u00e9es des formulaires de contact ne sont utilis\u00e9es que pour les r\u00e9ponses aux messages.<\/li><\/ul>\n\n\n\n<p>Nous n\u2019utilisons pas vos donn\u00e9es \u00e0 d\u2019autres fins.<\/p>\n\n\n\n<p><strong>ARTICLE 6 &#8211; RESPECT DE LA PROPRI\u00c9T\u00c9 INTELLECTUELLE ET DROIT A L&rsquo;IMAGE<\/strong><\/p>\n\n\n\n<p>Toute utilisation, reproduction, diffusion, commercialisation, modification de toute ou partie du Site, sans autorisation de l\u2019Editeur est prohib\u00e9e et pourra entra\u00eener des actions et poursuites judiciaires telles que notamment pr\u00e9vues par le Code de la propri\u00e9t\u00e9 intellectuelle et le Code civil.<\/p>\n\n\n\n<p>Les images et photos utilis\u00e9es sont libres de droit ou l\u2019\u00e9diteur est d\u00e9tenteur des droits.<\/p>\n","protected":false},"excerpt":{"rendered":"<p>Conform\u00e9ment aux dispositions des Articles 6-III et 19 de la Loi n\u00b02004-575 du 21 juin 2004 pour la Confiance dans [&hellip;]<\/p>\n","protected":false},"author":3,"featured_media":0,"parent":0,"menu_order":0,"comment_status":"closed","ping_status":"closed","template":"","meta":{"spay_email":""},"jetpack_sharing_enabled":true,"jetpack_shortlink":"https:\/\/wp.me\/P7mWfa-LK","jetpack-related-posts":[{"id":26,"url":"http:\/\/jpa67.fr\/fr\/contacts\/","url_meta":{"origin":2960,"position":0},"title":"Contacts","date":"4 mars 2016","format":false,"excerpt":"Coordonn\u00e9es La Jeunesse au Plein Air du Bas-Rhin Pr\u00e9sident : Patrick REEB Secr\u00e9taire g\u00e9n\u00e9ral\u00a0: Georges Gunsett 120 rue Tobias Stimmer Immeuble Kepler 67400 Illkirch-Graffenstaden Mail : jpa67@jpa.asso.fr Vacances (bourses) Georges GUNSETT T\u00e9l. : 06 76 28 44 91 Mail : jpa67.aides@gmail.com Classes de D\u00e9couvertes Plus de correspondant dans le Bas-Rhin\u2026","rel":"","context":"Article similaire","img":{"alt_text":"","src":"","width":0,"height":0},"classes":[]},{"id":1648,"url":"http:\/\/jpa67.fr\/fr\/nos-actions\/centre-ressources-enfance-jeunesse-et-handicap\/les-ressources-disponibles\/","url_meta":{"origin":2960,"position":1},"title":"Les ressources disponibles","date":"20 ao\u00fbt 2018","format":false,"excerpt":"Retrouvez ci-dessous l'ensemble des ressources propos\u00e9es par\u00a0le Centre Ressources Enfance-Jeunesse & Handicap de la JPA67. \u00a0 Comment sensibiliser au handicap ? Comment changer les regards ? Comment faciliter l'accueil des enfants en situation de handicap dans le milieu ordinaire ? En empruntant cette malle, vous pourrez r\u00e9pondre \u00e0 ces questions.\u00a0D\u00e9couvrez-en\u2026","rel":"","context":"Article similaire","img":{"alt_text":"","src":"","width":0,"height":0},"classes":[]},{"id":695,"url":"http:\/\/jpa67.fr\/fr\/nos-actions\/centre-ressources-enfance-jeunesse-et-handicap\/les-ateliers-dinformation-et-de-sensibilisation-sur-laccueil-dun-enfant-en-situation-de-handicap-dans-les-centres-de-loisirs-et-les-periscolaires\/","url_meta":{"origin":2960,"position":2},"title":"Des ateliers d&rsquo;information et de sensibilisation sur l&rsquo;accueil des enfants en situation de handicap dans les centres de loisirs et les p\u00e9riscolaires","date":"18 octobre 2016","format":false,"excerpt":"Ces ateliers sont r\u00e9serv\u00e9s aux professionnels et sont propos\u00e9s dans tout le Bas-Rhin. Cliquez ici pour nous informer des dates o\u00f9 vous \u00eates disponible Pour d\u00e9couvrir les bonnes solutions, des s\u00e9ances gratuites de 2 heures, dans vos locaux. Le Centre Ressource Enfance-Jeunesse & Handicap port\u00e9 par la Jeunesse au Plein\u2026","rel":"","context":"Article similaire","img":{"alt_text":"","src":"https:\/\/i0.wp.com\/jpa67.fr\/fr\/wp-content\/uploads\/2016\/10\/Nathan-IMG_7055-300x200.jpg?resize=350%2C200","width":350,"height":200},"classes":[]},{"id":211,"url":"http:\/\/jpa67.fr\/fr\/nos-actions\/centre-ressources-enfance-jeunesse-et-handicap-ancien\/les-missions-du-centre-ressources-enfance-jeunesse-et-handicap\/","url_meta":{"origin":2960,"position":3},"title":"Les missions du Centre Ressources Enfance-Jeunesse et Handicap","date":"13 mai 2016","format":false,"excerpt":"Le Centre Ressources Enfance-Jeunesse & Handicap a pour objectif et pour mission de faciliter la r\u00e9alisation du projet de vie de l\u2019enfant en situation de handicap dans les accueils de loisirs, les colonies de vacances, les activit\u00e9s sportives, culturelles\u2026 Il est au service des enfants, de leurs parents, et des\u2026","rel":"","context":"Article similaire","img":{"alt_text":"","src":"","width":0,"height":0},"classes":[]},{"id":20,"url":"http:\/\/jpa67.fr\/fr\/la-confederation\/","url_meta":{"origin":2960,"position":4},"title":"La Conf\u00e9d\u00e9ration","date":"4 mars 2016","format":false,"excerpt":"La Jeunesse au Plein Air du Bas-Rhin relaie les actions nationales de la JPA et propose des actions sp\u00e9cifiques dans le Bas-Rhin : le Centre Ressources Enfance-Jeunesse & Handicap et des manifestations en faveur des colonies de vacances. La Jeunesse au Plein Air est\u00a0partenaire des actions \u00e9ducatives de l\u2019\u00e9cole. Le\u2026","rel":"","context":"Article similaire","img":{"alt_text":"","src":"","width":0,"height":0},"classes":[]},{"id":1132,"url":"http:\/\/jpa67.fr\/fr\/nos-actions\/centre-ressources-enfance-jeunesse-et-handicap\/aide-a-linclusion\/","url_meta":{"origin":2960,"position":5},"title":"Aide \u00e0 l&rsquo;inclusion","date":"26 janvier 2018","format":false,"excerpt":"\u00a0 LE CADRE L\u00c9GAL ET NOTRE D\u00c9MARCHE Le droit aux loisirs est inscrit dans la Convention Internationale des Droits de l\u2019Enfant (article 31). Depuis le 30 juin 1975, le droit aux vacances et aux loisirs pour les personnes en situation de handicap est reconnu par la loi fran\u00e7aise. Pourtant, organisateurs,\u2026","rel":"","context":"Article similaire","img":{"alt_text":"","src":"","width":0,"height":0},"classes":[]}],"_links":{"self":[{"href":"http:\/\/jpa67.fr\/fr\/wp-json\/wp\/v2\/pages\/2960"}],"collection":[{"href":"http:\/\/jpa67.fr\/fr\/wp-json\/wp\/v2\/pages"}],"about":[{"href":"http:\/\/jpa67.fr\/fr\/wp-json\/wp\/v2\/types\/page"}],"author":[{"embeddable":true,"href":"http:\/\/jpa67.fr\/fr\/wp-json\/wp\/v2\/users\/3"}],"replies":[{"embeddable":true,"href":"http:\/\/jpa67.fr\/fr\/wp-json\/wp\/v2\/comments?post=2960"}],"version-history":[{"count":10,"href":"http:\/\/jpa67.fr\/fr\/wp-json\/wp\/v2\/pages\/2960\/revisions"}],"predecessor-version":[{"id":2977,"href":"http:\/\/jpa67.fr\/fr\/wp-json\/wp\/v2\/pages\/2960\/revisions\/2977"}],"wp:attachment":[{"href":"http:\/\/jpa67.fr\/fr\/wp-json\/wp\/v2\/media?parent=2960"}],"curies":[{"name":"wp","href":"https:\/\/api.w.org\/{rel}","templated":true}]}}