{"id":3050,"date":"2025-03-24T10:29:19","date_gmt":"2025-03-24T09:29:19","guid":{"rendered":"https:\/\/jpa67.fr\/fr\/?page_id=3050"},"modified":"2025-03-24T11:43:21","modified_gmt":"2025-03-24T10:43:21","slug":"nos-volontaires-service-civique","status":"publish","type":"page","link":"http:\/\/jpa67.fr\/fr\/nos-volontaires-service-civique\/","title":{"rendered":"Nos volontaires service civique"},"content":{"rendered":"\n<p>Nos service civique \u00e0 la Jeunesse au Plein Air (JPA) m\u00e8ne des actions de sensibilisation \u00e0 la solidarit\u00e9 et \u00e0 l\u2019acc\u00e8s aux vacances pour tous les enfants. Nos interventions en classe, principalement aupr\u00e8s des CM1 et CM2, visent \u00e0 faire r\u00e9fl\u00e9chir les \u00e9l\u00e8ves sur les in\u00e9galit\u00e9s en mati\u00e8re de d\u00e9parts en vacances et sur l\u2019importance de la solidarit\u00e9.<\/p>\n\n\n\n<h3><strong>D\u00e9roulement des interventions :<\/strong><\/h3>\n\n\n\n<p>Nous commen\u00e7ons par une activit\u00e9 participative o\u00f9 les \u00e9l\u00e8ves analysent des \u0153uvres artistiques li\u00e9es \u00e0 la solidarit\u00e9 (comme celles de Keith Haring et Maguy) afin de susciter un \u00e9change sur leurs perceptions et leurs repr\u00e9sentations de l\u2019entraide. Ensuite, ils r\u00e9alisent une production artistique collective, favorisant l\u2019expression de leur propre vision de la solidarit\u00e9. Ces activit\u00e9s permettent d\u2019aboutir \u00e0 une d\u00e9finition commune et \u00e0 une meilleure compr\u00e9hension de la notion de solidarit\u00e9.<\/p>\n\n\n\n<figure class=\"wp-block-jetpack-image-compare\"><div class=\"juxtapose\" data-mode=\"horizontal\"><img loading=\"lazy\" id=\"3062\" src=\"https:\/\/jpa67.fr\/fr\/wp-content\/uploads\/2025\/03\/solidarite-1.jpg\" alt=\"\" width=\"1920\" height=\"1080\" class=\"image-compare__image-before\"\/><img loading=\"lazy\" id=\"3063\" src=\"https:\/\/jpa67.fr\/fr\/wp-content\/uploads\/2025\/03\/Solidarite-2.jpg\" alt=\"\" width=\"2000\" height=\"1414\" class=\"image-compare__image-after\"\/><\/div><\/figure>\n\n\n\n<h3><strong>Objectifs et impact :<\/strong><\/h3>\n\n\n\n<p>L\u2019objectif est de sensibiliser les \u00e9l\u00e8ves aux valeurs de solidarit\u00e9 et d\u2019engagement citoyen tout en leur pr\u00e9sentant les actions de la JPA. Nous expliquons comment notre association aide \u00e0 financer des s\u00e9jours pour les enfants qui ne peuvent pas partir en vacances, et nous encourageons les classes \u00e0 s\u2019impliquer dans des projets solidaires.<\/p>\n\n\n\n<h3><strong>Lien avec les familles et les \u00e9coles :<\/strong><\/h3>\n\n\n\n<p>\u00c0 l\u2019issue de chaque intervention, nous transmettons un mail \u00e0 l\u2019\u00e9tablissement et proposons d\u2019\u00e9changer avec les repr\u00e9sentants des parents d\u2019\u00e9l\u00e8ves ou l\u2019association des parents. L\u2019objectif est d\u2019explorer des possibilit\u00e9s d\u2019actions solidaires, comme la participation \u00e0 notre campagne de dons ou la mise en place d\u2019un projet collectif au sein de l\u2019\u00e9cole.<\/p>\n\n\n\n<p>En r\u00e9sum\u00e9, nos actions \u00e0 la JPA permettent non seulement de sensibiliser les \u00e9l\u00e8ves, mais aussi de cr\u00e9er des dynamiques solidaires impliquant toute la communaut\u00e9 \u00e9ducative.<\/p>\n\n\n\n<hr class=\"wp-block-separator has-text-color has-background has-cyan-bluish-gray-background-color has-cyan-bluish-gray-color is-style-wide\"\/>\n\n\n\n<p class=\"has-medium-font-size\"><strong>Liste des \u00e9tablissements visit\u00e9es :<\/strong><\/p>\n\n\n\n<ul><li>Ecole \u00e9l\u00e9mentaire publique Jean-Baptiste Schwilgu\u00e9<\/li><li>Ecole primaire Louvois<\/li><li>Ecole primaire Saint Jean<\/li><li>Ecole \u00e9l\u00e9mentaire Meinau<\/li><li>Ecole primaire de la Gare<\/li><li>Ecole primaire El\u00e9onore<\/li><li>Ecole primaire Jacqueline<\/li><li>Ecole primaire publique Marcelle Cahn<\/li><li>Ecole primaire Le Schloessel<\/li><li>Ecole primaire Les Vergers<\/li><li>Ecole primaire Nord<\/li><li>Ecole \u00e9l\u00e9mentaire Groupe Scolaire Paul Langevin<\/li><li>Ecole \u00e9l\u00e9mentaire du Rosenmeer<\/li><li>\u00c9cole \u00e9l\u00e9mentaire des Tilleuls<\/li><li>\u00c9cole primaire \u00e0 Ernolsheim-Bruche<\/li><li>Et d&rsquo;autres &#8230;<\/li><\/ul>\n\n\n\n<p><\/p>\n\n\n\n<p>Nous contacter :<\/p>\n\n\n\n<div itemprop=\"location\" itemscope itemtype=\"http:\/\/schema.org\/Organization\" class=\"wp-block-jetpack-contact-info\">\n<div class=\"wp-block-jetpack-email\"><a itemprop=\"email\" href=\"mailto:jeunesseaupleinair67@gmail.com\">jeunesseaupleinair67@gmail.com<\/a><\/div>\n\n\n\n\n<\/div>\n\n\n\n<p><\/p>\n","protected":false},"excerpt":{"rendered":"<p>Nos service civique \u00e0 la Jeunesse au Plein Air (JPA) m\u00e8ne des actions de sensibilisation \u00e0 la solidarit\u00e9 et \u00e0 [&hellip;]<\/p>\n","protected":false},"author":4,"featured_media":0,"parent":0,"menu_order":0,"comment_status":"closed","ping_status":"closed","template":"","meta":{"spay_email":""},"jetpack_sharing_enabled":true,"jetpack_shortlink":"https:\/\/wp.me\/P7mWfa-Nc","jetpack-related-posts":[{"id":34,"url":"http:\/\/jpa67.fr\/fr\/nos-actions\/la-campagne-eleves-solidaires\/","url_meta":{"origin":3050,"position":0},"title":"La Campagne de Solidarit\u00e9 2018","date":"4 mars 2016","format":false,"excerpt":"Pour que tous les enfants puissent partir en colo\u00a0! Le fruit de cette collecte sert \u00e0 aider les enfants et les jeunes de milieux d\u00e9favoris\u00e9s ou en situation de handicap \u00e0 partir en colonies de vacances. Qu'est-ce que la Campagne de Solidarit\u00e9 de la JPA ? Une action de solidarit\u00e9\u2026","rel":"","context":"Article similaire","img":{"alt_text":"","src":"https:\/\/i0.wp.com\/jpa67.fr\/fr\/wp-content\/uploads\/2016\/03\/selection-18-page-001-200x300.jpg?resize=350%2C200","width":350,"height":200},"classes":[]},{"id":123,"url":"http:\/\/jpa67.fr\/fr\/nos-actions\/la-campagne-eleves-solidaires\/campagne-de-solidarite\/","url_meta":{"origin":3050,"position":1},"title":"Campagnes de Solidarit\u00e9","date":"22 mars 2016","format":false,"excerpt":"Lancement de la campagne de solidarit\u00e9 le 10 Mars 2025 , au sein de l\u2019\u00e9tablissement Lezay Marn\u00e9sia \u00e0 Strasbourg La campagne d'\u00e9ducation \u00e0 la solidarit\u00e9 et \u00e0 la citoyennet\u00e9 est lanc\u00e9e dans le Bas-Rhin !Lundi, au coll\u00e8ge Lezay Marn\u00e9sia, le Comit\u00e9 d\u00e9partemental JPA a organis\u00e9 le lancement local de notre\u00a0campagne\u2026","rel":"","context":"Article similaire","img":{"alt_text":"","src":"https:\/\/i0.wp.com\/jpa67.fr\/fr\/wp-content\/uploads\/2025\/03\/IMG_20250310_141238-1-scaled.jpg?resize=350%2C200","width":350,"height":200},"classes":[]},{"id":144,"url":"http:\/\/jpa67.fr\/fr\/nos-actions\/la-presse-en-parle\/","url_meta":{"origin":3050,"position":2},"title":"La presse en parle&#8230;","date":"22 mars 2016","format":false,"excerpt":"Retrouvez tous\u00a0les articles que la presse consacre \u00e0 nos activit\u00e9s. Pour consulter nos dossiers de presse et nos communiqu\u00e9s, rendez-vous sur la page Documents t\u00e9l\u00e9chargeables Revue\u00a0de presse Mes ann\u00e9es en colos (DNA, 28-01-2018) L'association Jeunesse au Plein Air du Bas-Rhin a lanc\u00e9 sa Campagne de Solidarit\u00e9 2018.\u00a0Lire l'article Comme un\u2026","rel":"","context":"Article similaire","img":{"alt_text":"","src":"","width":0,"height":0},"classes":[]},{"id":20,"url":"http:\/\/jpa67.fr\/fr\/la-confederation\/","url_meta":{"origin":3050,"position":3},"title":"La Conf\u00e9d\u00e9ration","date":"4 mars 2016","format":false,"excerpt":"La Jeunesse au Plein Air du Bas-Rhin relaie les actions nationales de la JPA et propose des actions sp\u00e9cifiques dans le Bas-Rhin : le Centre Ressources Enfance-Jeunesse & Handicap et des manifestations en faveur des colonies de vacances. La Jeunesse au Plein Air est\u00a0partenaire des actions \u00e9ducatives de l\u2019\u00e9cole. Le\u2026","rel":"","context":"Article similaire","img":{"alt_text":"","src":"","width":0,"height":0},"classes":[]},{"id":211,"url":"http:\/\/jpa67.fr\/fr\/nos-actions\/centre-ressources-enfance-jeunesse-et-handicap-ancien\/les-missions-du-centre-ressources-enfance-jeunesse-et-handicap\/","url_meta":{"origin":3050,"position":4},"title":"Les missions du Centre Ressources Enfance-Jeunesse et Handicap","date":"13 mai 2016","format":false,"excerpt":"Le Centre Ressources Enfance-Jeunesse & Handicap a pour objectif et pour mission de faciliter la r\u00e9alisation du projet de vie de l\u2019enfant en situation de handicap dans les accueils de loisirs, les colonies de vacances, les activit\u00e9s sportives, culturelles\u2026 Il est au service des enfants, de leurs parents, et des\u2026","rel":"","context":"Article similaire","img":{"alt_text":"","src":"","width":0,"height":0},"classes":[]},{"id":1132,"url":"http:\/\/jpa67.fr\/fr\/nos-actions\/centre-ressources-enfance-jeunesse-et-handicap\/aide-a-linclusion\/","url_meta":{"origin":3050,"position":5},"title":"Aide \u00e0 l&rsquo;inclusion","date":"26 janvier 2018","format":false,"excerpt":"\u00a0 LE CADRE L\u00c9GAL ET NOTRE D\u00c9MARCHE Le droit aux loisirs est inscrit dans la Convention Internationale des Droits de l\u2019Enfant (article 31). Depuis le 30 juin 1975, le droit aux vacances et aux loisirs pour les personnes en situation de handicap est reconnu par la loi fran\u00e7aise. Pourtant, organisateurs,\u2026","rel":"","context":"Article similaire","img":{"alt_text":"","src":"","width":0,"height":0},"classes":[]}],"_links":{"self":[{"href":"http:\/\/jpa67.fr\/fr\/wp-json\/wp\/v2\/pages\/3050"}],"collection":[{"href":"http:\/\/jpa67.fr\/fr\/wp-json\/wp\/v2\/pages"}],"about":[{"href":"http:\/\/jpa67.fr\/fr\/wp-json\/wp\/v2\/types\/page"}],"author":[{"embeddable":true,"href":"http:\/\/jpa67.fr\/fr\/wp-json\/wp\/v2\/users\/4"}],"replies":[{"embeddable":true,"href":"http:\/\/jpa67.fr\/fr\/wp-json\/wp\/v2\/comments?post=3050"}],"version-history":[{"count":6,"href":"http:\/\/jpa67.fr\/fr\/wp-json\/wp\/v2\/pages\/3050\/revisions"}],"predecessor-version":[{"id":3068,"href":"http:\/\/jpa67.fr\/fr\/wp-json\/wp\/v2\/pages\/3050\/revisions\/3068"}],"wp:attachment":[{"href":"http:\/\/jpa67.fr\/fr\/wp-json\/wp\/v2\/media?parent=3050"}],"curies":[{"name":"wp","href":"https:\/\/api.w.org\/{rel}","templated":true}]}}