{"id":31,"date":"2016-03-04T11:00:54","date_gmt":"2016-03-04T10:00:54","guid":{"rendered":"http:\/\/jpa67.fr\/fr\/?page_id=31"},"modified":"2025-01-06T11:18:07","modified_gmt":"2025-01-06T10:18:07","slug":"les-classes-de-decouvertes","status":"publish","type":"page","link":"http:\/\/jpa67.fr\/fr\/nos-actions\/les-classes-de-decouvertes\/","title":{"rendered":"Les Classes de D\u00e9couvertes et les voyages scolaires"},"content":{"rendered":"<blockquote>\n<h5><strong>Apprendre ailleurs et autrement<\/strong><br \/>\nLorsque l&rsquo;\u00e9cole se fait ailleurs et autrement, les enfants posent d&rsquo;autres questions, d\u00e9couvrent et comprennent le monde qui les entoure.<\/h5>\n<\/blockquote>\n<hr \/>\n<div id=\"attachment_581\" style=\"width: 310px\" class=\"wp-caption alignright\"><a href=\"http:\/\/jpa67.fr\/fr\/wp-content\/uploads\/2016\/09\/Fotolia_6748035_XS.jpg\"><img aria-describedby=\"caption-attachment-581\" loading=\"lazy\" class=\"wp-image-581 size-medium\" src=\"http:\/\/jpa67.fr\/fr\/wp-content\/uploads\/2016\/09\/Fotolia_6748035_XS-300x224.jpg\" alt=\"D\u00e9couverte de la nature\" width=\"300\" height=\"224\" \/><\/a><p id=\"caption-attachment-581\" class=\"wp-caption-text\">D\u00e9couverte de la nature : un objectif important<\/p><\/div>\n<h3>Un bel outil p\u00e9dagogique !<\/h3>\n<p>Les classes de d\u00e9couvertes et les voyages scolaires offrent\u00a0des apports p\u00e9dagogiques tr\u00e8s riches :<\/p>\n<ul>\n<li>Vous stimulez la curiosit\u00e9 de vos \u00e9l\u00e8ves.<\/li>\n<li>Votre travail p\u00e9dagogique s\u2019appuie sur des exp\u00e9riences concr\u00e8tes.<\/li>\n<li>Vous disposez de temps pour le travail en autonomie.<\/li>\n<li>Vous exp\u00e9rimentez des outils dont vous ne disposez pas d\u2019habitude.<\/li>\n<li>Vous resserrez les liens d\u2019amiti\u00e9, valorisez le respect des personnes et des biens.<\/li>\n<li>Vous b\u00e9n\u00e9ficiez de la comp\u00e9tence d\u2019intervenants ext\u00e9rieurs.<\/li>\n<li>Vous vivez ensemble un moment intense\u00a0et inoubliable.<\/li>\n<\/ul>\n<hr \/>\n<h3>Obtenir une aide gr\u00e2ce au dispositif JPA- ANCV<\/h3>\n<p>La JPA a conclu un partenariat avec l&rsquo;ANCV (Agence Nationale pour les Ch\u00e8ques-Vacances) pour permettre \u00e0 un maximum d&rsquo;\u00e9l\u00e8ves de participer aux classes de d\u00e9couvertes et aux voyages scolaires. Les r\u00e8gles sont en grande partie fix\u00e9es par l&rsquo;ANCV et sont l\u00e9g\u00e8rement modifi\u00e9es chaque ann\u00e9e .<\/p>\n<p>Pour en savoir plus, consultez <a href=\"http:\/\/www.jpa.asso.fr\/enseignants\/\">le site national<\/a> de la JPA<\/p>\n<p>Pour savoir quelles aides vous pouvez obtenir, t\u00e9l\u00e9charger ce document :<br \/>\n<a href=\"http:\/\/jpa67.fr\/fr\/wp-content\/uploads\/2016\/04\/Aides_CDD_2015_2016.pdf\">Classes de D\u00e9couvertes &#8211;\u00a0Quels financements pour les \u00e9coles ?<\/a><\/p>\n<hr \/>\n<h3>Comment faire participer les enfants en situation de handicap aux classes de d\u00e9couvertes?<\/h3>\n<p><strong>Les modalit\u00e9s de participation de ces enfants sont d\u00e9finies par l&rsquo;\u00e9quipe de suivi de la scolarisation (ESS) qui a pour mission de veiller \u00e0 l&rsquo;organisation et au suivi du projet personnalis\u00e9 de scolarisation de l&rsquo;enfant.<\/strong><\/p>\n<p>Pour les classes de d\u00e9couvertes, la pr\u00e9paration du s\u00e9jour peut comporter deux temps.<\/p>\n<p><strong>Pour la plupart des enfants<\/strong>, il suffira de d\u00e9finir les aides humaines et mat\u00e9rielles n\u00e9cessaires pour compenser le handicap : par exemple un accompagnateur et le co\u00fbt qu&rsquo;il engendre.<\/p>\n<p><strong>Pour des enfants qui souffrent d&rsquo;une pathologie plus lourde<\/strong>, il sera n\u00e9cessaire de mettre en place un protocole de soins, en s&rsquo;appuyant sur l&rsquo;\u00e9quipe m\u00e9dicale du lieu d&rsquo;accueil, qui se mettra en relation avec celle qui suit l&rsquo;enfant au quotidien (Sessad, h\u00f4pital de jour&#8230;).<\/p>\n<hr \/>\n<h3>Les Centres d\u2019accueil des Classes de d\u00e9couvertes<\/h3>\n<p><strong>Les centres de la JPA 67<\/strong> :<\/p>\n<ul>\n<li><a href=\"http:\/\/www.aos-haguenau.com\/\">Les Aliziers Centre de Classes musicales\u00a0<\/a>(57850 La Hoube)<\/li>\n<li><a href=\"https:\/\/www.hihostels.com\/hostels\/strasbourg-2-rives\">Auberge de Jeunesse des Deux Rives<\/a>\u00a0( 67 000 Strasbourg)<\/li>\n<li><a href=\"http:\/\/www.centre-belair.fr\/\">Centre Permanent Bel Air\u00a0<\/a>(88210 LE SAULCY)<\/li>\n<li><a href=\"http:\/\/www.peplaroche.fr\/\">Centre Permanent P.E.P.<\/a>\u00a0La Roche (68140 Stosswihr)<\/li>\n<li><a href=\"http:\/\/www.pepalsace.fr\/\">La Chaume<\/a>\u00a0(68370 ORBEY)<\/li>\n<li><a href=\"http:\/\/www.pepalsace.fr\/\">La Renardi\u00e8re<\/a>\u00a0(68150 AUBURE)<\/li>\n<\/ul>\n<p><strong>Les autres centres<\/strong> :<\/p>\n<ul>\n<li><a href=\"http:\/\/www.alter-ego.org\/\">Alter-Ego<\/a>\u00a0(67130 Grendelbruch)<\/li>\n<li><a href=\"http:\/\/www.floessplatz.eu\/\">Centre d&rsquo;accueil et d&rsquo;Animation\u00a0<\/a>(67190 Mollkirch)<\/li>\n<li><a href=\"http:\/\/agr-fscf.fr\/\">Centre d&rsquo;Accueil \u00ab\u00a0LES SAPINS\u00a0\u00bb<\/a>\u00a0(67130 Belmont)<\/li>\n<li><a href=\"http:\/\/www.levallon.asso.fr\/\">Centre du Vallon<\/a>\u00a0(68370 Orbey)<\/li>\n<li><a href=\"http:\/\/www.amis-nature.org\/spip.php?article230\">Chalet auberge des Amis de la nature<\/a>\u00a0( 67130 FRECONRUPT)<\/li>\n<li><a href=\"http:\/\/www.lavieenvert.fr\/\">Ethic \u00e9tapes La vie en vert\u00a0<\/a>(67330 NEUWILLER LES SAVERNE)<\/li>\n<li><a href=\"http:\/\/laclaquette.fai.free.fr\/\">FAI CISVB Centre international de s\u00e9jour de la Vall\u00e9e de la Bruche\u00a0<\/a>(67570 La Claquette)<\/li>\n<li><a href=\"http:\/\/lescecoignels.blogspot.com\/\">Les Cecoignels (centre \u00e9questre)<\/a>\u00a0(67440 Jetterswiller)<\/li>\n<li><a href=\"http:\/\/www.maisoneauriviere.fr\/\">Maison de l\u2019Eau et de la Rivi\u00e8re\u00a0<\/a>(67290 Frohmuhl)<\/li>\n<li><a href=\"http:\/\/www.maisonnaturemutt.org\/\">Maison de la Nature du Ried et de l&rsquo;Alsace centrale\u00a0<\/a>(67600 Muttersholtz)<\/li>\n<\/ul>\n<p>T\u00e9l\u00e9chargez\u00a0<a href=\"http:\/\/jpa67.fr\/joomla\/DOCUMENTS_JPA\/CDD\/2015\/Centres%20_accueil_CDD.pdf\">la liste compl\u00e8te<\/a>\u00a0des centres en pdf, avec tous les d\u00e9tails.<\/p>\n<hr \/>\n<h3>Informations compl\u00e9mentaires<\/h3>\n<p>Le cadre administratif :<\/p>\n<ul>\n<li>La\u00a0<a href=\"http:\/\/www.education.gouv.fr\/bo\/2005\/2\/MENE0402921C.htm\">circulaire du 13 janvier 2005<\/a>\u00a0n\u00b02005-001<\/li>\n<li><a href=\"http:\/\/www.jpa67.fr\/joomla\/DOCUMENTS_JPA\/CDD\/circ_san_2006.pdf\">La Circulaire de l&rsquo;inspection acad\u00e9mique<\/a><\/li>\n<\/ul>\n<p>Consulter\u00a0la revue de la JPA,\u00a0<a href=\"http:\/\/jpa.asso.fr\/index2.php?goto=revue_CDD\">Sp\u00e9cial Classes de d\u00e9couvertes<\/a><\/p>\n","protected":false},"excerpt":{"rendered":"<p>Apprendre ailleurs et autrement Lorsque l&rsquo;\u00e9cole se fait ailleurs et autrement, les enfants posent d&rsquo;autres questions, d\u00e9couvrent et comprennent le [&hellip;]<\/p>\n","protected":false},"author":1,"featured_media":0,"parent":23,"menu_order":0,"comment_status":"closed","ping_status":"closed","template":"","meta":{"spay_email":""},"jetpack_sharing_enabled":true,"jetpack_shortlink":"https:\/\/wp.me\/P7mWfa-v","jetpack-related-posts":[{"id":34,"url":"http:\/\/jpa67.fr\/fr\/nos-actions\/la-campagne-eleves-solidaires\/","url_meta":{"origin":31,"position":0},"title":"La Campagne de Solidarit\u00e9 2018","date":"4 mars 2016","format":false,"excerpt":"Pour que tous les enfants puissent partir en colo\u00a0! Le fruit de cette collecte sert \u00e0 aider les enfants et les jeunes de milieux d\u00e9favoris\u00e9s ou en situation de handicap \u00e0 partir en colonies de vacances. Qu'est-ce que la Campagne de Solidarit\u00e9 de la JPA ? Une action de solidarit\u00e9\u2026","rel":"","context":"Article similaire","img":{"alt_text":"","src":"https:\/\/i0.wp.com\/jpa67.fr\/fr\/wp-content\/uploads\/2016\/03\/selection-18-page-001-200x300.jpg?resize=350%2C200","width":350,"height":200},"classes":[]},{"id":695,"url":"http:\/\/jpa67.fr\/fr\/nos-actions\/centre-ressources-enfance-jeunesse-et-handicap\/les-ateliers-dinformation-et-de-sensibilisation-sur-laccueil-dun-enfant-en-situation-de-handicap-dans-les-centres-de-loisirs-et-les-periscolaires\/","url_meta":{"origin":31,"position":1},"title":"Des ateliers d&rsquo;information et de sensibilisation sur l&rsquo;accueil des enfants en situation de handicap dans les centres de loisirs et les p\u00e9riscolaires","date":"18 octobre 2016","format":false,"excerpt":"Ces ateliers sont r\u00e9serv\u00e9s aux professionnels et sont propos\u00e9s dans tout le Bas-Rhin. Cliquez ici pour nous informer des dates o\u00f9 vous \u00eates disponible Pour d\u00e9couvrir les bonnes solutions, des s\u00e9ances gratuites de 2 heures, dans vos locaux. Le Centre Ressource Enfance-Jeunesse & Handicap port\u00e9 par la Jeunesse au Plein\u2026","rel":"","context":"Article similaire","img":{"alt_text":"","src":"https:\/\/i0.wp.com\/jpa67.fr\/fr\/wp-content\/uploads\/2016\/10\/Nathan-IMG_7055-300x200.jpg?resize=350%2C200","width":350,"height":200},"classes":[]},{"id":1936,"url":"http:\/\/jpa67.fr\/fr\/nos-actions\/centre-ressources-enfance-jeunesse-et-handicap\/les-ressources-disponibles\/livres-pedagogiques\/a-destination-des-animateurs-directeurs-organisateurs-enseignants\/","url_meta":{"origin":31,"position":2},"title":"A destination des animateurs, directeurs, organisateurs, enseignants, &#8230;","date":"22 ao\u00fbt 2018","format":false,"excerpt":"63 activit\u00e9s pour s\u2019amuser et progresser - Sarah Duboi - Fr\u00e9d\u00e9rick Delorme - Handicap international (15 juin 2010) Cet ouvrage pratique vous propose 63 exercices con\u00e7us en partenariat avec des kin\u00e9sith\u00e9rapeutes, ergoth\u00e9rapeutes et \u00e9ducateurs sportifs. Objectif : aider l\u2019enfant \u00e0 gagner en autonomie, quelles que soient ses difficult\u00e9s. Des pictos\u2026","rel":"","context":"Article similaire","img":{"alt_text":"","src":"","width":0,"height":0},"classes":[]},{"id":1648,"url":"http:\/\/jpa67.fr\/fr\/nos-actions\/centre-ressources-enfance-jeunesse-et-handicap\/les-ressources-disponibles\/","url_meta":{"origin":31,"position":3},"title":"Les ressources disponibles","date":"20 ao\u00fbt 2018","format":false,"excerpt":"Retrouvez ci-dessous l'ensemble des ressources propos\u00e9es par\u00a0le Centre Ressources Enfance-Jeunesse & Handicap de la JPA67. \u00a0 Comment sensibiliser au handicap ? Comment changer les regards ? Comment faciliter l'accueil des enfants en situation de handicap dans le milieu ordinaire ? En empruntant cette malle, vous pourrez r\u00e9pondre \u00e0 ces questions.\u00a0D\u00e9couvrez-en\u2026","rel":"","context":"Article similaire","img":{"alt_text":"","src":"","width":0,"height":0},"classes":[]},{"id":20,"url":"http:\/\/jpa67.fr\/fr\/la-confederation\/","url_meta":{"origin":31,"position":4},"title":"La Conf\u00e9d\u00e9ration","date":"4 mars 2016","format":false,"excerpt":"La Jeunesse au Plein Air du Bas-Rhin relaie les actions nationales de la JPA et propose des actions sp\u00e9cifiques dans le Bas-Rhin : le Centre Ressources Enfance-Jeunesse & Handicap et des manifestations en faveur des colonies de vacances. La Jeunesse au Plein Air est\u00a0partenaire des actions \u00e9ducatives de l\u2019\u00e9cole. Le\u2026","rel":"","context":"Article similaire","img":{"alt_text":"","src":"","width":0,"height":0},"classes":[]},{"id":1718,"url":"http:\/\/jpa67.fr\/fr\/nos-actions\/centre-ressources-enfance-jeunesse-et-handicap\/les-ressources-disponibles\/videos-pedagogiques\/","url_meta":{"origin":31,"position":5},"title":"Jeux \/ Jouets","date":"20 ao\u00fbt 2018","format":false,"excerpt":"Mallette KESKI Handicap Un jeu pour faire \u00e9voluer le regard sur le handicap et d\u00e9velopper des attitudes plus justes en ad\u00e9quation avec les attentes et les besoins des personnes en situation de handicap. La cl\u00e9 des Dys - KESKI Un jeu de 40 cartes approchant tous les troubles DYS :\u2026","rel":"","context":"Article similaire","img":{"alt_text":"","src":"","width":0,"height":0},"classes":[]}],"_links":{"self":[{"href":"http:\/\/jpa67.fr\/fr\/wp-json\/wp\/v2\/pages\/31"}],"collection":[{"href":"http:\/\/jpa67.fr\/fr\/wp-json\/wp\/v2\/pages"}],"about":[{"href":"http:\/\/jpa67.fr\/fr\/wp-json\/wp\/v2\/types\/page"}],"author":[{"embeddable":true,"href":"http:\/\/jpa67.fr\/fr\/wp-json\/wp\/v2\/users\/1"}],"replies":[{"embeddable":true,"href":"http:\/\/jpa67.fr\/fr\/wp-json\/wp\/v2\/comments?post=31"}],"version-history":[{"count":30,"href":"http:\/\/jpa67.fr\/fr\/wp-json\/wp\/v2\/pages\/31\/revisions"}],"predecessor-version":[{"id":3034,"href":"http:\/\/jpa67.fr\/fr\/wp-json\/wp\/v2\/pages\/31\/revisions\/3034"}],"up":[{"embeddable":true,"href":"http:\/\/jpa67.fr\/fr\/wp-json\/wp\/v2\/pages\/23"}],"wp:attachment":[{"href":"http:\/\/jpa67.fr\/fr\/wp-json\/wp\/v2\/media?parent=31"}],"curies":[{"name":"wp","href":"https:\/\/api.w.org\/{rel}","templated":true}]}}