{"id":695,"date":"2016-10-18T09:29:57","date_gmt":"2016-10-18T08:29:57","guid":{"rendered":"http:\/\/jpa67.fr\/fr\/?page_id=695"},"modified":"2019-01-31T10:33:06","modified_gmt":"2019-01-31T09:33:06","slug":"les-ateliers-dinformation-et-de-sensibilisation-sur-laccueil-dun-enfant-en-situation-de-handicap-dans-les-centres-de-loisirs-et-les-periscolaires","status":"publish","type":"page","link":"http:\/\/jpa67.fr\/fr\/nos-actions\/centre-ressources-enfance-jeunesse-et-handicap\/les-ateliers-dinformation-et-de-sensibilisation-sur-laccueil-dun-enfant-en-situation-de-handicap-dans-les-centres-de-loisirs-et-les-periscolaires\/","title":{"rendered":"Des ateliers d&rsquo;information et de sensibilisation sur l&rsquo;accueil des enfants en situation de handicap dans les centres de loisirs et les p\u00e9riscolaires"},"content":{"rendered":"<p style=\"text-align: center;\">Ces ateliers sont r\u00e9serv\u00e9s aux professionnels et sont propos\u00e9s dans tout le Bas-Rhin.<\/p>\n<h4 style=\"text-align: center;\">Cliquez ici<a href=\"http:\/\/wp.me\/P7mWfa-bF\"> pour nous informer des dates o\u00f9 vous \u00eates disponible<\/a><\/h4>\n<h4><strong>Pour d\u00e9couvrir les bonnes solutions, des s\u00e9ances gratuites de 2 heures, dans vos locaux.<br \/>\n<\/strong><\/h4>\n<p>Le Centre Ressource Enfance-Jeunesse &amp; Handicap port\u00e9 par la Jeunesse au Plein Air du Bas-Rhin vous propose, <strong>dans vos locaux, des ateliers gratuits<\/strong> de deux heures, gr\u00e2ce \u00e0 un financement de la CAF 67, pour r\u00e9pondre aux interrogations des \u00e9quipes d\u2019animation afin de faciliter l\u2019accueil d\u2019enfants en situation de handicap. Une occasion pour votre \u00e9quipe de prendre la parole et de d\u00e9couvrir les bonnes solutions.<\/p>\n<h4><strong>Surmonter les craintes <\/strong><\/h4>\n<p>L\u2019accueil d\u2019un enfant en situation de handicap peut susciter des craintes\u00a0: on a peur que les animateurs manquent des comp\u00e9tences n\u00e9cessaires, de ne pas savoir comment r\u00e9agir, de provoquer un afflux de demandes, de devoir faire face \u00e0 un surcro\u00eet de travail.<\/p>\n<p>Ces peurs proviennent le plus souvent de l\u2019id\u00e9e qu\u2019on se fait de la situation et aussi d\u2019un manque d\u2019exp\u00e9rience en la mati\u00e8re.<\/p>\n<h4><strong>Nous vous proposons 2 modules de sensibilisation au choix :<\/strong><\/h4>\n<h5><\/h5>\n<h1 class=\"wp-menu-arrow\"><strong>Pr\u00e9parer sa structure \u00e0 l\u2019accueil d\u2019enfant en situation de handicap<\/strong><\/h1>\n<p>L\u2019accueil d\u2019enfant en situation de handicap peut soulever diff\u00e9rentes questions\u00a0:<\/p>\n<p>Comment former mon \u00e9quipe\u00a0?, Comment compenser les besoins sp\u00e9cifiques de l\u2019enfant\u00a0?, \u2026<\/p>\n<p>Pour vous aider \u00e0 y r\u00e9pondre, le Centre Ressources Enfance-Jeunesse &amp; Handicap propose une s\u00e9ance de sensibilisation dans laquelle nous verrons\u00a0:<\/p>\n<ul>\n<li>Quelles aides et comment les obtenir\u00a0?\n<ul>\n<li>Les aides l\u00e9gales,<img loading=\"lazy\" class=\"alignright wp-image-704 size-medium\" src=\"http:\/\/jpa67.fr\/fr\/wp-content\/uploads\/2016\/10\/Nathan-IMG_7055-300x200.jpg\" alt=\"nathan-img_7055\" width=\"300\" height=\"200\" srcset=\"http:\/\/jpa67.fr\/fr\/wp-content\/uploads\/2016\/10\/Nathan-IMG_7055-300x200.jpg 300w, http:\/\/jpa67.fr\/fr\/wp-content\/uploads\/2016\/10\/Nathan-IMG_7055-768x512.jpg 768w, http:\/\/jpa67.fr\/fr\/wp-content\/uploads\/2016\/10\/Nathan-IMG_7055-1024x683.jpg 1024w, http:\/\/jpa67.fr\/fr\/wp-content\/uploads\/2016\/10\/Nathan-IMG_7055-272x182.jpg 272w, http:\/\/jpa67.fr\/fr\/wp-content\/uploads\/2016\/10\/Nathan-IMG_7055.jpg 1600w\" sizes=\"(max-width: 300px) 100vw, 300px\" \/><\/li>\n<li>Les aides extral\u00e9gales,<\/li>\n<li>Qui peut en b\u00e9n\u00e9ficier\u00a0?<\/li>\n<\/ul>\n<\/li>\n<li>Comment mieux connaitre l\u2019enfant afin de trouver les bonnes compensations \u00e0 mettre en place.\n<ul>\n<li>Utiliser la fiche d\u2019inscription,<\/li>\n<li>Pr\u00e9voir un Projet d\u2019Accueil<\/li>\n<\/ul>\n<\/li>\n<li>Comment rentrer dans une d\u00e9marche d\u2019inclusion depuis le projet p\u00e9dagogique jusqu\u2019au d\u00e9roulement de l\u2019accueil \u2026<\/li>\n<li>Prendre en compte la dimension \u00ab\u00a0parents\u00a0\u00bb en amont de l\u2019accueil,Vers o\u00f9\/qui diriger les familles pour d\u2019\u00e9ventuelles aides au financement,\n<ul>\n<li>L\u2019impact du refus sur la vie de famille,<\/li>\n<\/ul>\n<\/li>\n<\/ul>\n<p><strong><u>Objectifs\u00a0: <\/u><\/strong><\/p>\n<ul>\n<li>Rendre sa structure \u00ab\u00a0inclusive\u00a0\u00bb,<\/li>\n<li>Pr\u00e9parer l\u2019accueil des parents,<\/li>\n<li>Connaitre les diff\u00e9rents leviers d\u2019aides \u00e0 l\u2019accueil d\u2019enfant en situation de handicap<\/li>\n<\/ul>\n<h1 class=\"wp-menu-arrow\"><strong>Adapter sa pratique \u00e0 l\u2019accueil d\u2019enfant en situation de handicap<\/strong><\/h1>\n<p>Le but de cette s\u00e9ance est de prendre conscience de ce que sont le handicap et l\u2019inclusion.<\/p>\n<ul>\n<li>Qu\u2019est-ce que le handicap\u00a0?\n<ul>\n<li>Les diff\u00e9rents types,<\/li>\n<li>Les sp\u00e9cificit\u00e9s<\/li>\n<\/ul>\n<\/li>\n<li>Comment r\u00e9agir face \u00e0 un enfant en situation de handicap\n<ul>\n<li>Adapter sa posture,<\/li>\n<li><img loading=\"lazy\" class=\"alignright wp-image-706 size-medium\" src=\"http:\/\/jpa67.fr\/fr\/wp-content\/uploads\/2016\/10\/Gen\u00e9vriers_IMG_8305-300x228.jpg\" alt=\"genevriers_img_8305\" width=\"300\" height=\"228\" srcset=\"http:\/\/jpa67.fr\/fr\/wp-content\/uploads\/2016\/10\/Gen\u00e9vriers_IMG_8305-300x228.jpg 300w, http:\/\/jpa67.fr\/fr\/wp-content\/uploads\/2016\/10\/Gen\u00e9vriers_IMG_8305-768x584.jpg 768w, http:\/\/jpa67.fr\/fr\/wp-content\/uploads\/2016\/10\/Gen\u00e9vriers_IMG_8305-1024x779.jpg 1024w, http:\/\/jpa67.fr\/fr\/wp-content\/uploads\/2016\/10\/Gen\u00e9vriers_IMG_8305.jpg 1600w\" sizes=\"(max-width: 300px) 100vw, 300px\" \/>Utilisation d\u2019outils adapt\u00e9s,<\/li>\n<\/ul>\n<\/li>\n<\/ul>\n<p>Les participants seront amen\u00e9s \u00e0 exp\u00e9rimenter, par le biais de mises en situation, \u00e9changer et \u00e0 r\u00e9fl\u00e9chir au handicap et sa gestion sur le terrain.<\/p>\n<p>Chaque temps utilise diff\u00e9rents outils (vid\u00e9os, jeux, \u2026) qui peuvent \u00eatre adapt\u00e9s \u00e0 des temps de sensibilisation des enfants accueillis dans les structures.<\/p>\n<p><strong><u>Objectifs\u00a0:<\/u><\/strong><\/p>\n<ul>\n<li>R\u00e9fl\u00e9chir \u00e0 la \u00ab\u00a0situation de handicap\u00a0\u00bb,<\/li>\n<li>Percevoir les principales caract\u00e9ristiques des diff\u00e9rents handicaps,<\/li>\n<li>Acqu\u00e9rir une \u00ab\u00a0d\u00e9marche \u00bb d\u2019inclusion dans sa pratique professionnelle.<\/li>\n<\/ul>\n","protected":false},"excerpt":{"rendered":"<p>Ces ateliers sont r\u00e9serv\u00e9s aux professionnels et sont propos\u00e9s dans tout le Bas-Rhin. Cliquez ici pour nous informer des dates [&hellip;]<\/p>\n","protected":false},"author":2,"featured_media":0,"parent":1081,"menu_order":0,"comment_status":"closed","ping_status":"closed","template":"","meta":{"spay_email":""},"jetpack_sharing_enabled":true,"jetpack_shortlink":"https:\/\/wp.me\/P7mWfa-bd","jetpack-related-posts":[{"id":211,"url":"http:\/\/jpa67.fr\/fr\/nos-actions\/centre-ressources-enfance-jeunesse-et-handicap-ancien\/les-missions-du-centre-ressources-enfance-jeunesse-et-handicap\/","url_meta":{"origin":695,"position":0},"title":"Les missions du Centre Ressources Enfance-Jeunesse et Handicap","date":"13 mai 2016","format":false,"excerpt":"Le Centre Ressources Enfance-Jeunesse & Handicap a pour objectif et pour mission de faciliter la r\u00e9alisation du projet de vie de l\u2019enfant en situation de handicap dans les accueils de loisirs, les colonies de vacances, les activit\u00e9s sportives, culturelles\u2026 Il est au service des enfants, de leurs parents, et des\u2026","rel":"","context":"Article similaire","img":{"alt_text":"","src":"","width":0,"height":0},"classes":[]},{"id":1132,"url":"http:\/\/jpa67.fr\/fr\/nos-actions\/centre-ressources-enfance-jeunesse-et-handicap\/aide-a-linclusion\/","url_meta":{"origin":695,"position":1},"title":"Aide \u00e0 l&rsquo;inclusion","date":"26 janvier 2018","format":false,"excerpt":"\u00a0 LE CADRE L\u00c9GAL ET NOTRE D\u00c9MARCHE Le droit aux loisirs est inscrit dans la Convention Internationale des Droits de l\u2019Enfant (article 31). Depuis le 30 juin 1975, le droit aux vacances et aux loisirs pour les personnes en situation de handicap est reconnu par la loi fran\u00e7aise. Pourtant, organisateurs,\u2026","rel":"","context":"Article similaire","img":{"alt_text":"","src":"","width":0,"height":0},"classes":[]},{"id":969,"url":"http:\/\/jpa67.fr\/fr\/quelles-modalites-daccueil-et-de-participation-des-enfants-et-adolescents-en-situation-de-handicap-dans-les-accueils-collectifs-de-mineurs-acm-2\/","url_meta":{"origin":695,"position":2},"title":"Quelles modalit\u00e9s d\u2019accueil et de participation des enfants et adolescents en situation de handicap dans les accueils collectifs de mineurs (ACM) ?","date":"19 septembre 2017","format":false,"excerpt":"Une journ\u00e9e destin\u00e9e aux directeurs et aux animateurs de structures de loisirs\/p\u00e9riscolaires pour identifier et mutualiser les pratiques d\u00e9velopp\u00e9es sur le terrain afin de renforcer l\u2019accueil des enfants et adolescents en situation de handicap et de favoriser leur participation aux activit\u00e9s en milieu ordinaire. Le programme MATIN\u00c9E 8 h 30\u00a0:\u2026","rel":"","context":"Article similaire","img":{"alt_text":"","src":"https:\/\/i0.wp.com\/jpa67.fr\/fr\/wp-content\/uploads\/2017\/09\/Logo-1024x288.jpg?resize=350%2C200","width":350,"height":200},"classes":[]},{"id":948,"url":"http:\/\/jpa67.fr\/fr\/quelles-modalites-daccueil-et-de-participation-des-enfants-et-adolescents-en-situation-de-handicap-dans-les-accueils-collectifs-de-mineurs-acm\/","url_meta":{"origin":695,"position":3},"title":"Journ\u00e9e d\u2019\u00e9changes et de mutualisation des pratiques","date":"19 septembre 2017","format":false,"excerpt":"Une journ\u00e9e destin\u00e9e aux directeurs et aux animateurs de structures de loisirs et de p\u00e9riscolaire pour identifier et mutualiser les pratiques, renforcer l\u2019accueil des enfants et adolescents en situation de handicap et favoriser leur participation aux activit\u00e9s en milieu ordinaire. Le 19 octobre 2017, de 8h30 \u00e0 15h45 Le programme\u2026","rel":"","context":"Article similaire","img":{"alt_text":"","src":"https:\/\/i0.wp.com\/jpa67.fr\/fr\/wp-content\/uploads\/2017\/09\/Logo-1024x288.jpg?resize=350%2C200","width":350,"height":200},"classes":[]},{"id":20,"url":"http:\/\/jpa67.fr\/fr\/la-confederation\/","url_meta":{"origin":695,"position":4},"title":"La Conf\u00e9d\u00e9ration","date":"4 mars 2016","format":false,"excerpt":"La Jeunesse au Plein Air du Bas-Rhin relaie les actions nationales de la JPA et propose des actions sp\u00e9cifiques dans le Bas-Rhin : le Centre Ressources Enfance-Jeunesse & Handicap et des manifestations en faveur des colonies de vacances. La Jeunesse au Plein Air est\u00a0partenaire des actions \u00e9ducatives de l\u2019\u00e9cole. Le\u2026","rel":"","context":"Article similaire","img":{"alt_text":"","src":"","width":0,"height":0},"classes":[]},{"id":723,"url":"http:\/\/jpa67.fr\/fr\/nos-actions\/centre-ressources-enfance-jeunesse-et-handicap\/les-ateliers-dinformation-et-de-sensibilisation-sur-laccueil-dun-enfant-en-situation-de-handicap-dans-les-centres-de-loisirs-et-les-periscolaires\/pour-en-savoir-plus-et-nous-proposer-des-dates\/","url_meta":{"origin":695,"position":5},"title":"Je vous informe des dates o\u00f9 je suis disponible.","date":"19 octobre 2016","format":false,"excerpt":"","rel":"","context":"Article similaire","img":{"alt_text":"","src":"","width":0,"height":0},"classes":[]}],"_links":{"self":[{"href":"http:\/\/jpa67.fr\/fr\/wp-json\/wp\/v2\/pages\/695"}],"collection":[{"href":"http:\/\/jpa67.fr\/fr\/wp-json\/wp\/v2\/pages"}],"about":[{"href":"http:\/\/jpa67.fr\/fr\/wp-json\/wp\/v2\/types\/page"}],"author":[{"embeddable":true,"href":"http:\/\/jpa67.fr\/fr\/wp-json\/wp\/v2\/users\/2"}],"replies":[{"embeddable":true,"href":"http:\/\/jpa67.fr\/fr\/wp-json\/wp\/v2\/comments?post=695"}],"version-history":[{"count":48,"href":"http:\/\/jpa67.fr\/fr\/wp-json\/wp\/v2\/pages\/695\/revisions"}],"predecessor-version":[{"id":2350,"href":"http:\/\/jpa67.fr\/fr\/wp-json\/wp\/v2\/pages\/695\/revisions\/2350"}],"up":[{"embeddable":true,"href":"http:\/\/jpa67.fr\/fr\/wp-json\/wp\/v2\/pages\/1081"}],"wp:attachment":[{"href":"http:\/\/jpa67.fr\/fr\/wp-json\/wp\/v2\/media?parent=695"}],"curies":[{"name":"wp","href":"https:\/\/api.w.org\/{rel}","templated":true}]}}