{"id":7,"date":"2016-03-03T11:20:21","date_gmt":"2016-03-03T10:20:21","guid":{"rendered":"http:\/\/jpa67.fr\/fr\/page-dacceuil\/"},"modified":"2025-03-24T10:24:25","modified_gmt":"2025-03-24T09:24:25","slug":"page-dacceuil","status":"publish","type":"page","link":"http:\/\/jpa67.fr\/fr\/","title":{"rendered":"Page d&rsquo;acceuil"},"content":{"rendered":"<div id=\"pl-7\"  class=\"panel-layout\" ><div id=\"pg-7-0\"  class=\"panel-grid panel-has-style\" ><div class=\"siteorigin-panels-stretch panel-row-style-full-width panel-row-style panel-row-style-for-7-0\" data-stretch-type=\"full-width-stretch\" ><div id=\"pgc-7-0-0\"  class=\"panel-grid-cell\" ><div id=\"panel-7-0-0-0\" class=\"so-panel widget widget_sow-hero panel-first-child panel-last-child\" data-index=\"0\" ><div class=\"panel-widget-style panel-widget-style-for-7-0-0-0\" ><div\n\t\t\t\n\t\t\tclass=\"so-widget-sow-hero so-widget-sow-hero-default-6cdf35794be1-7 so-widget-fittext-wrapper\"\n\t\t\t data-fit-text-compressor=\"0.85\"\n\t\t>\t\t\t\t<div class=\"sow-slider-base\" style=\"display: none\" tabindex=\"0\">\n\t\t\t\t\t<ul\n\t\t\t\t\tclass=\"sow-slider-images\"\n\t\t\t\t\tdata-settings=\"{&quot;pagination&quot;:true,&quot;speed&quot;:800,&quot;timeout&quot;:8000,&quot;paused&quot;:false,&quot;pause_on_hover&quot;:false,&quot;swipe&quot;:true,&quot;nav_always_show_desktop&quot;:&quot;&quot;,&quot;nav_always_show_mobile&quot;:&quot;&quot;,&quot;breakpoint&quot;:&quot;780px&quot;,&quot;unmute&quot;:false,&quot;anchor&quot;:null}\"\n\t\t\t\t\tstyle=\"min-height: 450px\"\t\t\t\t\tdata-anchor-id=\"\"\n\t\t\t\t>\t\t<li class=\"sow-slider-image  sow-slider-image-cover\" style=\"visibility: visible;;background-color: #333333;cursor: pointer;\" data-url=\"{&quot;url&quot;:&quot;http:\\\/\\\/jpa67.fr\\\/fr\\\/nos-actions\\\/centre-ressources-enfance-jeunesse-et-handicap-ancien\\\/&quot;,&quot;new_window&quot;:false}\" >\n\t\t\t\t\t<div class=\"sow-slider-image-container\">\n\t\t\t<div class=\"sow-slider-image-wrapper\">\n\t\t\t\t<h2 style=\"text-align: center\">Centre Ressources Enfance-Jeunesse et Handicap<\/h2>\n<h4 style=\"text-align: center\">comme les autres enfants et avec eux\u00a0!<\/h4>\n\t\t\t<\/div>\n\t\t<\/div>\n\t\t<div class=\"sow-slider-image-overlay sow-slider-image-cover\" style=\"opacity: 0.8;background-image: url(http:\/\/jpa67.fr\/fr\/wp-content\/uploads\/2016\/03\/disability-224133_1920.jpg)\"  ><\/div>\t\t<\/li>\n\t\t\t\t<li class=\"sow-slider-image  sow-slider-image-cover\" style=\"visibility: hidden;;background-color: #333333;cursor: pointer;\" data-url=\"{&quot;url&quot;:&quot;http:\\\/\\\/jpa67.fr\\\/fr\\\/nos-actions\\\/les-classes-de-decouvertes\\\/&quot;,&quot;new_window&quot;:false}\" >\n\t\t\t\t\t<div class=\"sow-slider-image-container\">\n\t\t\t<div class=\"sow-slider-image-wrapper\">\n\t\t\t\t<h2 style=\"text-align: center\">Classes de d\u00e9couvertes<\/h2>\n<h4 style=\"text-align: center\">Apprendre ailleurs et autrement !<\/h4>\n\t\t\t<\/div>\n\t\t<\/div>\n\t\t<div class=\"sow-slider-image-overlay sow-slider-image-cover\" style=\"opacity: 0.8\" data-background=\"url(http:\/\/jpa67.fr\/fr\/wp-content\/uploads\/2016\/03\/classe-de-decouverte-jpa67.jpg)\"  ><\/div>\t\t<\/li>\n\t\t\t\t<li class=\"sow-slider-image  sow-slider-image-cover\" style=\"visibility: hidden;;background-color: #333333;cursor: pointer;\" data-url=\"{&quot;url&quot;:&quot;http:\\\/\\\/jpa67.fr\\\/fr\\\/nos-actions\\\/les-colonies-de-vacances\\\/&quot;,&quot;new_window&quot;:false}\" >\n\t\t\t\t\t<div class=\"sow-slider-image-container\">\n\t\t\t<div class=\"sow-slider-image-wrapper\">\n\t\t\t\t<h2 style=\"text-align: center\">Colonies de vacances<\/h2>\n<h4 style=\"text-align: center\">c'est bon pour grandir !<\/h4>\n\t\t\t<\/div>\n\t\t<\/div>\n\t\t<div class=\"sow-slider-image-overlay sow-slider-image-cover\" style=\"opacity: 0.8\" data-background=\"url(http:\/\/jpa67.fr\/fr\/wp-content\/uploads\/2016\/03\/children-911286_1920.jpg)\"  ><\/div>\t\t<\/li>\n\t\t\t\t<li class=\"sow-slider-image  sow-slider-image-cover\" style=\"visibility: hidden;;background-color: #333333;cursor: pointer;\" data-url=\"{&quot;url&quot;:&quot;http:\\\/\\\/jpa67.fr\\\/fr\\\/nos-actions\\\/la-campagne-eleves-solidaires\\\/&quot;,&quot;new_window&quot;:false}\" >\n\t\t\t\t\t<div class=\"sow-slider-image-container\">\n\t\t\t<div class=\"sow-slider-image-wrapper\">\n\t\t\t\t<h2 style=\"text-align: center\">Campagne El\u00e8ves Solidaires<\/h2>\n<h4 style=\"text-align: center\">pour que tous les enfants puissent partir en colos\u00a0!<\/h4>\n\t\t\t<\/div>\n\t\t<\/div>\n\t\t<div class=\"sow-slider-image-overlay sow-slider-image-cover\" style=\"opacity: 0.8\" data-background=\"url(http:\/\/jpa67.fr\/fr\/wp-content\/uploads\/2016\/03\/selection-18-page-001.jpg)\"  ><\/div>\t\t<\/li>\n\t\t<\/ul>\t\t\t\t<ol class=\"sow-slider-pagination\">\n\t\t\t\t\t\t\t\t\t\t\t<li><a href=\"#\" data-goto=\"0\" aria-label=\"afficher la diapositive 1\"><\/a><\/li>\n\t\t\t\t\t\t\t\t\t\t\t<li><a href=\"#\" data-goto=\"1\" aria-label=\"afficher la diapositive 2\"><\/a><\/li>\n\t\t\t\t\t\t\t\t\t\t\t<li><a href=\"#\" data-goto=\"2\" aria-label=\"afficher la diapositive 3\"><\/a><\/li>\n\t\t\t\t\t\t\t\t\t\t\t<li><a href=\"#\" data-goto=\"3\" aria-label=\"afficher la diapositive 4\"><\/a><\/li>\n\t\t\t\t\t\t\t\t\t<\/ol>\n\n\t\t\t\t<div class=\"sow-slide-nav sow-slide-nav-next\">\n\t\t\t\t\t<a href=\"#\" data-goto=\"next\" aria-label=\"diapositive suivante\" data-action=\"next\">\n\t\t\t\t\t\t<em class=\"sow-sld-icon-thin-right\"><\/em>\n\t\t\t\t\t<\/a>\n\t\t\t\t<\/div>\n\n\t\t\t\t<div class=\"sow-slide-nav sow-slide-nav-prev\">\n\t\t\t\t\t<a href=\"#\" data-goto=\"previous\" aria-label=\"diapositive pr\u00e9c\u00e9dente\" data-action=\"prev\">\n\t\t\t\t\t\t<em class=\"sow-sld-icon-thin-left\"><\/em>\n\t\t\t\t\t<\/a>\n\t\t\t\t<\/div>\n\t\t\t\t<\/div><\/div><\/div><\/div><\/div><\/div><\/div><div id=\"pg-7-1\"  class=\"panel-grid panel-no-style\" ><div id=\"pgc-7-1-0\"  class=\"panel-grid-cell\" ><div id=\"panel-7-1-0-0\" class=\"so-panel widget widget_sow-editor panel-first-child panel-last-child\" data-index=\"1\" ><div\n\t\t\t\n\t\t\tclass=\"so-widget-sow-editor so-widget-sow-editor-base\"\n\t\t\t\n\t\t><h3 class=\"widget-title\">La Jeunesse au Plein Air est partenaire des actions \u00e9ducatives de l\u2019\u00e9cole.<\/h3>\n<div class=\"siteorigin-widget-tinymce textwidget\">\n\t<h4>La Jeunesse au Plein Air agit pour que tous les enfants et tous les jeunes puissent profiter de loisirs collectifs \u00e9panouissants, surtout s'ils sont issus de milieux d\u00e9favoris\u00e9s ou en situation de handicap.<\/h4>\n<h4>Elle s'appuie sur un important r\u00e9seaux d'associations impliqu\u00e9es dans des missions d'\u00e9ducation et de formation \u00e0 la citoyennet\u00e9.<\/h4>\n<h4><a href=\"http:\/\/jpa67.fr\/fr\/la-confederation\/\">D\u00e9couvrir la JPA<\/a>\u00a0: son r\u00e9seau,\u00a0son histoire, ses valeurs, son action...<\/h4>\n<\/div>\n<\/div><\/div><\/div><div id=\"pgc-7-1-1\"  class=\"panel-grid-cell\" ><div id=\"panel-7-1-1-0\" class=\"so-panel widget widget_sow-image panel-first-child panel-last-child\" data-index=\"2\" ><div\n\t\t\t\n\t\t\tclass=\"so-widget-sow-image so-widget-sow-image-default-8b5b6f678277-7\"\n\t\t\t\n\t\t>\n\n<div class=\"sow-image-container\">\n\t\t<img src=\"http:\/\/jpa67.fr\/fr\/wp-content\/uploads\/2016\/03\/human-804770_1280.jpg\" width=\"1280\" height=\"854\" srcset=\"http:\/\/jpa67.fr\/fr\/wp-content\/uploads\/2016\/03\/human-804770_1280.jpg 1280w, http:\/\/jpa67.fr\/fr\/wp-content\/uploads\/2016\/03\/human-804770_1280-300x200.jpg 300w, http:\/\/jpa67.fr\/fr\/wp-content\/uploads\/2016\/03\/human-804770_1280-768x512.jpg 768w, http:\/\/jpa67.fr\/fr\/wp-content\/uploads\/2016\/03\/human-804770_1280-1024x683.jpg 1024w, http:\/\/jpa67.fr\/fr\/wp-content\/uploads\/2016\/03\/human-804770_1280-272x182.jpg 272w\" sizes=\"(max-width: 1280px) 100vw, 1280px\" alt=\"\" loading=\"lazy\" \t\tclass=\"so-widget-image\"\/>\n\t<\/div>\n\n<\/div><\/div><\/div><\/div><div id=\"pg-7-2\"  class=\"panel-grid panel-no-style\" ><div id=\"pgc-7-2-0\"  class=\"panel-grid-cell\" ><div id=\"panel-7-2-0-0\" class=\"so-panel widget widget_circleicon-widget panel-first-child panel-last-child\" data-index=\"3\" >\t\t<div class=\"circle-icon-box circle-icon-position-top circle-icon-hide-box circle-icon-size-large\">\n\t\t\t<div class=\"circle-icon-wrapper\">\n\t\t\t\t\t\t\t\t<div class=\"circle-icon icon-style-set\" style=\"background-color: #5aaa9b\">\n\t\t\t\t\t<div class=\"fa fa-eye icon-color-set\" ><\/div>\t\t\t\t<\/div>\n\t\t\t\t\t\t\t<\/div>\n\n\t\t\t\t\t\t<h4 >Classes de D\u00e9couvertes<\/h4>\t\t\t\n\t\t\t<p class=\"text\" >Lorsque l'\u00e9cole se fait ailleurs et autrement, les enfants posent d'autres questions, d\u00e9couvrent et comprennent le monde qui les entoure. Les Classes de D\u00e9couvertes : un bel outil p\u00e9dagogique !<\/p>\t\t\t\t\t\t\t<a href=\"http:\/\/jpa67.fr\/fr\/nos-actions\/les-classes-de-decouvertes\/\" class=\"more-button\" >Obtenir le soutien de la JPA <i><\/i><\/a>\n\t\t\t\t\t<\/div>\n\t\t<\/div><\/div><div id=\"pgc-7-2-1\"  class=\"panel-grid-cell\" ><div id=\"panel-7-2-1-0\" class=\"so-panel widget widget_circleicon-widget panel-first-child panel-last-child\" data-index=\"4\" >\t\t<div class=\"circle-icon-box circle-icon-position-top circle-icon-hide-box circle-icon-size-large\">\n\t\t\t<div class=\"circle-icon-wrapper\">\n\t\t\t\t\t\t\t\t<div class=\"circle-icon icon-style-set\" style=\"background-color: #C83255\">\n\t\t\t\t\t<div class=\"fa fa-sun-o icon-color-set\" ><\/div>\t\t\t\t<\/div>\n\t\t\t\t\t\t\t<\/div>\n\n\t\t\t\t\t\t<h4 >Colonies de Vacances<\/h4>\t\t\t\n\t\t\t<p class=\"text\" >Pour tous les enfants et les jeunes, les s\u00e9jours en colonies de vacances sont une occasion de s'ouvir aux autres, d'assumer la vie en groupe et de d\u00e9couvrir d'autres activit\u00e9s.<\/p>\t\t\t\t\t\t\t<a href=\"http:\/\/jpa67.fr\/fr\/nos-actions\/les-colonies-de-vacances\/\" class=\"more-button\" >D\u00e9couvrir les aides de la JPA <i><\/i><\/a>\n\t\t\t\t\t<\/div>\n\t\t<\/div><\/div><div id=\"pgc-7-2-2\"  class=\"panel-grid-cell\" ><div id=\"panel-7-2-2-0\" class=\"so-panel widget widget_circleicon-widget panel-first-child panel-last-child\" data-index=\"5\" >\t\t<div class=\"circle-icon-box circle-icon-position-top circle-icon-hide-box circle-icon-size-large\">\n\t\t\t<div class=\"circle-icon-wrapper\">\n\t\t\t\t\t\t\t\t<div class=\"circle-icon icon-style-set\" style=\"background-color: #3C287D\">\n\t\t\t\t\t<div class=\"fa fa-child icon-color-set\" ><\/div>\t\t\t\t<\/div>\n\t\t\t\t\t\t\t<\/div>\n\n\t\t\t\t\t\t<h4 >Campagne de Solidarit\u00e9<\/h4>\t\t\t\n\t\t\t<p class=\"text\" >Une action de solidarit\u00e9 pour aider les enfants et les jeunes de milieux d\u00e9favoris\u00e9s, mais aussi ceux en situation de handicap \u00e0 partir tous en colonies de vacances.<\/p>\t\t\t\t\t\t\t<a href=\"https:\/\/jpa67.fr\/fr\/nos-actions\/la-campagne-eleves-solidaires\/campagne-de-solidarite\/\" class=\"more-button\" >Comment y participer ? <i><\/i><\/a>\n\t\t\t\t\t<\/div>\n\t\t<\/div><\/div><div id=\"pgc-7-2-3\"  class=\"panel-grid-cell\" ><div id=\"panel-7-2-3-0\" class=\"so-panel widget widget_circleicon-widget panel-first-child panel-last-child\" data-index=\"6\" >\t\t<div class=\"circle-icon-box circle-icon-position-top circle-icon-hide-box circle-icon-size-large\">\n\t\t\t<div class=\"circle-icon-wrapper\">\n\t\t\t\t\t\t\t\t<div class=\"circle-icon icon-style-set\" style=\"background-color: #DC9615\">\n\t\t\t\t\t<div class=\"fa fa-wheelchair icon-color-set\" ><\/div>\t\t\t\t<\/div>\n\t\t\t\t\t\t\t<\/div>\n\n\t\t\t\t\t\t<h4 >Centre Ressources Enfance-Jeunesse &#038; Handicap<\/h4>\t\t\t\n\t\t\t<p class=\"text\" >Sa mission est de faciliter la r\u00e9alisation du projet \"loisirs\" de l'enfant, dans ses accueil de loisirs, colonies de vacances, activit\u00e9s sportives ou culturelles...<\/p>\t\t\t\t\t\t\t<a href=\"http:\/\/jpa67.fr\/fr\/nos-actions\/centre-ressources-enfance-jeunesse-et-handicap\/\" class=\"more-button\" >Acc\u00e9der \u00e0 cet espace... <i><\/i><\/a>\n\t\t\t\t\t<\/div>\n\t\t<\/div><\/div><\/div><div id=\"pg-7-3\"  class=\"panel-grid panel-has-style\" ><div style=\"background-color: #ededed; \" class=\"panel-row-style panel-row-style-for-7-3\" ><div id=\"pgc-7-3-0\"  class=\"panel-grid-cell\" ><div id=\"panel-7-3-0-0\" class=\"so-panel widget widget_sow-headline panel-first-child panel-last-child\" data-index=\"7\" ><div\n\t\t\t\n\t\t\tclass=\"so-widget-sow-headline so-widget-sow-headline-default-938f4338b8a8-7\"\n\t\t\t\n\t\t><div class=\"sow-headline-container \">\n\t\t\t\t\t\t\t<h3 class=\"sow-headline\">\n\t\t\t\t\t\tNos convictions\t\t\t\t\t\t<\/h3>\n\t\t\t\t\t\t\t\t\t\t\t<div class=\"decoration\">\n\t\t\t\t\t\t<div class=\"decoration-inside\"><\/div>\n\t\t\t\t\t<\/div>\n\t\t\t\t\t\t\t\t\t\t\t<h5 class=\"sow-sub-headline\">\n\t\t\t\t\t\tL'\u00e9cole, la famille et les loisirs sont trois temps et trois acteurs de l'\u00e9ducation. L'\u00e9ducation se prolonge pour tous tout au long de la vie. Les loisirs et les vacances sont essentiels pour le d\u00e9veloppement de l'enfant et de l'adolescent, sources d'\u00e9ducation, de plaisir, de d\u00e9couverte et de lien social\t\t\t\t\t\t<\/h5>\n\t\t\t\t\t\t<\/div>\n<\/div><\/div><\/div><\/div><\/div><\/div>","protected":false},"excerpt":{"rendered":"<p>La Jeunesse au Plein Air agit pour que tous les enfants et tous les jeunes puissent profiter de loisirs collectifs [&hellip;]<\/p>\n","protected":false},"author":1,"featured_media":0,"parent":0,"menu_order":0,"comment_status":"closed","ping_status":"closed","template":"home-panels.php","meta":{"spay_email":""},"jetpack_sharing_enabled":true,"jetpack_shortlink":"https:\/\/wp.me\/P7mWfa-7","jetpack-related-posts":[{"id":2291,"url":"http:\/\/jpa67.fr\/fr\/page-de-test\/","url_meta":{"origin":7,"position":0},"title":"Page de test","date":"19 septembre 2018","format":false,"excerpt":"Pellentesque in ipsum id orci porta dapibus. Mauris blandit aliquet elit, eget tincidunt nibh pulvinar a. Donec rutrum congue leo eget malesuada. Curabitur non nulla sit amet nisl tempus convallis quis ac lectus. Curabitur aliquet quam id dui posuere blandit.","rel":"","context":"Article similaire","img":{"alt_text":"","src":"","width":0,"height":0},"classes":[]},{"id":144,"url":"http:\/\/jpa67.fr\/fr\/nos-actions\/la-presse-en-parle\/","url_meta":{"origin":7,"position":1},"title":"La presse en parle&#8230;","date":"22 mars 2016","format":false,"excerpt":"Retrouvez tous\u00a0les articles que la presse consacre \u00e0 nos activit\u00e9s. Pour consulter nos dossiers de presse et nos communiqu\u00e9s, rendez-vous sur la page Documents t\u00e9l\u00e9chargeables Revue\u00a0de presse Mes ann\u00e9es en colos (DNA, 28-01-2018) L'association Jeunesse au Plein Air du Bas-Rhin a lanc\u00e9 sa Campagne de Solidarit\u00e9 2018.\u00a0Lire l'article Comme un\u2026","rel":"","context":"Article similaire","img":{"alt_text":"","src":"","width":0,"height":0},"classes":[]}],"_links":{"self":[{"href":"http:\/\/jpa67.fr\/fr\/wp-json\/wp\/v2\/pages\/7"}],"collection":[{"href":"http:\/\/jpa67.fr\/fr\/wp-json\/wp\/v2\/pages"}],"about":[{"href":"http:\/\/jpa67.fr\/fr\/wp-json\/wp\/v2\/types\/page"}],"author":[{"embeddable":true,"href":"http:\/\/jpa67.fr\/fr\/wp-json\/wp\/v2\/users\/1"}],"replies":[{"embeddable":true,"href":"http:\/\/jpa67.fr\/fr\/wp-json\/wp\/v2\/comments?post=7"}],"version-history":[{"count":15,"href":"http:\/\/jpa67.fr\/fr\/wp-json\/wp\/v2\/pages\/7\/revisions"}],"predecessor-version":[{"id":3027,"href":"http:\/\/jpa67.fr\/fr\/wp-json\/wp\/v2\/pages\/7\/revisions\/3027"}],"wp:attachment":[{"href":"http:\/\/jpa67.fr\/fr\/wp-json\/wp\/v2\/media?parent=7"}],"curies":[{"name":"wp","href":"https:\/\/api.w.org\/{rel}","templated":true}]}}