{"id":79,"date":"2016-03-09T07:55:10","date_gmt":"2016-03-09T06:55:10","guid":{"rendered":"http:\/\/jpa67.fr\/fr\/?page_id=79"},"modified":"2018-02-15T15:19:58","modified_gmt":"2018-02-15T14:19:58","slug":"centre-ressources-enfance-jeunesse-et-handicap-ancien","status":"publish","type":"page","link":"http:\/\/jpa67.fr\/fr\/nos-actions\/centre-ressources-enfance-jeunesse-et-handicap-ancien\/","title":{"rendered":"Centre Ressources Enfance-Jeunesse et Handicap &#8211; ANCIEN"},"content":{"rendered":"<div id=\"pl-79\"  class=\"panel-layout\" ><div id=\"pg-79-0\"  class=\"panel-grid panel-no-style\" ><div id=\"pgc-79-0-0\"  class=\"panel-grid-cell\" ><div id=\"panel-79-0-0-0\" class=\"so-panel widget widget_sow-headline panel-first-child\" data-index=\"0\" ><div\n\t\t\t\n\t\t\tclass=\"so-widget-sow-headline so-widget-sow-headline-default-545ddc19e78c-79\"\n\t\t\t\n\t\t><div class=\"sow-headline-container \">\n\t\t\t\t\t\t\t<h2 class=\"sow-headline\">\n\t\t\t\t\t\tComme les autres enfants et avec eux ! \t\t\t\t\t\t<\/h2>\n\t\t\t\t\t\t\t\t\t\t\t<div class=\"decoration\">\n\t\t\t\t\t\t<div class=\"decoration-inside\"><\/div>\n\t\t\t\t\t<\/div>\n\t\t\t\t\t\t\t\t\t\t\t<h5 class=\"sow-sub-headline\">\n\t\t\t\t\t\tLe Centre Ressources Enfance-Jeunesse &amp; Handicap a pour objectif et pour mission de faciliter la r\u00e9alisation du projet \"loisirs\" de l'enfant, dans les accueils de loisirs, les colonies de vacances, les activit\u00e9s sportives, culturelles...\t\t\t\t\t\t<\/h5>\n\t\t\t\t\t\t<\/div>\n<\/div><\/div><div id=\"panel-79-0-0-1\" class=\"so-panel widget widget_sow-button panel-last-child\" data-index=\"1\" ><div\n\t\t\t\n\t\t\tclass=\"so-widget-sow-button so-widget-sow-button-flat-f1d15acee68d-79\"\n\t\t\t\n\t\t><div class=\"ow-button-base ow-button-align-center\">\n\t<a\n\thref=\"http:\/\/jpa67.fr\/fr\/wp-content\/uploads\/2017\/09\/Depliant-Espace-Ressources.pdf\"\n\t\tclass=\"ow-icon-placement-left ow-button-hover\" target=\"_blank\" rel=\"noopener noreferrer\" \t>\n\t\t<span>\n\t\t\t\n\t\t\tT\u00e9l\u00e9charger la plaquette du Centre Ressources Enfance-Jeunesse &amp; Handicap\t\t<\/span>\n\t<\/a>\n<\/div>\n<\/div><\/div><\/div><\/div><div id=\"pg-79-1\"  class=\"panel-grid panel-no-style\" ><div id=\"pgc-79-1-0\"  class=\"panel-grid-cell\" ><div id=\"panel-79-1-0-0\" class=\"so-panel widget widget_sow-cta panel-first-child panel-last-child\" data-index=\"2\" ><div\n\t\t\t\n\t\t\tclass=\"so-widget-sow-cta so-widget-sow-cta-default-bfe09a4fd2bb-79\"\n\t\t\t\n\t\t><div\n\tclass=\"sow-cta-base\"\n\t>\n\t\n\t<div class=\"sow-cta-wrapper\">\n\n\t\t<div class=\"sow-cta-text\">\n\t\t\t\t\t\t\t<h4 class=\"sow-cta-title\">\n\t\t\t\t\t<strong>Acc\u00e8s direct aux ressources<\/strong>\t\t\t\t<\/h4>\n\t\t\t\n\t\t\t\t\t\t\t<h4 class=\"sow-cta-subtitle\">\n\t\t\t\t\tRetrouvez les guides, documents, liens et autres ressources disponibles<br \/><br \/>\t\t\t\t<\/h4>\n\t\t\t\t\t<\/div>\n\n\t\t<div\n\t\t\t\n\t\t\tclass=\"so-widget-sow-button so-widget-sow-button-flat-b8c65c1eaa1f\"\n\t\t\t\n\t\t><div class=\"ow-button-base ow-button-align-center\">\n\t<a\n\thref=\"\"\n\t\tclass=\"ow-icon-placement-left ow-button-hover\" \t>\n\t\t<span>\n\t\t\t<span class=\"sow-icon-fontawesome sow-fas\" data-sow-icon=\"&#xf0b1;\"\n\t\tstyle=\"\" \n\t\taria-hidden=\"true\"><\/span>\n\t\t\tAcc\u00e9der aux ressources\t\t<\/span>\n\t<\/a>\n<\/div>\n<\/div>\n\t<\/div>\n\n\t<\/div>\n<\/div><\/div><\/div><div id=\"pgc-79-1-1\"  class=\"panel-grid-cell\" ><div id=\"panel-79-1-1-0\" class=\"so-panel widget widget_sow-editor panel-first-child panel-last-child\" data-index=\"3\" ><div\n\t\t\t\n\t\t\tclass=\"so-widget-sow-editor so-widget-sow-editor-base\"\n\t\t\t\n\t\t><h3 class=\"widget-title\">Notre mission<\/h3>\n<div class=\"siteorigin-widget-tinymce textwidget\">\n\t<p>La Jeunesse au Plein Air agit pour que les enfants handicap\u00e9s puissent b\u00e9n\u00e9ficier avec les autres de s\u00e9jours de vacances et de loisirs.\u00a0Elle pose comme principes le droit \u00e0 l'\u00e9ducation et l'int\u00e9gration des mineurs et des adultes handicap\u00e9s ou en difficult\u00e9s sociales.<\/p>\n<p><a href=\"http:\/\/jpa67.fr\/fr\/nos-actions\/centre-ressources-enfance-jeunesse-et-handicap\/les-missions-du-centre-ressources-enfance-jeunesse-et-handicap\/\">D\u00e9couvrir\u00a0en d\u00e9tails nos actions<\/a><\/p>\n<\/div>\n<\/div><\/div><\/div><\/div><div id=\"pg-79-2\"  class=\"panel-grid panel-no-style\" ><div id=\"pgc-79-2-0\"  class=\"panel-grid-cell\" ><div id=\"panel-79-2-0-0\" class=\"so-panel widget widget_siteorigin-panels-postloop panel-first-child panel-last-child\" data-index=\"4\" ><h3 class=\"widget-title\">Derni\u00e8res actualit\u00e9s<\/h3>\n\t<div id=\"vantage-grid-loop\" class=\"vantage-grid-loop grid-loop-columns-4\">\n\t\t\t\t\t<article class=\"grid-post post-2905 post type-post status-publish format-standard has-post-thumbnail hentry category-centre-ressources-enfance-jeunesse-handicap category-informations-generales post-with-thumbnail post-with-thumbnail-large\">\n\n\t\t\t\t\t\t\t\t\t<a class=\"grid-thumbnail\" href=\"http:\/\/jpa67.fr\/fr\/la-parenthese-ete-2021\/\">\n\t\t\t\t\t\t<img width=\"436\" height=\"272\" src=\"http:\/\/jpa67.fr\/fr\/wp-content\/uploads\/2021\/06\/bandeau-Parenthese-2021-436x272.png\" class=\"attachment-vantage-grid-loop size-vantage-grid-loop wp-post-image\" alt=\"\" loading=\"lazy\" \/>\t\t\t\t\t<\/a>\n\t\t\t\t\n\t\t\t\t<h3><a href=\"http:\/\/jpa67.fr\/fr\/la-parenthese-ete-2021\/\">La PARENTh\u00e8se &#8211; \u00e9t\u00e9 2021<\/a><\/h3>\n\t\t\t\t<div class=\"excerpt\"><p>La Jeunesse au Plein Air du Bas-Rhin, Nouvel Envol, l&rsquo;ARSEA et l\u2019APH des Vosges du Nord vous proposent d&rsquo;accueillir votre [&hellip;]<\/p>\n<\/div>\n\t\t\t\t\t\t\t\t\t\t\t<\/article>\n\t\t\t\t\t\t\t\t<article class=\"grid-post post-2858 post type-post status-publish format-standard has-post-thumbnail hentry category-centre-ressources-enfance-jeunesse-handicap category-informations-generales post-with-thumbnail post-with-thumbnail-large\">\n\n\t\t\t\t\t\t\t\t\t<a class=\"grid-thumbnail\" href=\"http:\/\/jpa67.fr\/fr\/reunion-dinfos-03-fevrier-2021\/\">\n\t\t\t\t\t\t<img width=\"436\" height=\"272\" src=\"http:\/\/jpa67.fr\/fr\/wp-content\/uploads\/2021\/01\/bandeau-R\u00e9uInfos-Fev2021-436x272.png\" class=\"attachment-vantage-grid-loop size-vantage-grid-loop wp-post-image\" alt=\"bandeau-R\u00e9uInfos-Fev2021\" loading=\"lazy\" \/>\t\t\t\t\t<\/a>\n\t\t\t\t\n\t\t\t\t<h3><a href=\"http:\/\/jpa67.fr\/fr\/reunion-dinfos-03-fevrier-2021\/\">R\u00e9union d&rsquo;infos &#8211; 03 F\u00e9vrier 2021<\/a><\/h3>\n\t\t\t\t<div class=\"excerpt\"><p>Afin d\u2019informer aux mieux les familles et les professionnels, le Centre Ressources Enfance-Jeunesse et Handicap organise en partenariat avec la [&hellip;]<\/p>\n<\/div>\n\t\t\t\t\t\t\t\t\t\t\t<\/article>\n\t\t\t\t\t\t\t\t<article class=\"grid-post post-2847 post type-post status-publish format-standard has-post-thumbnail hentry category-centre-ressources-enfance-jeunesse-handicap category-informations-generales post-with-thumbnail post-with-thumbnail-large\">\n\n\t\t\t\t\t\t\t\t\t<a class=\"grid-thumbnail\" href=\"http:\/\/jpa67.fr\/fr\/intervention-a-domicile\/\">\n\t\t\t\t\t\t<img width=\"436\" height=\"272\" src=\"http:\/\/jpa67.fr\/fr\/wp-content\/uploads\/2020\/12\/bandeau-InterventionDomicile-436x272.jpg\" class=\"attachment-vantage-grid-loop size-vantage-grid-loop wp-post-image\" alt=\"\" loading=\"lazy\" \/>\t\t\t\t\t<\/a>\n\t\t\t\t\n\t\t\t\t<h3><a href=\"http:\/\/jpa67.fr\/fr\/intervention-a-domicile\/\">Intervention \u00e0 domicile<\/a><\/h3>\n\t\t\t\t<div class=\"excerpt\"><p>Le CREJH met en \u0153uvre une action qui a comme objectif de pouvoir permettre aux parents d\u2019avoir des temps de [&hellip;]<\/p>\n<\/div>\n\t\t\t\t\t\t\t\t\t\t\t<\/article>\n\t\t\t\t\t\t\t\t<article class=\"grid-post post-2675 post type-post status-publish format-standard has-post-thumbnail hentry category-centre-ressources-enfance-jeunesse-handicap post-with-thumbnail post-with-thumbnail-large\">\n\n\t\t\t\t\t\t\t\t\t<a class=\"grid-thumbnail\" href=\"http:\/\/jpa67.fr\/fr\/la-parenthese\/\">\n\t\t\t\t\t\t<img width=\"436\" height=\"272\" src=\"http:\/\/jpa67.fr\/fr\/wp-content\/uploads\/2020\/07\/bandeau-La-Parenthese--436x272.png\" class=\"attachment-vantage-grid-loop size-vantage-grid-loop wp-post-image\" alt=\"\" loading=\"lazy\" \/>\t\t\t\t\t<\/a>\n\t\t\t\t\n\t\t\t\t<h3><a href=\"http:\/\/jpa67.fr\/fr\/la-parenthese\/\">La PARENTh\u00e8se<\/a><\/h3>\n\t\t\t\t<div class=\"excerpt\"><p>&nbsp; La Jeunesse au Plein Air du Bas-Rhin, Nouvel Envol et l&rsquo;ARSEA vous proposent d&rsquo;accueillir votre enfant dans un lieu [&hellip;]<\/p>\n<\/div>\n\t\t\t\t\t\t\t\t\t\t\t<\/article>\n\t\t\t<div class=\"clear\"><\/div>\t\t\t\t\t<article class=\"grid-post post-2609 post type-post status-publish format-standard has-post-thumbnail hentry category-centre-ressources-enfance-jeunesse-handicap category-informations-generales post-with-thumbnail post-with-thumbnail-large\">\n\n\t\t\t\t\t\t\t\t\t<a class=\"grid-thumbnail\" href=\"http:\/\/jpa67.fr\/fr\/prochains-cafe-des-parents\/\">\n\t\t\t\t\t\t<img width=\"436\" height=\"272\" src=\"http:\/\/jpa67.fr\/fr\/wp-content\/uploads\/2020\/05\/ban-visio-436x272.png\" class=\"attachment-vantage-grid-loop size-vantage-grid-loop wp-post-image\" alt=\"ban-visio\" loading=\"lazy\" \/>\t\t\t\t\t<\/a>\n\t\t\t\t\n\t\t\t\t<h3><a href=\"http:\/\/jpa67.fr\/fr\/prochains-cafe-des-parents\/\">Prochains Caf\u00e9 des parents<\/a><\/h3>\n\t\t\t\t<div class=\"excerpt\"><p>Le Caf\u00e9 des parents est un moment de rencontre une fois par mois, pour les parents d\u2019enfants en situation de [&hellip;]<\/p>\n<\/div>\n\t\t\t\t\t\t\t\t\t\t\t<\/article>\n\t\t\t\t\t\t\t\t<article class=\"grid-post post-2473 post type-post status-publish format-standard has-post-thumbnail hentry category-centre-ressources-enfance-jeunesse-handicap category-informations-generales post-with-thumbnail post-with-thumbnail-large\">\n\n\t\t\t\t\t\t\t\t\t<a class=\"grid-thumbnail\" href=\"http:\/\/jpa67.fr\/fr\/reunion-dinformations-mars-2020\/\">\n\t\t\t\t\t\t<img width=\"436\" height=\"272\" src=\"http:\/\/jpa67.fr\/fr\/wp-content\/uploads\/2020\/03\/affiche-A4-436x272.jpg\" class=\"attachment-vantage-grid-loop size-vantage-grid-loop wp-post-image\" alt=\"affiche-A4-r\u00e9union informations mars 2020\" loading=\"lazy\" \/>\t\t\t\t\t<\/a>\n\t\t\t\t\n\t\t\t\t<h3><a href=\"http:\/\/jpa67.fr\/fr\/reunion-dinformations-mars-2020\/\">R\u00e9union d&rsquo;informations &#8211; mars 2020<\/a><\/h3>\n\t\t\t\t<div class=\"excerpt\"><p>R\u00e9union d\u2019informations \u2013 26 mars 2020 Quelles aides et solutions pour mieux accompagner les parents d\u2019enfants en situation de handicap [&hellip;]<\/p>\n<\/div>\n\t\t\t\t\t\t\t\t\t\t\t<\/article>\n\t\t\t\t\t\t\t\t<article class=\"grid-post post-2456 post type-post status-publish format-standard has-post-thumbnail hentry category-centre-ressources-enfance-jeunesse-handicap category-informations-generales post-with-thumbnail post-with-thumbnail-large\">\n\n\t\t\t\t\t\t\t\t\t<a class=\"grid-thumbnail\" href=\"http:\/\/jpa67.fr\/fr\/cafe-des-parents-du-29-janvier-2020\/\">\n\t\t\t\t\t\t<img width=\"436\" height=\"272\" src=\"http:\/\/jpa67.fr\/fr\/wp-content\/uploads\/2020\/01\/A4_Caf\u00e9-des-parents-denfants-en-situation-de-handicap_29-01-2020-436x272.png\" class=\"attachment-vantage-grid-loop size-vantage-grid-loop wp-post-image\" alt=\"\" loading=\"lazy\" \/>\t\t\t\t\t<\/a>\n\t\t\t\t\n\t\t\t\t<h3><a href=\"http:\/\/jpa67.fr\/fr\/cafe-des-parents-du-29-janvier-2020\/\">Caf\u00e9 des parents du 29 janvier 2020<\/a><\/h3>\n\t\t\t\t<div class=\"excerpt\"><p>Organis\u00e9 par les villes de Schiltigheim et de Bischheim en partenariat avec le Centre Ressources Enfance Jeunesse &amp; Handicap e [&hellip;]<\/p>\n<\/div>\n\t\t\t\t\t\t\t\t\t\t\t<\/article>\n\t\t\t\t\t\t\t\t<article class=\"grid-post post-2428 post type-post status-publish format-standard has-post-thumbnail hentry category-centre-ressources-enfance-jeunesse-handicap category-informations-generales post-with-thumbnail post-with-thumbnail-large\">\n\n\t\t\t\t\t\t\t\t\t<a class=\"grid-thumbnail\" href=\"http:\/\/jpa67.fr\/fr\/journee-accueillir-un-enfant-autiste\/\">\n\t\t\t\t\t\t<img width=\"436\" height=\"272\" src=\"http:\/\/jpa67.fr\/fr\/wp-content\/uploads\/2019\/11\/bandeau-436x272.jpg\" class=\"attachment-vantage-grid-loop size-vantage-grid-loop wp-post-image\" alt=\"\" loading=\"lazy\" \/>\t\t\t\t\t<\/a>\n\t\t\t\t\n\t\t\t\t<h3><a href=\"http:\/\/jpa67.fr\/fr\/journee-accueillir-un-enfant-autiste\/\">Journ\u00e9e &#8211; Accueillir un enfant autiste<\/a><\/h3>\n\t\t\t\t<div class=\"excerpt\"><p>Suite \u00e0 diff\u00e9rentes demandes, des \u00e9quipes rencontr\u00e9es, le Centre Ressources Enfance-Jeunesse &amp; Handicap, le Centre de Ressources Autisme d&rsquo;Alsace et [&hellip;]<\/p>\n<\/div>\n\t\t\t\t\t\t\t\t\t\t\t<\/article>\n\t\t\t<div class=\"clear\"><\/div>\t\t\t\t\t<article class=\"grid-post post-2424 post type-post status-publish format-standard has-post-thumbnail hentry category-centre-ressources-enfance-jeunesse-handicap category-informations-generales post-with-thumbnail post-with-thumbnail-large\">\n\n\t\t\t\t\t\t\t\t\t<a class=\"grid-thumbnail\" href=\"http:\/\/jpa67.fr\/fr\/reunion-dinformations-novembre-2019\/\">\n\t\t\t\t\t\t<img width=\"436\" height=\"272\" src=\"http:\/\/jpa67.fr\/fr\/wp-content\/uploads\/2019\/10\/REUNION-INFO-8-NOVEMBRE-2019-436x272.jpg\" class=\"attachment-vantage-grid-loop size-vantage-grid-loop wp-post-image\" alt=\"Affiche r\u00e9union d&#039;infos 8 novembre 2019\" loading=\"lazy\" \/>\t\t\t\t\t<\/a>\n\t\t\t\t\n\t\t\t\t<h3><a href=\"http:\/\/jpa67.fr\/fr\/reunion-dinformations-novembre-2019\/\">R\u00e9union d&rsquo;informations &#8211; Novembre 2019<\/a><\/h3>\n\t\t\t\t<div class=\"excerpt\"><p>R\u00e9union d\u2019informations \u2013 8 novembre 2019 Accueil en P\u00e9riscolaire (Midi\u2014Soir), en Centre de Loisirs, en Colonie de Vacances ou pr\u00e9parer [&hellip;]<\/p>\n<\/div>\n\t\t\t\t\t\t\t\t\t\t\t<\/article>\n\t\t\t\t\t\t\t\t<article class=\"grid-post post-2413 post type-post status-publish format-standard has-post-thumbnail hentry category-centre-ressources-enfance-jeunesse-handicap category-informations-generales post-with-thumbnail post-with-thumbnail-large\">\n\n\t\t\t\t\t\t\t\t\t<a class=\"grid-thumbnail\" href=\"http:\/\/jpa67.fr\/fr\/reunion-dinformations-4\/\">\n\t\t\t\t\t\t<img width=\"436\" height=\"272\" src=\"http:\/\/jpa67.fr\/fr\/wp-content\/uploads\/2019\/09\/affiche_reuInfos_modifiable-20-09-2019-436x272.png\" class=\"attachment-vantage-grid-loop size-vantage-grid-loop wp-post-image\" alt=\"\" loading=\"lazy\" \/>\t\t\t\t\t<\/a>\n\t\t\t\t\n\t\t\t\t<h3><a href=\"http:\/\/jpa67.fr\/fr\/reunion-dinformations-4\/\">R\u00e9union d&rsquo;informations<\/a><\/h3>\n\t\t\t\t<div class=\"excerpt\"><p>R\u00e9union d\u2019informations \u2013 20 septembre 2019 Accueil en P\u00e9riscolaire (Midi\u2014Soir), en Centre de Loisirs, en Colonie de Vacances ou pr\u00e9parer [&hellip;]<\/p>\n<\/div>\n\t\t\t\t\t\t\t\t\t\t\t<\/article>\n\t\t\t\t\t\t<\/div>\n\n\t\t<nav role=\"navigation\" id=\"nav-below\" class=\"site-navigation paging-navigation\">\n\t\t<h1 class=\"assistive-text\">Post navigation<\/h1>\n\n\t\n\t\t<div class='pagination'><span aria-current=\"page\" class=\"page-numbers current\">1<\/span>\n<a class=\"page-numbers\" href=\"http:\/\/jpa67.fr\/fr\/wp-json\/wp\/v2\/pages\/79\/page\/2\/\">2<\/a>\n<a class=\"page-numbers\" href=\"http:\/\/jpa67.fr\/fr\/wp-json\/wp\/v2\/pages\/79\/page\/3\/\">3<\/a>\n<a class=\"page-numbers\" href=\"http:\/\/jpa67.fr\/fr\/wp-json\/wp\/v2\/pages\/79\/page\/4\/\">4<\/a>\n<a class=\"next page-numbers\" href=\"http:\/\/jpa67.fr\/fr\/wp-json\/wp\/v2\/pages\/79\/page\/2\/\">Suivant\u00a0\u00bb<\/a><\/div>\n\n\t\n\t<\/nav><!-- #nav-below -->\n\t\n<\/div><\/div><\/div><\/div>","protected":false},"excerpt":{"rendered":"<p>Notre mission La Jeunesse au Plein Air agit pour que les enfants handicap\u00e9s puissent b\u00e9n\u00e9ficier avec les autres de s\u00e9jours [&hellip;]<\/p>\n","protected":false},"author":1,"featured_media":0,"parent":23,"menu_order":0,"comment_status":"closed","ping_status":"closed","template":"","meta":{"spay_email":""},"jetpack_sharing_enabled":true,"jetpack_shortlink":"https:\/\/wp.me\/P7mWfa-1h","jetpack-related-posts":[{"id":1081,"url":"http:\/\/jpa67.fr\/fr\/nos-actions\/centre-ressources-enfance-jeunesse-et-handicap\/","url_meta":{"origin":79,"position":0},"title":"Centre Ressources Enfance-Jeunesse et Handicap","date":"25 janvier 2018","format":false,"excerpt":"Nos Actions 07 71 22 87 70 loisirs.handicap@jpa67.fr","rel":"","context":"Article similaire","img":{"alt_text":"","src":"","width":0,"height":0},"classes":[]},{"id":2622,"url":"http:\/\/jpa67.fr\/fr\/nos-actions\/centre-ressources-enfance-jeunesse-et-handicap\/les-ressources-familles\/liens-internet\/","url_meta":{"origin":79,"position":1},"title":"Liens internet","date":"21 avril 2020","format":false,"excerpt":"","rel":"","context":"Article similaire","img":{"alt_text":"","src":"","width":0,"height":0},"classes":[]},{"id":2571,"url":"http:\/\/jpa67.fr\/fr\/nos-actions\/centre-ressources-enfance-jeunesse-et-handicap\/les-ressources-familles\/sejour-repit\/","url_meta":{"origin":79,"position":2},"title":"S\u00e9jour r\u00e9pit","date":"9 avril 2020","format":false,"excerpt":"D\u00e9couvrez la vie d\u2019une vall\u00e9e alsacienne \u2013 Du 03 ao\u00fbt\u00a0au 08 ao\u00fbt\u00a02020 (6 jours \u2013 5 nuits) Week-end \u00abBien-\u00eatre en famille\u00bb dans les Vosges \u2013 Du 16 Octobre \u00a0au 18 octobre 2020 (3 jours \u2013 2 nuits) \u00a0","rel":"","context":"Article similaire","img":{"alt_text":"","src":"","width":0,"height":0},"classes":[]},{"id":1723,"url":"http:\/\/jpa67.fr\/fr\/nos-actions\/centre-ressources-enfance-jeunesse-et-handicap\/les-ressources-disponibles\/fichiers-documentaires-brochures-affiches\/","url_meta":{"origin":79,"position":3},"title":"Fichiers documentaires &#8211; brochures &#8211; affiches","date":"20 ao\u00fbt 2018","format":false,"excerpt":"","rel":"","context":"Article similaire","img":{"alt_text":"","src":"","width":0,"height":0},"classes":[]},{"id":2520,"url":"http:\/\/jpa67.fr\/fr\/nos-actions\/centre-ressources-enfance-jeunesse-et-handicap\/les-ressources-familles\/documentations-brochures\/","url_meta":{"origin":79,"position":4},"title":"Guides \/ documents administratifs &#8230;","date":"9 avril 2020","format":false,"excerpt":"\u00a0 Ce\u00a0Guide \"Comment compenser les surco\u00fbts \"\u00a0, propose des pistes pour compenser le plus possibles les surco\u00fbts qui incombent aux parents \u00a0 Le livret sur l'accueil des enfants en situation de handicap dans les accueils de loisirs. C'est un outil permettant \u00e0 chacun de s'inscrire dans une d\u00e9marche d'accueil des\u2026","rel":"","context":"Article similaire","img":{"alt_text":"","src":"","width":0,"height":0},"classes":[]},{"id":2186,"url":"http:\/\/jpa67.fr\/fr\/nos-actions\/centre-ressources-enfance-jeunesse-et-handicap\/les-ressources-disponibles\/fichiers-documentaires-brochures-affiches\/brochures-et-affiches-pedagogiques\/","url_meta":{"origin":79,"position":5},"title":"Brochures et affiches p\u00e9dagogiques","date":"24 ao\u00fbt 2018","format":false,"excerpt":"Guide pratiques au service des handicaps (1x avec 3 livrets) - CER, UDAPEI \u00ab Vivre son handicap dans le Bas-Rhin \u00bb - MDPH 1. La Maison D\u00e9partementale des Personnes Handicap\u00e9es : son r\u00f4le, ses missions (x6) 2. L\u2019accueil pr\u00e9scolaire et la scolarisation de enfants et adolescent en situation de handicap\u2026","rel":"","context":"Article similaire","img":{"alt_text":"","src":"","width":0,"height":0},"classes":[]}],"_links":{"self":[{"href":"http:\/\/jpa67.fr\/fr\/wp-json\/wp\/v2\/pages\/79"}],"collection":[{"href":"http:\/\/jpa67.fr\/fr\/wp-json\/wp\/v2\/pages"}],"about":[{"href":"http:\/\/jpa67.fr\/fr\/wp-json\/wp\/v2\/types\/page"}],"author":[{"embeddable":true,"href":"http:\/\/jpa67.fr\/fr\/wp-json\/wp\/v2\/users\/1"}],"replies":[{"embeddable":true,"href":"http:\/\/jpa67.fr\/fr\/wp-json\/wp\/v2\/comments?post=79"}],"version-history":[{"count":31,"href":"http:\/\/jpa67.fr\/fr\/wp-json\/wp\/v2\/pages\/79\/revisions"}],"predecessor-version":[{"id":1237,"href":"http:\/\/jpa67.fr\/fr\/wp-json\/wp\/v2\/pages\/79\/revisions\/1237"}],"up":[{"embeddable":true,"href":"http:\/\/jpa67.fr\/fr\/wp-json\/wp\/v2\/pages\/23"}],"wp:attachment":[{"href":"http:\/\/jpa67.fr\/fr\/wp-json\/wp\/v2\/media?parent=79"}],"curies":[{"name":"wp","href":"https:\/\/api.w.org\/{rel}","templated":true}]}}