{"id":1145,"date":"2022-08-17T17:09:05","date_gmt":"2022-08-17T15:09:05","guid":{"rendered":"https:\/\/jpa67.fr\/crejh\/?page_id=1145"},"modified":"2024-10-01T11:05:46","modified_gmt":"2024-10-01T09:05:46","slug":"professionnels","status":"publish","type":"page","link":"https:\/\/jpa67.fr\/crejh\/professionnels\/","title":{"rendered":"Professionnels"},"content":{"rendered":"\t\t<div data-elementor-type=\"wp-page\" data-elementor-id=\"1145\" class=\"elementor elementor-1145\" data-elementor-post-type=\"page\">\n\t\t\t\t\t\t<section class=\"elementor-section elementor-top-section elementor-element elementor-element-9ea5f91 elementor-section-full_width elementor-section-height-min-height elementor-section-height-default elementor-section-items-middle\" data-id=\"9ea5f91\" data-element_type=\"section\" data-settings=\"{&quot;background_background&quot;:&quot;classic&quot;,&quot;shape_divider_bottom&quot;:&quot;pyramids&quot;,&quot;shape_divider_bottom_negative&quot;:&quot;yes&quot;}\">\n\t\t\t\t\t\t\t<div class=\"elementor-background-overlay\"><\/div>\n\t\t\t\t\t\t<div class=\"elementor-shape elementor-shape-bottom\" data-negative=\"true\">\n\t\t\t<svg xmlns=\"http:\/\/www.w3.org\/2000\/svg\" viewBox=\"0 0 1000 100\" preserveAspectRatio=\"none\">\n\t<path class=\"elementor-shape-fill\" d=\"M761.9,40.6L643.1,24L333.9,93.8L0.1,1H0v99h1000V1\"\/>\n<\/svg>\t\t<\/div>\n\t\t\t\t\t<div class=\"elementor-container elementor-column-gap-default\">\n\t\t\t\t\t<div class=\"elementor-column elementor-col-100 elementor-top-column elementor-element elementor-element-116aa1c\" data-id=\"116aa1c\" data-element_type=\"column\" data-settings=\"{&quot;background_background&quot;:&quot;classic&quot;}\">\n\t\t\t<div class=\"elementor-widget-wrap elementor-element-populated\">\n\t\t\t\t\t\t\t<\/div>\n\t\t<\/div>\n\t\t\t\t\t<\/div>\n\t\t<\/section>\n\t\t\t\t<section class=\"elementor-section elementor-top-section elementor-element elementor-element-ba283d3 elementor-section-content-middle elementor-reverse-mobile elementor-section-boxed elementor-section-height-default elementor-section-height-default\" data-id=\"ba283d3\" data-element_type=\"section\">\n\t\t\t\t\t\t<div class=\"elementor-container elementor-column-gap-default\">\n\t\t\t\t\t<div class=\"elementor-column elementor-col-100 elementor-top-column elementor-element elementor-element-e1c4ce6\" data-id=\"e1c4ce6\" data-element_type=\"column\">\n\t\t\t<div class=\"elementor-widget-wrap elementor-element-populated\">\n\t\t\t\t\t\t<div class=\"elementor-element elementor-element-3ab09cc elementor-widget elementor-widget-spacer\" data-id=\"3ab09cc\" data-element_type=\"widget\" data-widget_type=\"spacer.default\">\n\t\t\t\t<div class=\"elementor-widget-container\">\n\t\t\t\t\t<div class=\"elementor-spacer\">\n\t\t\t<div class=\"elementor-spacer-inner\"><\/div>\n\t\t<\/div>\n\t\t\t\t<\/div>\n\t\t\t\t<\/div>\n\t\t\t\t<div class=\"elementor-element elementor-element-4e2b592 elementor-widget elementor-widget-text-editor\" data-id=\"4e2b592\" data-element_type=\"widget\" data-widget_type=\"text-editor.default\">\n\t\t\t\t<div class=\"elementor-widget-container\">\n\t\t\t\t\t\t\t<p>Accueillir un enfant en situation de handicap dans une structure collective peut susciter de nombreuses interrogations. Il est n\u00e9cessaire, d\u00e8s lors qu\u2019un enfant en situation de handicap est accueilli, de r\u00e9fl\u00e9chir aux adaptations que l\u2019organisateur va pouvoir initier afin que sa venue se d\u00e9roule dans des conditions optimales pour les enfants, les parents et les professionnels.<\/p><p>Le Centre Ressources Enfance-Jeunesse &amp; Handicap (CREJH) port\u00e9 par la Jeunesse au Plein Air du Bas-Rhin (JPA67) cr\u00e9\u00e9 avec l\u2019aide de la CAF du Bas-Rhin peut vous accompagner dans la mise en \u0153uvre de cet accueil.<\/p><p>Nous aidons notamment \u00e0 r\u00e9aliser le projet de vie de l\u2019enfant dans le domaine du loisir (Accueil de Loisirs, Centre de Vacances et de Loisirs, classes de d\u00e9couvertes, et des activit\u00e9s sportives et culturelles).<\/p>\t\t\t\t\t\t<\/div>\n\t\t\t\t<\/div>\n\t\t\t\t<div class=\"elementor-element elementor-element-c19b9d6 elementor-tabs-alignment-stretch elementor-tabs-view-horizontal elementor-widget elementor-widget-tabs\" data-id=\"c19b9d6\" data-element_type=\"widget\" data-widget_type=\"tabs.default\">\n\t\t\t\t<div class=\"elementor-widget-container\">\n\t\t\t\t\t<div class=\"elementor-tabs\">\n\t\t\t<div class=\"elementor-tabs-wrapper\" role=\"tablist\" >\n\t\t\t\t\t\t\t\t\t<div id=\"elementor-tab-title-2031\" class=\"elementor-tab-title elementor-tab-desktop-title\" aria-selected=\"true\" data-tab=\"1\" role=\"tab\" tabindex=\"0\" aria-controls=\"elementor-tab-content-2031\" aria-expanded=\"false\">Accompagnement de l'\u00e9quipe<\/div>\n\t\t\t\t\t\t\t\t\t<div id=\"elementor-tab-title-2032\" class=\"elementor-tab-title elementor-tab-desktop-title\" aria-selected=\"false\" data-tab=\"2\" role=\"tab\" tabindex=\"-1\" aria-controls=\"elementor-tab-content-2032\" aria-expanded=\"false\">S\u00e9ance de sensibilisation<\/div>\n\t\t\t\t\t\t\t\t\t<div id=\"elementor-tab-title-2033\" class=\"elementor-tab-title elementor-tab-desktop-title\" aria-selected=\"false\" data-tab=\"3\" role=\"tab\" tabindex=\"-1\" aria-controls=\"elementor-tab-content-2033\" aria-expanded=\"false\">Journ\u00e9e de formation<\/div>\n\t\t\t\t\t\t\t\t\t<div id=\"elementor-tab-title-2034\" class=\"elementor-tab-title elementor-tab-desktop-title\" aria-selected=\"false\" data-tab=\"4\" role=\"tab\" tabindex=\"-1\" aria-controls=\"elementor-tab-content-2034\" aria-expanded=\"false\">Ressources<\/div>\n\t\t\t\t\t\t\t<\/div>\n\t\t\t<div class=\"elementor-tabs-content-wrapper\" role=\"tablist\" aria-orientation=\"vertical\">\n\t\t\t\t\t\t\t\t\t<div class=\"elementor-tab-title elementor-tab-mobile-title\" aria-selected=\"true\" data-tab=\"1\" role=\"tab\" tabindex=\"0\" aria-controls=\"elementor-tab-content-2031\" aria-expanded=\"false\">Accompagnement de l'\u00e9quipe<\/div>\n\t\t\t\t\t<div id=\"elementor-tab-content-2031\" class=\"elementor-tab-content elementor-clearfix\" data-tab=\"1\" role=\"tabpanel\" aria-labelledby=\"elementor-tab-title-2031\" tabindex=\"0\" hidden=\"false\"><p>Bon nombre de parents d\u2019enfants en situation de handicap ne savent pas qu\u2019ils peuvent \u00eatre inscrits dans une structure de loisirs en milieu ordinaire. D\u00e8s qu\u2019il y a une demande des parents, nous essayons de rendre l\u2019inscription de leur enfant possible. Que les demandes viennent des familles ou des organisateurs, nous vous proposons ici une d\u00e9marche qui a fait ses preuves au fil des ann\u00e9es.<\/p><p><a href=\"https:\/\/jpa67.fr\/crejh\/accompagnement-du-crejh\/\">En savoir plus &#8230;<\/a><\/p><\/div>\n\t\t\t\t\t\t\t\t\t<div class=\"elementor-tab-title elementor-tab-mobile-title\" aria-selected=\"false\" data-tab=\"2\" role=\"tab\" tabindex=\"-1\" aria-controls=\"elementor-tab-content-2032\" aria-expanded=\"false\">S\u00e9ance de sensibilisation<\/div>\n\t\t\t\t\t<div id=\"elementor-tab-content-2032\" class=\"elementor-tab-content elementor-clearfix\" data-tab=\"2\" role=\"tabpanel\" aria-labelledby=\"elementor-tab-title-2032\" tabindex=\"0\" hidden=\"hidden\"><p>Afin de pr\u00e9parer les \u00e9quipes d\u2019animation, nous proposons des s\u00e9ances gratuites dont l\u2019objectif est de sensibiliser \u00e0 l\u2019accueil des enfants en situation de handicap.<\/p><p>De nombreuses difficult\u00e9s et freins sont issus de repr\u00e9sentations. La crainte d\u2019une surcharge de travail insurmontable, le manque de comp\u00e9tences des animateurs, la crainte de provoquer des afflux de demandes suppl\u00e9mentaires, la peur de ne pas savoir comment r\u00e9agir, de mal faire, sont quelques-unes d\u2019entre elles.<\/p><h6><a href=\"https:\/\/jpa67.fr\/crejh\/sensibilisation-a-linclusion\/\" target=\"_blank\" rel=\"noopener\"><strong>En savoir plus &#8230;<\/strong><\/a><\/h6><\/div>\n\t\t\t\t\t\t\t\t\t<div class=\"elementor-tab-title elementor-tab-mobile-title\" aria-selected=\"false\" data-tab=\"3\" role=\"tab\" tabindex=\"-1\" aria-controls=\"elementor-tab-content-2033\" aria-expanded=\"false\">Journ\u00e9e de formation<\/div>\n\t\t\t\t\t<div id=\"elementor-tab-content-2033\" class=\"elementor-tab-content elementor-clearfix\" data-tab=\"3\" role=\"tabpanel\" aria-labelledby=\"elementor-tab-title-2033\" tabindex=\"0\" hidden=\"hidden\"><p><a href=\"https:\/\/jpa67.fr\/crejh\/journee-autisme\/\">journ\u00e9e th\u00e9matique sur l&rsquo;autisme<\/a><\/p><\/div>\n\t\t\t\t\t\t\t\t\t<div class=\"elementor-tab-title elementor-tab-mobile-title\" aria-selected=\"false\" data-tab=\"4\" role=\"tab\" tabindex=\"-1\" aria-controls=\"elementor-tab-content-2034\" aria-expanded=\"false\">Ressources<\/div>\n\t\t\t\t\t<div id=\"elementor-tab-content-2034\" class=\"elementor-tab-content elementor-clearfix\" data-tab=\"4\" role=\"tabpanel\" aria-labelledby=\"elementor-tab-title-2034\" tabindex=\"0\" hidden=\"hidden\"><p><a href=\"https:\/\/jpa67.fr\/crejh\/ressources\/\">Acc\u00e9der aux ressources p\u00e9dagogiques du CREJH<\/a><\/p><p><a href=\"https:\/\/www.caf.fr\/professionnels\/offres-et-services\/caf-du-bas-rhin\/partenaires-locaux\/actualites\/complement-inclusif-handicap-un-nouveau-soutien-de-la-caf\">Le Bonus Inclusif<\/a><\/p><\/div>\n\t\t\t\t\t\t\t<\/div>\n\t\t<\/div>\n\t\t\t\t<\/div>\n\t\t\t\t<\/div>\n\t\t\t\t<div class=\"elementor-element elementor-element-e9c11ec elementor-widget elementor-widget-spacer\" data-id=\"e9c11ec\" data-element_type=\"widget\" data-widget_type=\"spacer.default\">\n\t\t\t\t<div class=\"elementor-widget-container\">\n\t\t\t\t\t<div class=\"elementor-spacer\">\n\t\t\t<div class=\"elementor-spacer-inner\"><\/div>\n\t\t<\/div>\n\t\t\t\t<\/div>\n\t\t\t\t<\/div>\n\t\t\t\t\t<\/div>\n\t\t<\/div>\n\t\t\t\t\t<\/div>\n\t\t<\/section>\n\t\t\t\t<section class=\"elementor-section elementor-top-section elementor-element elementor-element-62f4ed1 elementor-section-boxed elementor-section-height-default elementor-section-height-default\" data-id=\"62f4ed1\" data-element_type=\"section\">\n\t\t\t\t\t\t<div class=\"elementor-container elementor-column-gap-default\">\n\t\t\t\t\t<div class=\"elementor-column elementor-col-100 elementor-top-column elementor-element elementor-element-7c02c2a\" data-id=\"7c02c2a\" data-element_type=\"column\" data-settings=\"{&quot;background_background&quot;:&quot;classic&quot;}\">\n\t\t\t<div class=\"elementor-widget-wrap elementor-element-populated\">\n\t\t\t\t\t\t<div class=\"elementor-element elementor-element-e37e59f elementor-widget elementor-widget-text-editor\" data-id=\"e37e59f\" data-element_type=\"widget\" data-widget_type=\"text-editor.default\">\n\t\t\t\t<div class=\"elementor-widget-container\">\n\t\t\t\t\t\t\t<p>Votre contact :<\/p><p><strong>Arnaud REBOUILLAT<\/strong><\/p>\t\t\t\t\t\t<\/div>\n\t\t\t\t<\/div>\n\t\t\t\t<div class=\"elementor-element elementor-element-c3d64cb elementor-icon-list--layout-inline elementor-align-center elementor-list-item-link-full_width elementor-widget elementor-widget-icon-list\" data-id=\"c3d64cb\" data-element_type=\"widget\" data-widget_type=\"icon-list.default\">\n\t\t\t\t<div class=\"elementor-widget-container\">\n\t\t\t\t\t<ul class=\"elementor-icon-list-items elementor-inline-items\">\n\t\t\t\t\t\t\t<li class=\"elementor-icon-list-item elementor-inline-item\">\n\t\t\t\t\t\t\t\t\t\t\t<span class=\"elementor-icon-list-icon\">\n\t\t\t\t\t\t\t<i aria-hidden=\"true\" class=\"fas fa-phone-alt\"><\/i>\t\t\t\t\t\t<\/span>\n\t\t\t\t\t\t\t\t\t\t<span class=\"elementor-icon-list-text\">07 57 57 63 86<\/span>\n\t\t\t\t\t\t\t\t\t<\/li>\n\t\t\t\t\t\t\t\t<li class=\"elementor-icon-list-item elementor-inline-item\">\n\t\t\t\t\t\t\t\t\t\t\t<span class=\"elementor-icon-list-icon\">\n\t\t\t\t\t\t\t<i aria-hidden=\"true\" class=\"fas fa-at\"><\/i>\t\t\t\t\t\t<\/span>\n\t\t\t\t\t\t\t\t\t\t<span class=\"elementor-icon-list-text\">arnaud.crejh@gmail.com<\/span>\n\t\t\t\t\t\t\t\t\t<\/li>\n\t\t\t\t\t\t<\/ul>\n\t\t\t\t<\/div>\n\t\t\t\t<\/div>\n\t\t\t\t\t<\/div>\n\t\t<\/div>\n\t\t\t\t\t<\/div>\n\t\t<\/section>\n\t\t\t\t<section class=\"elementor-section elementor-top-section elementor-element elementor-element-03310c2 elementor-section-boxed elementor-section-height-default elementor-section-height-default\" data-id=\"03310c2\" data-element_type=\"section\">\n\t\t\t\t\t\t<div class=\"elementor-container elementor-column-gap-default\">\n\t\t\t\t\t<div class=\"elementor-column elementor-col-100 elementor-top-column elementor-element elementor-element-c8f0190\" data-id=\"c8f0190\" data-element_type=\"column\">\n\t\t\t<div class=\"elementor-widget-wrap elementor-element-populated\">\n\t\t\t\t\t\t<div class=\"elementor-element elementor-element-3ea93b8 elementor-widget elementor-widget-spacer\" data-id=\"3ea93b8\" data-element_type=\"widget\" data-widget_type=\"spacer.default\">\n\t\t\t\t<div class=\"elementor-widget-container\">\n\t\t\t\t\t<div class=\"elementor-spacer\">\n\t\t\t<div class=\"elementor-spacer-inner\"><\/div>\n\t\t<\/div>\n\t\t\t\t<\/div>\n\t\t\t\t<\/div>\n\t\t\t\t\t<\/div>\n\t\t<\/div>\n\t\t\t\t\t<\/div>\n\t\t<\/section>\n\t\t\t\t<\/div>\n\t\t","protected":false},"excerpt":{"rendered":"<p>Accueillir un enfant en situation de handicap dans une structure collective peut susciter de nombreuses interrogations. Il est n\u00e9cessaire, d\u00e8s lors qu\u2019un enfant en situation de handicap est accueilli, de r\u00e9fl\u00e9chir aux adaptations que l\u2019organisateur va pouvoir initier afin que sa venue se d\u00e9roule dans des conditions optimales pour les enfants, les parents et les [&hellip;]<\/p>\n","protected":false},"author":1,"featured_media":0,"parent":0,"menu_order":0,"comment_status":"closed","ping_status":"closed","template":"","meta":{"footnotes":""},"class_list":["post-1145","page","type-page","status-publish","hentry"],"_links":{"self":[{"href":"https:\/\/jpa67.fr\/crejh\/wp-json\/wp\/v2\/pages\/1145","targetHints":{"allow":["GET"]}}],"collection":[{"href":"https:\/\/jpa67.fr\/crejh\/wp-json\/wp\/v2\/pages"}],"about":[{"href":"https:\/\/jpa67.fr\/crejh\/wp-json\/wp\/v2\/types\/page"}],"author":[{"embeddable":true,"href":"https:\/\/jpa67.fr\/crejh\/wp-json\/wp\/v2\/users\/1"}],"replies":[{"embeddable":true,"href":"https:\/\/jpa67.fr\/crejh\/wp-json\/wp\/v2\/comments?post=1145"}],"version-history":[{"count":118,"href":"https:\/\/jpa67.fr\/crejh\/wp-json\/wp\/v2\/pages\/1145\/revisions"}],"predecessor-version":[{"id":4255,"href":"https:\/\/jpa67.fr\/crejh\/wp-json\/wp\/v2\/pages\/1145\/revisions\/4255"}],"wp:attachment":[{"href":"https:\/\/jpa67.fr\/crejh\/wp-json\/wp\/v2\/media?parent=1145"}],"curies":[{"name":"wp","href":"https:\/\/api.w.org\/{rel}","templated":true}]}}