{"id":1688,"date":"2022-08-18T15:10:44","date_gmt":"2022-08-18T13:10:44","guid":{"rendered":"https:\/\/jpa67.fr\/crejh\/?page_id=1688"},"modified":"2026-01-21T10:16:34","modified_gmt":"2026-01-21T09:16:34","slug":"actualites","status":"publish","type":"page","link":"https:\/\/jpa67.fr\/crejh\/actualites\/","title":{"rendered":"Actualit\u00e9s"},"content":{"rendered":"\t\t<div data-elementor-type=\"wp-page\" data-elementor-id=\"1688\" class=\"elementor elementor-1688\" data-elementor-post-type=\"page\">\n\t\t\t\t\t\t<section class=\"elementor-section elementor-top-section elementor-element elementor-element-11346a9 elementor-section-height-min-height elementor-section-boxed elementor-section-height-default elementor-section-items-middle\" data-id=\"11346a9\" data-element_type=\"section\" data-settings=\"{&quot;background_background&quot;:&quot;classic&quot;,&quot;shape_divider_bottom&quot;:&quot;pyramids&quot;,&quot;shape_divider_bottom_negative&quot;:&quot;yes&quot;}\">\n\t\t\t\t\t\t\t<div class=\"elementor-background-overlay\"><\/div>\n\t\t\t\t\t\t<div class=\"elementor-shape elementor-shape-bottom\" data-negative=\"true\">\n\t\t\t<svg xmlns=\"http:\/\/www.w3.org\/2000\/svg\" viewBox=\"0 0 1000 100\" preserveAspectRatio=\"none\">\n\t<path class=\"elementor-shape-fill\" d=\"M761.9,40.6L643.1,24L333.9,93.8L0.1,1H0v99h1000V1\"\/>\n<\/svg>\t\t<\/div>\n\t\t\t\t\t<div class=\"elementor-container elementor-column-gap-default\">\n\t\t\t\t\t<div class=\"elementor-column elementor-col-100 elementor-top-column elementor-element elementor-element-6b03213\" data-id=\"6b03213\" data-element_type=\"column\" data-settings=\"{&quot;background_background&quot;:&quot;classic&quot;}\">\n\t\t\t<div class=\"elementor-widget-wrap elementor-element-populated\">\n\t\t\t\t\t\t<div class=\"elementor-element elementor-element-834b202 elementor-widget elementor-widget-heading\" data-id=\"834b202\" data-element_type=\"widget\" data-widget_type=\"heading.default\">\n\t\t\t\t<div class=\"elementor-widget-container\">\n\t\t\t<h2 class=\"elementor-heading-title elementor-size-default\">Actualit\u00e9s du Centre Ressources Enfance-Jeunesse & Handicap<\/h2>\t\t<\/div>\n\t\t\t\t<\/div>\n\t\t\t\t\t<\/div>\n\t\t<\/div>\n\t\t\t\t\t<\/div>\n\t\t<\/section>\n\t\t\t\t<section class=\"elementor-section elementor-top-section elementor-element elementor-element-174bada elementor-section-boxed elementor-section-height-default elementor-section-height-default\" data-id=\"174bada\" data-element_type=\"section\">\n\t\t\t\t\t\t<div class=\"elementor-container elementor-column-gap-default\">\n\t\t\t\t\t<div class=\"elementor-column elementor-col-100 elementor-top-column elementor-element elementor-element-5abe8ea\" data-id=\"5abe8ea\" data-element_type=\"column\">\n\t\t\t<div class=\"elementor-widget-wrap elementor-element-populated\">\n\t\t\t\t\t\t<div class=\"elementor-element elementor-element-2a85f63 elementor-widget elementor-widget-spacer\" data-id=\"2a85f63\" data-element_type=\"widget\" data-widget_type=\"spacer.default\">\n\t\t\t\t<div class=\"elementor-widget-container\">\n\t\t\t\t\t<div class=\"elementor-spacer\">\n\t\t\t<div class=\"elementor-spacer-inner\"><\/div>\n\t\t<\/div>\n\t\t\t\t<\/div>\n\t\t\t\t<\/div>\n\t\t\t\t<div class=\"elementor-element elementor-element-6fcefb2 elementor-widget elementor-widget-spacer\" data-id=\"6fcefb2\" data-element_type=\"widget\" data-widget_type=\"spacer.default\">\n\t\t\t\t<div class=\"elementor-widget-container\">\n\t\t\t\t\t<div class=\"elementor-spacer\">\n\t\t\t<div class=\"elementor-spacer-inner\"><\/div>\n\t\t<\/div>\n\t\t\t\t<\/div>\n\t\t\t\t<\/div>\n\t\t\t\t<section class=\"elementor-section elementor-inner-section elementor-element elementor-element-fbc1ce3 elementor-section-boxed elementor-section-height-default elementor-section-height-default\" data-id=\"fbc1ce3\" data-element_type=\"section\">\n\t\t\t\t\t\t<div class=\"elementor-container elementor-column-gap-default\">\n\t\t\t\t\t<div class=\"elementor-column elementor-col-50 elementor-inner-column elementor-element elementor-element-d36875d\" data-id=\"d36875d\" data-element_type=\"column\">\n\t\t\t<div class=\"elementor-widget-wrap\">\n\t\t\t\t\t\t\t<\/div>\n\t\t<\/div>\n\t\t\t\t<div class=\"elementor-column elementor-col-50 elementor-inner-column elementor-element elementor-element-e7823e1\" data-id=\"e7823e1\" data-element_type=\"column\">\n\t\t\t<div class=\"elementor-widget-wrap\">\n\t\t\t\t\t\t\t<\/div>\n\t\t<\/div>\n\t\t\t\t\t<\/div>\n\t\t<\/section>\n\t\t\t\t<div class=\"elementor-element elementor-element-435dd6d elementor-widget elementor-widget-heading\" data-id=\"435dd6d\" data-element_type=\"widget\" data-widget_type=\"heading.default\">\n\t\t\t\t<div class=\"elementor-widget-container\">\n\t\t\t<h2 class=\"elementor-heading-title elementor-size-default\">Weekend et mini-s\u00e9jour R\u00e9pit \" en famille \" du CREJH<\/h2>\t\t<\/div>\n\t\t\t\t<\/div>\n\t\t\t\t<section class=\"elementor-section elementor-inner-section elementor-element elementor-element-991de1a elementor-section-boxed elementor-section-height-default elementor-section-height-default\" data-id=\"991de1a\" data-element_type=\"section\">\n\t\t\t\t\t\t<div class=\"elementor-container elementor-column-gap-default\">\n\t\t\t\t\t<div class=\"elementor-column elementor-col-50 elementor-inner-column elementor-element elementor-element-1c90884\" data-id=\"1c90884\" data-element_type=\"column\">\n\t\t\t<div class=\"elementor-widget-wrap elementor-element-populated\">\n\t\t\t\t\t\t<div class=\"elementor-element elementor-element-9723bc2 elementor-widget elementor-widget-image\" data-id=\"9723bc2\" data-element_type=\"widget\" data-widget_type=\"image.default\">\n\t\t\t\t<div class=\"elementor-widget-container\">\n\t\t\t\t\t\t\t\t\t\t\t\t\t<img fetchpriority=\"high\" decoding=\"async\" width=\"275\" height=\"255\" src=\"https:\/\/jpa67.fr\/crejh\/wp-content\/uploads\/2022\/08\/LOGO-CVA-SONNENHOF.jpg\" class=\"attachment-large size-large wp-image-1720\" alt=\"logo Sonnenhof\" \/>\t\t\t\t\t\t\t\t\t\t\t\t\t<\/div>\n\t\t\t\t<\/div>\n\t\t\t\t\t<\/div>\n\t\t<\/div>\n\t\t\t\t<div class=\"elementor-column elementor-col-50 elementor-inner-column elementor-element elementor-element-e90eeac\" data-id=\"e90eeac\" data-element_type=\"column\">\n\t\t\t<div class=\"elementor-widget-wrap elementor-element-populated\">\n\t\t\t\t\t\t<div class=\"elementor-element elementor-element-81bd0bf elementor-widget elementor-widget-text-editor\" data-id=\"81bd0bf\" data-element_type=\"widget\" data-widget_type=\"text-editor.default\">\n\t\t\t\t<div class=\"elementor-widget-container\">\n\t\t\t\t\t\t\t<p style=\"font-weight: 400;\">r\u00e2ce \u00e0 nos g\u00e9n\u00e9reux partenaires financiers nous pouvons, \u00e0 nouveau, vous proposer nos weekends REPIT \u00ab\u00a0En famille\u00a0\u00bb en 2025 au Centre de Vacances Th\u00e9odore MONOD \u00e0 ERCKARTSWILLER &#8211;\u00a0<\/p>\t\t\t\t\t\t<\/div>\n\t\t\t\t<\/div>\n\t\t\t\t<div class=\"elementor-element elementor-element-90b609f elementor-widget elementor-widget-text-editor\" data-id=\"90b609f\" data-element_type=\"widget\" data-widget_type=\"text-editor.default\">\n\t\t\t\t<div class=\"elementor-widget-container\">\n\t\t\t\t\t\t\t<p><strong>Notre prochain weekend et nos mini s\u00e9jours &#8211; REPIT \u00abEn famille \u00bb :<\/strong><\/p><ul><li class=\"m_5680451804388005550MsoNoSpacing\"><b>Hiver<\/b> : Samedi 7 \u2013 dimanche 8 mars 2026 &#8211; <a href=\"https:\/\/jpa67.fr\/crejh\/wp-content\/uploads\/2026\/01\/FLYER-WEEKEND-REPIT-MARS-2026-final-ok.pdf\">FLYER<\/a><\/li><li><b>Printemps<\/b>\u00a0: Lundi 20 \u2013 mardi 21 avril 2026 &amp; samedi 9 \u2013 dimanche 10 mai 2026<\/li><li class=\"m_5680451804388005550MsoNoSpacing\"><b>Et\u00e9 (en projet)<\/b>\u00a0: Samedi 25 au mardi 28 juillet 2026<\/li><li><b>Automne<\/b>\u00a0: Samedi 10 \u2013 dimanche 11 octobre 2026 (familles d\u00e9j\u00e0 venues) &amp; samedi 28 \u2013 dimanche 29 novembre 2026<\/li><\/ul>\t\t\t\t\t\t<\/div>\n\t\t\t\t<\/div>\n\t\t\t\t<div class=\"elementor-element elementor-element-b4a9312 elementor-widget elementor-widget-text-editor\" data-id=\"b4a9312\" data-element_type=\"widget\" data-widget_type=\"text-editor.default\">\n\t\t\t\t<div class=\"elementor-widget-container\">\n\t\t\t\t\t\t\t<p style=\"font-weight: 400;\"><strong style=\"color: var( --e-global-color-text ); font-family: var( --e-global-typography-text-font-family ), Sans-serif; font-size: var( --e-global-typography-text-font-size ); font-style: var( --e-global-typography-text-font-style ); text-transform: var( --e-global-typography-text-text-transform ); background-color: var( --e-global-color-485f6218 );\">Pour plus de renseignements<\/strong><\/p><p style=\"font-weight: 400;\">Sonia CARDONER &#8211; R\u00e9f\u00e9rente \u00ab\u00a0Famille\u00a0\u00bb \/ CREJH<\/p><p style=\"font-weight: 400;\">07 71 22 87 70\u00a0<a href=\"mailto:\/repitparental.crejh@gmail.com\">\/repitparental.crejh@gmail.com<\/a><\/p>\t\t\t\t\t\t<\/div>\n\t\t\t\t<\/div>\n\t\t\t\t\t<\/div>\n\t\t<\/div>\n\t\t\t\t\t<\/div>\n\t\t<\/section>\n\t\t\t\t\t<\/div>\n\t\t<\/div>\n\t\t\t\t\t<\/div>\n\t\t<\/section>\n\t\t\t\t<\/div>\n\t\t","protected":false},"excerpt":{"rendered":"<p>Actualit\u00e9s du Centre Ressources Enfance-Jeunesse &#038; Handicap Weekend et mini-s\u00e9jour R\u00e9pit \u00a0\u00bb en famille \u00a0\u00bb du CREJH r\u00e2ce \u00e0 nos g\u00e9n\u00e9reux partenaires financiers nous pouvons, \u00e0 nouveau, vous proposer nos weekends REPIT \u00ab\u00a0En famille\u00a0\u00bb en 2025 au Centre de Vacances Th\u00e9odore MONOD \u00e0 ERCKARTSWILLER &#8211;\u00a0 Notre prochain weekend et nos mini s\u00e9jours &#8211; REPIT \u00abEn [&hellip;]<\/p>\n","protected":false},"author":1,"featured_media":0,"parent":0,"menu_order":0,"comment_status":"closed","ping_status":"closed","template":"","meta":{"footnotes":""},"class_list":["post-1688","page","type-page","status-publish","hentry"],"_links":{"self":[{"href":"https:\/\/jpa67.fr\/crejh\/wp-json\/wp\/v2\/pages\/1688","targetHints":{"allow":["GET"]}}],"collection":[{"href":"https:\/\/jpa67.fr\/crejh\/wp-json\/wp\/v2\/pages"}],"about":[{"href":"https:\/\/jpa67.fr\/crejh\/wp-json\/wp\/v2\/types\/page"}],"author":[{"embeddable":true,"href":"https:\/\/jpa67.fr\/crejh\/wp-json\/wp\/v2\/users\/1"}],"replies":[{"embeddable":true,"href":"https:\/\/jpa67.fr\/crejh\/wp-json\/wp\/v2\/comments?post=1688"}],"version-history":[{"count":367,"href":"https:\/\/jpa67.fr\/crejh\/wp-json\/wp\/v2\/pages\/1688\/revisions"}],"predecessor-version":[{"id":4460,"href":"https:\/\/jpa67.fr\/crejh\/wp-json\/wp\/v2\/pages\/1688\/revisions\/4460"}],"wp:attachment":[{"href":"https:\/\/jpa67.fr\/crejh\/wp-json\/wp\/v2\/media?parent=1688"}],"curies":[{"name":"wp","href":"https:\/\/api.w.org\/{rel}","templated":true}]}}