{"id":3118,"date":"2022-08-24T15:11:23","date_gmt":"2022-08-24T13:11:23","guid":{"rendered":"https:\/\/jpa67.fr\/crejh\/?page_id=3118"},"modified":"2022-08-24T16:57:07","modified_gmt":"2022-08-24T14:57:07","slug":"brochures-et-affiches","status":"publish","type":"page","link":"https:\/\/jpa67.fr\/crejh\/ressources\/fichiers-documentaires-brochures-affiches\/brochures-et-affiches\/","title":{"rendered":"Brochures et affiches"},"content":{"rendered":"\t\t<div data-elementor-type=\"wp-page\" data-elementor-id=\"3118\" class=\"elementor elementor-3118\" data-elementor-post-type=\"page\">\n\t\t\t\t\t\t<section class=\"elementor-section elementor-top-section elementor-element elementor-element-fa2da9f elementor-section-boxed elementor-section-height-default elementor-section-height-default\" data-id=\"fa2da9f\" data-element_type=\"section\">\n\t\t\t\t\t\t<div class=\"elementor-container elementor-column-gap-default\">\n\t\t\t\t\t<div class=\"elementor-column elementor-col-100 elementor-top-column elementor-element elementor-element-8c15ce0\" data-id=\"8c15ce0\" data-element_type=\"column\">\n\t\t\t<div class=\"elementor-widget-wrap elementor-element-populated\">\n\t\t\t\t\t\t<div class=\"elementor-element elementor-element-3d6cda9 elementor-widget elementor-widget-spacer\" data-id=\"3d6cda9\" data-element_type=\"widget\" data-widget_type=\"spacer.default\">\n\t\t\t\t<div class=\"elementor-widget-container\">\n\t\t\t\t\t<div class=\"elementor-spacer\">\n\t\t\t<div class=\"elementor-spacer-inner\"><\/div>\n\t\t<\/div>\n\t\t\t\t<\/div>\n\t\t\t\t<\/div>\n\t\t\t\t<div class=\"elementor-element elementor-element-f92a089 elementor-widget elementor-widget-button\" data-id=\"f92a089\" data-element_type=\"widget\" data-widget_type=\"button.default\">\n\t\t\t\t<div class=\"elementor-widget-container\">\n\t\t\t\t\t<div class=\"elementor-button-wrapper\">\n\t\t\t<a class=\"elementor-button elementor-button-link elementor-size-lg\" href=\"https:\/\/jpa67.fr\/crejh\/ressources\/fichiers-documentaires-brochures-affiches\/\">\n\t\t\t\t\t\t<span class=\"elementor-button-content-wrapper\">\n\t\t\t\t\t\t<span class=\"elementor-button-icon elementor-align-icon-left\">\n\t\t\t\t<i aria-hidden=\"true\" class=\"fas fa-reply-all\"><\/i>\t\t\t<\/span>\n\t\t\t\t\t\t\t\t\t<span class=\"elementor-button-text\">Retour aux cat\u00e9gories<\/span>\n\t\t\t\t\t<\/span>\n\t\t\t\t\t<\/a>\n\t\t<\/div>\n\t\t\t\t<\/div>\n\t\t\t\t<\/div>\n\t\t\t\t<div class=\"elementor-element elementor-element-f313ceb elementor-widget elementor-widget-spacer\" data-id=\"f313ceb\" data-element_type=\"widget\" data-widget_type=\"spacer.default\">\n\t\t\t\t<div class=\"elementor-widget-container\">\n\t\t\t\t\t<div class=\"elementor-spacer\">\n\t\t\t<div class=\"elementor-spacer-inner\"><\/div>\n\t\t<\/div>\n\t\t\t\t<\/div>\n\t\t\t\t<\/div>\n\t\t\t\t\t<\/div>\n\t\t<\/div>\n\t\t\t\t\t<\/div>\n\t\t<\/section>\n\t\t\t\t<section class=\"elementor-section elementor-top-section elementor-element elementor-element-f0ff321 elementor-section-boxed elementor-section-height-default elementor-section-height-default\" data-id=\"f0ff321\" data-element_type=\"section\">\n\t\t\t\t\t\t<div class=\"elementor-container elementor-column-gap-default\">\n\t\t\t\t\t<div class=\"elementor-column elementor-col-100 elementor-top-column elementor-element elementor-element-064c9e4\" data-id=\"064c9e4\" data-element_type=\"column\">\n\t\t\t<div class=\"elementor-widget-wrap elementor-element-populated\">\n\t\t\t\t\t\t<div class=\"elementor-element elementor-element-cbe47c7 elementor-widget-divider--view-line elementor-widget elementor-widget-divider\" data-id=\"cbe47c7\" data-element_type=\"widget\" data-widget_type=\"divider.default\">\n\t\t\t\t<div class=\"elementor-widget-container\">\n\t\t\t\t\t<div class=\"elementor-divider\">\n\t\t\t<span class=\"elementor-divider-separator\">\n\t\t\t\t\t\t<\/span>\n\t\t<\/div>\n\t\t\t\t<\/div>\n\t\t\t\t<\/div>\n\t\t\t\t<div class=\"elementor-element elementor-element-219cadd elementor-widget elementor-widget-heading\" data-id=\"219cadd\" data-element_type=\"widget\" data-widget_type=\"heading.default\">\n\t\t\t\t<div class=\"elementor-widget-container\">\n\t\t\t<h2 class=\"elementor-heading-title elementor-size-default\">Guides et brochures<\/h2>\t\t<\/div>\n\t\t\t\t<\/div>\n\t\t\t\t<div class=\"elementor-element elementor-element-988156e elementor-widget-divider--view-line elementor-widget elementor-widget-divider\" data-id=\"988156e\" data-element_type=\"widget\" data-widget_type=\"divider.default\">\n\t\t\t\t<div class=\"elementor-widget-container\">\n\t\t\t\t\t<div class=\"elementor-divider\">\n\t\t\t<span class=\"elementor-divider-separator\">\n\t\t\t\t\t\t<\/span>\n\t\t<\/div>\n\t\t\t\t<\/div>\n\t\t\t\t<\/div>\n\t\t\t\t\t<\/div>\n\t\t<\/div>\n\t\t\t\t\t<\/div>\n\t\t<\/section>\n\t\t\t\t<section class=\"elementor-section elementor-top-section elementor-element elementor-element-e990fe5 elementor-section-boxed elementor-section-height-default elementor-section-height-default\" data-id=\"e990fe5\" data-element_type=\"section\">\n\t\t\t\t\t\t<div class=\"elementor-container elementor-column-gap-default\">\n\t\t\t\t\t<div class=\"elementor-column elementor-col-16 elementor-top-column elementor-element elementor-element-f25f5d1\" data-id=\"f25f5d1\" data-element_type=\"column\">\n\t\t\t<div class=\"elementor-widget-wrap elementor-element-populated\">\n\t\t\t\t\t\t<div class=\"elementor-element elementor-element-6e9e6ee elementor-widget elementor-widget-image\" data-id=\"6e9e6ee\" data-element_type=\"widget\" data-widget_type=\"image.default\">\n\t\t\t\t<div class=\"elementor-widget-container\">\n\t\t\t\t\t\t\t\t\t\t\t\t\t<img fetchpriority=\"high\" decoding=\"async\" width=\"759\" height=\"1024\" src=\"https:\/\/jpa67.fr\/crejh\/wp-content\/uploads\/2022\/08\/guidesPratiquesAuServiceDesHandicaps-759x1024.jpg\" class=\"attachment-large size-large wp-image-3082\" alt=\"couverture guide pratique au service des handicaps\" srcset=\"https:\/\/jpa67.fr\/crejh\/wp-content\/uploads\/2022\/08\/guidesPratiquesAuServiceDesHandicaps-759x1024.jpg 759w, https:\/\/jpa67.fr\/crejh\/wp-content\/uploads\/2022\/08\/guidesPratiquesAuServiceDesHandicaps-222x300.jpg 222w, https:\/\/jpa67.fr\/crejh\/wp-content\/uploads\/2022\/08\/guidesPratiquesAuServiceDesHandicaps-768x1037.jpg 768w, https:\/\/jpa67.fr\/crejh\/wp-content\/uploads\/2022\/08\/guidesPratiquesAuServiceDesHandicaps-1138x1536.jpg 1138w, https:\/\/jpa67.fr\/crejh\/wp-content\/uploads\/2022\/08\/guidesPratiquesAuServiceDesHandicaps-1517x2048.jpg 1517w, https:\/\/jpa67.fr\/crejh\/wp-content\/uploads\/2022\/08\/guidesPratiquesAuServiceDesHandicaps.jpg 1849w\" sizes=\"(max-width: 759px) 100vw, 759px\" \/>\t\t\t\t\t\t\t\t\t\t\t\t\t<\/div>\n\t\t\t\t<\/div>\n\t\t\t\t\t<\/div>\n\t\t<\/div>\n\t\t\t\t<div class=\"elementor-column elementor-col-66 elementor-top-column elementor-element elementor-element-a511b07\" data-id=\"a511b07\" data-element_type=\"column\">\n\t\t\t<div class=\"elementor-widget-wrap elementor-element-populated\">\n\t\t\t\t\t\t<div class=\"elementor-element elementor-element-422d9d1 elementor-widget elementor-widget-heading\" data-id=\"422d9d1\" data-element_type=\"widget\" data-widget_type=\"heading.default\">\n\t\t\t\t<div class=\"elementor-widget-container\">\n\t\t\t<h2 class=\"elementor-heading-title elementor-size-default\">Guide pratiques au service des handicaps (1x avec 3 livrets) - CER, UDAPEI<\/h2>\t\t<\/div>\n\t\t\t\t<\/div>\n\t\t\t\t<div class=\"elementor-element elementor-element-45c9fd4 elementor-widget elementor-widget-text-editor\" data-id=\"45c9fd4\" data-element_type=\"widget\" data-widget_type=\"text-editor.default\">\n\t\t\t\t<div class=\"elementor-widget-container\">\n\t\t\t\t\t\t\t<p><a href=\"http:\/\/www.vendee.gouv.fr\/IMG\/pdf\/charte_handi.pdf\">http:\/\/www.vendee.gouv.fr\/IMG\/pdf\/charte_handi.pdf<\/a><\/p>\t\t\t\t\t\t<\/div>\n\t\t\t\t<\/div>\n\t\t\t\t\t<\/div>\n\t\t<\/div>\n\t\t\t\t<div class=\"elementor-column elementor-col-16 elementor-top-column elementor-element elementor-element-5363f4a\" data-id=\"5363f4a\" data-element_type=\"column\">\n\t\t\t<div class=\"elementor-widget-wrap elementor-element-populated\">\n\t\t\t\t\t\t<div class=\"elementor-element elementor-element-f6b8e3c elementor-widget elementor-widget-image\" data-id=\"f6b8e3c\" data-element_type=\"widget\" data-widget_type=\"image.default\">\n\t\t\t\t<div class=\"elementor-widget-container\">\n\t\t\t\t\t\t\t\t\t\t\t\t\t<img decoding=\"async\" width=\"600\" height=\"600\" src=\"https:\/\/jpa67.fr\/crejh\/wp-content\/uploads\/2022\/08\/picto_handicaps_bleu.jpg\" class=\"attachment-large size-large wp-image-2547\" alt=\"pictos tous handicaps\" srcset=\"https:\/\/jpa67.fr\/crejh\/wp-content\/uploads\/2022\/08\/picto_handicaps_bleu.jpg 600w, https:\/\/jpa67.fr\/crejh\/wp-content\/uploads\/2022\/08\/picto_handicaps_bleu-300x300.jpg 300w, https:\/\/jpa67.fr\/crejh\/wp-content\/uploads\/2022\/08\/picto_handicaps_bleu-150x150.jpg 150w\" sizes=\"(max-width: 600px) 100vw, 600px\" \/>\t\t\t\t\t\t\t\t\t\t\t\t\t<\/div>\n\t\t\t\t<\/div>\n\t\t\t\t\t<\/div>\n\t\t<\/div>\n\t\t\t\t\t<\/div>\n\t\t<\/section>\n\t\t\t\t<section class=\"elementor-section elementor-top-section elementor-element elementor-element-c1d67ad elementor-section-boxed elementor-section-height-default elementor-section-height-default\" data-id=\"c1d67ad\" data-element_type=\"section\">\n\t\t\t\t\t\t<div class=\"elementor-container elementor-column-gap-default\">\n\t\t\t\t\t<div class=\"elementor-column elementor-col-100 elementor-top-column elementor-element elementor-element-915e621\" data-id=\"915e621\" data-element_type=\"column\">\n\t\t\t<div class=\"elementor-widget-wrap elementor-element-populated\">\n\t\t\t\t\t\t<div class=\"elementor-element elementor-element-f7710d4 elementor-widget-divider--view-line elementor-widget elementor-widget-divider\" data-id=\"f7710d4\" data-element_type=\"widget\" data-widget_type=\"divider.default\">\n\t\t\t\t<div class=\"elementor-widget-container\">\n\t\t\t\t\t<div class=\"elementor-divider\">\n\t\t\t<span class=\"elementor-divider-separator\">\n\t\t\t\t\t\t<\/span>\n\t\t<\/div>\n\t\t\t\t<\/div>\n\t\t\t\t<\/div>\n\t\t\t\t\t<\/div>\n\t\t<\/div>\n\t\t\t\t\t<\/div>\n\t\t<\/section>\n\t\t\t\t<section class=\"elementor-section elementor-top-section elementor-element elementor-element-3a74473 elementor-section-boxed elementor-section-height-default elementor-section-height-default\" data-id=\"3a74473\" data-element_type=\"section\">\n\t\t\t\t\t\t<div class=\"elementor-container elementor-column-gap-default\">\n\t\t\t\t\t<div class=\"elementor-column elementor-col-16 elementor-top-column elementor-element elementor-element-541763c\" data-id=\"541763c\" data-element_type=\"column\">\n\t\t\t<div class=\"elementor-widget-wrap elementor-element-populated\">\n\t\t\t\t\t\t<div class=\"elementor-element elementor-element-bbe93fa elementor-widget elementor-widget-image\" data-id=\"bbe93fa\" data-element_type=\"widget\" data-widget_type=\"image.default\">\n\t\t\t\t<div class=\"elementor-widget-container\">\n\t\t\t\t\t\t\t\t\t\t\t\t\t<img decoding=\"async\" width=\"738\" height=\"1024\" src=\"https:\/\/jpa67.fr\/crejh\/wp-content\/uploads\/2022\/08\/vivreSonHandicapDansLeBas-Rhin-1-738x1024.jpg\" class=\"attachment-large size-large wp-image-3171\" alt=\"image vivre Son Handicap Dans Le Bas-Rhin\" srcset=\"https:\/\/jpa67.fr\/crejh\/wp-content\/uploads\/2022\/08\/vivreSonHandicapDansLeBas-Rhin-1-738x1024.jpg 738w, https:\/\/jpa67.fr\/crejh\/wp-content\/uploads\/2022\/08\/vivreSonHandicapDansLeBas-Rhin-1-216x300.jpg 216w, https:\/\/jpa67.fr\/crejh\/wp-content\/uploads\/2022\/08\/vivreSonHandicapDansLeBas-Rhin-1-768x1066.jpg 768w, https:\/\/jpa67.fr\/crejh\/wp-content\/uploads\/2022\/08\/vivreSonHandicapDansLeBas-Rhin-1-1107x1536.jpg 1107w, https:\/\/jpa67.fr\/crejh\/wp-content\/uploads\/2022\/08\/vivreSonHandicapDansLeBas-Rhin-1-1476x2048.jpg 1476w, https:\/\/jpa67.fr\/crejh\/wp-content\/uploads\/2022\/08\/vivreSonHandicapDansLeBas-Rhin-1-scaled.jpg 1844w\" sizes=\"(max-width: 738px) 100vw, 738px\" \/>\t\t\t\t\t\t\t\t\t\t\t\t\t<\/div>\n\t\t\t\t<\/div>\n\t\t\t\t\t<\/div>\n\t\t<\/div>\n\t\t\t\t<div class=\"elementor-column elementor-col-66 elementor-top-column elementor-element elementor-element-887abcc\" data-id=\"887abcc\" data-element_type=\"column\">\n\t\t\t<div class=\"elementor-widget-wrap elementor-element-populated\">\n\t\t\t\t\t\t<div class=\"elementor-element elementor-element-c2c295e elementor-widget elementor-widget-heading\" data-id=\"c2c295e\" data-element_type=\"widget\" data-widget_type=\"heading.default\">\n\t\t\t\t<div class=\"elementor-widget-container\">\n\t\t\t<h2 class=\"elementor-heading-title elementor-size-default\">Guide pratiques au service des handicaps (1x avec 3 livrets) - CER, UDAPEI<\/h2>\t\t<\/div>\n\t\t\t\t<\/div>\n\t\t\t\t<div class=\"elementor-element elementor-element-1e0896a elementor-widget elementor-widget-text-editor\" data-id=\"1e0896a\" data-element_type=\"widget\" data-widget_type=\"text-editor.default\">\n\t\t\t\t<div class=\"elementor-widget-container\">\n\t\t\t\t\t\t\t<ol><li>La Maison D\u00e9partementale des Personnes Handicap\u00e9es : son r\u00f4le, ses missions (x6)<\/li><li>L\u2019accueil pr\u00e9scolaire et la scolarisation de enfants et adolescent en situation de handicap (x1)<\/li><li>Les aides financi\u00e8res \u00e0 destination de parents en situation de handicap (x1)<\/li><li>Les revenus des adultes en situation de handicap (x1)<\/li><li>La vie \u00e0 domicile des adultes en situation de handicap (x1)<\/li><li>L\u2019insertion professionnelle des personnes en situation de handicap (x1)<\/li><li>La vie des adultes en situation de handicap au sein d\u2019une famille d\u2019accueil ou d\u2019un \u00e9tablissement social ou m\u00e9dico-social (x1)<\/li><li>La participation \u00e0 la vie sociale des personnes en situation de handicap (x1)<\/li><li>La protection sociale et juridique des personnes en situation de handicap (x1)<\/li><li>La fiscalit\u00e9 des personnes en situation de handicap (x1)<\/li><\/ol>\t\t\t\t\t\t<\/div>\n\t\t\t\t<\/div>\n\t\t\t\t\t<\/div>\n\t\t<\/div>\n\t\t\t\t<div class=\"elementor-column elementor-col-16 elementor-top-column elementor-element elementor-element-ce9ce02\" data-id=\"ce9ce02\" data-element_type=\"column\">\n\t\t\t<div class=\"elementor-widget-wrap elementor-element-populated\">\n\t\t\t\t\t\t<div class=\"elementor-element elementor-element-d6b2680 elementor-widget elementor-widget-image\" data-id=\"d6b2680\" data-element_type=\"widget\" data-widget_type=\"image.default\">\n\t\t\t\t<div class=\"elementor-widget-container\">\n\t\t\t\t\t\t\t\t\t\t\t\t\t<img decoding=\"async\" width=\"600\" height=\"600\" src=\"https:\/\/jpa67.fr\/crejh\/wp-content\/uploads\/2022\/08\/picto_handicaps_bleu.jpg\" class=\"attachment-large size-large wp-image-2547\" alt=\"pictos tous handicaps\" srcset=\"https:\/\/jpa67.fr\/crejh\/wp-content\/uploads\/2022\/08\/picto_handicaps_bleu.jpg 600w, https:\/\/jpa67.fr\/crejh\/wp-content\/uploads\/2022\/08\/picto_handicaps_bleu-300x300.jpg 300w, https:\/\/jpa67.fr\/crejh\/wp-content\/uploads\/2022\/08\/picto_handicaps_bleu-150x150.jpg 150w\" sizes=\"(max-width: 600px) 100vw, 600px\" \/>\t\t\t\t\t\t\t\t\t\t\t\t\t<\/div>\n\t\t\t\t<\/div>\n\t\t\t\t\t<\/div>\n\t\t<\/div>\n\t\t\t\t\t<\/div>\n\t\t<\/section>\n\t\t\t\t<section class=\"elementor-section elementor-top-section elementor-element elementor-element-aaac018 elementor-section-boxed elementor-section-height-default elementor-section-height-default\" data-id=\"aaac018\" data-element_type=\"section\">\n\t\t\t\t\t\t<div class=\"elementor-container elementor-column-gap-default\">\n\t\t\t\t\t<div class=\"elementor-column elementor-col-100 elementor-top-column elementor-element elementor-element-b376adf\" data-id=\"b376adf\" data-element_type=\"column\">\n\t\t\t<div class=\"elementor-widget-wrap elementor-element-populated\">\n\t\t\t\t\t\t<div class=\"elementor-element elementor-element-6ca168e elementor-widget-divider--view-line elementor-widget elementor-widget-divider\" data-id=\"6ca168e\" data-element_type=\"widget\" data-widget_type=\"divider.default\">\n\t\t\t\t<div class=\"elementor-widget-container\">\n\t\t\t\t\t<div class=\"elementor-divider\">\n\t\t\t<span class=\"elementor-divider-separator\">\n\t\t\t\t\t\t<\/span>\n\t\t<\/div>\n\t\t\t\t<\/div>\n\t\t\t\t<\/div>\n\t\t\t\t<div class=\"elementor-element elementor-element-cabfa42 elementor-widget elementor-widget-heading\" data-id=\"cabfa42\" data-element_type=\"widget\" data-widget_type=\"heading.default\">\n\t\t\t\t<div class=\"elementor-widget-container\">\n\t\t\t<h2 class=\"elementor-heading-title elementor-size-default\">Affiches<\/h2>\t\t<\/div>\n\t\t\t\t<\/div>\n\t\t\t\t<div class=\"elementor-element elementor-element-ec93129 elementor-widget-divider--view-line elementor-widget elementor-widget-divider\" data-id=\"ec93129\" data-element_type=\"widget\" data-widget_type=\"divider.default\">\n\t\t\t\t<div class=\"elementor-widget-container\">\n\t\t\t\t\t<div class=\"elementor-divider\">\n\t\t\t<span class=\"elementor-divider-separator\">\n\t\t\t\t\t\t<\/span>\n\t\t<\/div>\n\t\t\t\t<\/div>\n\t\t\t\t<\/div>\n\t\t\t\t\t<\/div>\n\t\t<\/div>\n\t\t\t\t\t<\/div>\n\t\t<\/section>\n\t\t\t\t<section class=\"elementor-section elementor-top-section elementor-element elementor-element-b225d46 elementor-section-boxed elementor-section-height-default elementor-section-height-default\" data-id=\"b225d46\" data-element_type=\"section\">\n\t\t\t\t\t\t<div class=\"elementor-container elementor-column-gap-default\">\n\t\t\t\t\t<div class=\"elementor-column elementor-col-16 elementor-top-column elementor-element elementor-element-9d9017d\" data-id=\"9d9017d\" data-element_type=\"column\">\n\t\t\t<div class=\"elementor-widget-wrap elementor-element-populated\">\n\t\t\t\t\t\t<div class=\"elementor-element elementor-element-aac9890 elementor-widget elementor-widget-image\" data-id=\"aac9890\" data-element_type=\"widget\" data-widget_type=\"image.default\">\n\t\t\t\t<div class=\"elementor-widget-container\">\n\t\t\t\t\t\t\t\t\t\t\t\t\t<img loading=\"lazy\" decoding=\"async\" width=\"480\" height=\"640\" src=\"https:\/\/jpa67.fr\/crejh\/wp-content\/uploads\/2022\/08\/Affiche_vivreEnsemble-rotated.jpg\" class=\"attachment-large size-large wp-image-2616\" alt=\"Affiche vivre Ensemble\" srcset=\"https:\/\/jpa67.fr\/crejh\/wp-content\/uploads\/2022\/08\/Affiche_vivreEnsemble-rotated.jpg 480w, https:\/\/jpa67.fr\/crejh\/wp-content\/uploads\/2022\/08\/Affiche_vivreEnsemble-225x300.jpg 225w\" sizes=\"(max-width: 480px) 100vw, 480px\" \/>\t\t\t\t\t\t\t\t\t\t\t\t\t<\/div>\n\t\t\t\t<\/div>\n\t\t\t\t\t<\/div>\n\t\t<\/div>\n\t\t\t\t<div class=\"elementor-column elementor-col-66 elementor-top-column elementor-element elementor-element-fa56e19\" data-id=\"fa56e19\" data-element_type=\"column\">\n\t\t\t<div class=\"elementor-widget-wrap elementor-element-populated\">\n\t\t\t\t\t\t<div class=\"elementor-element elementor-element-c1f79d2 elementor-widget elementor-widget-heading\" data-id=\"c1f79d2\" data-element_type=\"widget\" data-widget_type=\"heading.default\">\n\t\t\t\t<div class=\"elementor-widget-container\">\n\t\t\t<h2 class=\"elementor-heading-title elementor-size-default\">Guide pratiques au service des handicaps (1x avec 3 livrets) - CER, UDAPEI<\/h2>\t\t<\/div>\n\t\t\t\t<\/div>\n\t\t\t\t<div class=\"elementor-element elementor-element-c001bdf elementor-widget elementor-widget-text-editor\" data-id=\"c001bdf\" data-element_type=\"widget\" data-widget_type=\"text-editor.default\">\n\t\t\t\t<div class=\"elementor-widget-container\">\n\t\t\t\t\t\t\t<p>Il est possible de monter une exposition avec les \u00e9l\u00e8ves, pour servir de base d\u2019animation \u00e0 un travail d\u2019\u00e9ducation \u00e0 la citoyennet\u00e9 aupr\u00e8s de publics d\u2019enfants et d\u2019adolescents, ou pour approfondir les animations de sensibilisation au handicap r\u00e9alis\u00e9es autour de la collection documentaire Au-dessus des nuages.<\/p><ul><li>Vivre ensemble (1x plastifi\u00e9 en A3) &#8211; \u00ab Au-dessus des nuages \u00bb &#8211; Une souris verte<\/li><li>Handicap et sant\u00e9 (1x plastifi\u00e9 en A3) &#8211; \u00ab Au-dessus des nuages \u00bb &#8211; Une souris verte<\/li><li>Les loisirs (1x plastifi\u00e9 en A3) &#8211; \u00ab Au-dessus des nuages \u00bb &#8211; Une souris verte<\/li><li>La communication (1x plastifi\u00e9 en A3) &#8211; \u00ab Au-dessus des nuages \u00bb &#8211; Une souris verte<\/li><li>La scolarisation (1x plastifi\u00e9 en A3) &#8211; \u00ab Au-dessus des nuages \u00bb &#8211; Une souris verte<\/li><li>La famille (1x plastifi\u00e9 en A3) &#8211; \u00ab Au-dessus des nuages \u00bb &#8211; Une souris verte<\/li><li>L\u2019autonomie (1x plastifi\u00e9 en A3) &#8211; \u00ab Au-dessus des nuages \u00bb &#8211; Une souris verte<\/li><\/ul><p>\u00a0<\/p><p><a href=\"http:\/\/www.unesourisverte.org\/produit\/au-dessus-des-nuages-exposition\/\" target=\"_blank\" rel=\"noopener\">http:\/\/www.unesourisverte.org\/produit\/au-dessus-des-nuages-exposition\/<\/a><\/p>\t\t\t\t\t\t<\/div>\n\t\t\t\t<\/div>\n\t\t\t\t\t<\/div>\n\t\t<\/div>\n\t\t\t\t<div class=\"elementor-column elementor-col-16 elementor-top-column elementor-element elementor-element-b7ee916\" data-id=\"b7ee916\" data-element_type=\"column\">\n\t\t\t<div class=\"elementor-widget-wrap elementor-element-populated\">\n\t\t\t\t\t\t<div class=\"elementor-element elementor-element-8060c9b elementor-widget elementor-widget-image\" data-id=\"8060c9b\" data-element_type=\"widget\" data-widget_type=\"image.default\">\n\t\t\t\t<div class=\"elementor-widget-container\">\n\t\t\t\t\t\t\t\t\t\t\t\t\t<img decoding=\"async\" width=\"600\" height=\"600\" src=\"https:\/\/jpa67.fr\/crejh\/wp-content\/uploads\/2022\/08\/picto_handicaps_bleu.jpg\" class=\"attachment-large size-large wp-image-2547\" alt=\"pictos tous handicaps\" srcset=\"https:\/\/jpa67.fr\/crejh\/wp-content\/uploads\/2022\/08\/picto_handicaps_bleu.jpg 600w, https:\/\/jpa67.fr\/crejh\/wp-content\/uploads\/2022\/08\/picto_handicaps_bleu-300x300.jpg 300w, https:\/\/jpa67.fr\/crejh\/wp-content\/uploads\/2022\/08\/picto_handicaps_bleu-150x150.jpg 150w\" sizes=\"(max-width: 600px) 100vw, 600px\" \/>\t\t\t\t\t\t\t\t\t\t\t\t\t<\/div>\n\t\t\t\t<\/div>\n\t\t\t\t\t<\/div>\n\t\t<\/div>\n\t\t\t\t\t<\/div>\n\t\t<\/section>\n\t\t\t\t<section class=\"elementor-section elementor-top-section elementor-element elementor-element-8946652 elementor-section-boxed elementor-section-height-default elementor-section-height-default\" data-id=\"8946652\" data-element_type=\"section\">\n\t\t\t\t\t\t<div class=\"elementor-container elementor-column-gap-default\">\n\t\t\t\t\t<div class=\"elementor-column elementor-col-100 elementor-top-column elementor-element elementor-element-ee0647e\" data-id=\"ee0647e\" data-element_type=\"column\">\n\t\t\t<div class=\"elementor-widget-wrap elementor-element-populated\">\n\t\t\t\t\t\t<div class=\"elementor-element elementor-element-969776d elementor-widget elementor-widget-spacer\" data-id=\"969776d\" data-element_type=\"widget\" data-widget_type=\"spacer.default\">\n\t\t\t\t<div class=\"elementor-widget-container\">\n\t\t\t\t\t<div class=\"elementor-spacer\">\n\t\t\t<div class=\"elementor-spacer-inner\"><\/div>\n\t\t<\/div>\n\t\t\t\t<\/div>\n\t\t\t\t<\/div>\n\t\t\t\t\t<\/div>\n\t\t<\/div>\n\t\t\t\t\t<\/div>\n\t\t<\/section>\n\t\t\t\t<\/div>\n\t\t","protected":false},"excerpt":{"rendered":"<p>Retour aux cat\u00e9gories Guides et brochures Guide pratiques au service des handicaps (1x avec 3 livrets) &#8211; CER, UDAPEI http:\/\/www.vendee.gouv.fr\/IMG\/pdf\/charte_handi.pdf Guide pratiques au service des handicaps (1x avec 3 livrets) &#8211; CER, UDAPEI La Maison D\u00e9partementale des Personnes Handicap\u00e9es : son r\u00f4le, ses missions (x6) L\u2019accueil pr\u00e9scolaire et la scolarisation de enfants et adolescent en [&hellip;]<\/p>\n","protected":false},"author":1,"featured_media":0,"parent":3078,"menu_order":0,"comment_status":"closed","ping_status":"closed","template":"","meta":{"footnotes":""},"class_list":["post-3118","page","type-page","status-publish","hentry"],"_links":{"self":[{"href":"https:\/\/jpa67.fr\/crejh\/wp-json\/wp\/v2\/pages\/3118","targetHints":{"allow":["GET"]}}],"collection":[{"href":"https:\/\/jpa67.fr\/crejh\/wp-json\/wp\/v2\/pages"}],"about":[{"href":"https:\/\/jpa67.fr\/crejh\/wp-json\/wp\/v2\/types\/page"}],"author":[{"embeddable":true,"href":"https:\/\/jpa67.fr\/crejh\/wp-json\/wp\/v2\/users\/1"}],"replies":[{"embeddable":true,"href":"https:\/\/jpa67.fr\/crejh\/wp-json\/wp\/v2\/comments?post=3118"}],"version-history":[{"count":22,"href":"https:\/\/jpa67.fr\/crejh\/wp-json\/wp\/v2\/pages\/3118\/revisions"}],"predecessor-version":[{"id":3183,"href":"https:\/\/jpa67.fr\/crejh\/wp-json\/wp\/v2\/pages\/3118\/revisions\/3183"}],"up":[{"embeddable":true,"href":"https:\/\/jpa67.fr\/crejh\/wp-json\/wp\/v2\/pages\/3078"}],"wp:attachment":[{"href":"https:\/\/jpa67.fr\/crejh\/wp-json\/wp\/v2\/media?parent=3118"}],"curies":[{"name":"wp","href":"https:\/\/api.w.org\/{rel}","templated":true}]}}