{"id":3388,"date":"2022-08-29T15:41:02","date_gmt":"2022-08-29T13:41:02","guid":{"rendered":"https:\/\/jpa67.fr\/crejh\/?page_id=3388"},"modified":"2024-07-11T13:30:26","modified_gmt":"2024-07-11T11:30:26","slug":"weekend-repit","status":"publish","type":"page","link":"https:\/\/jpa67.fr\/crejh\/weekend-repit\/","title":{"rendered":"Weekend R\u00c9PIT"},"content":{"rendered":"\t\t<div data-elementor-type=\"wp-page\" data-elementor-id=\"3388\" class=\"elementor elementor-3388\" data-elementor-post-type=\"page\">\n\t\t\t\t\t\t<section class=\"elementor-section elementor-top-section elementor-element elementor-element-6dd8e29d elementor-section-height-min-height elementor-section-boxed elementor-section-height-default elementor-section-items-middle\" data-id=\"6dd8e29d\" data-element_type=\"section\" data-settings=\"{&quot;background_background&quot;:&quot;classic&quot;,&quot;shape_divider_bottom&quot;:&quot;pyramids&quot;,&quot;shape_divider_bottom_negative&quot;:&quot;yes&quot;}\">\n\t\t\t\t\t\t\t<div class=\"elementor-background-overlay\"><\/div>\n\t\t\t\t\t\t<div class=\"elementor-shape elementor-shape-bottom\" data-negative=\"true\">\n\t\t\t<svg xmlns=\"http:\/\/www.w3.org\/2000\/svg\" viewBox=\"0 0 1000 100\" preserveAspectRatio=\"none\">\n\t<path class=\"elementor-shape-fill\" d=\"M761.9,40.6L643.1,24L333.9,93.8L0.1,1H0v99h1000V1\"\/>\n<\/svg>\t\t<\/div>\n\t\t\t\t\t<div class=\"elementor-container elementor-column-gap-default\">\n\t\t\t\t\t<div class=\"elementor-column elementor-col-100 elementor-top-column elementor-element elementor-element-78ef92ea\" data-id=\"78ef92ea\" data-element_type=\"column\" data-settings=\"{&quot;background_background&quot;:&quot;classic&quot;}\">\n\t\t\t<div class=\"elementor-widget-wrap elementor-element-populated\">\n\t\t\t\t\t\t<div class=\"elementor-element elementor-element-22a3621d elementor-widget elementor-widget-heading\" data-id=\"22a3621d\" data-element_type=\"widget\" data-widget_type=\"heading.default\">\n\t\t\t\t<div class=\"elementor-widget-container\">\n\t\t\t<h2 class=\"elementor-heading-title elementor-size-default\">Week-ends R\u00e9pit \"en famille\"<\/h2>\t\t<\/div>\n\t\t\t\t<\/div>\n\t\t\t\t\t<\/div>\n\t\t<\/div>\n\t\t\t\t\t<\/div>\n\t\t<\/section>\n\t\t\t\t<section class=\"elementor-section elementor-top-section elementor-element elementor-element-67d5fea elementor-section-boxed elementor-section-height-default elementor-section-height-default\" data-id=\"67d5fea\" data-element_type=\"section\">\n\t\t\t\t\t\t<div class=\"elementor-container elementor-column-gap-default\">\n\t\t\t\t\t<div class=\"elementor-column elementor-col-100 elementor-top-column elementor-element elementor-element-e80be68\" data-id=\"e80be68\" data-element_type=\"column\">\n\t\t\t<div class=\"elementor-widget-wrap elementor-element-populated\">\n\t\t\t\t\t\t<div class=\"elementor-element elementor-element-0799832 elementor-widget elementor-widget-spacer\" data-id=\"0799832\" data-element_type=\"widget\" data-widget_type=\"spacer.default\">\n\t\t\t\t<div class=\"elementor-widget-container\">\n\t\t\t\t\t<div class=\"elementor-spacer\">\n\t\t\t<div class=\"elementor-spacer-inner\"><\/div>\n\t\t<\/div>\n\t\t\t\t<\/div>\n\t\t\t\t<\/div>\n\t\t\t\t\t<\/div>\n\t\t<\/div>\n\t\t\t\t\t<\/div>\n\t\t<\/section>\n\t\t\t\t<section class=\"elementor-section elementor-inner-section elementor-element elementor-element-d546344 elementor-section-boxed elementor-section-height-default elementor-section-height-default\" data-id=\"d546344\" data-element_type=\"section\">\n\t\t\t\t\t\t<div class=\"elementor-container elementor-column-gap-default\">\n\t\t\t\t\t<div class=\"elementor-column elementor-col-33 elementor-inner-column elementor-element elementor-element-292e963\" data-id=\"292e963\" data-element_type=\"column\">\n\t\t\t<div class=\"elementor-widget-wrap elementor-element-populated\">\n\t\t\t\t\t\t<div class=\"elementor-element elementor-element-1d3e51c elementor-widget elementor-widget-image\" data-id=\"1d3e51c\" data-element_type=\"widget\" data-widget_type=\"image.default\">\n\t\t\t\t<div class=\"elementor-widget-container\">\n\t\t\t\t\t\t\t\t\t\t\t\t\t<img fetchpriority=\"high\" decoding=\"async\" width=\"275\" height=\"255\" src=\"https:\/\/jpa67.fr\/crejh\/wp-content\/uploads\/2022\/08\/LOGO-CVA-SONNENHOF.jpg\" class=\"attachment-large size-large wp-image-1720\" alt=\"logo Sonnenhof\" \/>\t\t\t\t\t\t\t\t\t\t\t\t\t<\/div>\n\t\t\t\t<\/div>\n\t\t\t\t\t<\/div>\n\t\t<\/div>\n\t\t\t\t<div class=\"elementor-column elementor-col-33 elementor-inner-column elementor-element elementor-element-6cc6c4b\" data-id=\"6cc6c4b\" data-element_type=\"column\">\n\t\t\t<div class=\"elementor-widget-wrap elementor-element-populated\">\n\t\t\t\t\t\t<div class=\"elementor-element elementor-element-1ae644d elementor-widget elementor-widget-text-editor\" data-id=\"1ae644d\" data-element_type=\"widget\" data-widget_type=\"text-editor.default\">\n\t\t\t\t<div class=\"elementor-widget-container\">\n\t\t\t\t\t\t\t<p>Au centre de vacances Th\u00e9odore Monod \u00e0 ERCKARTSWILLER (67)<\/p>\t\t\t\t\t\t<\/div>\n\t\t\t\t<\/div>\n\t\t\t\t<div class=\"elementor-element elementor-element-abe7dfb elementor-align-left elementor-icon-list--layout-traditional elementor-list-item-link-full_width elementor-widget elementor-widget-icon-list\" data-id=\"abe7dfb\" data-element_type=\"widget\" data-widget_type=\"icon-list.default\">\n\t\t\t\t<div class=\"elementor-widget-container\">\n\t\t\t\t\t<ul class=\"elementor-icon-list-items\">\n\t\t\t\t\t\t\t<li class=\"elementor-icon-list-item\">\n\t\t\t\t\t\t\t\t\t\t\t<span class=\"elementor-icon-list-icon\">\n\t\t\t\t\t\t\t<i aria-hidden=\"true\" class=\"fas fa-check\"><\/i>\t\t\t\t\t\t<\/span>\n\t\t\t\t\t\t\t\t\t\t<span class=\"elementor-icon-list-text\">Du samedi 30 novembre au dimanche 1er d\u00e9cembre 2024<\/span>\n\t\t\t\t\t\t\t\t\t<\/li>\n\t\t\t\t\t\t<\/ul>\n\t\t\t\t<\/div>\n\t\t\t\t<\/div>\n\t\t\t\t\t<\/div>\n\t\t<\/div>\n\t\t\t\t<div class=\"elementor-column elementor-col-33 elementor-inner-column elementor-element elementor-element-985d045\" data-id=\"985d045\" data-element_type=\"column\">\n\t\t\t<div class=\"elementor-widget-wrap\">\n\t\t\t\t\t\t\t<\/div>\n\t\t<\/div>\n\t\t\t\t\t<\/div>\n\t\t<\/section>\n\t\t\t\t<section class=\"elementor-section elementor-top-section elementor-element elementor-element-9dbd206 elementor-section-boxed elementor-section-height-default elementor-section-height-default\" data-id=\"9dbd206\" data-element_type=\"section\">\n\t\t\t\t\t\t<div class=\"elementor-container elementor-column-gap-default\">\n\t\t\t\t\t<div class=\"elementor-column elementor-col-100 elementor-top-column elementor-element elementor-element-d24df8e\" data-id=\"d24df8e\" data-element_type=\"column\">\n\t\t\t<div class=\"elementor-widget-wrap elementor-element-populated\">\n\t\t\t\t\t\t<div class=\"elementor-element elementor-element-90b3bb8 elementor-widget elementor-widget-spacer\" data-id=\"90b3bb8\" data-element_type=\"widget\" data-widget_type=\"spacer.default\">\n\t\t\t\t<div class=\"elementor-widget-container\">\n\t\t\t\t\t<div class=\"elementor-spacer\">\n\t\t\t<div class=\"elementor-spacer-inner\"><\/div>\n\t\t<\/div>\n\t\t\t\t<\/div>\n\t\t\t\t<\/div>\n\t\t\t\t<div class=\"elementor-element elementor-element-d60e0b8 elementor-widget-divider--view-line_text elementor-widget-divider--element-align-center elementor-widget elementor-widget-divider\" data-id=\"d60e0b8\" data-element_type=\"widget\" data-widget_type=\"divider.default\">\n\t\t\t\t<div class=\"elementor-widget-container\">\n\t\t\t\t\t<div class=\"elementor-divider\">\n\t\t\t<span class=\"elementor-divider-separator\">\n\t\t\t\t\t\t\t<span class=\"elementor-divider__text elementor-divider__element\">\n\t\t\t\tMerci \u00e0 nos partenaires financiers pour ce projet\t\t\t\t<\/span>\n\t\t\t\t\t\t<\/span>\n\t\t<\/div>\n\t\t\t\t<\/div>\n\t\t\t\t<\/div>\n\t\t\t\t\t<\/div>\n\t\t<\/div>\n\t\t\t\t\t<\/div>\n\t\t<\/section>\n\t\t\t\t<section class=\"elementor-section elementor-top-section elementor-element elementor-element-9ff6c3b elementor-section-content-middle elementor-section-boxed elementor-section-height-default elementor-section-height-default\" data-id=\"9ff6c3b\" data-element_type=\"section\">\n\t\t\t\t\t\t<div class=\"elementor-container elementor-column-gap-default\">\n\t\t\t\t\t<div class=\"elementor-column elementor-col-20 elementor-top-column elementor-element elementor-element-1b68b1a\" data-id=\"1b68b1a\" data-element_type=\"column\">\n\t\t\t<div class=\"elementor-widget-wrap elementor-element-populated\">\n\t\t\t\t\t\t<div class=\"elementor-element elementor-element-43b925a elementor-widget elementor-widget-image\" data-id=\"43b925a\" data-element_type=\"widget\" data-widget_type=\"image.default\">\n\t\t\t\t<div class=\"elementor-widget-container\">\n\t\t\t\t\t\t\t\t\t\t\t\t\t<img decoding=\"async\" width=\"800\" height=\"300\" src=\"https:\/\/jpa67.fr\/crejh\/wp-content\/uploads\/2023\/10\/67-Logo-JPA-1024x384.jpg\" class=\"attachment-large size-large wp-image-3983\" alt=\"\" srcset=\"https:\/\/jpa67.fr\/crejh\/wp-content\/uploads\/2023\/10\/67-Logo-JPA-1024x384.jpg 1024w, https:\/\/jpa67.fr\/crejh\/wp-content\/uploads\/2023\/10\/67-Logo-JPA-300x113.jpg 300w, https:\/\/jpa67.fr\/crejh\/wp-content\/uploads\/2023\/10\/67-Logo-JPA-768x288.jpg 768w, https:\/\/jpa67.fr\/crejh\/wp-content\/uploads\/2023\/10\/67-Logo-JPA-1536x576.jpg 1536w, https:\/\/jpa67.fr\/crejh\/wp-content\/uploads\/2023\/10\/67-Logo-JPA-2048x769.jpg 2048w\" sizes=\"(max-width: 800px) 100vw, 800px\" \/>\t\t\t\t\t\t\t\t\t\t\t\t\t<\/div>\n\t\t\t\t<\/div>\n\t\t\t\t\t<\/div>\n\t\t<\/div>\n\t\t\t\t<div class=\"elementor-column elementor-col-20 elementor-top-column elementor-element elementor-element-6073c23\" data-id=\"6073c23\" data-element_type=\"column\">\n\t\t\t<div class=\"elementor-widget-wrap elementor-element-populated\">\n\t\t\t\t\t\t<div class=\"elementor-element elementor-element-43ea080 elementor-widget elementor-widget-image\" data-id=\"43ea080\" data-element_type=\"widget\" data-widget_type=\"image.default\">\n\t\t\t\t<div class=\"elementor-widget-container\">\n\t\t\t\t\t\t\t\t\t\t\t\t\t<img decoding=\"async\" width=\"378\" height=\"133\" src=\"https:\/\/jpa67.fr\/crejh\/wp-content\/uploads\/2023\/10\/logo-Aesio.png\" class=\"attachment-large size-large wp-image-3984\" alt=\"\" srcset=\"https:\/\/jpa67.fr\/crejh\/wp-content\/uploads\/2023\/10\/logo-Aesio.png 378w, https:\/\/jpa67.fr\/crejh\/wp-content\/uploads\/2023\/10\/logo-Aesio-300x106.png 300w\" sizes=\"(max-width: 378px) 100vw, 378px\" \/>\t\t\t\t\t\t\t\t\t\t\t\t\t<\/div>\n\t\t\t\t<\/div>\n\t\t\t\t\t<\/div>\n\t\t<\/div>\n\t\t\t\t<div class=\"elementor-column elementor-col-20 elementor-top-column elementor-element elementor-element-63ca848\" data-id=\"63ca848\" data-element_type=\"column\">\n\t\t\t<div class=\"elementor-widget-wrap elementor-element-populated\">\n\t\t\t\t\t\t<div class=\"elementor-element elementor-element-ecd5f32 elementor-widget elementor-widget-image\" data-id=\"ecd5f32\" data-element_type=\"widget\" data-widget_type=\"image.default\">\n\t\t\t\t<div class=\"elementor-widget-container\">\n\t\t\t\t\t\t\t\t\t\t\t\t\t<img loading=\"lazy\" decoding=\"async\" width=\"800\" height=\"600\" src=\"https:\/\/jpa67.fr\/crejh\/wp-content\/uploads\/2023\/10\/logo-le-carre-medical-3-lignes-01-1024x768.jpg\" class=\"attachment-large size-large wp-image-3987\" alt=\"\" srcset=\"https:\/\/jpa67.fr\/crejh\/wp-content\/uploads\/2023\/10\/logo-le-carre-medical-3-lignes-01-1024x768.jpg 1024w, https:\/\/jpa67.fr\/crejh\/wp-content\/uploads\/2023\/10\/logo-le-carre-medical-3-lignes-01-300x225.jpg 300w, https:\/\/jpa67.fr\/crejh\/wp-content\/uploads\/2023\/10\/logo-le-carre-medical-3-lignes-01-768x576.jpg 768w, https:\/\/jpa67.fr\/crejh\/wp-content\/uploads\/2023\/10\/logo-le-carre-medical-3-lignes-01-1536x1152.jpg 1536w, https:\/\/jpa67.fr\/crejh\/wp-content\/uploads\/2023\/10\/logo-le-carre-medical-3-lignes-01-2048x1536.jpg 2048w\" sizes=\"(max-width: 800px) 100vw, 800px\" \/>\t\t\t\t\t\t\t\t\t\t\t\t\t<\/div>\n\t\t\t\t<\/div>\n\t\t\t\t\t<\/div>\n\t\t<\/div>\n\t\t\t\t<div class=\"elementor-column elementor-col-20 elementor-top-column elementor-element elementor-element-ebd2e0d\" data-id=\"ebd2e0d\" data-element_type=\"column\">\n\t\t\t<div class=\"elementor-widget-wrap elementor-element-populated\">\n\t\t\t\t\t\t<div class=\"elementor-element elementor-element-3703d13 elementor-widget elementor-widget-image\" data-id=\"3703d13\" data-element_type=\"widget\" data-widget_type=\"image.default\">\n\t\t\t\t<div class=\"elementor-widget-container\">\n\t\t\t\t\t\t\t\t\t\t\t\t\t<img loading=\"lazy\" decoding=\"async\" width=\"800\" height=\"107\" src=\"https:\/\/jpa67.fr\/crejh\/wp-content\/uploads\/2024\/07\/agirc-arrco-klesia_2024_RVB-300-1024x137.jpg\" class=\"attachment-large size-large wp-image-4180\" alt=\"logo Klesia\" srcset=\"https:\/\/jpa67.fr\/crejh\/wp-content\/uploads\/2024\/07\/agirc-arrco-klesia_2024_RVB-300-1024x137.jpg 1024w, https:\/\/jpa67.fr\/crejh\/wp-content\/uploads\/2024\/07\/agirc-arrco-klesia_2024_RVB-300-300x40.jpg 300w, https:\/\/jpa67.fr\/crejh\/wp-content\/uploads\/2024\/07\/agirc-arrco-klesia_2024_RVB-300-768x103.jpg 768w, https:\/\/jpa67.fr\/crejh\/wp-content\/uploads\/2024\/07\/agirc-arrco-klesia_2024_RVB-300-1536x206.jpg 1536w, https:\/\/jpa67.fr\/crejh\/wp-content\/uploads\/2024\/07\/agirc-arrco-klesia_2024_RVB-300.jpg 1773w\" sizes=\"(max-width: 800px) 100vw, 800px\" \/>\t\t\t\t\t\t\t\t\t\t\t\t\t<\/div>\n\t\t\t\t<\/div>\n\t\t\t\t\t<\/div>\n\t\t<\/div>\n\t\t\t\t<div class=\"elementor-column elementor-col-20 elementor-top-column elementor-element elementor-element-8915bbe\" data-id=\"8915bbe\" data-element_type=\"column\">\n\t\t\t<div class=\"elementor-widget-wrap elementor-element-populated\">\n\t\t\t\t\t\t<div class=\"elementor-element elementor-element-13f47d5 elementor-widget elementor-widget-image\" data-id=\"13f47d5\" data-element_type=\"widget\" data-widget_type=\"image.default\">\n\t\t\t\t<div class=\"elementor-widget-container\">\n\t\t\t\t\t\t\t\t\t\t\t\t\t<img loading=\"lazy\" decoding=\"async\" width=\"800\" height=\"533\" src=\"https:\/\/jpa67.fr\/crejh\/wp-content\/uploads\/2023\/10\/ca-Alsace_Vosges-v-RVB-1024x682.jpg\" class=\"attachment-large size-large wp-image-3985\" alt=\"\" srcset=\"https:\/\/jpa67.fr\/crejh\/wp-content\/uploads\/2023\/10\/ca-Alsace_Vosges-v-RVB-1024x682.jpg 1024w, https:\/\/jpa67.fr\/crejh\/wp-content\/uploads\/2023\/10\/ca-Alsace_Vosges-v-RVB-300x200.jpg 300w, https:\/\/jpa67.fr\/crejh\/wp-content\/uploads\/2023\/10\/ca-Alsace_Vosges-v-RVB-768x511.jpg 768w, https:\/\/jpa67.fr\/crejh\/wp-content\/uploads\/2023\/10\/ca-Alsace_Vosges-v-RVB-1536x1023.jpg 1536w, https:\/\/jpa67.fr\/crejh\/wp-content\/uploads\/2023\/10\/ca-Alsace_Vosges-v-RVB.jpg 1763w\" sizes=\"(max-width: 800px) 100vw, 800px\" \/>\t\t\t\t\t\t\t\t\t\t\t\t\t<\/div>\n\t\t\t\t<\/div>\n\t\t\t\t\t<\/div>\n\t\t<\/div>\n\t\t\t\t\t<\/div>\n\t\t<\/section>\n\t\t\t\t<section class=\"elementor-section elementor-top-section elementor-element elementor-element-e096097 elementor-section-content-middle elementor-section-boxed elementor-section-height-default elementor-section-height-default\" data-id=\"e096097\" data-element_type=\"section\">\n\t\t\t\t\t\t<div class=\"elementor-container elementor-column-gap-default\">\n\t\t\t\t\t<div class=\"elementor-column elementor-col-20 elementor-top-column elementor-element elementor-element-9ec54cb\" data-id=\"9ec54cb\" data-element_type=\"column\">\n\t\t\t<div class=\"elementor-widget-wrap elementor-element-populated\">\n\t\t\t\t\t\t<div class=\"elementor-element elementor-element-7af45e0 elementor-widget elementor-widget-image\" data-id=\"7af45e0\" data-element_type=\"widget\" data-widget_type=\"image.default\">\n\t\t\t\t<div class=\"elementor-widget-container\">\n\t\t\t\t\t\t\t\t\t\t\t\t\t<img loading=\"lazy\" decoding=\"async\" width=\"800\" height=\"200\" src=\"https:\/\/jpa67.fr\/crejh\/wp-content\/uploads\/2024\/01\/logo_CPAM.png\" class=\"attachment-large size-large wp-image-4045\" alt=\"\" srcset=\"https:\/\/jpa67.fr\/crejh\/wp-content\/uploads\/2024\/01\/logo_CPAM.png 1000w, https:\/\/jpa67.fr\/crejh\/wp-content\/uploads\/2024\/01\/logo_CPAM-300x75.png 300w, https:\/\/jpa67.fr\/crejh\/wp-content\/uploads\/2024\/01\/logo_CPAM-768x192.png 768w\" sizes=\"(max-width: 800px) 100vw, 800px\" \/>\t\t\t\t\t\t\t\t\t\t\t\t\t<\/div>\n\t\t\t\t<\/div>\n\t\t\t\t\t<\/div>\n\t\t<\/div>\n\t\t\t\t<div class=\"elementor-column elementor-col-20 elementor-top-column elementor-element elementor-element-187659f\" data-id=\"187659f\" data-element_type=\"column\">\n\t\t\t<div class=\"elementor-widget-wrap elementor-element-populated\">\n\t\t\t\t\t\t\t<\/div>\n\t\t<\/div>\n\t\t\t\t<div class=\"elementor-column elementor-col-20 elementor-top-column elementor-element elementor-element-f53e76a\" data-id=\"f53e76a\" data-element_type=\"column\">\n\t\t\t<div class=\"elementor-widget-wrap elementor-element-populated\">\n\t\t\t\t\t\t\t<\/div>\n\t\t<\/div>\n\t\t\t\t<div class=\"elementor-column elementor-col-20 elementor-top-column elementor-element elementor-element-e4294e4\" data-id=\"e4294e4\" data-element_type=\"column\">\n\t\t\t<div class=\"elementor-widget-wrap elementor-element-populated\">\n\t\t\t\t\t\t\t<\/div>\n\t\t<\/div>\n\t\t\t\t<div class=\"elementor-column elementor-col-20 elementor-top-column elementor-element elementor-element-ad73047\" data-id=\"ad73047\" data-element_type=\"column\">\n\t\t\t<div class=\"elementor-widget-wrap elementor-element-populated\">\n\t\t\t\t\t\t\t<\/div>\n\t\t<\/div>\n\t\t\t\t\t<\/div>\n\t\t<\/section>\n\t\t\t\t<\/div>\n\t\t","protected":false},"excerpt":{"rendered":"<p>Week-ends R\u00e9pit \u00ab\u00a0en famille\u00a0\u00bb Au centre de vacances Th\u00e9odore Monod \u00e0 ERCKARTSWILLER (67) Du samedi 30 novembre au dimanche 1er d\u00e9cembre 2024 Merci \u00e0 nos partenaires financiers pour ce projet<\/p>\n","protected":false},"author":1,"featured_media":0,"parent":0,"menu_order":0,"comment_status":"closed","ping_status":"closed","template":"","meta":{"footnotes":""},"class_list":["post-3388","page","type-page","status-publish","hentry"],"_links":{"self":[{"href":"https:\/\/jpa67.fr\/crejh\/wp-json\/wp\/v2\/pages\/3388","targetHints":{"allow":["GET"]}}],"collection":[{"href":"https:\/\/jpa67.fr\/crejh\/wp-json\/wp\/v2\/pages"}],"about":[{"href":"https:\/\/jpa67.fr\/crejh\/wp-json\/wp\/v2\/types\/page"}],"author":[{"embeddable":true,"href":"https:\/\/jpa67.fr\/crejh\/wp-json\/wp\/v2\/users\/1"}],"replies":[{"embeddable":true,"href":"https:\/\/jpa67.fr\/crejh\/wp-json\/wp\/v2\/comments?post=3388"}],"version-history":[{"count":109,"href":"https:\/\/jpa67.fr\/crejh\/wp-json\/wp\/v2\/pages\/3388\/revisions"}],"predecessor-version":[{"id":4184,"href":"https:\/\/jpa67.fr\/crejh\/wp-json\/wp\/v2\/pages\/3388\/revisions\/4184"}],"wp:attachment":[{"href":"https:\/\/jpa67.fr\/crejh\/wp-json\/wp\/v2\/media?parent=3388"}],"curies":[{"name":"wp","href":"https:\/\/api.w.org\/{rel}","templated":true}]}}