{"id":3764,"date":"2022-11-24T10:20:05","date_gmt":"2022-11-24T09:20:05","guid":{"rendered":"https:\/\/jpa67.fr\/crejh\/?page_id=3764"},"modified":"2024-09-03T15:11:28","modified_gmt":"2024-09-03T13:11:28","slug":"journee-autisme","status":"publish","type":"page","link":"https:\/\/jpa67.fr\/crejh\/journee-autisme\/","title":{"rendered":"journ\u00e9e autisme"},"content":{"rendered":"\t\t<div data-elementor-type=\"wp-page\" data-elementor-id=\"3764\" class=\"elementor elementor-3764\" data-elementor-post-type=\"page\">\n\t\t\t\t\t\t<section class=\"elementor-section elementor-top-section elementor-element elementor-element-c7165d1 elementor-section-height-min-height elementor-section-boxed elementor-section-height-default elementor-section-items-middle\" data-id=\"c7165d1\" data-element_type=\"section\" data-settings=\"{&quot;background_background&quot;:&quot;classic&quot;,&quot;shape_divider_bottom&quot;:&quot;pyramids&quot;,&quot;shape_divider_bottom_negative&quot;:&quot;yes&quot;}\">\n\t\t\t\t\t\t\t<div class=\"elementor-background-overlay\"><\/div>\n\t\t\t\t\t\t<div class=\"elementor-shape elementor-shape-bottom\" data-negative=\"true\">\n\t\t\t<svg xmlns=\"http:\/\/www.w3.org\/2000\/svg\" viewBox=\"0 0 1000 100\" preserveAspectRatio=\"none\">\n\t<path class=\"elementor-shape-fill\" d=\"M761.9,40.6L643.1,24L333.9,93.8L0.1,1H0v99h1000V1\"\/>\n<\/svg>\t\t<\/div>\n\t\t\t\t\t<div class=\"elementor-container elementor-column-gap-default\">\n\t\t\t\t\t<div class=\"elementor-column elementor-col-100 elementor-top-column elementor-element elementor-element-ff68b2d\" data-id=\"ff68b2d\" data-element_type=\"column\" data-settings=\"{&quot;background_background&quot;:&quot;classic&quot;}\">\n\t\t\t<div class=\"elementor-widget-wrap elementor-element-populated\">\n\t\t\t\t\t\t<div class=\"elementor-element elementor-element-42b43ef elementor-widget elementor-widget-heading\" data-id=\"42b43ef\" data-element_type=\"widget\" data-widget_type=\"heading.default\">\n\t\t\t\t<div class=\"elementor-widget-container\">\n\t\t\t<h2 class=\"elementor-heading-title elementor-size-default\">journ\u00e9e th\u00e9matique sur l'autisme<\/h2>\t\t<\/div>\n\t\t\t\t<\/div>\n\t\t\t\t\t<\/div>\n\t\t<\/div>\n\t\t\t\t\t<\/div>\n\t\t<\/section>\n\t\t\t\t<section class=\"elementor-section elementor-top-section elementor-element elementor-element-90853f9 elementor-section-boxed elementor-section-height-default elementor-section-height-default\" data-id=\"90853f9\" data-element_type=\"section\">\n\t\t\t\t\t\t<div class=\"elementor-container elementor-column-gap-default\">\n\t\t\t\t\t<div class=\"elementor-column elementor-col-100 elementor-top-column elementor-element elementor-element-e3ecdad\" data-id=\"e3ecdad\" data-element_type=\"column\">\n\t\t\t<div class=\"elementor-widget-wrap elementor-element-populated\">\n\t\t\t\t\t\t<div class=\"elementor-element elementor-element-e01f392 elementor-widget elementor-widget-spacer\" data-id=\"e01f392\" data-element_type=\"widget\" data-widget_type=\"spacer.default\">\n\t\t\t\t<div class=\"elementor-widget-container\">\n\t\t\t\t\t<div class=\"elementor-spacer\">\n\t\t\t<div class=\"elementor-spacer-inner\"><\/div>\n\t\t<\/div>\n\t\t\t\t<\/div>\n\t\t\t\t<\/div>\n\t\t\t\t<div class=\"elementor-element elementor-element-83fff62 elementor-widget elementor-widget-text-editor\" data-id=\"83fff62\" data-element_type=\"widget\" data-widget_type=\"text-editor.default\">\n\t\t\t\t<div class=\"elementor-widget-container\">\n\t\t\t\t\t\t\t<p>Le <strong>Centre Ressources Enfance-Jeunesse &amp; Handicap<\/strong>, <strong>le Centre de Ressources Autisme d&rsquo;Alsace et le DASCA<\/strong>, organisent 1 journ\u00e9e sur la th\u00e9matique de :<\/p><p><strong>Accueillir un enfant autiste, <\/strong><\/p><p>\u00e0 destination des professionnel\u00b7le\u00b7s de l\u2019Accueil Collectif de Mineurs (ALSH, P\u00e9riscolaire, CSC, Centre de Vacances, \u2026).\u00a0<\/p><p>Cette journ\u00e9e aura lieu le <span style=\"color: #ff0000;\"><strong>PAS DE NOUVELLES DATES POUR L&rsquo;INSTANT<\/strong><\/span>(pause repas de 12h \u00e0 13h, possibilit\u00e9s de manger sur place avec un repas tir\u00e9 du sac), dans les locaux du\u00a0<\/p><p><strong>\u00a0<\/strong><strong><u>Au programme :<\/u><\/strong><\/p><ul><li><strong>Immersion dans une exp\u00e9rience autistique<\/strong><\/li><li><strong>Fonctionnement cognitif et sensoriel : apports th\u00e9oriques<\/strong><\/li><li><strong>Grands principes d&rsquo;accompagnement \u00e0 partir de situations pratiques<\/strong><\/li><\/ul><p><strong>\u00a0<\/strong><\/p><p>Pour vous inscrire, merci d\u2019utiliser le formulaire en ligne\u00a0:<\/p><p>Pour toutes questions vous pouvez nous contacter par mail\u00a0:<\/p><p><a href=\"mailto:arnaud.crejh@gmail.com\">arnaud.crejh@gmail.com<\/a>\u00a0ou par t\u00e9l\u00e9phone\u00a0: 07 57 57 63 86,<\/p><p>Dans un souci d&rsquo;organisation, les places sont limit\u00e9es \u00e0 <strong>15<\/strong> personnes, nous r\u00e9it\u00e8rerons cette formation, mais n\u2019avons pas encore de date \u00e0 communiquer.<\/p>\t\t\t\t\t\t<\/div>\n\t\t\t\t<\/div>\n\t\t\t\t\t<\/div>\n\t\t<\/div>\n\t\t\t\t\t<\/div>\n\t\t<\/section>\n\t\t\t\t<\/div>\n\t\t","protected":false},"excerpt":{"rendered":"<p>journ\u00e9e th\u00e9matique sur l&rsquo;autisme Le Centre Ressources Enfance-Jeunesse &amp; Handicap, le Centre de Ressources Autisme d&rsquo;Alsace et le DASCA, organisent 1 journ\u00e9e sur la th\u00e9matique de : Accueillir un enfant autiste, \u00e0 destination des professionnel\u00b7le\u00b7s de l\u2019Accueil Collectif de Mineurs (ALSH, P\u00e9riscolaire, CSC, Centre de Vacances, \u2026).\u00a0 Cette journ\u00e9e aura lieu le PAS DE NOUVELLES [&hellip;]<\/p>\n","protected":false},"author":1,"featured_media":0,"parent":0,"menu_order":0,"comment_status":"closed","ping_status":"closed","template":"","meta":{"footnotes":""},"class_list":["post-3764","page","type-page","status-publish","hentry"],"_links":{"self":[{"href":"https:\/\/jpa67.fr\/crejh\/wp-json\/wp\/v2\/pages\/3764","targetHints":{"allow":["GET"]}}],"collection":[{"href":"https:\/\/jpa67.fr\/crejh\/wp-json\/wp\/v2\/pages"}],"about":[{"href":"https:\/\/jpa67.fr\/crejh\/wp-json\/wp\/v2\/types\/page"}],"author":[{"embeddable":true,"href":"https:\/\/jpa67.fr\/crejh\/wp-json\/wp\/v2\/users\/1"}],"replies":[{"embeddable":true,"href":"https:\/\/jpa67.fr\/crejh\/wp-json\/wp\/v2\/comments?post=3764"}],"version-history":[{"count":16,"href":"https:\/\/jpa67.fr\/crejh\/wp-json\/wp\/v2\/pages\/3764\/revisions"}],"predecessor-version":[{"id":4209,"href":"https:\/\/jpa67.fr\/crejh\/wp-json\/wp\/v2\/pages\/3764\/revisions\/4209"}],"wp:attachment":[{"href":"https:\/\/jpa67.fr\/crejh\/wp-json\/wp\/v2\/media?parent=3764"}],"curies":[{"name":"wp","href":"https:\/\/api.w.org\/{rel}","templated":true}]}}