{"id":1648,"date":"2018-08-20T13:14:22","date_gmt":"2018-08-20T12:14:22","guid":{"rendered":"http:\/\/jpa67.fr\/fr\/?page_id=1648"},"modified":"2019-06-06T13:38:41","modified_gmt":"2019-06-06T12:38:41","slug":"les-ressources-disponibles","status":"publish","type":"page","link":"https:\/\/jpa67.fr\/fr\/nos-actions\/centre-ressources-enfance-jeunesse-et-handicap\/les-ressources-disponibles\/","title":{"rendered":"Les ressources disponibles"},"content":{"rendered":"<div id=\"pl-1648\"  class=\"panel-layout\" ><div id=\"pg-1648-0\"  class=\"panel-grid panel-no-style\" ><div id=\"pgc-1648-0-0\"  class=\"panel-grid-cell\" ><div id=\"panel-1648-0-0-0\" class=\"so-panel widget widget_sow-editor panel-first-child panel-last-child\" data-index=\"0\" ><div\n\t\t\t\n\t\t\tclass=\"so-widget-sow-editor so-widget-sow-editor-base\"\n\t\t\t\n\t\t>\n<div class=\"siteorigin-widget-tinymce textwidget\">\n\t<p>Retrouvez ci-dessous l'ensemble des ressources propos\u00e9es par\u00a0le Centre Ressources Enfance-Jeunesse &amp; Handicap de la JPA67.<\/p>\n<hr \/>\n<p>&nbsp;<\/p>\n<\/div>\n<\/div><\/div><\/div><\/div><div id=\"pg-1648-1\"  class=\"panel-grid panel-no-style\" ><div id=\"pgc-1648-1-0\"  class=\"panel-grid-cell\" ><div id=\"panel-1648-1-0-0\" class=\"so-panel widget widget_circleicon-widget panel-first-child\" data-index=\"1\" >\t\t<div class=\"circle-icon-box circle-icon-position-top circle-icon-hide-box circle-icon-size-large\">\n\t\t\t<div class=\"circle-icon-wrapper\">\n\t\t\t\t<a href=\"https:\/\/wp.me\/P7mWfa-uk\" class=\"link-icon\" >\t\t\t\t<div class=\"circle-icon icon-style-set\" style=\"background-color: #f7e6cf\">\n\t\t\t\t\t<div class=\"fa fa-book icon-color-set\" style=\"color: #f39900\"><\/div>\t\t\t\t<\/div>\n\t\t\t\t<\/a>\t\t\t<\/div>\n\n\t\t\t<a href=\"https:\/\/wp.me\/P7mWfa-uk\" class=\"link-title\" >\t\t\t\t\t\t<\/a>\n\t\t\t<p class=\"text\" >Livres<\/p>\t\t\t\t\t\t\t<a href=\"https:\/\/wp.me\/P7mWfa-uk\" class=\"more-button\" >Acc\u00e9der \u00e0 la liste <i><\/i><\/a>\n\t\t\t\t\t<\/div>\n\t\t<\/div><div id=\"panel-1648-1-0-1\" class=\"so-panel widget widget_circleicon-widget panel-last-child\" data-index=\"2\" >\t\t<div class=\"circle-icon-box circle-icon-position-top circle-icon-hide-box circle-icon-size-large\">\n\t\t\t<div class=\"circle-icon-wrapper\">\n\t\t\t\t<a href=\"https:\/\/wp.me\/P7mWfa-rN\" class=\"link-icon\" >\t\t\t\t<div class=\"circle-icon icon-style-set\" style=\"background-color: #f7e6cf\">\n\t\t\t\t\t<div class=\"fa fa-bullhorn icon-color-set\" style=\"color: #f39900\"><\/div>\t\t\t\t<\/div>\n\t\t\t\t<\/a>\t\t\t<\/div>\n\n\t\t\t<a href=\"https:\/\/wp.me\/P7mWfa-rN\" class=\"link-title\" >\t\t\t\t\t\t<\/a>\n\t\t\t<p class=\"text\" >Fichiers documentaires \/ brochures \/...<\/p>\t\t\t\t\t\t\t<a href=\"https:\/\/wp.me\/P7mWfa-rN\" class=\"more-button\" >Acc\u00e9der \u00e0 la liste <i><\/i><\/a>\n\t\t\t\t\t<\/div>\n\t\t<\/div><\/div><div id=\"pgc-1648-1-1\"  class=\"panel-grid-cell\" ><div id=\"panel-1648-1-1-0\" class=\"so-panel widget widget_circleicon-widget panel-first-child\" data-index=\"3\" >\t\t<div class=\"circle-icon-box circle-icon-position-top circle-icon-hide-box circle-icon-size-large\">\n\t\t\t<div class=\"circle-icon-wrapper\">\n\t\t\t\t<a href=\"https:\/\/wp.me\/P7mWfa-rL\" class=\"link-icon\" >\t\t\t\t<div class=\"circle-icon icon-style-set\" style=\"background-color: #f7e6cf\">\n\t\t\t\t\t<div class=\"fa fa-video-camera icon-color-set\" style=\"color: #f39900\"><\/div>\t\t\t\t<\/div>\n\t\t\t\t<\/a>\t\t\t<\/div>\n\n\t\t\t<a href=\"https:\/\/wp.me\/P7mWfa-rL\" class=\"link-title\" >\t\t\t\t\t\t<\/a>\n\t\t\t<p class=\"text\" >Vid\u00e9os<\/p>\t\t\t\t\t\t\t<a href=\"https:\/\/wp.me\/P7mWfa-rL\" class=\"more-button\" >Acc\u00e9der \u00e0 la liste <i><\/i><\/a>\n\t\t\t\t\t<\/div>\n\t\t<\/div><div id=\"panel-1648-1-1-1\" class=\"so-panel widget widget_circleicon-widget panel-last-child\" data-index=\"4\" >\t\t<div class=\"circle-icon-box circle-icon-position-top circle-icon-hide-box circle-icon-size-large\">\n\t\t\t<div class=\"circle-icon-wrapper\">\n\t\t\t\t<a href=\"https:\/\/wp.me\/P7mWfa-rP\" class=\"link-icon\" >\t\t\t\t<div class=\"circle-icon icon-style-set\" style=\"background-color: #f7e6cf\">\n\t\t\t\t\t<div class=\"fa fa-file-archive-o icon-color-set\" style=\"color: #f39900\"><\/div>\t\t\t\t<\/div>\n\t\t\t\t<\/a>\t\t\t<\/div>\n\n\t\t\t<a href=\"https:\/\/wp.me\/P7mWfa-rP\" class=\"link-title\" >\t\t\t\t\t\t<\/a>\n\t\t\t<p class=\"text\" >Publications JPA \/ CREJH<\/p>\t\t\t\t\t\t\t<a href=\"https:\/\/wp.me\/P7mWfa-rP\" class=\"more-button\" >Acc\u00e9der \u00e0 la liste <i><\/i><\/a>\n\t\t\t\t\t<\/div>\n\t\t<\/div><\/div><div id=\"pgc-1648-1-2\"  class=\"panel-grid-cell\" ><div id=\"panel-1648-1-2-0\" class=\"so-panel widget widget_circleicon-widget panel-first-child\" data-index=\"5\" >\t\t<div class=\"circle-icon-box circle-icon-position-top circle-icon-hide-box circle-icon-size-large\">\n\t\t\t<div class=\"circle-icon-wrapper\">\n\t\t\t\t<a href=\"https:\/\/wp.me\/P7mWfa-rI\" class=\"link-icon\" >\t\t\t\t<div class=\"circle-icon icon-style-set\" style=\"background-color: #f7e6cf\">\n\t\t\t\t\t<div class=\"fa fa-gamepad icon-color-set\" style=\"color: #f39900\"><\/div>\t\t\t\t<\/div>\n\t\t\t\t<\/a>\t\t\t<\/div>\n\n\t\t\t<a href=\"https:\/\/wp.me\/P7mWfa-rI\" class=\"link-title\" >\t\t\t\t\t\t<\/a>\n\t\t\t<p class=\"text\" >Jeux \/ jouets<\/p>\t\t\t\t\t\t\t<a href=\"https:\/\/wp.me\/P7mWfa-rI\" class=\"more-button\" >Acc\u00e9der \u00e0 la liste <i><\/i><\/a>\n\t\t\t\t\t<\/div>\n\t\t<\/div><div id=\"panel-1648-1-2-1\" class=\"so-panel widget widget_circleicon-widget panel-last-child\" data-index=\"6\" >\t\t<div class=\"circle-icon-box circle-icon-position-top circle-icon-hide-box circle-icon-size-large\">\n\t\t\t<div class=\"circle-icon-wrapper\">\n\t\t\t\t<a href=\"https:\/\/wp.me\/P7mWfa-rR\" class=\"link-icon\" >\t\t\t\t<div class=\"circle-icon icon-style-set\" style=\"background-color: #f7e6cf\">\n\t\t\t\t\t<div class=\"fa fa-at icon-color-set\" style=\"color: #f39900\"><\/div>\t\t\t\t<\/div>\n\t\t\t\t<\/a>\t\t\t<\/div>\n\n\t\t\t<a href=\"https:\/\/wp.me\/P7mWfa-rR\" class=\"link-title\" >\t\t\t\t\t\t<\/a>\n\t\t\t<p class=\"text\" >Sitographie<\/p>\t\t\t\t\t\t\t<a href=\"https:\/\/wp.me\/P7mWfa-rR\" class=\"more-button\" >Acc\u00e9der \u00e0 la liste <i><\/i><\/a>\n\t\t\t\t\t<\/div>\n\t\t<\/div><\/div><\/div><div id=\"pg-1648-2\"  class=\"panel-grid panel-no-style\" ><div id=\"pgc-1648-2-0\"  class=\"panel-grid-cell\" ><div id=\"panel-1648-2-0-0\" class=\"so-panel widget widget_sow-headline panel-first-child\" data-index=\"7\" ><div\n\t\t\t\n\t\t\tclass=\"so-widget-sow-headline so-widget-sow-headline-default-c3fb9b79a8c6-1648\"\n\t\t\t\n\t\t><div class=\"sow-headline-container \">\n\t\t\t\t\t\t\t<h2 class=\"sow-headline\">\n\t\t\t\t\t\tLe tout ou presque dans Une Malle Handicap\t\t\t\t\t\t<\/h2>\n\t\t\t\t\t\t\t\t\t\t\t<div class=\"decoration\">\n\t\t\t\t\t\t<div class=\"decoration-inside\"><\/div>\n\t\t\t\t\t<\/div>\n\t\t\t\t\t<\/div>\n<\/div><\/div><div id=\"panel-1648-2-0-1\" class=\"so-panel widget widget_sow-editor panel-last-child\" data-index=\"8\" ><div\n\t\t\t\n\t\t\tclass=\"so-widget-sow-editor so-widget-sow-editor-base\"\n\t\t\t\n\t\t>\n<div class=\"siteorigin-widget-tinymce textwidget\">\n\t<p>Comment sensibiliser au handicap ? Comment changer les regards ? Comment faciliter l'accueil des enfants en situation de handicap dans le milieu ordinaire ?<\/p>\n<p>En empruntant cette malle, <strong>vous pourrez r\u00e9pondre \u00e0 ces questions.\u00a0<a href=\"http:\/\/jpa67.fr\/fr\/wp-content\/uploads\/2019\/06\/listing-ressources_malleHandicap_2019.pdf\">D\u00e9couvrez-en le contenu<\/a>\u00a0!<\/strong><\/p>\n<p><strong>Qui peut l'emprunter ?<\/strong><\/p>\n<ul>\n<li>Cette malle est affect\u00e9e en priorit\u00e9 aux actions de sensibilisation organis\u00e9es par<br \/>\nla JPA dans les accueils p\u00e9riscolaires et les ALSH. Elle est pr\u00e9sent\u00e9e par le responsable<br \/>\nde ces actions et peut \u00eatre laiss\u00e9e en d\u00e9p\u00f4t pour une p\u00e9riode<br \/>\nd\u00e9termin\u00e9e, ou demand\u00e9e pour un pr\u00eat ult\u00e9rieur.<\/li>\n<li>Elle est pr\u00eat\u00e9e aux associations qui organisent des formations du type BAFA ou BAFD<\/li>\n<li>Des enseignants peuvent aussi l'emprunter gratuitement pour des s\u00e9quences de sensibilisation au handicap dans les classes.<\/li>\n<\/ul>\n<p><strong>Dans quelles conditions ?<\/strong><\/p>\n<ul>\n<li>Merci de nous informer le plus rapidement possible de votre int\u00e9r\u00eat pour la malle handicap pour que nous puissions \u00e9tablir un calendrier de location.<\/li>\n<li>Appelez le CREJH au 03 88 65 46 40.<\/li>\n<li>Avant le pr\u00eat, rendez vous \u00e0 la JPA o\u00f9 on\u00a0vous la pr\u00e9sentera.<\/li>\n<li>Vous pourrez ensuite l'emporter en d\u00e9posant un ch\u00e8que de caution de 200 \u20ac.<\/li>\n<li>A la fin du pr\u00eat, vous devrez rapporter la malle handicap \u00e0 la JPA dans le d\u00e9lai pr\u00e9vu et r\u00e9cup\u00e9rerez votre caution apr\u00e8s v\u00e9rification de son contenu.<\/li>\n<li>Une somme de 30 \u20ac par semaine sera demand\u00e9e pour la location de la malle.<\/li>\n<\/ul>\n<\/div>\n<\/div><\/div><\/div><\/div><\/div>","protected":false},"excerpt":{"rendered":"<p>Retrouvez ci-dessous l&rsquo;ensemble des ressources propos\u00e9es par\u00a0le Centre Ressources Enfance-Jeunesse &amp; Handicap de la JPA67. &nbsp;<\/p>\n","protected":false},"author":3,"featured_media":0,"parent":1081,"menu_order":0,"comment_status":"closed","ping_status":"closed","template":"templates\/template-full.php","meta":{"spay_email":""},"jetpack_sharing_enabled":true,"jetpack_shortlink":"https:\/\/wp.me\/P7mWfa-qA","jetpack-related-posts":[{"id":2501,"url":"https:\/\/jpa67.fr\/fr\/nos-actions\/centre-ressources-enfance-jeunesse-et-handicap\/les-ressources-familles\/","url_meta":{"origin":1648,"position":0},"title":"les ressources familles","date":"9 avril 2020","format":false,"excerpt":"Retrouvez ci-dessous l'ensemble des ressources propos\u00e9es par\u00a0le Centre Ressources Enfance-Jeunesse & Handicap de la JPA67. \u00a0","rel":"","context":"Article similaire","img":{"alt_text":"","src":"","width":0,"height":0},"classes":[]},{"id":1727,"url":"https:\/\/jpa67.fr\/fr\/nos-actions\/centre-ressources-enfance-jeunesse-et-handicap\/les-ressources-disponibles\/sitographie\/","url_meta":{"origin":1648,"position":1},"title":"Sitographie","date":"20 ao\u00fbt 2018","format":false,"excerpt":"En cours ...","rel":"","context":"Article similaire","img":{"alt_text":"","src":"","width":0,"height":0},"classes":[]},{"id":2622,"url":"https:\/\/jpa67.fr\/fr\/nos-actions\/centre-ressources-enfance-jeunesse-et-handicap\/les-ressources-familles\/liens-internet\/","url_meta":{"origin":1648,"position":2},"title":"Liens internet","date":"21 avril 2020","format":false,"excerpt":"","rel":"","context":"Article similaire","img":{"alt_text":"","src":"","width":0,"height":0},"classes":[]},{"id":1723,"url":"https:\/\/jpa67.fr\/fr\/nos-actions\/centre-ressources-enfance-jeunesse-et-handicap\/les-ressources-disponibles\/fichiers-documentaires-brochures-affiches\/","url_meta":{"origin":1648,"position":3},"title":"Fichiers documentaires &#8211; brochures &#8211; affiches","date":"20 ao\u00fbt 2018","format":false,"excerpt":"","rel":"","context":"Article similaire","img":{"alt_text":"","src":"","width":0,"height":0},"classes":[]},{"id":1880,"url":"https:\/\/jpa67.fr\/fr\/nos-actions\/centre-ressources-enfance-jeunesse-et-handicap\/les-ressources-disponibles\/livres-pedagogiques\/","url_meta":{"origin":1648,"position":4},"title":"Livres p\u00e9dagogiques","date":"22 ao\u00fbt 2018","format":false,"excerpt":"Retrouvez ci-dessous notre collection de livres rang\u00e9e par cat\u00e9gories. \u00a0","rel":"","context":"Article similaire","img":{"alt_text":"","src":"","width":0,"height":0},"classes":[]},{"id":2571,"url":"https:\/\/jpa67.fr\/fr\/nos-actions\/centre-ressources-enfance-jeunesse-et-handicap\/les-ressources-familles\/sejour-repit\/","url_meta":{"origin":1648,"position":5},"title":"S\u00e9jour r\u00e9pit","date":"9 avril 2020","format":false,"excerpt":"D\u00e9couvrez la vie d\u2019une vall\u00e9e alsacienne \u2013 Du 03 ao\u00fbt\u00a0au 08 ao\u00fbt\u00a02020 (6 jours \u2013 5 nuits) Week-end \u00abBien-\u00eatre en famille\u00bb dans les Vosges \u2013 Du 16 Octobre \u00a0au 18 octobre 2020 (3 jours \u2013 2 nuits) \u00a0","rel":"","context":"Article similaire","img":{"alt_text":"","src":"","width":0,"height":0},"classes":[]}],"_links":{"self":[{"href":"https:\/\/jpa67.fr\/fr\/wp-json\/wp\/v2\/pages\/1648"}],"collection":[{"href":"https:\/\/jpa67.fr\/fr\/wp-json\/wp\/v2\/pages"}],"about":[{"href":"https:\/\/jpa67.fr\/fr\/wp-json\/wp\/v2\/types\/page"}],"author":[{"embeddable":true,"href":"https:\/\/jpa67.fr\/fr\/wp-json\/wp\/v2\/users\/3"}],"replies":[{"embeddable":true,"href":"https:\/\/jpa67.fr\/fr\/wp-json\/wp\/v2\/comments?post=1648"}],"version-history":[{"count":78,"href":"https:\/\/jpa67.fr\/fr\/wp-json\/wp\/v2\/pages\/1648\/revisions"}],"predecessor-version":[{"id":2406,"href":"https:\/\/jpa67.fr\/fr\/wp-json\/wp\/v2\/pages\/1648\/revisions\/2406"}],"up":[{"embeddable":true,"href":"https:\/\/jpa67.fr\/fr\/wp-json\/wp\/v2\/pages\/1081"}],"wp:attachment":[{"href":"https:\/\/jpa67.fr\/fr\/wp-json\/wp\/v2\/media?parent=1648"}],"curies":[{"name":"wp","href":"https:\/\/api.w.org\/{rel}","templated":true}]}}