{"id":2571,"date":"2020-04-09T14:58:28","date_gmt":"2020-04-09T13:58:28","guid":{"rendered":"http:\/\/jpa67.fr\/fr\/?page_id=2571"},"modified":"2020-06-22T09:32:09","modified_gmt":"2020-06-22T08:32:09","slug":"sejour-repit","status":"publish","type":"page","link":"https:\/\/jpa67.fr\/fr\/nos-actions\/centre-ressources-enfance-jeunesse-et-handicap\/les-ressources-familles\/sejour-repit\/","title":{"rendered":"S\u00e9jour r\u00e9pit"},"content":{"rendered":"<div id=\"pl-2571\"  class=\"panel-layout\" ><div id=\"pg-2571-0\"  class=\"panel-grid panel-no-style\" ><div id=\"pgc-2571-0-0\"  class=\"panel-grid-cell panel-grid-cell-mobile-last\" ><div id=\"panel-2571-0-0-0\" class=\"so-panel widget widget_sow-button panel-first-child panel-last-child\" data-index=\"0\" ><div\n\t\t\t\n\t\t\tclass=\"so-widget-sow-button so-widget-sow-button-atom-a3ca7b99f506-2571\"\n\t\t\t\n\t\t><div class=\"ow-button-base ow-button-align-center\">\n\t<a\n\thref=\"https:\/\/wp.me\/P7mWfa-El\"\n\t\tclass=\"ow-icon-placement-left ow-button-hover\" \t>\n\t\t<span>\n\t\t\t<span class=\"sow-icon-genericons\" data-sow-icon=\"&#xf466;\"\n\t\tstyle=\"color: #f39900\" \n\t\taria-hidden=\"true\"><\/span>\n\t\t\tRetour aux cat\u00e9gories\t\t<\/span>\n\t<\/a>\n<\/div>\n<\/div><\/div><\/div><div id=\"pgc-2571-0-1\"  class=\"panel-grid-cell panel-grid-cell-empty\" ><\/div><\/div><div id=\"pg-2571-1\"  class=\"panel-grid panel-no-style\" ><div id=\"pgc-2571-1-0\"  class=\"panel-grid-cell\" ><div id=\"panel-2571-1-0-0\" class=\"so-panel widget widget_sow-headline panel-first-child panel-last-child\" data-index=\"1\" ><div\n\t\t\t\n\t\t\tclass=\"so-widget-sow-headline so-widget-sow-headline-default-ea0af4cf39ae-2571\"\n\t\t\t\n\t\t><div class=\"sow-headline-container \">\n\t\t\t\t\t\t<div class=\"decoration\">\n\t\t\t\t\t\t<div class=\"decoration-inside\"><\/div>\n\t\t\t\t\t<\/div>\n\t\t\t\t\t<\/div>\n<\/div><\/div><\/div><\/div><div id=\"pg-2571-2\"  class=\"panel-grid panel-no-style\" ><div id=\"pgc-2571-2-0\"  class=\"panel-grid-cell\" ><div id=\"panel-2571-2-0-0\" class=\"so-panel widget widget_sow-headline panel-first-child panel-last-child\" data-index=\"2\" ><div\n\t\t\t\n\t\t\tclass=\"so-widget-sow-headline so-widget-sow-headline-default-ea0af4cf39ae-2571\"\n\t\t\t\n\t\t><div class=\"sow-headline-container \">\n\t\t\t\t\t\t\t<h1 class=\"sow-headline\">\n\t\t\t\t\t\tTemps de \u00ab R\u00c9PIT \u00bb \u00e0 destination des familles ayant un enfant en situation de handicap en partenariat avec la coop\u00e9rative \u00ab TERRE D\u2019EST \u00bb\t\t\t\t\t\t<\/h1>\n\t\t\t\t\t\t\t\t\t\t\t<div class=\"decoration\">\n\t\t\t\t\t\t<div class=\"decoration-inside\"><\/div>\n\t\t\t\t\t<\/div>\n\t\t\t\t\t<\/div>\n<\/div><\/div><\/div><\/div><div id=\"pg-2571-3\"  class=\"panel-grid panel-no-style\" ><div id=\"pgc-2571-3-0\"  class=\"panel-grid-cell\" ><div id=\"panel-2571-3-0-0\" class=\"so-panel widget widget_sow-image panel-first-child panel-last-child\" data-index=\"3\" ><div\n\t\t\t\n\t\t\tclass=\"so-widget-sow-image so-widget-sow-image-default-89f16426b92c-2571\"\n\t\t\t\n\t\t>\n\n<div class=\"sow-image-container\">\n\t\t\t<a href=\"http:\/\/jpa67.fr\/fr\/wp-content\/uploads\/2020\/06\/semaineR\u00e9pit-famille.pdf\"\n\t\t\t\t\t>\n\t\t\t<img src=\"https:\/\/jpa67.fr\/fr\/wp-content\/uploads\/2020\/04\/semaine-r\u00e9pit.jpg\" width=\"599\" height=\"296\" srcset=\"https:\/\/jpa67.fr\/fr\/wp-content\/uploads\/2020\/04\/semaine-r\u00e9pit.jpg 599w, https:\/\/jpa67.fr\/fr\/wp-content\/uploads\/2020\/04\/semaine-r\u00e9pit-300x148.jpg 300w\" sizes=\"(max-width: 599px) 100vw, 599px\" title=\"Semaine r\u00e9pit\" alt=\"semaine r\u00e9pit\" loading=\"lazy\" \t\tclass=\"so-widget-image\"\/>\n\t<\/a><\/div>\n\n<\/div><\/div><\/div><div id=\"pgc-2571-3-1\"  class=\"panel-grid-cell\" ><div id=\"panel-2571-3-1-0\" class=\"so-panel widget widget_sow-editor panel-first-child panel-last-child\" data-index=\"4\" ><div\n\t\t\t\n\t\t\tclass=\"so-widget-sow-editor so-widget-sow-editor-base\"\n\t\t\t\n\t\t>\n<div class=\"siteorigin-widget-tinymce textwidget\">\n\t<p><a href=\"http:\/\/jpa67.fr\/fr\/wp-content\/uploads\/2020\/06\/semaineR\u00e9pit-famille.pdf\"><strong>D\u00e9couvrez la vie d\u2019une vall\u00e9e alsacienne<\/strong> \u2013 <b>Du 03 ao\u00fbt\u00a0au 08 ao\u00fbt\u00a02020<\/b> (6 jours \u2013 5 nuits)<\/a><\/p>\n<\/div>\n<\/div><\/div><\/div><\/div><div id=\"pg-2571-4\"  class=\"panel-grid panel-no-style\" ><div id=\"pgc-2571-4-0\"  class=\"panel-grid-cell\" ><div id=\"panel-2571-4-0-0\" class=\"so-panel widget widget_sow-image panel-first-child panel-last-child\" data-index=\"5\" ><div\n\t\t\t\n\t\t\tclass=\"so-widget-sow-image so-widget-sow-image-default-89f16426b92c-2571\"\n\t\t\t\n\t\t>\n\n<div class=\"sow-image-container\">\n\t\t\t<a href=\"http:\/\/jpa67.fr\/fr\/wp-content\/uploads\/2020\/06\/week-end-r\u00e9pit-bien-\u00eatre.pdf\"\n\t\t\t\t\t>\n\t\t\t<img src=\"https:\/\/jpa67.fr\/fr\/wp-content\/uploads\/2020\/04\/weekend-r\u00e9pit.jpg\" width=\"720\" height=\"295\" srcset=\"https:\/\/jpa67.fr\/fr\/wp-content\/uploads\/2020\/04\/weekend-r\u00e9pit.jpg 826w, https:\/\/jpa67.fr\/fr\/wp-content\/uploads\/2020\/04\/weekend-r\u00e9pit-300x123.jpg 300w, https:\/\/jpa67.fr\/fr\/wp-content\/uploads\/2020\/04\/weekend-r\u00e9pit-768x314.jpg 768w\" sizes=\"(max-width: 720px) 100vw, 720px\" title=\"Semaine r\u00e9pit\" alt=\"weekend r\u00e9pit\" loading=\"lazy\" \t\tclass=\"so-widget-image\"\/>\n\t<\/a><\/div>\n\n<\/div><\/div><\/div><div id=\"pgc-2571-4-1\"  class=\"panel-grid-cell\" ><div id=\"panel-2571-4-1-0\" class=\"so-panel widget widget_sow-editor panel-first-child panel-last-child\" data-index=\"6\" ><div\n\t\t\t\n\t\t\tclass=\"so-widget-sow-editor so-widget-sow-editor-base\"\n\t\t\t\n\t\t>\n<div class=\"siteorigin-widget-tinymce textwidget\">\n\t<p><a href=\"http:\/\/jpa67.fr\/fr\/wp-content\/uploads\/2020\/06\/week-end-r\u00e9pit-bien-\u00eatre.pdf\"><strong>Week-end \u00abBien-\u00eatre en famille\u00bb dans les Vosges<\/strong> \u2013 <strong>Du 16 Octobre \u00a0au 18 octobre 2020<\/strong> (3 jours \u2013 2 nuits) <\/a><\/p>\n<p>&nbsp;<\/p>\n<\/div>\n<\/div><\/div><\/div><\/div><\/div>","protected":false},"excerpt":{"rendered":"<p>Retour aux cat\u00e9gories Temps de \u00ab R\u00c9PIT \u00bb \u00e0 destination des familles ayant un enfant en situation de handicap en [&hellip;]<\/p>\n","protected":false},"author":3,"featured_media":0,"parent":2501,"menu_order":0,"comment_status":"closed","ping_status":"closed","template":"templates\/template-full.php","meta":{"spay_email":""},"jetpack_sharing_enabled":true,"jetpack_shortlink":"https:\/\/wp.me\/P7mWfa-Ft","jetpack-related-posts":[{"id":2622,"url":"https:\/\/jpa67.fr\/fr\/nos-actions\/centre-ressources-enfance-jeunesse-et-handicap\/les-ressources-familles\/liens-internet\/","url_meta":{"origin":2571,"position":0},"title":"Liens internet","date":"21 avril 2020","format":false,"excerpt":"","rel":"","context":"Article similaire","img":{"alt_text":"","src":"","width":0,"height":0},"classes":[]},{"id":1081,"url":"https:\/\/jpa67.fr\/fr\/nos-actions\/centre-ressources-enfance-jeunesse-et-handicap\/","url_meta":{"origin":2571,"position":1},"title":"Centre Ressources Enfance-Jeunesse et Handicap","date":"25 janvier 2018","format":false,"excerpt":"Nos Actions 07 71 22 87 70 loisirs.handicap@jpa67.fr","rel":"","context":"Article similaire","img":{"alt_text":"","src":"","width":0,"height":0},"classes":[]},{"id":1958,"url":"https:\/\/jpa67.fr\/fr\/nos-actions\/centre-ressources-enfance-jeunesse-et-handicap\/les-ressources-disponibles\/livres-pedagogiques\/collection-la-bande-a-ed\/","url_meta":{"origin":2571,"position":2},"title":"Collection \u00ab\u00a0La bande \u00e0 Ed\u00a0\u00bb","date":"22 ao\u00fbt 2018","format":false,"excerpt":"La Bande \u00e0 Ed - Tome 1 - Georges GRARD - 05 janvier 2007 Ed est un handicap\u00e9 moteur. Il vit dans une cit\u00e9 avec comme copains quelques \u00ab bras-cass\u00e9s \u00bb et Katty, son amoureuse. On le suit dans son quotidien qui d\u00e9borde d\u2019humanisme et d\u2019humour. La Bande \u00e0 Ed\u2026","rel":"","context":"Article similaire","img":{"alt_text":"","src":"","width":0,"height":0},"classes":[]},{"id":23,"url":"https:\/\/jpa67.fr\/fr\/nos-actions\/","url_meta":{"origin":2571,"position":3},"title":"Nos actions","date":"4 mars 2016","format":false,"excerpt":"","rel":"","context":"Article similaire","img":{"alt_text":"","src":"","width":0,"height":0},"classes":[]},{"id":1880,"url":"https:\/\/jpa67.fr\/fr\/nos-actions\/centre-ressources-enfance-jeunesse-et-handicap\/les-ressources-disponibles\/livres-pedagogiques\/","url_meta":{"origin":2571,"position":4},"title":"Livres p\u00e9dagogiques","date":"22 ao\u00fbt 2018","format":false,"excerpt":"Retrouvez ci-dessous notre collection de livres rang\u00e9e par cat\u00e9gories. \u00a0","rel":"","context":"Article similaire","img":{"alt_text":"","src":"","width":0,"height":0},"classes":[]},{"id":1723,"url":"https:\/\/jpa67.fr\/fr\/nos-actions\/centre-ressources-enfance-jeunesse-et-handicap\/les-ressources-disponibles\/fichiers-documentaires-brochures-affiches\/","url_meta":{"origin":2571,"position":5},"title":"Fichiers documentaires &#8211; brochures &#8211; affiches","date":"20 ao\u00fbt 2018","format":false,"excerpt":"","rel":"","context":"Article similaire","img":{"alt_text":"","src":"","width":0,"height":0},"classes":[]}],"_links":{"self":[{"href":"https:\/\/jpa67.fr\/fr\/wp-json\/wp\/v2\/pages\/2571"}],"collection":[{"href":"https:\/\/jpa67.fr\/fr\/wp-json\/wp\/v2\/pages"}],"about":[{"href":"https:\/\/jpa67.fr\/fr\/wp-json\/wp\/v2\/types\/page"}],"author":[{"embeddable":true,"href":"https:\/\/jpa67.fr\/fr\/wp-json\/wp\/v2\/users\/3"}],"replies":[{"embeddable":true,"href":"https:\/\/jpa67.fr\/fr\/wp-json\/wp\/v2\/comments?post=2571"}],"version-history":[{"count":38,"href":"https:\/\/jpa67.fr\/fr\/wp-json\/wp\/v2\/pages\/2571\/revisions"}],"predecessor-version":[{"id":2667,"href":"https:\/\/jpa67.fr\/fr\/wp-json\/wp\/v2\/pages\/2571\/revisions\/2667"}],"up":[{"embeddable":true,"href":"https:\/\/jpa67.fr\/fr\/wp-json\/wp\/v2\/pages\/2501"}],"wp:attachment":[{"href":"https:\/\/jpa67.fr\/fr\/wp-json\/wp\/v2\/media?parent=2571"}],"curies":[{"name":"wp","href":"https:\/\/api.w.org\/{rel}","templated":true}]}}